{"id":13787,"date":"2025-08-19T08:35:41","date_gmt":"2025-08-19T08:35:41","guid":{"rendered":"https:\/\/hanwuji.shengjit.com\/?post_type=product&#038;p=13787"},"modified":"2026-02-11T07:20:22","modified_gmt":"2026-02-11T07:20:22","slug":"chaveiro-ford-1999-2016-2s4t-15k601-ab-para-keylessbest","status":"publish","type":"product","link":"https:\/\/keylessbest.com\/pt\/product\/chaveiro-ford-1999-2016-2s4t-15k601-ab-para-keylessbest\/","title":{"rendered":"Chaveiro Ford 1999-2016 2S4T-15K601-AB para chaveiro sem chave"},"content":{"rendered":"<p>*As informa\u00e7\u00f5es detalhadas deste chaveiro remoto sem chave Ford Lincoln Mercury Mazda de 1999-2016 s\u00e3o as seguintes. Por favor, confirme se os detalhes abaixo correspondem ao seu ve\u00edculo antes de fazer o pedido: ID FCC, N\u00famero da Pe\u00e7a, Ano do Modelo, IC, Frequ\u00eancia, Chip e Bot\u00f5es.<\/p>\n<h6><strong><b>Informa\u00e7\u00f5es do Produto:<\/b><\/strong><\/h6>\n<ul>\n<li>ID FCC: CWTWB1U345, GQ43VT11T, CWTWB1U331, CWTWB1U322<\/li>\n<li>PN: 2S4T-15K601-AB, 8S4T-15K601-AB, 8S4Z-15K601-AA<\/li>\n<li>IC: 1788A-FWB1U345<\/li>\n<li>Frequ\u00eancia: 315MHz<\/li>\n<li>Bot\u00f5es: Trancar, Destrancar, Porta do Porta-malas, P\u00e2nico<\/li>\n<\/ul>\n<h6><strong><b>O modelo de refer\u00eancia:<\/b><\/strong><\/h6>\n<ul>\n<li>Ford Crown Victoria 2006-2011<\/li>\n<li><span style=\"font-size: 16px;\">2008-2015 <a href=\"https:\/\/keylessbest.com\/pt\/product\/2017-2022-ford-edge-explorer-fusion-mustang-4-buttons-keyless-entry-remote-m3n-a2c93142300-pn-164-r8150-5929506-hs7t-15k601-ac\/\" data-wpil-monitor-id=\"870\">Ford Edge<\/a><\/span><\/li>\n<li><span style=\"font-size: 16px;\">Ford Escape 2001-2014<\/span><\/li>\n<li><span style=\"font-size: 16px;\">Ford Escort 1999-2003<\/span><\/li>\n<li><span style=\"font-size: 16px;\">Ford Excursion 2001-2005<\/span><\/li>\n<li><span style=\"font-size: 16px;\">1999-2016 <a href=\"https:\/\/keylessbest.com\/pt\/product\/2023-2024-ford-expedition-5-buttons-keyless-entry-remote-m3n-a3c108397-pn-164-r8355-pl1t-15k601-ga-49__trashed\/\" data-wpil-monitor-id=\"869\">Ford Expedition<\/a><\/span><\/li>\n<li><span style=\"font-size: 16px;\">Ford Explorer 1999-2015<\/span><\/li>\n<li><span style=\"font-size: 16px;\">Ford Explorer Sport Trac 2001-2009<\/span><\/li>\n<li><span style=\"font-size: 16px;\">Ford Flex 2009-2016<\/span><\/li>\n<li><span style=\"font-size: 16px;\">Ford Focus 2003-2014<\/span><\/li>\n<li><span style=\"font-size: 16px;\">Ford Freestar 2004-2007<\/span><\/li>\n<li><span style=\"font-size: 16px;\">Ford Freestyle 2005-2007<\/span><\/li>\n<li><span style=\"font-size: 16px;\">Ford Fusion 2010-2012<\/span><\/li>\n<li><span style=\"font-size: 16px;\">Ford GT 2005-2006<\/span><\/li>\n<li><span style=\"font-size: 16px;\">1999-2014 <a href=\"https:\/\/keylessbest.com\/pt\/product\/2023-2024-ford-mustang-5-buttons-keyless-entry-remote-m3n-a3c108397-pn-164-r8355-pr3t-15k601-b__trashed\/\" data-wpil-monitor-id=\"868\">Ford Mustang<\/a><\/span><\/li>\n<li><span style=\"font-size: 16px;\">Ford Taurus 1999-2009<\/span><\/li>\n<li><span style=\"font-size: 16px;\">Ford Taurus X 2008-2009<\/span><\/li>\n<li><span style=\"font-size: 16px;\">Ford Thunderbird 2002-2005<\/span><\/li>\n<li><span style=\"font-size: 16px;\">Lincoln LS 2001-2006<\/span><\/li>\n<li>2009-2013 Lincoln MKS<\/li>\n<li>2007-2013 Lincoln MKX<\/li>\n<li>2008-2016 Lincoln MKZ<\/li>\n<li>2001-2015 Lincoln Navigator<\/li>\n<li>2003-2005 Lincoln Aviator<\/li>\n<li>1999-2011 Lincoln Town Car<\/li>\n<li>2006 Lincoln Zephyr<\/li>\n<li>2006-2011 Mercury Grand Marquis<\/li>\n<li>2003 Mercury Marauder<\/li>\n<li>2005-2011 Mercury Mariner<\/li>\n<li>2006-2011 Mercury Milan<\/li>\n<li>2005-2007 Mercury Montego<\/li>\n<li>2005-2007 Mercury Monterey<\/li>\n<li>1999-2010 Mercury Mountaineer<\/li>\n<li>1999-2002 Mercury Cougar<\/li>\n<li>1999-2009 Mercury Sable<\/li>\n<li>1999 Mercury Tracer<\/li>\n<li>2008-2011 Mazda Tribute<\/li>\n<\/ul>\n<h6><strong><b>Inclus\u00f5es do Pacote:<\/b><\/strong><\/h6>\n<ul>\n<li>Um novo aftermarket <a href=\"https:\/\/keylessbest.com\/pt\/product\/ford-fiesta-2011-2017-remoto-de-entrada-sem-chave-com-3-botoes-kr55wk47899-pn164-r8042-remoto-164-r8043-lamina-164-r8042-164-r8039-5913139-5914117-4d63-80bit__trashed\/\" data-wpil-monitor-id=\"867\">chaveiro remoto sem chave<\/a><\/li>\n<li>Uma chave de inser\u00e7\u00e3o de emerg\u00eancia aftermarket gratuita<\/li>\n<li>Todos os transmissores v\u00eam com uma bateria<\/li>\n<li>Todas as unidades s\u00e3o testadas antes do envio<\/li>\n<li>Garantia e satisfa\u00e7\u00e3o de 2 anos 100%<\/li>\n<\/ul>\n<h6><strong><b>Observa\u00e7\u00e3o:<\/b><\/strong><\/h6>\n<ul>\n<li>Substitui\u00e7\u00e3o do chaveiro de entrada sem chave Ford Lincoln Mercury Mazda de 1999 a 2016 \u2013 sem logotipo, com uma chave de emerg\u00eancia n\u00e3o cortada inclu\u00edda.<\/li>\n<li>N\u00f3s n\u00e3o cortamos nem programamos a chave remota. Al\u00e9m disso, para pre\u00e7os, por favor, entre em contato com o chaveiro local ou concession\u00e1ria.<\/li>\n<li>Este transmissor \u00e9 compat\u00edvel com ve\u00edculos que possuem bot\u00e3o de partida\/parada no painel ou igni\u00e7\u00e3o com bot\u00e3o girat\u00f3rio, juntamente com um sistema de entrada sem chave proxy <a href=\"https:\/\/keylessbest.com\/pt\/product\/nissan-rogue-versa-pathfinder-2007-2013-com-sistema-inteligente-controle-remoto-de-entrada-sem-chave-de-3-botoes-cwtwbu729-cwtwbu735-cwtwbu624-pn-285e3-em30d-285e3-em31d\/\" data-wpil-monitor-id=\"866\">sistema de entrada sem chave<\/a>.<\/li>\n<li>O pre\u00e7o \u00e9 para uma \u00fanica <a href=\"https:\/\/keylessbest.com\/pt\/product\/2015-2021-jeep-renegade-5-buttons-keyless-entry-remote-m3n-40821302-replaces-pn-6mp33dx9aa-id-47-4a__trashed\/\" data-wpil-monitor-id=\"864\">chave de entrada sem chave de reposi\u00e7\u00e3o<\/a>, chave de emerg\u00eancia inclu\u00edda.<\/li>\n<li>Portanto, recomendamos fortemente que voc\u00ea tenha seu <a href=\"https:\/\/keylessbest.com\/pt\/como-programar-chaveiro-rapido-facil-passos-diy-para-qualquer-carro\/\" data-wpil-monitor-id=\"865\">CHAVEIRO programado<\/a> por um chaveiro profissional ou revendedor.<\/li>\n<\/ul>\n<h6><strong>Recursos de Programa\u00e7\u00e3o:<\/strong><\/h6>\n<p><a href=\"http:\/\/programyourfob.com\/?list_9\/\" target=\"_blank\" rel=\"noopener\">http:\/\/programyourfob.com\/?list_9\/<\/a><\/p>\n<p><a href=\"http:\/\/programyourfob.com\/?list_22\/\" target=\"_blank\" rel=\"noopener\">http:\/\/programyourfob.com\/?list_22\/<\/a><\/p>\n<p><a href=\"http:\/\/programyourfob.com\/?list_24\/\" target=\"_blank\" rel=\"noopener\">http:\/\/programyourfob.com\/?list_24\/<\/a><\/p>\n<p><a href=\"http:\/\/programyourfob.com\/?list_23\/\" target=\"_blank\" rel=\"noopener\">http:\/\/programyourfob.com\/?list_23\/<\/a><\/p>\n<p>Obrigado por nos escolher.<\/p>\n<p>Somos um dos fabricantes mais profissionais de chaves de carro, sistema de entrada sem chave, <a href=\"https:\/\/keylessbest.com\/pt\/product\/2006-2018-chrysler-dodge-volkswagen-jeep-town-country-grand-caravan-routan-300-town-country-limited-caravan-challenger-charger-durango-journey-magnum-dakota-ram-commander-grand-cherokee-7-button\/\" data-wpil-monitor-id=\"863\">controle remoto de chave de carro<\/a>, chips transponder, programadores de chaves, carca\u00e7as de chaves de carro, fechaduras de carro, ferramentas de chaveiro e assim por diante. Al\u00e9m disso, nossa empresa possui equipe profissional e linha de produ\u00e7\u00e3o. Ademais, somos especializados na produ\u00e7\u00e3o de v\u00e1rias chaves de carro, carca\u00e7as de chaves de carro e ferramentas de chaveiro. Tamb\u00e9m lidamos com desenvolvimento, fabrica\u00e7\u00e3o e atacado de produtos de seguran\u00e7a e prote\u00e7\u00e3o automotiva.<\/p>\n<p>Pre\u00e7os competitivos e servi\u00e7os dedicados ajudar\u00e3o voc\u00ea a conquistar um bom mercado. Al\u00e9m disso, mais de 10 jovens e en\u00e9rgicos times de vendas oferecem servi\u00e7o r\u00e1pido, profissional e amig\u00e1vel a qualquer momento. Al\u00e9m disso, todos os nossos produtos\u00a0\u00a0s\u00e3o enviados diretamente do armaz\u00e9m na Brasil, Canad\u00e1 e M\u00e9xico. Portanto, as mercadorias que voc\u00ea comprar ser\u00e3o embaladas e enviadas dentro de 48 horas ap\u00f3s a realiza\u00e7\u00e3o do pedido. Mais de 100% de nossos produtos est\u00e3o em estoque, e o invent\u00e1rio \u00e9 suficiente.<\/p>","protected":false},"excerpt":{"rendered":"<ul>\n<li>SKU: CA-FD037<\/li>\n<li>ID FCC: CWTWB1U345, GQ43VT11T, CWTWB1U331, CWTWB1U322<\/li>\n<li>PN: 2S4T-15K601-AB, 8S4T-15K601-AB, 8S4Z-15K601-AA<\/li>\n<li>IC: 1788A-FWB1U345<\/li>\n<li>Frequ\u00eancia: 315MHz<\/li>\n<li>Bot\u00f5es: Trancar, Destrancar, Porta do Porta-malas, P\u00e2nico<\/li>\n<\/ul>","protected":false},"featured_media":20867,"comment_status":"open","ping_status":"closed","template":"","meta":{"_bst_post_transparent":"default","_bst_post_title":"","_bst_post_layout":"default","_bst_post_sidebar_id":"","_bst_post_content_style":"default","_bst_post_vertical_padding":"default","_bst_post_feature":"","_bst_post_feature_position":"","_bst_post_header":false,"_bst_post_footer":false},"product_brand":[],"product_cat":[15,156,379,159,380],"product_tag":[],"2_year_make_model":[],"class_list":{"0":"post-13787","1":"product","2":"type-product","3":"status-publish","4":"has-post-thumbnail","6":"product_cat-carkeyremote","7":"product_cat-for-ford","8":"product_cat-for-lincoln","9":"product_cat-for-mazda","10":"product_cat-for-mercury","12":"first","13":"instock","14":"sale","15":"shipping-taxable","16":"purchasable","17":"product-type-simple","18":"entry","19":"content-bg","20":"loop-entry"},"_links":{"self":[{"href":"https:\/\/keylessbest.com\/pt\/wp-json\/wp\/v2\/product\/13787","targetHints":{"allow":["GET"]}}],"collection":[{"href":"https:\/\/keylessbest.com\/pt\/wp-json\/wp\/v2\/product"}],"about":[{"href":"https:\/\/keylessbest.com\/pt\/wp-json\/wp\/v2\/types\/product"}],"replies":[{"embeddable":true,"href":"https:\/\/keylessbest.com\/pt\/wp-json\/wp\/v2\/comments?post=13787"}],"version-history":[{"count":2,"href":"https:\/\/keylessbest.com\/pt\/wp-json\/wp\/v2\/product\/13787\/revisions"}],"predecessor-version":[{"id":19626,"href":"https:\/\/keylessbest.com\/pt\/wp-json\/wp\/v2\/product\/13787\/revisions\/19626"}],"wp:featuredmedia":[{"embeddable":true,"href":"https:\/\/keylessbest.com\/pt\/wp-json\/wp\/v2\/media\/20867"}],"wp:attachment":[{"href":"https:\/\/keylessbest.com\/pt\/wp-json\/wp\/v2\/media?parent=13787"}],"wp:term":[{"taxonomy":"product_brand","embeddable":true,"href":"https:\/\/keylessbest.com\/pt\/wp-json\/wp\/v2\/product_brand?post=13787"},{"taxonomy":"product_cat","embeddable":true,"href":"https:\/\/keylessbest.com\/pt\/wp-json\/wp\/v2\/product_cat?post=13787"},{"taxonomy":"product_tag","embeddable":true,"href":"https:\/\/keylessbest.com\/pt\/wp-json\/wp\/v2\/product_tag?post=13787"},{"taxonomy":"2_year_make_model","embeddable":true,"href":"https:\/\/keylessbest.com\/pt\/wp-json\/wp\/v2\/2_year_make_model?post=13787"}],"curies":[{"name":"wp","href":"https:\/\/api.w.org\/{rel}","templated":true}]}}