{"id":13876,"date":"2025-08-19T08:37:17","date_gmt":"2025-08-19T08:37:17","guid":{"rendered":"https:\/\/hanwuji.shengjit.com\/?post_type=product&#038;p=13876"},"modified":"2026-02-11T07:44:10","modified_gmt":"2026-02-11T07:44:10","slug":"chaveiro-ford-2006-2012-oucd6000022-chip-63-para-sem-chaveiro","status":"publish","type":"product","link":"https:\/\/keylessbest.com\/pt\/product\/chaveiro-ford-2006-2012-oucd6000022-chip-63-para-sem-chaveiro\/","title":{"rendered":"Chaveiro Ford 2006-2012 OUCD6000022 Chip 63 para sem chaveiro"},"content":{"rendered":"<p>*As informa\u00e7\u00f5es detalhadas deste chaveiro remoto sem chave Ford Lincoln Mercury Mazda de 1999-2016 s\u00e3o as seguintes. Por favor, confirme se os detalhes abaixo correspondem ao seu ve\u00edculo antes de fazer o pedido: ID FCC, N\u00famero da Pe\u00e7a, Ano do Modelo, IC, Frequ\u00eancia, Chip e Bot\u00f5es.<\/p>\n<h6><strong><b>Informa\u00e7\u00f5es do Produto:<\/b><\/strong><\/h6>\n<ul>\n<li>ID FCC: OUCD6000022<\/li>\n<li>PN: 164-R7040, 5914457, 6E5T-15K601-AD<\/li>\n<li>IC: 850K-D6000022<\/li>\n<li>Frequ\u00eancia: 315MHz<\/li>\n<li>Chip: 4D63 80Bits<\/li>\n<li>Bot\u00f5es: Trancar, Destrancar, P\u00e2nico, Porta-malas<\/li>\n<\/ul>\n<h6><strong><b>O modelo de refer\u00eancia:<\/b><\/strong><\/h6>\n<ul>\n<li>2007 \u2013 2012 Ford Edge<\/li>\n<li>2007 \u2013 2012 Ford Escape<\/li>\n<li>2009 \u2013 2012 Ford Expedition<\/li>\n<li>2007 \u2013 2012 Ford Explorer<\/li>\n<li><a href=\"https:\/\/keylessbest.com\/pt\/product\/2009-2014-toyota-avalon-camry-corolla-remoto-de-entrada-sem-chave-de-3-botoes-hyq14aem-pn-89904-0r060-89904-60770-89904-0r090-89904-42140__trashed\/\" data-wpil-monitor-id=\"1107\">2007 &#8211; 2009<\/a> Ford Five Hundred<\/li>\n<li>2009 \u2013 2012 Ford Flex<\/li>\n<li>2010 &#8211; 2010 <a href=\"https:\/\/keylessbest.com\/pt\/product\/2011-2020-ford-lincoln-edge-escape-explorer-expedition-flex-focus-focus-bev-taurus-mks-mkt-mkx-navigator-5-buttons-keyless-entry-remote-m3n5wy8610-m3n5wy8609-pn-bt4t-15k601-hc-164-r8092-5921\/\" data-wpil-monitor-id=\"1112\">Ford Focus<\/a><\/li>\n<li>2007 \u2013 2009 Ford Freestyle<\/li>\n<li>2007 \u2013 2012 Ford Fusion<\/li>\n<li>2010 \u2013 2012 Ford Mustang<\/li>\n<li>2008 \u2013 2012 Ford Taurus<\/li>\n<li>Ford Taurus X 2008 \u2013 2009<\/li>\n<li>2006 \u2013 2012 Lincoln MKS<\/li>\n<li>2007 \u2013 2009 Lincoln MKX<\/li>\n<li>2006 \u2013 2012 Lincoln MKZ<\/li>\n<li>2007 \u2013 2009 Lincoln Navigator<\/li>\n<li>2006 \u2013 2009 Lincoln Zephyr<\/li>\n<li>2007 \u2013 2011 Mazda Tribute<\/li>\n<li>2005 \u2013 2011 Mercury Mariner<\/li>\n<li>2006 \u2013 2011 Mercury Milan<\/li>\n<li>2007 \u2013 2007 Mercury Montego<\/li>\n<li>2008 \u2013 2010 Mercury Sable<br \/>\nAuto-programa\u00e7\u00e3o: Sim, se voc\u00ea atualmente possuir duas chaves de f\u00e1brica que iniciam e ligam seu Ford em sua posse.<\/li>\n<\/ul>\n<h6><strong><b>Inclus\u00f5es do Pacote:<\/b><\/strong><\/h6>\n<ul>\n<li>Um novo aftermarket <a href=\"https:\/\/keylessbest.com\/pt\/product\/ford-fiesta-2011-2017-remoto-de-entrada-sem-chave-com-3-botoes-kr55wk47899-pn164-r8042-remoto-164-r8043-lamina-164-r8042-164-r8039-5913139-5914117-4d63-80bit__trashed\/\" data-wpil-monitor-id=\"1111\">chaveiro remoto sem chave<\/a><\/li>\n<li>Uma chave de inser\u00e7\u00e3o de emerg\u00eancia aftermarket gratuita<\/li>\n<li>Todos os transmissores v\u00eam com uma bateria<\/li>\n<li>Todas as unidades s\u00e3o testadas antes do envio<\/li>\n<li>Garantia e satisfa\u00e7\u00e3o de 2 anos 100%<\/li>\n<\/ul>\n<h6><strong><b>Observa\u00e7\u00e3o:<\/b><\/strong><\/h6>\n<ul>\n<li>Substitui\u00e7\u00e3o do chaveiro de entrada sem chave Ford Lincoln Mazda Mercury de 2005 a 2012 \u2013 sem logotipo, com uma chave de inser\u00e7\u00e3o de emerg\u00eancia n\u00e3o cortada inclu\u00edda.<\/li>\n<li>N\u00f3s n\u00e3o cortamos ou programamos a <a href=\"https:\/\/keylessbest.com\/pt\/loja-de-chaves-de-carro-keylessbestcarkeyfobshop\/\" data-wpil-monitor-id=\"1113\">chave remota<\/a>. Al\u00e9m disso, para pre\u00e7os, entre em contato com o chaveiro ou concession\u00e1ria local.<\/li>\n<li>Este transmissor \u00e9 compat\u00edvel com ve\u00edculos que possuem bot\u00e3o de partida\/parada no painel ou igni\u00e7\u00e3o com bot\u00e3o girat\u00f3rio, juntamente com um sistema de entrada sem chave proxy <a href=\"https:\/\/keylessbest.com\/pt\/product\/nissan-rogue-versa-pathfinder-2007-2013-com-sistema-inteligente-controle-remoto-de-entrada-sem-chave-de-3-botoes-cwtwbu729-cwtwbu735-cwtwbu624-pn-285e3-em30d-285e3-em31d\/\" data-wpil-monitor-id=\"1110\">sistema de entrada sem chave<\/a>.<\/li>\n<li>O pre\u00e7o \u00e9 para uma \u00fanica <a href=\"https:\/\/keylessbest.com\/pt\/product\/2015-2021-jeep-renegade-5-buttons-keyless-entry-remote-m3n-40821302-replaces-pn-6mp33dx9aa-id-47-4a__trashed\/\" data-wpil-monitor-id=\"1108\">chave de entrada sem chave de reposi\u00e7\u00e3o<\/a>, chave de emerg\u00eancia inclu\u00edda.<\/li>\n<li>Portanto, recomendamos fortemente que voc\u00ea tenha seu <a href=\"https:\/\/keylessbest.com\/pt\/como-programar-chaveiro-rapido-facil-passos-diy-para-qualquer-carro\/\" data-wpil-monitor-id=\"1109\">CHAVEIRO programado<\/a> por um chaveiro profissional ou revendedor.<\/li>\n<\/ul>\n<h6><strong>Recursos de Programa\u00e7\u00e3o:<\/strong><\/h6>\n<p><a href=\"http:\/\/programyourfob.com\/?list_9\/\" target=\"_blank\" rel=\"noopener\">http:\/\/programyourfob.com\/?list_9\/<\/a><\/p>\n<p><a href=\"http:\/\/programyourfob.com\/?list_22\/\" target=\"_blank\" rel=\"noopener\">http:\/\/programyourfob.com\/?list_22\/<\/a><\/p>\n<p><a href=\"http:\/\/programyourfob.com\/?list_23\/\" target=\"_blank\" rel=\"noopener\">http:\/\/programyourfob.com\/?list_23\/<\/a><\/p>\n<p><a href=\"http:\/\/programyourfob.com\/?list_24\/\" target=\"_blank\" rel=\"noopener\">http:\/\/programyourfob.com\/?list_24\/<\/a><\/p>\n<p>Obrigado por nos escolher.<\/p>\n<p>Somos um dos fabricantes mais profissionais de chaves de carro, sistema de entrada sem chave, <a href=\"https:\/\/keylessbest.com\/pt\/product\/ford-lincoln-mercury-c-max-escape-focus-transit-transit-connect-f350-fiesta-edge-expedition-explorer-five-hundred-flex-frestyle-fusion-mustang-taurus-mks-mkx-mkz-zephyr-mariner-milan-sable-2006-2019\/\" data-wpil-monitor-id=\"1106\">controle remoto de chave de carro<\/a>, chips transponder, programadores de chaves, carca\u00e7as de chaves de carro, fechaduras de carro, ferramentas de chaveiro e assim por diante. Al\u00e9m disso, nossa empresa possui equipe profissional e linha de produ\u00e7\u00e3o. Ademais, somos especializados na produ\u00e7\u00e3o de v\u00e1rias chaves de carro, carca\u00e7as de chaves de carro e ferramentas de chaveiro. Tamb\u00e9m lidamos com desenvolvimento, fabrica\u00e7\u00e3o e atacado de produtos de seguran\u00e7a e prote\u00e7\u00e3o automotiva.<\/p>\n<p>Pre\u00e7os competitivos e servi\u00e7os dedicados ajudar\u00e3o voc\u00ea a conquistar um bom mercado. Al\u00e9m disso, mais de 10 jovens e en\u00e9rgicos times de vendas oferecem servi\u00e7o r\u00e1pido, profissional e amig\u00e1vel a qualquer momento. Al\u00e9m disso, todos os nossos produtos\u00a0\u00a0s\u00e3o enviados diretamente do armaz\u00e9m na Brasil, Canad\u00e1 e M\u00e9xico. Portanto, as mercadorias que voc\u00ea comprar ser\u00e3o embaladas e enviadas dentro de 48 horas ap\u00f3s a realiza\u00e7\u00e3o do pedido. Mais de 100% de nossos produtos est\u00e3o em estoque, e o invent\u00e1rio \u00e9 suficiente.<\/p>","protected":false},"excerpt":{"rendered":"<ul>\n<li>SKU: CA-FD045<\/li>\n<li>ID FCC: OUCD6000022<\/li>\n<li>PN: 164-R7040, 5914457, 6E5T-15K601-AD<\/li>\n<li>IC: 850K-D6000022<\/li>\n<li>Frequ\u00eancia: 315MHz<\/li>\n<li>Chip: 4D63 80Bits<\/li>\n<li>Bot\u00f5es: Trancar, Destrancar, P\u00e2nico, Porta-malas<\/li>\n<\/ul>","protected":false},"featured_media":20892,"comment_status":"open","ping_status":"closed","template":"","meta":{"_bst_post_transparent":"default","_bst_post_title":"","_bst_post_layout":"default","_bst_post_sidebar_id":"","_bst_post_content_style":"default","_bst_post_vertical_padding":"default","_bst_post_feature":"","_bst_post_feature_position":"","_bst_post_header":false,"_bst_post_footer":false},"product_brand":[],"product_cat":[15,156,379,159,380],"product_tag":[],"2_year_make_model":[],"class_list":{"0":"post-13876","1":"product","2":"type-product","3":"status-publish","4":"has-post-thumbnail","6":"product_cat-carkeyremote","7":"product_cat-for-ford","8":"product_cat-for-lincoln","9":"product_cat-for-mazda","10":"product_cat-for-mercury","12":"first","13":"instock","14":"sale","15":"shipping-taxable","16":"purchasable","17":"product-type-simple","18":"entry","19":"content-bg","20":"loop-entry"},"_links":{"self":[{"href":"https:\/\/keylessbest.com\/pt\/wp-json\/wp\/v2\/product\/13876","targetHints":{"allow":["GET"]}}],"collection":[{"href":"https:\/\/keylessbest.com\/pt\/wp-json\/wp\/v2\/product"}],"about":[{"href":"https:\/\/keylessbest.com\/pt\/wp-json\/wp\/v2\/types\/product"}],"replies":[{"embeddable":true,"href":"https:\/\/keylessbest.com\/pt\/wp-json\/wp\/v2\/comments?post=13876"}],"version-history":[{"count":2,"href":"https:\/\/keylessbest.com\/pt\/wp-json\/wp\/v2\/product\/13876\/revisions"}],"predecessor-version":[{"id":19618,"href":"https:\/\/keylessbest.com\/pt\/wp-json\/wp\/v2\/product\/13876\/revisions\/19618"}],"wp:featuredmedia":[{"embeddable":true,"href":"https:\/\/keylessbest.com\/pt\/wp-json\/wp\/v2\/media\/20892"}],"wp:attachment":[{"href":"https:\/\/keylessbest.com\/pt\/wp-json\/wp\/v2\/media?parent=13876"}],"wp:term":[{"taxonomy":"product_brand","embeddable":true,"href":"https:\/\/keylessbest.com\/pt\/wp-json\/wp\/v2\/product_brand?post=13876"},{"taxonomy":"product_cat","embeddable":true,"href":"https:\/\/keylessbest.com\/pt\/wp-json\/wp\/v2\/product_cat?post=13876"},{"taxonomy":"product_tag","embeddable":true,"href":"https:\/\/keylessbest.com\/pt\/wp-json\/wp\/v2\/product_tag?post=13876"},{"taxonomy":"2_year_make_model","embeddable":true,"href":"https:\/\/keylessbest.com\/pt\/wp-json\/wp\/v2\/2_year_make_model?post=13876"}],"curies":[{"name":"wp","href":"https:\/\/api.w.org\/{rel}","templated":true}]}}