{"id":13952,"date":"2025-08-19T08:38:31","date_gmt":"2025-08-19T08:38:31","guid":{"rendered":"https:\/\/hanwuji.shengjit.com\/?post_type=product&#038;p=13952"},"modified":"2026-02-12T03:23:45","modified_gmt":"2026-02-12T03:23:45","slug":"2010-2020-chaveiro-land-rover-kobjtf10a-315mhz-para-sem-chave-melhor","status":"publish","type":"product","link":"https:\/\/keylessbest.com\/pt\/product\/2010-2020-chaveiro-land-rover-kobjtf10a-315mhz-para-sem-chave-melhor\/","title":{"rendered":"Chaveiro Land Rover 2010-2020 KOBJTF10A 315MHz para Keylessbest"},"content":{"rendered":"<p>*As informa\u00e7\u00f5es detalhadas deste chaveiro sem chave de 2010-2020 Jaguar Land Rover s\u00e3o as seguintes. Por favor, confirme se os detalhes abaixo correspondem ao seu ve\u00edculo antes de fazer o pedido: FCC ID , N\u00famero da Pe\u00e7a , <span style=\"font-size: 16px; font-style: normal; font-weight: 400;\">\u00a0<\/span><span style=\"font-size: 16px; font-style: normal; font-weight: 400;\">Ano Modelo,<\/span><span style=\"font-size: 16px; font-style: normal; font-weight: 400;\">IC,<\/span><span style=\"font-size: 16px; font-style: normal; font-weight: 400;\">\u00a0<\/span><span style=\"font-size: 16px;\">Frequ\u00eancia, Chip e Bot\u00f5es.<\/span><\/p>\n<h6><strong><b>Informa\u00e7\u00f5es do Produto:<\/b><\/strong><\/h6>\n<ul>\n<li style=\"font-size: 16px;\">ID FCC: KOBJTF10A<\/li>\n<li style=\"font-size: 16px;\">PN: JLR: BJ32-15K601-CB 5E0B40217 LEAR: 5E0U40307-AA<\/li>\n<li style=\"font-size: 16px;\">IC: 3521A-JTF10B<\/li>\n<li style=\"font-size: 16px;\">Frequ\u00eancia: 315MHz<\/li>\n<li>Chip: 49<\/li>\n<li>Bot\u00f5es: Trancar, Destrancar, Luzes, Cap\u00f4\/Porta-malas, P\u00e2nico<\/li>\n<\/ul>\n<h6><strong><b>O modelo de refer\u00eancia<\/b><\/strong><strong><b>\uff1a<\/b><\/strong><\/h6>\n<ul>\n<li>Jaguar F-Type 2014 \u2013 2020<\/li>\n<li>Jaguar XJ 2011 \u2013 2017<\/li>\n<li>Jaguar XF 2013 \u2013 2018<\/li>\n<li>Jaguar F-Pace 2017 \u2013 2020<\/li>\n<li><a href=\"https:\/\/keylessbest.com\/pt\/product\/2015-2020-cadillac-ats-ats-v-ct6-ct6-plug-in-cts-cts-v-xts-5-buttons-keyless-entry-remote-hyq2eb-pn-13598512-13594029s-13510243-46__trashed\/\" data-wpil-monitor-id=\"1058\">2017 &#8211; 2018<\/a> Jaguar XE<\/li>\n<li>Land Rover LR2 2013 \u2013 2014<\/li>\n<li>Land Rover LR4 2012 \u2013 2018<\/li>\n<li>Land Rover LR4 2020<\/li>\n<li>Land Rover Discovery 2015 \u2013 2018<\/li>\n<li>Land Rover Discovery Sport 2016 \u2013 2018<\/li>\n<li>Land Rover Range Rover 2011 \u2013 2020<\/li>\n<li>Land Rover Range Rover Evoque 2010 \u2013 2019<\/li>\n<li>Land Rover Range Rover Sport 2011 \u2013 2020<\/li>\n<li>Land Rover Range Rover Velar 2017 \u2013 2020<\/li>\n<\/ul>\n<h6><strong><b>Inclus\u00f5es do Pacote:<\/b><\/strong><\/h6>\n<ul>\n<li>Um novo aftermarket <a href=\"https:\/\/keylessbest.com\/pt\/product\/ford-fiesta-2011-2017-remoto-de-entrada-sem-chave-com-3-botoes-kr55wk47899-pn164-r8042-remoto-164-r8043-lamina-164-r8042-164-r8039-5913139-5914117-4d63-80bit__trashed\/\" data-wpil-monitor-id=\"1062\">chaveiro remoto sem chave<\/a><\/li>\n<li>Uma chave de inser\u00e7\u00e3o de emerg\u00eancia aftermarket gratuita<\/li>\n<li>Todos os transmissores v\u00eam com uma bateria<\/li>\n<li>Todas as unidades s\u00e3o testadas antes do envio<\/li>\n<li>Garantia e satisfa\u00e7\u00e3o de 2 anos 100%<\/li>\n<\/ul>\n<h6><strong><b>Observa\u00e7\u00e3o:<\/b><\/strong><\/h6>\n<ul>\n<li>A substitui\u00e7\u00e3o da chave inteligente de entrada sem chave de 2010-2020 Jaguar Land Rover \u2013 sem logotipo, com uma chave de emerg\u00eancia n\u00e3o cortada inclu\u00edda.<\/li>\n<li>N\u00f3s n\u00e3o cortamos ou programamos a <a href=\"https:\/\/keylessbest.com\/pt\/loja-de-chaves-de-carro-keylessbestcarkeyfobshop\/\" data-wpil-monitor-id=\"1063\">chave remota<\/a>. Al\u00e9m disso, para pre\u00e7os, entre em contato com o chaveiro ou concession\u00e1ria local.<\/li>\n<li>Este transmissor \u00e9 compat\u00edvel com ve\u00edculos que possuem bot\u00e3o de partida\/parada no painel ou igni\u00e7\u00e3o com bot\u00e3o girat\u00f3rio, juntamente com um sistema de entrada sem chave proxy <a href=\"https:\/\/keylessbest.com\/pt\/product\/nissan-rogue-versa-pathfinder-2007-2013-com-sistema-inteligente-controle-remoto-de-entrada-sem-chave-de-3-botoes-cwtwbu729-cwtwbu735-cwtwbu624-pn-285e3-em30d-285e3-em31d\/\" data-wpil-monitor-id=\"1061\">sistema de entrada sem chave<\/a>.<\/li>\n<li>O pre\u00e7o \u00e9 para uma \u00fanica <a href=\"https:\/\/keylessbest.com\/pt\/product\/2015-2021-jeep-renegade-5-buttons-keyless-entry-remote-m3n-40821302-replaces-pn-6mp33dx9aa-id-47-4a__trashed\/\" data-wpil-monitor-id=\"1059\">chave de entrada sem chave de reposi\u00e7\u00e3o<\/a>, chave de emerg\u00eancia inclu\u00edda.<\/li>\n<li>Portanto, recomendamos fortemente que voc\u00ea tenha seu <a href=\"https:\/\/keylessbest.com\/pt\/como-programar-chaveiro-rapido-facil-passos-diy-para-qualquer-carro\/\" data-wpil-monitor-id=\"1060\">CHAVEIRO programado<\/a> por um chaveiro profissional ou revendedor.<\/li>\n<\/ul>\n<h6><strong>Recursos de Programa\u00e7\u00e3o:<\/strong><\/h6>\n<p><a href=\"http:\/\/www.programyourfob.com\/?list_17\/\" target=\"_blank\" rel=\"noopener\">Jaguar-Cambrian (Liaoning) Electronic Technology Co., Ltd.<\/a><\/p>\n<p><a href=\"http:\/\/www.programyourfob.com\/?list_20\/\" target=\"_blank\" rel=\"noopener\">Land Rover-Cambrian (Liaoning) Tecnologia Eletr\u00f4nica Ltda.<\/a><\/p>\n<p>Obrigado por nos escolher.<\/p>\n<p>Somos um dos fabricantes mais profissionais de chaves de carro, sistema de entrada sem chave, <a href=\"https:\/\/keylessbest.com\/pt\/product\/2001-2007-buick-oldsmobile-pontiac-century-rega-intrigue-grand-prix-rendezvous-aztek-4-buttons-keyless-entry-remote-l2c0007t-pn10335588-9364556-4575\/\" data-wpil-monitor-id=\"1057\">controle remoto de chave de carro<\/a>, chips transponder, programadores de chaves, carca\u00e7as de chaves de carro, fechaduras de carro, ferramentas de chaveiro e assim por diante. Al\u00e9m disso, nossa empresa possui equipe profissional e linha de produ\u00e7\u00e3o. Ademais, somos especializados na produ\u00e7\u00e3o de v\u00e1rias chaves de carro, carca\u00e7as de chaves de carro e ferramentas de chaveiro. Tamb\u00e9m lidamos com desenvolvimento, fabrica\u00e7\u00e3o e atacado de produtos de seguran\u00e7a e prote\u00e7\u00e3o automotiva.<\/p>\n<p>Pre\u00e7os competitivos e servi\u00e7os dedicados ajudar\u00e3o voc\u00ea a conquistar um bom mercado. Al\u00e9m disso, mais de 10 jovens e en\u00e9rgicos times de vendas oferecem servi\u00e7o r\u00e1pido, profissional e amig\u00e1vel a qualquer momento. Al\u00e9m disso, todos os nossos produtos\u00a0\u00a0s\u00e3o enviados diretamente do armaz\u00e9m na Brasil, Canad\u00e1 e M\u00e9xico. Portanto, as mercadorias que voc\u00ea comprar ser\u00e3o embaladas e enviadas dentro de 48 horas ap\u00f3s a realiza\u00e7\u00e3o do pedido. Mais de 100% de nossos produtos est\u00e3o em estoque, e o invent\u00e1rio \u00e9 suficiente.<\/p>","protected":false},"excerpt":{"rendered":"<ul>\n<li style=\"font-size: 16px;\">SKU: CA-LR107<\/li>\n<li style=\"font-size: 16px;\">ID FCC: KOBJTF10A<\/li>\n<li style=\"font-size: 16px;\">PN: JLR: BJ32-15K601-CB 5E0B40217 LEAR: 5E0U40307-AA<\/li>\n<li style=\"font-size: 16px;\">IC: 3521A-JTF10B<\/li>\n<li style=\"font-size: 16px;\">Frequ\u00eancia: 315MHz<\/li>\n<li>Chip: 49<\/li>\n<li>Bot\u00f5es: Trancar, Destrancar, Luzes, Porta-malas, Trunk, P\u00e2nico<\/li>\n<\/ul>","protected":false},"featured_media":20995,"comment_status":"open","ping_status":"closed","template":"","meta":{"_bst_post_transparent":"default","_bst_post_title":"","_bst_post_layout":"default","_bst_post_sidebar_id":"","_bst_post_content_style":"default","_bst_post_vertical_padding":"default","_bst_post_feature":"","_bst_post_feature_position":"","_bst_post_header":false,"_bst_post_footer":false},"product_brand":[],"product_cat":[15,382,162],"product_tag":[],"2_year_make_model":[],"class_list":{"0":"post-13952","1":"product","2":"type-product","3":"status-publish","4":"has-post-thumbnail","6":"product_cat-carkeyremote","7":"product_cat-for-jaguar","8":"product_cat-for-land-rover","10":"first","11":"instock","12":"sale","13":"shipping-taxable","14":"purchasable","15":"product-type-simple","16":"entry","17":"content-bg","18":"loop-entry"},"_links":{"self":[{"href":"https:\/\/keylessbest.com\/pt\/wp-json\/wp\/v2\/product\/13952","targetHints":{"allow":["GET"]}}],"collection":[{"href":"https:\/\/keylessbest.com\/pt\/wp-json\/wp\/v2\/product"}],"about":[{"href":"https:\/\/keylessbest.com\/pt\/wp-json\/wp\/v2\/types\/product"}],"replies":[{"embeddable":true,"href":"https:\/\/keylessbest.com\/pt\/wp-json\/wp\/v2\/comments?post=13952"}],"version-history":[{"count":4,"href":"https:\/\/keylessbest.com\/pt\/wp-json\/wp\/v2\/product\/13952\/revisions"}],"predecessor-version":[{"id":20152,"href":"https:\/\/keylessbest.com\/pt\/wp-json\/wp\/v2\/product\/13952\/revisions\/20152"}],"wp:featuredmedia":[{"embeddable":true,"href":"https:\/\/keylessbest.com\/pt\/wp-json\/wp\/v2\/media\/20995"}],"wp:attachment":[{"href":"https:\/\/keylessbest.com\/pt\/wp-json\/wp\/v2\/media?parent=13952"}],"wp:term":[{"taxonomy":"product_brand","embeddable":true,"href":"https:\/\/keylessbest.com\/pt\/wp-json\/wp\/v2\/product_brand?post=13952"},{"taxonomy":"product_cat","embeddable":true,"href":"https:\/\/keylessbest.com\/pt\/wp-json\/wp\/v2\/product_cat?post=13952"},{"taxonomy":"product_tag","embeddable":true,"href":"https:\/\/keylessbest.com\/pt\/wp-json\/wp\/v2\/product_tag?post=13952"},{"taxonomy":"2_year_make_model","embeddable":true,"href":"https:\/\/keylessbest.com\/pt\/wp-json\/wp\/v2\/2_year_make_model?post=13952"}],"curies":[{"name":"wp","href":"https:\/\/api.w.org\/{rel}","templated":true}]}}