{"id":14196,"date":"2025-08-19T08:42:45","date_gmt":"2025-08-19T08:42:45","guid":{"rendered":"https:\/\/hanwuji.shengjit.com\/?post_type=product&#038;p=14196"},"modified":"2026-02-12T07:40:05","modified_gmt":"2026-02-12T07:40:05","slug":"chaveiro-mazda-2007-2009-kpu41794-3138mhz-para-keylessbest","status":"publish","type":"product","link":"https:\/\/keylessbest.com\/pt\/product\/chaveiro-mazda-2007-2009-kpu41794-3138mhz-para-keylessbest\/","title":{"rendered":"Chaveiro Mazda 2007-2009 KPU41794 313,8MHz para Keylessbest"},"content":{"rendered":"<p>*As informa\u00e7\u00f5es detalhadas desta chaveiro de entrada sem chave Mazda de 2007 a 2009 s\u00e3o as seguintes. Por favor, confirme se os detalhes abaixo correspondem ao seu ve\u00edculo antes de fazer o pedido: ID FCC, N\u00famero da Pe\u00e7a, Ano do Modelo, IC, Frequ\u00eancia, Chip e Bot\u00f5es.<\/p>\n<h6><strong><b>Informa\u00e7\u00f5es do Produto: <\/b><\/strong><\/h6>\n<ul>\n<li>ID FCC: KPU41794<\/li>\n<li>PN: BAN66-75RY BAN6675RY<\/li>\n<li>IC: 24223-MZ46<\/li>\n<li>Frequ\u00eancia: 313,8MHz<\/li>\n<li>Bot\u00f5es: Trancar, Destrancar, P\u00e2nico<\/li>\n<\/ul>\n<h6><strong><b>O modelo de refer\u00eancia:<\/b><\/strong><\/h6>\n<ul>\n<li>Mazda 3 4 Portas 2007-2008<\/li>\n<li>Mazda 3 5 Portas 2007-2009<\/li>\n<li>Mazda Mazdaspeed 3 2007-2009<\/li>\n<li>Mazda 3 2007<\/li>\n<\/ul>\n<h6><strong><b>Inclus\u00f5es do Pacote:<\/b><\/strong><\/h6>\n<ul>\n<li>Um novo aftermarket <a href=\"https:\/\/keylessbest.com\/pt\/product\/ford-fiesta-2011-2017-remoto-de-entrada-sem-chave-com-3-botoes-kr55wk47899-pn164-r8042-remoto-164-r8043-lamina-164-r8042-164-r8039-5913139-5914117-4d63-80bit__trashed\/\" data-wpil-monitor-id=\"1548\">chaveiro remoto sem chave<\/a><\/li>\n<li>Uma chave de inser\u00e7\u00e3o de emerg\u00eancia aftermarket gratuita<\/li>\n<li>Todos os transmissores v\u00eam com uma bateria<\/li>\n<li>Todas as unidades s\u00e3o testadas antes do envio<\/li>\n<li>Garantia e satisfa\u00e7\u00e3o de 2 anos 100%<\/li>\n<\/ul>\n<h6><strong><b>Observa\u00e7\u00e3o:<\/b><\/strong><\/h6>\n<ul>\n<li>Substitui\u00e7\u00e3o do chaveiro de entrada sem chave inteligente Mazda de 2007 a 2009 \u2013 sem logotipo, com uma chave de emerg\u00eancia n\u00e3o cortada inclu\u00edda.<\/li>\n<li>N\u00f3s n\u00e3o cortamos ou programamos a <a href=\"https:\/\/keylessbest.com\/pt\/loja-de-chaves-de-carro-keylessbestcarkeyfobshop\/\" data-wpil-monitor-id=\"1550\">chave remota<\/a>. Al\u00e9m disso, para pre\u00e7os, entre em contato com o chaveiro ou concession\u00e1ria local.<\/li>\n<li>Este transmissor \u00e9 compat\u00edvel com ve\u00edculos que possuem um bot\u00e3o de partida\/parada no painel ou igni\u00e7\u00e3o com bot\u00e3o girat\u00f3rio, juntamente com um proxy <a href=\"https:\/\/keylessbest.com\/pt\/product\/2021-2022-hyundai-tucson-controle-remoto-de-entrada-sem-chave-de-5-botoes-tq8-fob-4f27-pn-95440-n9072-47\/\" data-wpil-monitor-id=\"1549\">controle de acesso sem chave<\/a> sistema.<\/li>\n<li>Pre\u00e7o \u00a0\u00a0\u00e9 \u00a0para \u00a0uma substitui\u00e7\u00e3o completa \u00a0\u00a0<a href=\"https:\/\/keylessbest.com\/pt\/product\/2017-2020-nissan-rogue-chaveiro-de-entrada-sem-chave-com-5-botoes-kr5s180144106-pn285e3-6fl7b-285e36fl7b-285e3-6fl7a-285e36fl7a-4a\/\" data-wpil-monitor-id=\"1552\">controle remoto de entrada sem chave<\/a>, chave de emerg\u00eancia inclu\u00edda.<\/li>\n<li>Portanto, recomendamos fortemente que voc\u00ea tenha seu \u00a0<a href=\"https:\/\/keylessbest.com\/pt\/como-programar-chaveiro-rapido-facil-passos-diy-para-qualquer-carro\/\" data-wpil-monitor-id=\"1547\">CHAVEIRO programado<\/a> por um chaveiro profissional ou revendedor.<\/li>\n<\/ul>\n<h6><strong><b>Recursos de Programa\u00e7\u00e3o\u00a0<\/b><\/strong><\/h6>\n<p><a href=\"http:\/\/programyourfob.com\/?list_23\/\" target=\"_blank\" rel=\"noopener\">http:\/\/programyourfob.com\/?list_23\/<\/a><\/p>\n<p>Obrigado por nos escolher.<\/p>\n<p>Somos um dos fabricantes mais profissionais de chaves de carro, sistema de entrada sem chave, <a href=\"https:\/\/keylessbest.com\/pt\/product\/2002-2009-chevrolet-gmc-isuzu-oldsmobile-buick-saab-trailblazer-envoy-ascender-bravada-rainier-9-7x-3-buttons-keyless-entry-remote-myt3x6898b-pn-15008008-15008009\/\" data-wpil-monitor-id=\"1546\">controle remoto de chave de carro<\/a>, chips transponder, programadores de chaves, capas de chaves de carro, fechaduras de carro, ferramentas de chaveiro e assim por diante. Al\u00e9m disso, nossa empresa\u00a0\u00a0possui equipe profissional e linha de produ\u00e7\u00e3o. Al\u00e9m disso, somos especializados\u00a0\u00a0em produzir v\u00e1rias <a href=\"https:\/\/keylessbest.com\/pt\/o-que-fazer-se-voce-perder-as-chaves-do-seu-carro-guia-passo-a-passo-2025\/\" data-wpil-monitor-id=\"1551\">chave do carro<\/a>s, capas de chaves de carro e ferramentas de chaveiro. Tamb\u00e9m lidamos com desenvolvimento, fabrica\u00e7\u00e3o e atacado de produtos de seguran\u00e7a e prote\u00e7\u00e3o automotiva.<\/p>\n<p>Pre\u00e7os competitivos e servi\u00e7os dedicados ajudar\u00e3o voc\u00ea a conquistar um bom mercado. Al\u00e9m disso, mais de 10 jovens e en\u00e9rgicos times de vendas oferecem servi\u00e7o r\u00e1pido, profissional e amig\u00e1vel a qualquer momento. Al\u00e9m disso, todos os nossos produtos\u00a0\u00a0s\u00e3o enviados diretamente do armaz\u00e9m na Brasil, Canad\u00e1 e M\u00e9xico. Portanto, as mercadorias que voc\u00ea comprar ser\u00e3o embaladas e enviadas dentro de 48 horas ap\u00f3s a realiza\u00e7\u00e3o do pedido. Mais de 100% de nossos produtos est\u00e3o em estoque, e o invent\u00e1rio \u00e9 suficiente.<\/p>","protected":false},"excerpt":{"rendered":"<ul>\n<li>SKU: CA-MZ205<\/li>\n<li>ID FCC: KPU41794<\/li>\n<li>PN: BAN66-75RY BAN6675RY<\/li>\n<li>IC: 24223-MZ46<\/li>\n<li>Frequ\u00eancia: 313,8MHz<\/li>\n<li>Bot\u00f5es: Trancar, Destrancar, P\u00e2nico<\/li>\n<\/ul>","protected":false},"featured_media":21069,"comment_status":"open","ping_status":"closed","template":"","meta":{"_bst_post_transparent":"default","_bst_post_title":"","_bst_post_layout":"default","_bst_post_sidebar_id":"","_bst_post_content_style":"default","_bst_post_vertical_padding":"default","_bst_post_feature":"","_bst_post_feature_position":"","_bst_post_header":false,"_bst_post_footer":false},"product_brand":[],"product_cat":[15,159],"product_tag":[],"2_year_make_model":[348],"class_list":{"0":"post-14196","1":"product","2":"type-product","3":"status-publish","4":"has-post-thumbnail","6":"product_cat-carkeyremote","7":"product_cat-for-mazda","8":"2_year_make_model-mazda","10":"first","11":"instock","12":"sale","13":"shipping-taxable","14":"purchasable","15":"product-type-simple","16":"entry","17":"content-bg","18":"loop-entry"},"_links":{"self":[{"href":"https:\/\/keylessbest.com\/pt\/wp-json\/wp\/v2\/product\/14196","targetHints":{"allow":["GET"]}}],"collection":[{"href":"https:\/\/keylessbest.com\/pt\/wp-json\/wp\/v2\/product"}],"about":[{"href":"https:\/\/keylessbest.com\/pt\/wp-json\/wp\/v2\/types\/product"}],"replies":[{"embeddable":true,"href":"https:\/\/keylessbest.com\/pt\/wp-json\/wp\/v2\/comments?post=14196"}],"version-history":[{"count":3,"href":"https:\/\/keylessbest.com\/pt\/wp-json\/wp\/v2\/product\/14196\/revisions"}],"predecessor-version":[{"id":19987,"href":"https:\/\/keylessbest.com\/pt\/wp-json\/wp\/v2\/product\/14196\/revisions\/19987"}],"wp:featuredmedia":[{"embeddable":true,"href":"https:\/\/keylessbest.com\/pt\/wp-json\/wp\/v2\/media\/21069"}],"wp:attachment":[{"href":"https:\/\/keylessbest.com\/pt\/wp-json\/wp\/v2\/media?parent=14196"}],"wp:term":[{"taxonomy":"product_brand","embeddable":true,"href":"https:\/\/keylessbest.com\/pt\/wp-json\/wp\/v2\/product_brand?post=14196"},{"taxonomy":"product_cat","embeddable":true,"href":"https:\/\/keylessbest.com\/pt\/wp-json\/wp\/v2\/product_cat?post=14196"},{"taxonomy":"product_tag","embeddable":true,"href":"https:\/\/keylessbest.com\/pt\/wp-json\/wp\/v2\/product_tag?post=14196"},{"taxonomy":"2_year_make_model","embeddable":true,"href":"https:\/\/keylessbest.com\/pt\/wp-json\/wp\/v2\/2_year_make_model?post=14196"}],"curies":[{"name":"wp","href":"https:\/\/api.w.org\/{rel}","templated":true}]}}