{"id":14618,"date":"2025-08-19T08:49:10","date_gmt":"2025-08-19T08:49:10","guid":{"rendered":"https:\/\/hanwuji.shengjit.com\/?post_type=product&#038;p=14618"},"modified":"2026-03-09T01:22:30","modified_gmt":"2026-03-09T01:22:30","slug":"chaveiro-gmc-2023-2025-pn13530574-para-keylessbest","status":"publish","type":"product","link":"https:\/\/keylessbest.com\/pt\/product\/chaveiro-gmc-2023-2025-pn13530574-para-keylessbest\/","title":{"rendered":"Chaveiro GMC 2023-2025 PN:13530574 para Keylessbest"},"content":{"rendered":"<p>*As informa\u00e7\u00f5es detalhadas deste controle remoto sem chave GMC 2023-2024 s\u00e3o as seguintes. Por favor, confirme se os detalhes abaixo correspondem ao seu ve\u00edculo antes de fazer o pedido: FCC ID, N\u00famero da Pe\u00e7a, Ano do Modelo, IC, Frequ\u00eancia, Chip e Bot\u00f5es.<\/p>\n<h6><strong><b>Informa\u00e7\u00f5es do Produto: <\/b><\/strong><\/h6>\n<ul>\n<li>FCC ID: YG0G21TB2<\/li>\n<li>PN: 13530574 13541561, 13545334, 13548432<\/li>\n<li>Frequ\u00eancia: 433MHz<\/li>\n<li>Chip: ID49<\/li>\n<li>Chave de Teste: HU100<\/li>\n<li>Bot\u00f5es: Trancar, Destrancar, P\u00e2nico, Cap\u00f4 e Partida Remota<\/li>\n<li>Bateria: CR2450<\/li>\n<\/ul>\n<h6><strong><b>O modelo de refer\u00eancia:<\/b><\/strong><\/h6>\n<ul>\n<li>GMC Canyon 2023 \u2013 2024<\/li>\n<li>GMC Sierra 2023 \u2013 2024<\/li>\n<li>2023- 2025 Chevrolet Traverse<\/li>\n<\/ul>\n<h6><strong><b>Inclus\u00f5es do Pacote:<\/b><\/strong><\/h6>\n<ul>\n<li>Um novo aftermarket <a href=\"https:\/\/keylessbest.com\/pt\/product\/ford-fiesta-2011-2017-remoto-de-entrada-sem-chave-com-3-botoes-kr55wk47899-pn164-r8042-remoto-164-r8043-lamina-164-r8042-164-r8039-5913139-5914117-4d63-80bit__trashed\/\" data-wpil-monitor-id=\"1309\">chaveiro remoto sem chave<\/a><\/li>\n<li>Uma chave de inser\u00e7\u00e3o de emerg\u00eancia aftermarket gratuita<\/li>\n<li>Todos os transmissores v\u00eam com uma bateria<\/li>\n<li>Todas as unidades s\u00e3o testadas antes do envio<\/li>\n<li>Garantia e satisfa\u00e7\u00e3o de 2 anos 100%<\/li>\n<\/ul>\n<h6><strong><b>Observa\u00e7\u00e3o:<\/b><\/strong><\/h6>\n<ul>\n<li>O GMC inteligente 2023-2024 <a href=\"https:\/\/keylessbest.com\/pt\/product\/2021-2024-jeep-grand-cherokee-grand-wagoneer-4-buttons-keyless-entry-remote-m3nwxf0b1-pn-685169738aa-4a-chip-hitag-aes__trashed\/\" data-wpil-monitor-id=\"1307\">chaveiro de entrada sem chave<\/a> substitui\u00e7\u00e3o \u2013 sem um logotipo, com uma chave de inser\u00e7\u00e3o de emerg\u00eancia n\u00e3o cortada inclu\u00edda.<\/li>\n<li>N\u00f3s n\u00e3o cortamos ou programamos a <a href=\"https:\/\/keylessbest.com\/pt\/loja-de-chaves-de-carro-keylessbestcarkeyfobshop\/\" data-wpil-monitor-id=\"1311\">chave remota<\/a>. Al\u00e9m disso, para pre\u00e7os, entre em contato com o chaveiro ou concession\u00e1ria local.<\/li>\n<li>Este transmissor \u00e9 compat\u00edvel com ve\u00edculos que possuem bot\u00e3o de partida\/parada no painel ou igni\u00e7\u00e3o por chave de giro, juntamente com um proxy <a href=\"https:\/\/keylessbest.com\/pt\/product\/2016-2022-chevrolet-volt-cruze-new-model-traverse-camaro-malibu-cruze-xl8-systems-only-blazer-sonic-4-buttons-keyless-entry-remote-hyq4ea-pn-1350877113584504-13529660-46\/\" data-wpil-monitor-id=\"1310\">controle de acesso sem chave<\/a> sistema.<\/li>\n<li>O pre\u00e7o \u00e9 para uma \u00fanica <a href=\"https:\/\/keylessbest.com\/pt\/product\/2015-2021-jeep-renegade-5-buttons-keyless-entry-remote-m3n-40821302-replaces-pn-6mp33dx9aa-id-47-4a__trashed\/\" data-wpil-monitor-id=\"1308\">chave de entrada sem chave de reposi\u00e7\u00e3o<\/a>, chave de emerg\u00eancia inclu\u00edda.<\/li>\n<li>Portanto, recomendamos fortemente que voc\u00ea fa\u00e7a a programa\u00e7\u00e3o do seu \u00a0<a href=\"https:\/\/keylessbest.com\/pt\/como-programar-chaveiro-rapido-facil-passos-diy-para-qualquer-carro\/\" data-wpil-monitor-id=\"1312\">CHAVE REMOTA<\/a>\u00a0por um profissional chaveiro ou concession\u00e1ria.<\/li>\n<\/ul>\n<h6><strong><b>\u00a0Recursos de Programa\u00e7\u00e3o\u00a0<\/b><\/strong><\/h6>\n<p><a href=\"http:\/\/programyourfob.com\/?list_11\/\" target=\"_blank\" rel=\"noopener\">http:\/\/programyourfob.com\/?list_11\/<\/a><\/p>\n<p>Obrigado por nos escolher.<\/p>\n<p>Somos um dos fabricantes mais profissionais de chaves de carro, sistema de entrada sem chave, <a href=\"https:\/\/keylessbest.com\/pt\/product\/2011-2020-ford-lincoln-edge-escape-explorer-expedition-flex-focus-focus-bev-taurus-mks-mkt-mkx-navigator-5-buttons-keyless-entry-remote-m3n5wy8610-m3n5wy8609-pn-bt4t-15k601-hc-164-r8092-5921\/\" data-wpil-monitor-id=\"1306\">controle remoto de chave de carro<\/a>, chips transponder, programadores de chaves, carca\u00e7as de chaves de carro, fechaduras de carro, ferramentas de chaveiro e assim por diante. Al\u00e9m disso, nossa empresa possui equipe profissional e linha de produ\u00e7\u00e3o. Ademais, somos especializados na produ\u00e7\u00e3o de v\u00e1rias chaves de carro, carca\u00e7as de chaves de carro e ferramentas de chaveiro. Tamb\u00e9m lidamos com desenvolvimento, fabrica\u00e7\u00e3o e atacado de produtos de seguran\u00e7a e prote\u00e7\u00e3o automotiva.<\/p>\n<p>Pre\u00e7os competitivos e servi\u00e7os dedicados ajudar\u00e3o voc\u00ea a conquistar um bom mercado. Al\u00e9m disso, mais de 10 jovens e en\u00e9rgicos times de vendas oferecem servi\u00e7o r\u00e1pido, profissional e amig\u00e1vel a qualquer momento. Al\u00e9m disso, todos os nossos produtos\u00a0\u00a0s\u00e3o enviados diretamente do armaz\u00e9m na Brasil, Canad\u00e1 e M\u00e9xico. Portanto, as mercadorias que voc\u00ea comprar ser\u00e3o embaladas e enviadas dentro de 48 horas ap\u00f3s a realiza\u00e7\u00e3o do pedido. Mais de 100% de nossos produtos est\u00e3o em estoque, e o invent\u00e1rio \u00e9 suficiente.<\/p>","protected":false},"excerpt":{"rendered":"<ul>\n<li>SKU: CA-GM328<\/li>\n<li>FCC ID: YG0G21TB2<\/li>\n<li>PN: 13530574 13541561, 13545334, 13548432<\/li>\n<li>Frequ\u00eancia: 433MHz<\/li>\n<li>Chip: ID49<\/li>\n<li>Chave de Teste: HU100<\/li>\n<li>Bot\u00f5es: Trancar, Destrancar, P\u00e2nico, Cap\u00f4 e Partida Remota<\/li>\n<li>Bateria: CR2450<\/li>\n<\/ul>","protected":false},"featured_media":21226,"comment_status":"open","ping_status":"closed","template":"","meta":{"_bst_post_transparent":"default","_bst_post_title":"","_bst_post_layout":"default","_bst_post_sidebar_id":"","_bst_post_content_style":"default","_bst_post_vertical_padding":"default","_bst_post_feature":"","_bst_post_feature_position":"","_bst_post_header":false,"_bst_post_footer":false},"product_brand":[],"product_cat":[15,150,152],"product_tag":[],"2_year_make_model":[],"class_list":{"0":"post-14618","1":"product","2":"type-product","3":"status-publish","4":"has-post-thumbnail","6":"product_cat-carkeyremote","7":"product_cat-for-chevrolet","8":"product_cat-for-gmc","10":"first","11":"instock","12":"sale","13":"shipping-taxable","14":"purchasable","15":"product-type-simple","16":"entry","17":"content-bg","18":"loop-entry"},"_links":{"self":[{"href":"https:\/\/keylessbest.com\/pt\/wp-json\/wp\/v2\/product\/14618","targetHints":{"allow":["GET"]}}],"collection":[{"href":"https:\/\/keylessbest.com\/pt\/wp-json\/wp\/v2\/product"}],"about":[{"href":"https:\/\/keylessbest.com\/pt\/wp-json\/wp\/v2\/types\/product"}],"replies":[{"embeddable":true,"href":"https:\/\/keylessbest.com\/pt\/wp-json\/wp\/v2\/comments?post=14618"}],"version-history":[{"count":4,"href":"https:\/\/keylessbest.com\/pt\/wp-json\/wp\/v2\/product\/14618\/revisions"}],"predecessor-version":[{"id":21822,"href":"https:\/\/keylessbest.com\/pt\/wp-json\/wp\/v2\/product\/14618\/revisions\/21822"}],"wp:featuredmedia":[{"embeddable":true,"href":"https:\/\/keylessbest.com\/pt\/wp-json\/wp\/v2\/media\/21226"}],"wp:attachment":[{"href":"https:\/\/keylessbest.com\/pt\/wp-json\/wp\/v2\/media?parent=14618"}],"wp:term":[{"taxonomy":"product_brand","embeddable":true,"href":"https:\/\/keylessbest.com\/pt\/wp-json\/wp\/v2\/product_brand?post=14618"},{"taxonomy":"product_cat","embeddable":true,"href":"https:\/\/keylessbest.com\/pt\/wp-json\/wp\/v2\/product_cat?post=14618"},{"taxonomy":"product_tag","embeddable":true,"href":"https:\/\/keylessbest.com\/pt\/wp-json\/wp\/v2\/product_tag?post=14618"},{"taxonomy":"2_year_make_model","embeddable":true,"href":"https:\/\/keylessbest.com\/pt\/wp-json\/wp\/v2\/2_year_make_model?post=14618"}],"curies":[{"name":"wp","href":"https:\/\/api.w.org\/{rel}","templated":true}]}}