{"id":14665,"date":"2025-08-19T08:49:57","date_gmt":"2025-08-19T08:49:57","guid":{"rendered":"https:\/\/hanwuji.shengjit.com\/?post_type=product&#038;p=14665"},"modified":"2026-02-27T05:11:09","modified_gmt":"2026-02-27T05:11:09","slug":"chaveiro-2014-2022-jeep-grand-cherokee-7812a-40821302-para-keylessbest","status":"publish","type":"product","link":"https:\/\/keylessbest.com\/pt\/product\/chaveiro-2014-2022-jeep-grand-cherokee-7812a-40821302-para-keylessbest\/","title":{"rendered":"Chaveiro 2014-2022 Jeep Grand Cherokee 7812A-40821302 para Keylessbest"},"content":{"rendered":"<p>*As informa\u00e7\u00f5es detalhadas desta chave remota sem chave de 2014 a 2022 do Jeep s\u00e3o as seguintes. Por favor, confirme se os detalhes abaixo correspondem ao seu ve\u00edculo antes de fazer o pedido: ID FCC, N\u00famero da Pe\u00e7a, Ano do Modelo, IC, Frequ\u00eancia, Chip e Bot\u00f5es.<\/p>\n<h6><strong><b>Informa\u00e7\u00f5es do Produto:<\/b><\/strong><\/h6>\n<ul>\n<li>ID FCC: M3N-40821302<\/li>\n<li>PN: 68141580AC 68141580AD 68143500AC 68066350AG<\/li>\n<li>IC: 7812A-40821302<\/li>\n<li>Frequ\u00eancia: 433MHz<\/li>\n<li>Bot\u00f5es: Trancar, Destrancar, Partida Remota, P\u00e2nico<\/li>\n<\/ul>\n<h6><strong><b>O modelo de refer\u00eancia:<\/b><\/strong><\/h6>\n<ul>\n<li>Jeep Grand Cherokee de 2014 a 2022<\/li>\n<\/ul>\n<h6><strong><b>Inclus\u00f5es do Pacote:<\/b><\/strong><\/h6>\n<ul>\n<li>Um novo aftermarket <a href=\"https:\/\/keylessbest.com\/pt\/product\/ford-fiesta-2011-2017-remoto-de-entrada-sem-chave-com-3-botoes-kr55wk47899-pn164-r8042-remoto-164-r8043-lamina-164-r8042-164-r8039-5913139-5914117-4d63-80bit__trashed\/\" data-wpil-monitor-id=\"1471\">chaveiro remoto sem chave<\/a><\/li>\n<li>Uma chave de inser\u00e7\u00e3o de emerg\u00eancia aftermarket gratuita<\/li>\n<li>Todos os transmissores v\u00eam com uma bateria<\/li>\n<li>Todas as unidades s\u00e3o testadas antes do envio<\/li>\n<li>Garantia e satisfa\u00e7\u00e3o de 2 anos 100%<\/li>\n<\/ul>\n<h6><strong><b>Observa\u00e7\u00e3o:<\/b><\/strong><\/h6>\n<ul>\n<li>A substitui\u00e7\u00e3o da chave inteligente sem chave do Jeep de 2014 a 2022 \u2013 sem logotipo, com uma chave de emerg\u00eancia n\u00e3o cortada inclu\u00edda.<\/li>\n<li>N\u00f3s n\u00e3o cortamos ou programamos a <a href=\"https:\/\/keylessbest.com\/pt\/loja-de-chaves-de-carro-keylessbestcarkeyfobshop\/\" data-wpil-monitor-id=\"1472\">chave remota<\/a>. Al\u00e9m disso, para pre\u00e7os, entre em contato com o chaveiro ou concession\u00e1ria local.<\/li>\n<li>Este transmissor \u00e9 compat\u00edvel com ve\u00edculos que possuem bot\u00e3o de partida\/parada no painel ou igni\u00e7\u00e3o com bot\u00e3o girat\u00f3rio, juntamente com um sistema de entrada sem chave proxy <a href=\"https:\/\/keylessbest.com\/pt\/product\/2001-2011-chevrolet-gmc-cadillac-suburban-tahoe-yukon-silverado-escalade-sierra-avalanche-s10-pickup-3-buttons-keyless-entry-remote-koblear1xt-pn15042968\/\" data-wpil-monitor-id=\"1473\">controle de acesso sem chave<\/a> sistema.<\/li>\n<li>O pre\u00e7o \u00e9 para uma \u00fanica <a href=\"https:\/\/keylessbest.com\/pt\/product\/2015-2021-jeep-renegade-5-buttons-keyless-entry-remote-m3n-40821302-replaces-pn-6mp33dx9aa-id-47-4a__trashed\/\" data-wpil-monitor-id=\"1469\">chave de entrada sem chave de reposi\u00e7\u00e3o<\/a>, chave de emerg\u00eancia inclu\u00edda.<\/li>\n<li>Portanto, recomendamos fortemente que voc\u00ea tenha seu <a href=\"https:\/\/keylessbest.com\/pt\/como-programar-chaveiro-rapido-facil-passos-diy-para-qualquer-carro\/\" data-wpil-monitor-id=\"1470\">CHAVEIRO programado<\/a> por um chaveiro profissional ou revendedor.<\/li>\n<\/ul>\n<h6><strong>Recursos de Programa\u00e7\u00e3o:<\/strong><\/h6>\n<p><a href=\"http:\/\/programyourfob.com\/?list_18\/\" target=\"_blank\" rel=\"noopener\">http:\/\/programyourfob.com\/?list_18\/<\/a><\/p>\n<p>Obrigado por nos escolher.<\/p>\n<p>Somos um dos fabricantes mais profissionais de chaves de carro, sistema de entrada sem chave, <a href=\"https:\/\/keylessbest.com\/pt\/product\/infiniti-nissan-fx35-fx45-qx4-armada-frontier-murano-nv1500-nv2500-nv3500-pathfinders-titan-versa-xterra-quest-juke-s-rogue-rogue-select-controle-remoto-de-entrada-sem-chave-de-3-botoes-kbrastu15-cwtw\/\" data-wpil-monitor-id=\"1468\">controle remoto de chave de carro<\/a>, chips transponder, programadores de chaves, carca\u00e7as de chaves de carro, fechaduras de carro, ferramentas de chaveiro e assim por diante. Al\u00e9m disso, nossa empresa possui equipe profissional e linha de produ\u00e7\u00e3o. Ademais, somos especializados na produ\u00e7\u00e3o de v\u00e1rias chaves de carro, carca\u00e7as de chaves de carro e ferramentas de chaveiro. Tamb\u00e9m lidamos com desenvolvimento, fabrica\u00e7\u00e3o e atacado de produtos de seguran\u00e7a e prote\u00e7\u00e3o automotiva.<\/p>\n<p>Pre\u00e7os competitivos e servi\u00e7os dedicados ajudar\u00e3o voc\u00ea a conquistar um bom mercado. Al\u00e9m disso, mais de 10 jovens e en\u00e9rgicos times de vendas oferecem servi\u00e7o r\u00e1pido, profissional e amig\u00e1vel a qualquer momento. Al\u00e9m disso, todos os nossos produtos\u00a0\u00a0s\u00e3o enviados diretamente do armaz\u00e9m na Brasil, Canad\u00e1 e M\u00e9xico. Portanto, as mercadorias que voc\u00ea comprar ser\u00e3o embaladas e enviadas dentro de 48 horas ap\u00f3s a realiza\u00e7\u00e3o do pedido. Mais de 100% de nossos produtos est\u00e3o em estoque, e o invent\u00e1rio \u00e9 suficiente.<\/p>","protected":false},"excerpt":{"rendered":"<ul>\n<li>SKU: CA-DG100<\/li>\n<li>ID FCC: M3N-40821302<\/li>\n<li>PN: 68141580AC 68141580AD 68143500AC 68066350AG<\/li>\n<li>IC: 7812A-40821302<\/li>\n<li>Frequ\u00eancia: 433MHz<\/li>\n<li>Bot\u00f5es: Trancar, Destrancar, Partida Remota, P\u00e2nico<\/li>\n<\/ul>","protected":false},"featured_media":20976,"comment_status":"open","ping_status":"closed","template":"","meta":{"_bst_post_transparent":"default","_bst_post_title":"","_bst_post_layout":"default","_bst_post_sidebar_id":"","_bst_post_content_style":"default","_bst_post_vertical_padding":"default","_bst_post_feature":"","_bst_post_feature_position":"","_bst_post_header":false,"_bst_post_footer":false},"product_brand":[],"product_cat":[15,154],"product_tag":[],"2_year_make_model":[],"class_list":{"0":"post-14665","1":"product","2":"type-product","3":"status-publish","4":"has-post-thumbnail","6":"product_cat-carkeyremote","7":"product_cat-for-jeep","9":"first","10":"instock","11":"sale","12":"shipping-taxable","13":"purchasable","14":"product-type-simple","15":"entry","16":"content-bg","17":"loop-entry"},"_links":{"self":[{"href":"https:\/\/keylessbest.com\/pt\/wp-json\/wp\/v2\/product\/14665","targetHints":{"allow":["GET"]}}],"collection":[{"href":"https:\/\/keylessbest.com\/pt\/wp-json\/wp\/v2\/product"}],"about":[{"href":"https:\/\/keylessbest.com\/pt\/wp-json\/wp\/v2\/types\/product"}],"replies":[{"embeddable":true,"href":"https:\/\/keylessbest.com\/pt\/wp-json\/wp\/v2\/comments?post=14665"}],"version-history":[{"count":2,"href":"https:\/\/keylessbest.com\/pt\/wp-json\/wp\/v2\/product\/14665\/revisions"}],"predecessor-version":[{"id":19574,"href":"https:\/\/keylessbest.com\/pt\/wp-json\/wp\/v2\/product\/14665\/revisions\/19574"}],"wp:featuredmedia":[{"embeddable":true,"href":"https:\/\/keylessbest.com\/pt\/wp-json\/wp\/v2\/media\/20976"}],"wp:attachment":[{"href":"https:\/\/keylessbest.com\/pt\/wp-json\/wp\/v2\/media?parent=14665"}],"wp:term":[{"taxonomy":"product_brand","embeddable":true,"href":"https:\/\/keylessbest.com\/pt\/wp-json\/wp\/v2\/product_brand?post=14665"},{"taxonomy":"product_cat","embeddable":true,"href":"https:\/\/keylessbest.com\/pt\/wp-json\/wp\/v2\/product_cat?post=14665"},{"taxonomy":"product_tag","embeddable":true,"href":"https:\/\/keylessbest.com\/pt\/wp-json\/wp\/v2\/product_tag?post=14665"},{"taxonomy":"2_year_make_model","embeddable":true,"href":"https:\/\/keylessbest.com\/pt\/wp-json\/wp\/v2\/2_year_make_model?post=14665"}],"curies":[{"name":"wp","href":"https:\/\/api.w.org\/{rel}","templated":true}]}}