{"id":14961,"date":"2025-08-19T08:54:42","date_gmt":"2025-08-19T08:54:42","guid":{"rendered":"https:\/\/hanwuji.shengjit.com\/?post_type=product&#038;p=14961"},"modified":"2026-02-13T01:12:25","modified_gmt":"2026-02-13T01:12:25","slug":"chaveiro-chevrolet-cadillac-oldsmobile-saturn-2000-2011-l2c0005t-para-keylessbest","status":"publish","type":"product","link":"https:\/\/keylessbest.com\/pt\/product\/chaveiro-chevrolet-cadillac-oldsmobile-saturn-2000-2011-l2c0005t-para-keylessbest\/","title":{"rendered":"Chaveiro Chevrolet Cadillac Oldsmobile Saturn 2000-2011 L2C0005T para Keylessbest"},"content":{"rendered":"<p>*As informa\u00e7\u00f5es detalhadas deste chaveiro de entrada sem chave, sem contato, de 2000 a 2011 Chevrolet Pontiac Saturn Cadillac s\u00e3o as seguintes. Por favor, confirme se os detalhes abaixo correspondem ao seu ve\u00edculo antes de fazer o pedido: ID FCC, N\u00famero da Pe\u00e7a, Ano Modelo, IC, Frequ\u00eancia, Chip e Bot\u00f5es.<\/p>\n<h6><strong><b>Informa\u00e7\u00f5es do Produto: <\/b><\/strong><\/h6>\n<ul>\n<li>FCC ID: L2C0005T<\/li>\n<li>PN: 1626307499, 12223134, 12223132, 19115765, 19115766, 09378610, 09378620, 12223130-50<\/li>\n<li>Frequ\u00eancia: 315MHz<\/li>\n<li>Bot\u00f5es: Trancar, Destrancar, Porta do Porta-malas, P\u00e2nico<\/li>\n<\/ul>\n<h6><strong><b>O modelo de refer\u00eancia:<\/b><\/strong><\/h6>\n<ul>\n<li>Chevrolet Cavalier de 2000 a 2005<\/li>\n<li>Chevrolet Malibu de 2001 a 2011 (2 controles remotos poss\u00edveis, <a href=\"https:\/\/keylessbest.com\/pt\/product\/nissan-murano-2015-2018-edicao-platinum-murano-sl-pathfinders-ano-2016-deve-corresponder-ao-numero-pn-ic-e-fcc-dividir-o-ano-controle-remoto-de-entrada-sem-chave-kr5s180144014-pn285e3-5aa5a-285e3-5\/\" data-wpil-monitor-id=\"733\">deve corresponder<\/a> pe\u00e7a GM)<\/li>\n<li>Oldsmobile Alero de 2001 (2 controles remotos poss\u00edveis, deve corresponder \u00e0 pe\u00e7a GM)<\/li>\n<li>Pontiac Grand Am de 2001 (2 controles remotos poss\u00edveis, deve corresponder \u00e0 pe\u00e7a GM)<\/li>\n<li>Pontiac Sunfire de 2000 a 2005<\/li>\n<li><a href=\"https:\/\/keylessbest.com\/pt\/product\/acura-cl-tl-rl-de-1999-a-2004-controle-remoto-de-entrada-sem-chave-de-4-botoes-e4eg8d-444h-a-substitui-pn-72147-s0k-a23-72147-s0k-a13__trashed\/\" data-wpil-monitor-id=\"728\">2000 &#8211; 2002<\/a> Saturn SC1<\/li>\n<li>Saturn SC2 de 2000 a 2002<\/li>\n<li>Saturn SL de 2000 a 2002<\/li>\n<li>Saturn SL1 de 2000 a 2002<\/li>\n<li>Saturn SL2 de 2000 a 2002<\/li>\n<li>Saturn SW2 de 2000 a 2001<\/li>\n<li>Cadillac CTS de 2003 a 2007<\/li>\n<li>2004 &#8211; 2006 <a href=\"https:\/\/keylessbest.com\/pt\/product\/2007-2013-cadillac-cts-nao-prox-dts-nao-prox-srx-nao-prox-remoto-de-entrada-sem-chave-de-5-botoes-ouc6000066-pn-20998256-20998254-20998255-5923880-5923879\/\" data-wpil-monitor-id=\"729\">Cadillac SRX<\/a><\/li>\n<\/ul>\n<h6><strong><b>Inclus\u00f5es do Pacote:<\/b><\/strong><\/h6>\n<ul>\n<li>Um novo aftermarket <a href=\"https:\/\/keylessbest.com\/pt\/product\/ford-fiesta-2011-2017-remoto-de-entrada-sem-chave-com-3-botoes-kr55wk47899-pn164-r8042-remoto-164-r8043-lamina-164-r8042-164-r8039-5913139-5914117-4d63-80bit__trashed\/\" data-wpil-monitor-id=\"732\">chaveiro remoto sem chave<\/a><\/li>\n<li>Uma chave de inser\u00e7\u00e3o de emerg\u00eancia aftermarket gratuita<\/li>\n<li>Todos os transmissores v\u00eam com uma bateria<\/li>\n<li>Todas as unidades s\u00e3o testadas antes do envio<\/li>\n<li>Garantia e satisfa\u00e7\u00e3o de 2 anos 100%<\/li>\n<\/ul>\n<h6><strong><b>Observa\u00e7\u00e3o:<\/b><\/strong><\/h6>\n<ul>\n<li>O controle de entrada inteligente sem chave, de 2000 a 2011, para Chevrolet, Pontiac, Saturn e Cadillac, substitui\u00e7\u00e3o \u2013 sem logotipo, com uma chave de inser\u00e7\u00e3o de emerg\u00eancia n\u00e3o cortada inclu\u00edda.<\/li>\n<li>N\u00f3s n\u00e3o cortamos ou programamos a <a href=\"https:\/\/keylessbest.com\/pt\/loja-de-chaves-de-carro-keylessbestcarkeyfobshop\/\" data-wpil-monitor-id=\"734\">chave remota<\/a>. Al\u00e9m disso, para pre\u00e7os, entre em contato com o chaveiro ou concession\u00e1ria local.<\/li>\n<li>Este transmissor \u00e9 compat\u00edvel com ve\u00edculos que possuem bot\u00e3o de partida\/parada no painel ou igni\u00e7\u00e3o de bot\u00e3o girat\u00f3rio, juntamente com um proxy <a href=\"https:\/\/keylessbest.com\/pt\/product\/nissan-rogue-versa-pathfinder-2007-2013-com-sistema-inteligente-controle-remoto-de-entrada-sem-chave-de-3-botoes-cwtwbu729-cwtwbu735-cwtwbu624-pn-285e3-em30d-285e3-em31d\/\" data-wpil-monitor-id=\"731\">controle de acesso sem chave<\/a> sistema.<\/li>\n<li>O pre\u00e7o \u00e9 para um controle remoto de entrada sem contato de substitui\u00e7\u00e3o completo, incluindo a chave de emerg\u00eancia.<\/li>\n<li>Portanto, recomendamos fortemente que voc\u00ea tenha seu \u00a0<a href=\"https:\/\/keylessbest.com\/pt\/como-programar-chaveiro-rapido-facil-passos-diy-para-qualquer-carro\/\" data-wpil-monitor-id=\"730\">CHAVEIRO programado<\/a> por um chaveiro profissional ou revendedor.<\/li>\n<\/ul>\n<h6><strong><b>Recursos de Programa\u00e7\u00e3o<\/b><\/strong><\/h6>\n<p><a href=\"http:\/\/programyourfob.com\/?list_6\/\" target=\"_blank\" rel=\"noopener\">http:\/\/programyourfob.com\/?list_6\/<\/a><\/p>\n<p><a href=\"http:\/\/programyourfob.com\/?list_30\/\" target=\"_blank\" rel=\"noopener\">http:\/\/programyourfob.com\/?list_30\/<\/a><\/p>\n<p><a href=\"http:\/\/programyourfob.com\/?list_32\/\" target=\"_blank\" rel=\"noopener\">http:\/\/programyourfob.com\/?list_32\/<\/a><\/p>\n<p><a href=\"http:\/\/programyourfob.com\/?list_5\/\" target=\"_blank\" rel=\"noopener\">http:\/\/programyourfob.com\/?list_5\/<\/a><\/p>\n<p>Obrigado por nos escolher.<\/p>\n<p>Somos um dos fabricantes mais profissionais de chaves de carro, sistema de entrada sem chave, <a href=\"https:\/\/keylessbest.com\/pt\/product\/1996-2005-buick-cadillac-chevrolet-gmc-oldsmobile-pontiac-lesabre-park-avenue-lesabre-park-avenue-riviera-eldorado-seville-astro-blazer-impala-malibu-monte-carlo-envoy-jimmy-safari-brava\/\" data-wpil-monitor-id=\"727\">controle remoto de chave de carro<\/a>, chips transponder, programadores de chaves, capas de chaves de carro, fechaduras de carro, ferramentas de chaveiro e assim por diante. Al\u00e9m disso, nossa empresa possui equipe profissional e linha de produ\u00e7\u00e3o. Al\u00e9m disso, somos especializados na produ\u00e7\u00e3o de v\u00e1rias chaves de carro, capas de chaves de carro e ferramentas de chaveiro. Tamb\u00e9m lidamos com desenvolvimento, fabrica\u00e7\u00e3o e atacado de produtos de seguran\u00e7a e prote\u00e7\u00e3o automotiva.<\/p>\n<p>Pre\u00e7os competitivos e servi\u00e7os dedicados ajudar\u00e3o voc\u00ea a conquistar um bom mercado. Al\u00e9m disso, mais de 10 jovens e en\u00e9rgicos times de vendas oferecem servi\u00e7o r\u00e1pido, profissional e amig\u00e1vel a qualquer momento. Al\u00e9m disso, todos os nossos produtos\u00a0\u00a0s\u00e3o enviados diretamente do armaz\u00e9m na Brasil, Canad\u00e1 e M\u00e9xico. Portanto, as mercadorias que voc\u00ea comprar ser\u00e3o embaladas e enviadas dentro de 48 horas ap\u00f3s a realiza\u00e7\u00e3o do pedido. Mais de 100% de nossos produtos est\u00e3o em estoque, e o invent\u00e1rio \u00e9 suficiente.<\/p>","protected":false},"excerpt":{"rendered":"<ul>\n<li>SKU: CA-GM254<\/li>\n<li>FCC ID: L2C0005T<\/li>\n<li>PN: 1626307499, 12223134, 12223132, 19115765, 19115766, 09378610, 09378620, 12223130-50<\/li>\n<li>Frequ\u00eancia: 315MHz<\/li>\n<li>Bot\u00f5es: Trancar, Destrancar, Porta do Porta-malas, P\u00e2nico<\/li>\n<\/ul>","protected":false},"featured_media":21147,"comment_status":"open","ping_status":"closed","template":"","meta":{"_bst_post_transparent":"default","_bst_post_title":"","_bst_post_layout":"default","_bst_post_sidebar_id":"","_bst_post_content_style":"default","_bst_post_vertical_padding":"default","_bst_post_feature":"","_bst_post_feature_position":"","_bst_post_header":false,"_bst_post_footer":false},"product_brand":[],"product_cat":[15,149,150,373,375],"product_tag":[],"2_year_make_model":[],"class_list":{"0":"post-14961","1":"product","2":"type-product","3":"status-publish","4":"has-post-thumbnail","6":"product_cat-carkeyremote","7":"product_cat-for-cadillac","8":"product_cat-for-chevrolet","9":"product_cat-for-pontiac","10":"product_cat-for-saturn","12":"first","13":"instock","14":"sale","15":"shipping-taxable","16":"purchasable","17":"product-type-simple","18":"entry","19":"content-bg","20":"loop-entry"},"_links":{"self":[{"href":"https:\/\/keylessbest.com\/pt\/wp-json\/wp\/v2\/product\/14961","targetHints":{"allow":["GET"]}}],"collection":[{"href":"https:\/\/keylessbest.com\/pt\/wp-json\/wp\/v2\/product"}],"about":[{"href":"https:\/\/keylessbest.com\/pt\/wp-json\/wp\/v2\/types\/product"}],"replies":[{"embeddable":true,"href":"https:\/\/keylessbest.com\/pt\/wp-json\/wp\/v2\/comments?post=14961"}],"version-history":[{"count":3,"href":"https:\/\/keylessbest.com\/pt\/wp-json\/wp\/v2\/product\/14961\/revisions"}],"predecessor-version":[{"id":21145,"href":"https:\/\/keylessbest.com\/pt\/wp-json\/wp\/v2\/product\/14961\/revisions\/21145"}],"wp:featuredmedia":[{"embeddable":true,"href":"https:\/\/keylessbest.com\/pt\/wp-json\/wp\/v2\/media\/21147"}],"wp:attachment":[{"href":"https:\/\/keylessbest.com\/pt\/wp-json\/wp\/v2\/media?parent=14961"}],"wp:term":[{"taxonomy":"product_brand","embeddable":true,"href":"https:\/\/keylessbest.com\/pt\/wp-json\/wp\/v2\/product_brand?post=14961"},{"taxonomy":"product_cat","embeddable":true,"href":"https:\/\/keylessbest.com\/pt\/wp-json\/wp\/v2\/product_cat?post=14961"},{"taxonomy":"product_tag","embeddable":true,"href":"https:\/\/keylessbest.com\/pt\/wp-json\/wp\/v2\/product_tag?post=14961"},{"taxonomy":"2_year_make_model","embeddable":true,"href":"https:\/\/keylessbest.com\/pt\/wp-json\/wp\/v2\/2_year_make_model?post=14961"}],"curies":[{"name":"wp","href":"https:\/\/api.w.org\/{rel}","templated":true}]}}