{"id":14990,"date":"2025-08-19T08:55:08","date_gmt":"2025-08-19T08:55:08","guid":{"rendered":"https:\/\/hanwuji.shengjit.com\/?post_type=product&#038;p=14990"},"modified":"2026-02-13T01:14:28","modified_gmt":"2026-02-13T01:14:28","slug":"chaveiro-chevrolet-1996-2005-pn-15732805-para-keylessbest","status":"publish","type":"product","link":"https:\/\/keylessbest.com\/pt\/product\/chaveiro-chevrolet-1996-2005-pn-15732805-para-keylessbest\/","title":{"rendered":"Chaveiro Chevrolet 1996-2005 PN: 15732805 para Keylessbest"},"content":{"rendered":"<p>*As informa\u00e7\u00f5es detalhadas deste chaveiro sem chave para Buick Cadillac Chevrolet GMC Oldsmobile Pontiac de 1996 a 2005 s\u00e3o as seguintes. Por favor, confirme se os detalhes abaixo correspondem ao seu ve\u00edculo antes de fazer o pedido: ID FCC, N\u00famero da Pe\u00e7a, Ano Modelo, IC, Frequ\u00eancia, Chip e Bot\u00f5es.<\/p>\n<h6><strong><b>Informa\u00e7\u00f5es do Produto: <\/b><\/strong><\/h6>\n<ul>\n<li>ID FCC: KOBUT1BT<\/li>\n<li>PN: 15732805, 25628814, 25668603, 25678792, 15732805, 25656444, 25656445, 25665574, 25665575<\/li>\n<li>Frequ\u00eancia: 315MHz<\/li>\n<li>Bot\u00f5es: Trancar, Destrancar, P\u00e2nico, 2x Traseiro<\/li>\n<\/ul>\n<h6><strong><b>O modelo de refer\u00eancia:<\/b><\/strong><\/h6>\n<ul>\n<li>Buick Lesabre 2000***<\/li>\n<li>Buick Park Avenue 2000-2005***<\/li>\n<li>Buick Lesabre 1996-1999<\/li>\n<li>Buick Park Avenue 1996-1999<\/li>\n<li>Buick Riviera 1996-1999<\/li>\n<li>Cadillac Eldorado 1998-2000***<\/li>\n<li>Cadillac Seville 1998-2000***<\/li>\n<li>Chevrolet Astro 2000-2001<\/li>\n<li>Chevrolet Blazer 1998-2001 (SUV \u2013 n\u00e3o pickup)<\/li>\n<li>Chevrolet Impala 2000<\/li>\n<li>2000 <a href=\"https:\/\/keylessbest.com\/pt\/product\/2004-2012-buick-chevrolet-pontiac-saturn-allure-lacrosse-malibu-malibu-maxx-cobalt-hhr-g5-g6-grand-prix-solstice-aura-sky-4-buttons-keyless-entry-remote-kobgt04a-pn15252034-22733523\/\" data-wpil-monitor-id=\"716\">Chevrolet Malibu<\/a><\/li>\n<li>2000 <a href=\"https:\/\/keylessbest.com\/pt\/product\/2006-2016-cadillac-chevrolet-buick-monte-carlo-suburban-tahoe-yukon-silveradoescalade-sierra-avalanche-s10-pickup-4-buttons-keyless-entry-remote-ouc60270-pnouc60221-850k60270-850k60221-15912\/\" data-wpil-monitor-id=\"713\">Chevrolet Monte Carlo<\/a><\/li>\n<li>GMC Envoy 1998-2000<\/li>\n<li>GMC Jimmy 1998-2001<\/li>\n<li>GMC Safari 2000-2001<\/li>\n<li>GMC Bravada 1998-2001<\/li>\n<li>Oldsmobile Aurora 2001-2002<\/li>\n<li>Oldsmobile Alero 1999-2000***<\/li>\n<li>Oldsmobile Aurora 1996-1999<\/li>\n<li>Oldsmobile Eighty-Eight 1996-1999<\/li>\n<li>Oldsmobile LSS 1996-1999<\/li>\n<li>Oldsmobile Ninety Eight 1996<\/li>\n<li>Oldsmobile Regency 1997-1999<\/li>\n<li>Pontiac Bonneville 1996-1999<\/li>\n<li>Pontiac Bonneville 2000***<\/li>\n<li>1999-2000 <a href=\"https:\/\/keylessbest.com\/pt\/product\/1996-2005-buick-cadillac-gmc-oldsmobile-pontiac-grand-am-bonneville-regency-lss-ninety-eight-eighty-eight-alero-aurora-bravada-safari-jimmy-envoy-monte-carlo-malibu-seville-impala-blazer-suv-not-pi\/\" data-wpil-monitor-id=\"717\">Pontiac Grand<\/a> Am***<br \/>\n***o programa\u00e7\u00e3o a bordo n\u00e3o est\u00e1 dispon\u00edvel para:<\/li>\n<li>Buick LeSabre 2000<\/li>\n<li>Buick Park Avenue 2000-2005<\/li>\n<li>Cadillac Eldorado 1998-2000<\/li>\n<li>Cadillac Seville 1998-2000<\/li>\n<li>Oldsmobile Alero 1999-2000<\/li>\n<li>Pontiac Bonneville 2000<\/li>\n<li>Pontiac Grand Am 1999<\/li>\n<\/ul>\n<h6><strong><b>Inclus\u00f5es do Pacote:<\/b><\/strong><\/h6>\n<ul>\n<li>Um novo aftermarket <a href=\"https:\/\/keylessbest.com\/pt\/product\/ford-fiesta-2011-2017-remoto-de-entrada-sem-chave-com-3-botoes-kr55wk47899-pn164-r8042-remoto-164-r8043-lamina-164-r8042-164-r8039-5913139-5914117-4d63-80bit__trashed\/\" data-wpil-monitor-id=\"715\">chaveiro remoto sem chave<\/a><\/li>\n<li>Uma chave de inser\u00e7\u00e3o de emerg\u00eancia aftermarket gratuita<\/li>\n<li>Todos os transmissores v\u00eam com uma bateria<\/li>\n<li>Todas as unidades s\u00e3o testadas antes do envio<\/li>\n<li>Garantia e satisfa\u00e7\u00e3o de 2 anos 100%<\/li>\n<\/ul>\n<h6><strong><b>Observa\u00e7\u00e3o:<\/b><\/strong><\/h6>\n<ul>\n<li>Chave inteligente de substitui\u00e7\u00e3o para Buick, Cadillac, Chevrolet, GMC, Oldsmobile, Pontiac do per\u00edodo de 1996 a 2005 \u2013 sem logotipo, com chave de inser\u00e7\u00e3o de emerg\u00eancia n\u00e3o cortada inclu\u00edda.<\/li>\n<li>N\u00f3s n\u00e3o cortamos ou programamos a <a href=\"https:\/\/keylessbest.com\/pt\/loja-de-chaves-de-carro-keylessbestcarkeyfobshop\/\" data-wpil-monitor-id=\"718\">chave remota<\/a>. Al\u00e9m disso, para pre\u00e7os, entre em contato com o chaveiro ou concession\u00e1ria local.<\/li>\n<li>Este transmissor \u00e9 compat\u00edvel com ve\u00edculos que possuem bot\u00e3o de partida\/parada no painel ou igni\u00e7\u00e3o de bot\u00e3o girat\u00f3rio, juntamente com um proxy <a href=\"https:\/\/keylessbest.com\/pt\/product\/nissan-rogue-versa-pathfinder-2007-2013-com-sistema-inteligente-controle-remoto-de-entrada-sem-chave-de-3-botoes-cwtwbu729-cwtwbu735-cwtwbu624-pn-285e3-em30d-285e3-em31d\/\" data-wpil-monitor-id=\"714\">controle de acesso sem chave<\/a> sistema.<\/li>\n<li>O pre\u00e7o \u00e9 para um controle remoto de entrada sem contato de substitui\u00e7\u00e3o completo, incluindo a chave de emerg\u00eancia.<\/li>\n<li>Portanto, recomendamos fortemente que voc\u00ea tenha seu \u00a0<a href=\"https:\/\/keylessbest.com\/pt\/como-programar-chaveiro-rapido-facil-passos-diy-para-qualquer-carro\/\" data-wpil-monitor-id=\"712\">CHAVEIRO programado<\/a> por um chaveiro profissional ou revendedor.<\/li>\n<\/ul>\n<h6><strong><b>Recursos de Programa\u00e7\u00e3o<\/b><\/strong><\/h6>\n<p><a href=\"http:\/\/programyourfob.com\/?list_4\/\" target=\"_blank\" rel=\"noopener\">http:\/\/programyourfob.com\/?list_4\/<\/a><\/p>\n<p><a href=\"http:\/\/programyourfob.com\/?list_5\/\" target=\"_blank\" rel=\"noopener\">http:\/\/programyourfob.com\/?list_5\/<\/a><\/p>\n<p><a href=\"http:\/\/programyourfob.com\/?list_6\/\" target=\"_blank\" rel=\"noopener\">http:\/\/programyourfob.com\/?list_6\/<\/a><\/p>\n<p><a href=\"http:\/\/programyourfob.com\/?list_11\/\" target=\"_blank\" rel=\"noopener\">http:\/\/programyourfob.com\/?list_11\/<\/a><\/p>\n<p><a href=\"http:\/\/programyourfob.com\/?list_27\/\" target=\"_blank\" rel=\"noopener\">http:\/\/programyourfob.com\/?list_27\/<\/a><\/p>\n<p><a href=\"http:\/\/programyourfob.com\/?list_30\/\" target=\"_blank\" rel=\"noopener\">http:\/\/programyourfob.com\/?list_30\/<\/a><\/p>\n<p>Obrigado por nos escolher.<\/p>\n<p>Somos um dos fabricantes mais profissionais de chaves de carro, sistema de entrada sem chave, <a href=\"https:\/\/keylessbest.com\/pt\/product\/2008-2014-acura-honda-tl-tsx-zdx-accord-controle-remoto-de-entrada-sem-chave-com-4-botoes-mlbhlik-1t-pn-2500a-hlik1t-hlik-1t-hlik-1r-rlvhohl06-297-35118-te0-a10-35113-tk4-a00-35113-tk4-a10-35113-tl0-a\/\" data-wpil-monitor-id=\"711\">controle remoto de chave de carro<\/a>, chips transponder, programadores de chaves, capas de chaves de carro, fechaduras de carro, ferramentas de chaveiro e assim por diante. Al\u00e9m disso, nossa empresa possui equipe profissional e linha de produ\u00e7\u00e3o. Al\u00e9m disso, somos especializados na produ\u00e7\u00e3o de v\u00e1rias chaves de carro, capas de chaves de carro e ferramentas de chaveiro. Tamb\u00e9m lidamos com desenvolvimento, fabrica\u00e7\u00e3o e atacado de produtos de seguran\u00e7a e prote\u00e7\u00e3o automotiva.<\/p>\n<p>Pre\u00e7os competitivos e servi\u00e7os dedicados ajudar\u00e3o voc\u00ea a conquistar um bom mercado. Al\u00e9m disso, mais de 10 jovens e en\u00e9rgicos times de vendas oferecem servi\u00e7o r\u00e1pido, profissional e amig\u00e1vel a qualquer momento. Al\u00e9m disso, todos os nossos produtos\u00a0\u00a0s\u00e3o enviados diretamente do armaz\u00e9m na Brasil, Canad\u00e1 e M\u00e9xico. Portanto, as mercadorias que voc\u00ea comprar ser\u00e3o embaladas e enviadas dentro de 48 horas ap\u00f3s a realiza\u00e7\u00e3o do pedido. Mais de 100% de nossos produtos est\u00e3o em estoque, e o invent\u00e1rio \u00e9 suficiente.<\/p>","protected":false},"excerpt":{"rendered":"<ul>\n<li>SKU: CA\uff0dGM257<\/li>\n<li>ID FCC: KOBUT1BT<\/li>\n<li>PN: 15732805, 25628814, 25668603, 25678792, 15732805, 25656444, 25656445, 25665574, 25665575<\/li>\n<li>Frequ\u00eancia: 315MHz<\/li>\n<li>Bot\u00f5es: Trancar, Destrancar, P\u00e2nico, 2x Traseiro<\/li>\n<\/ul>","protected":false},"featured_media":21150,"comment_status":"open","ping_status":"closed","template":"","meta":{"_bst_post_transparent":"default","_bst_post_title":"","_bst_post_layout":"default","_bst_post_sidebar_id":"","_bst_post_content_style":"default","_bst_post_vertical_padding":"default","_bst_post_feature":"","_bst_post_feature_position":"","_bst_post_header":false,"_bst_post_footer":false},"product_brand":[],"product_cat":[15,151,149,150,152,372,373],"product_tag":[],"2_year_make_model":[],"class_list":{"0":"post-14990","1":"product","2":"type-product","3":"status-publish","4":"has-post-thumbnail","6":"product_cat-carkeyremote","7":"product_cat-for-buick","8":"product_cat-for-cadillac","9":"product_cat-for-chevrolet","10":"product_cat-for-gmc","11":"product_cat-for-oldmobile","12":"product_cat-for-pontiac","14":"first","15":"instock","16":"sale","17":"shipping-taxable","18":"purchasable","19":"product-type-simple","20":"entry","21":"content-bg","22":"loop-entry"},"_links":{"self":[{"href":"https:\/\/keylessbest.com\/pt\/wp-json\/wp\/v2\/product\/14990","targetHints":{"allow":["GET"]}}],"collection":[{"href":"https:\/\/keylessbest.com\/pt\/wp-json\/wp\/v2\/product"}],"about":[{"href":"https:\/\/keylessbest.com\/pt\/wp-json\/wp\/v2\/types\/product"}],"replies":[{"embeddable":true,"href":"https:\/\/keylessbest.com\/pt\/wp-json\/wp\/v2\/comments?post=14990"}],"version-history":[{"count":3,"href":"https:\/\/keylessbest.com\/pt\/wp-json\/wp\/v2\/product\/14990\/revisions"}],"predecessor-version":[{"id":19440,"href":"https:\/\/keylessbest.com\/pt\/wp-json\/wp\/v2\/product\/14990\/revisions\/19440"}],"wp:featuredmedia":[{"embeddable":true,"href":"https:\/\/keylessbest.com\/pt\/wp-json\/wp\/v2\/media\/21150"}],"wp:attachment":[{"href":"https:\/\/keylessbest.com\/pt\/wp-json\/wp\/v2\/media?parent=14990"}],"wp:term":[{"taxonomy":"product_brand","embeddable":true,"href":"https:\/\/keylessbest.com\/pt\/wp-json\/wp\/v2\/product_brand?post=14990"},{"taxonomy":"product_cat","embeddable":true,"href":"https:\/\/keylessbest.com\/pt\/wp-json\/wp\/v2\/product_cat?post=14990"},{"taxonomy":"product_tag","embeddable":true,"href":"https:\/\/keylessbest.com\/pt\/wp-json\/wp\/v2\/product_tag?post=14990"},{"taxonomy":"2_year_make_model","embeddable":true,"href":"https:\/\/keylessbest.com\/pt\/wp-json\/wp\/v2\/2_year_make_model?post=14990"}],"curies":[{"name":"wp","href":"https:\/\/api.w.org\/{rel}","templated":true}]}}