{"id":15173,"date":"2025-08-19T08:58:33","date_gmt":"2025-08-19T08:58:33","guid":{"rendered":"https:\/\/hanwuji.shengjit.com\/?post_type=product&#038;p=15173"},"modified":"2026-02-13T01:43:28","modified_gmt":"2026-02-13T01:43:28","slug":"chaveiro-ford-2000-2020-cwtwb1u331-para-keylessbest","status":"publish","type":"product","link":"https:\/\/keylessbest.com\/pt\/product\/chaveiro-ford-2000-2020-cwtwb1u331-para-keylessbest\/","title":{"rendered":"Chaveiro Ford 2000-2020 CWTWB1U331 para sem chaveiro"},"content":{"rendered":"<p>*As informa\u00e7\u00f5es detalhadas deste chaveiro remoto sem chave Ford Lincoln Mercury Mazda de 2000 a 2015 s\u00e3o as seguintes. Por favor, confirme se os detalhes abaixo correspondem ao seu ve\u00edculo antes de fazer o pedido: ID FCC, N\u00famero da Pe\u00e7a, Ano do Modelo, IC, Frequ\u00eancia, Chip e Bot\u00f5es.<\/p>\n<h6><strong><b>Informa\u00e7\u00f5es do Produto: <\/b><\/strong><\/h6>\n<ul>\n<li>ID FCC: CWTWB1U331, CWTWBIU331, CWTWB1U322, CWTWBIU322, CWTWB1U345, CWTWBIU345, GQ43VT11T<\/li>\n<li>PN: 5912512, 164-R8073, 5913441, 5925871<\/li>\n<li>Frequ\u00eancia: 315MHz<\/li>\n<li>Chip: 4D63 80Bits<\/li>\n<li>Bot\u00f5es: Trancar, Destrancar, P\u00e2nico, Porta-malas<\/li>\n<\/ul>\n<h6><strong><b>O modelo de refer\u00eancia:<\/b><\/strong><\/h6>\n<ul>\n<li>Ford Crown Victoria 2003 \u2013 2012<\/li>\n<li>Ford Econoline 2008 \u2013 2020<\/li>\n<li>Ford Edge 2007 \u2013 2015<\/li>\n<li><a href=\"https:\/\/keylessbest.com\/pt\/product\/2009-2014-toyota-avalon-camry-corolla-remoto-de-entrada-sem-chave-de-3-botoes-hyq14aem-pn-89904-0r060-89904-60770-89904-0r090-89904-42140__trashed\/\" data-wpil-monitor-id=\"689\">2005 &#8211; 2012<\/a> Ford Escape<\/li>\n<li>Ford Expedition 2011 \u2013 2015<\/li>\n<li>Ford Explorer 2011 \u2013 2015<\/li>\n<li>Ford Explorer Sport 2011 \u2013 2015<\/li>\n<li>Ford F-Series 2004 \u2013 2014<\/li>\n<li>Ford Flex 2009 \u2013 2015<\/li>\n<li>Ford Five Hundred 2005 \u2013 2007<\/li>\n<li>Ford Focus 2006 \u2013 2012<\/li>\n<li>Ford Freestar 2004 \u2013 2007<\/li>\n<li>Ford Freestyle 2005 \u2013 2009<\/li>\n<li>Ford Fusion 2006 \u2013 2012<\/li>\n<li>2005 &#8211; 2014 <a href=\"https:\/\/keylessbest.com\/pt\/product\/2023-2024-ford-mustang-5-buttons-keyless-entry-remote-m3n-a3c108397-pn-164-r8355-pr3t-15k601-b__trashed\/\" data-wpil-monitor-id=\"695\">Ford Mustang<\/a><\/li>\n<li>Ford Ranger 2001 \u2013 2012<\/li>\n<li>Ford Taurus 2000 \u2013 2013<\/li>\n<li>Ford Taurus X 2008 \u2013 2009<\/li>\n<li>Ford Thunderbird 2003 \u2013 2005<\/li>\n<li><a href=\"https:\/\/keylessbest.com\/pt\/product\/acura-cl-tl-rl-de-1999-a-2004-controle-remoto-de-entrada-sem-chave-de-4-botoes-e4eg8d-444h-a-substitui-pn-72147-s0k-a23-72147-s0k-a13__trashed\/\" data-wpil-monitor-id=\"690\">2001 &#8211; 2003<\/a> Ford Windstar<\/li>\n<li>2003 \u2013 2005 Lincoln Aviator<\/li>\n<li>2003 \u2013 2006 Lincoln LS<\/li>\n<li>2005 \u2013 2014 Lincoln Mark LT<\/li>\n<li>2010 \u2013 2012 Lincoln MKT<\/li>\n<li>2011 \u2013 2012 Lincoln MKX<\/li>\n<li>2011 \u2013 2013 Lincoln MKZ<\/li>\n<li>2003 \u2013 2015 Lincoln Navigator<\/li>\n<li>2003 \u2013 2012 Lincoln Town Car<\/li>\n<li>2003 \u2013 2011 Mercury Grand Marquis<\/li>\n<li>2003 \u2013 2005 Mercury Marauder<\/li>\n<li>2005 \u2013 2011 Mercury Mariner<\/li>\n<li>2006 \u2013 2011 Mercury Milan<\/li>\n<li>2005 \u2013 2007 Mercury Montego<\/li>\n<li>2004 \u2013 2005 Mercury Monterey<\/li>\n<li>2000 \u2013 2010 Mercury Mountaineer<\/li>\n<li>2000 \u2013 2009 Mercury Sable<\/li>\n<li>2001 \u2013 2010 Mazda B-Series<\/li>\n<\/ul>\n<h6><strong><b>Inclus\u00f5es do Pacote:<\/b><\/strong><\/h6>\n<ul>\n<li>Um novo aftermarket <a href=\"https:\/\/keylessbest.com\/pt\/product\/ford-fiesta-2011-2017-remoto-de-entrada-sem-chave-com-3-botoes-kr55wk47899-pn164-r8042-remoto-164-r8043-lamina-164-r8042-164-r8039-5913139-5914117-4d63-80bit__trashed\/\" data-wpil-monitor-id=\"693\">chaveiro remoto sem chave<\/a><\/li>\n<li>Uma chave de inser\u00e7\u00e3o de emerg\u00eancia aftermarket gratuita<\/li>\n<li>Todos os transmissores v\u00eam com uma bateria<\/li>\n<li>Todas as unidades s\u00e3o testadas antes do envio<\/li>\n<li>Garantia e satisfa\u00e7\u00e3o de 2 anos 100%<\/li>\n<\/ul>\n<h6><strong><b>Observa\u00e7\u00e3o:<\/b><\/strong><\/h6>\n<ul>\n<li>A substitui\u00e7\u00e3o da chave inteligente Ford Lincoln Mercury Mazda de 2000 a 2015 \u2013 sem logotipo, com uma chave de inser\u00e7\u00e3o de emerg\u00eancia n\u00e3o cortada inclu\u00edda.<\/li>\n<li>N\u00f3s n\u00e3o cortamos nem programamos a chave remota. Al\u00e9m disso, para pre\u00e7os, por favor, entre em contato com o chaveiro local ou concession\u00e1ria.<\/li>\n<li>Este transmissor \u00e9 compat\u00edvel com ve\u00edculos que possuem bot\u00e3o de partida\/parada no painel ou igni\u00e7\u00e3o de bot\u00e3o girat\u00f3rio, junto com um proxy <a href=\"https:\/\/keylessbest.com\/pt\/product\/2016-2022-chevrolet-volt-cruze-new-model-traverse-camaro-malibu-cruze-xl8-systems-only-blazer-sonic-4-buttons-keyless-entry-remote-hyq4ea-pn-1350877113584504-13529660-46\/\" data-wpil-monitor-id=\"694\">controle de acesso sem chave<\/a> sistema.<\/li>\n<li>O pre\u00e7o \u00e9 para uma \u00fanica <a href=\"https:\/\/keylessbest.com\/pt\/product\/2015-2021-jeep-renegade-5-buttons-keyless-entry-remote-m3n-40821302-replaces-pn-6mp33dx9aa-id-47-4a__trashed\/\" data-wpil-monitor-id=\"691\">chave de entrada sem chave de reposi\u00e7\u00e3o<\/a>, chave de emerg\u00eancia inclu\u00edda.<\/li>\n<li>Portanto, recomendamos fortemente que voc\u00ea tenha seu \u00a0<a href=\"https:\/\/keylessbest.com\/pt\/como-programar-chaveiro-rapido-facil-passos-diy-para-qualquer-carro\/\" data-wpil-monitor-id=\"692\">CHAVEIRO programado<\/a> por um chaveiro profissional ou revendedor.<\/li>\n<\/ul>\n<h6><strong><b>Recursos de Programa\u00e7\u00e3o<\/b><\/strong><\/h6>\n<p><a href=\"http:\/\/programyourfob.com\/?list_9\/\" target=\"_blank\" rel=\"noopener\">http:\/\/programyourfob.com\/?list_9\/<\/a><\/p>\n<p><a href=\"http:\/\/programyourfob.com\/?list_22\/\" target=\"_blank\" rel=\"noopener\">http:\/\/programyourfob.com\/?list_22\/<\/a><\/p>\n<p><a href=\"http:\/\/programyourfob.com\/?list_24\/\" target=\"_blank\" rel=\"noopener\">http:\/\/programyourfob.com\/?list_24\/<\/a><\/p>\n<p><a href=\"http:\/\/programyourfob.com\/?list_23\/\" target=\"_blank\" rel=\"noopener\">http:\/\/programyourfob.com\/?list_23\/<\/a><\/p>\n<p>Obrigado por nos escolher.<\/p>\n<p>Somos um dos fabricantes mais profissionais de chaves de carro, sistema de entrada sem chave, <a href=\"https:\/\/keylessbest.com\/pt\/product\/bmw-serie-1-e81-3-serie-e46-5-serie-e39-e60-e61-da-serie-6-e63-e64-da-serie-7-e38-x3-e83-x5-e53-z3-e36-7-e36-8-z4-e85-e86-controle-remoto-de-entrada-sem-chave-de-3-botoes-lx8fzv-pn-8382328-pcf7\/\" data-wpil-monitor-id=\"688\">controle remoto de chave de carro<\/a>, chips transponders, programadores de chaves, carca\u00e7as de chaves de carro, fechaduras de carro, ferramentas de chaveiro e assim por diante. Al\u00e9m disso, nossa empresa possui equipe profissional e linha de produ\u00e7\u00e3o. Al\u00e9m disso, somos especializados na produ\u00e7\u00e3o de v\u00e1rias chaves de carro, carca\u00e7as de chaves de carro e ferramentas de chaveiro. Tamb\u00e9m lidamos com desenvolvimento, fabrica\u00e7\u00e3o e atacado de produtos de seguran\u00e7a e prote\u00e7\u00e3o automotiva.<\/p>\n<p>Pre\u00e7os competitivos e servi\u00e7os dedicados ajudar\u00e3o voc\u00ea a conquistar um bom mercado. Al\u00e9m disso, mais de 10 jovens e en\u00e9rgicos times de vendas oferecem servi\u00e7o r\u00e1pido, profissional e amig\u00e1vel a qualquer momento. Al\u00e9m disso, todos os nossos produtos\u00a0\u00a0s\u00e3o enviados diretamente do armaz\u00e9m na Brasil, Canad\u00e1 e M\u00e9xico. Portanto, as mercadorias que voc\u00ea comprar ser\u00e3o embaladas e enviadas dentro de 48 horas ap\u00f3s a realiza\u00e7\u00e3o do pedido. Mais de 100% de nossos produtos est\u00e3o em estoque, e o invent\u00e1rio \u00e9 suficiente.<\/p>","protected":false},"excerpt":{"rendered":"<ul>\n<li>SKU: CA-FD281<\/li>\n<li>ID FCC: CWTWB1U331, CWTWBIU331, CWTWB1U322, CWTWBIU322, CWTWB1U345, CWTWBIU345, GQ43VT11T<\/li>\n<li>PN: 5912512, 164-R8073, 5913441, 5925871<\/li>\n<li>Frequ\u00eancia: 315MHz<\/li>\n<li>Chip: 4D63 80Bits<\/li>\n<li>Bot\u00f5es: Trancar, Destrancar, P\u00e2nico, Porta-malas<\/li>\n<\/ul>","protected":false},"featured_media":21166,"comment_status":"open","ping_status":"closed","template":"","meta":{"_bst_post_transparent":"default","_bst_post_title":"","_bst_post_layout":"default","_bst_post_sidebar_id":"","_bst_post_content_style":"default","_bst_post_vertical_padding":"default","_bst_post_feature":"","_bst_post_feature_position":"","_bst_post_header":false,"_bst_post_footer":false},"product_brand":[],"product_cat":[15,156,379,159,380],"product_tag":[],"2_year_make_model":[],"class_list":{"0":"post-15173","1":"product","2":"type-product","3":"status-publish","4":"has-post-thumbnail","6":"product_cat-carkeyremote","7":"product_cat-for-ford","8":"product_cat-for-lincoln","9":"product_cat-for-mazda","10":"product_cat-for-mercury","12":"first","13":"instock","14":"sale","15":"shipping-taxable","16":"purchasable","17":"product-type-simple","18":"entry","19":"content-bg","20":"loop-entry"},"_links":{"self":[{"href":"https:\/\/keylessbest.com\/pt\/wp-json\/wp\/v2\/product\/15173","targetHints":{"allow":["GET"]}}],"collection":[{"href":"https:\/\/keylessbest.com\/pt\/wp-json\/wp\/v2\/product"}],"about":[{"href":"https:\/\/keylessbest.com\/pt\/wp-json\/wp\/v2\/types\/product"}],"replies":[{"embeddable":true,"href":"https:\/\/keylessbest.com\/pt\/wp-json\/wp\/v2\/comments?post=15173"}],"version-history":[{"count":4,"href":"https:\/\/keylessbest.com\/pt\/wp-json\/wp\/v2\/product\/15173\/revisions"}],"predecessor-version":[{"id":21165,"href":"https:\/\/keylessbest.com\/pt\/wp-json\/wp\/v2\/product\/15173\/revisions\/21165"}],"wp:featuredmedia":[{"embeddable":true,"href":"https:\/\/keylessbest.com\/pt\/wp-json\/wp\/v2\/media\/21166"}],"wp:attachment":[{"href":"https:\/\/keylessbest.com\/pt\/wp-json\/wp\/v2\/media?parent=15173"}],"wp:term":[{"taxonomy":"product_brand","embeddable":true,"href":"https:\/\/keylessbest.com\/pt\/wp-json\/wp\/v2\/product_brand?post=15173"},{"taxonomy":"product_cat","embeddable":true,"href":"https:\/\/keylessbest.com\/pt\/wp-json\/wp\/v2\/product_cat?post=15173"},{"taxonomy":"product_tag","embeddable":true,"href":"https:\/\/keylessbest.com\/pt\/wp-json\/wp\/v2\/product_tag?post=15173"},{"taxonomy":"2_year_make_model","embeddable":true,"href":"https:\/\/keylessbest.com\/pt\/wp-json\/wp\/v2\/2_year_make_model?post=15173"}],"curies":[{"name":"wp","href":"https:\/\/api.w.org\/{rel}","templated":true}]}}