{"id":15194,"date":"2025-08-19T08:59:00","date_gmt":"2025-08-19T08:59:00","guid":{"rendered":"https:\/\/hanwuji.shengjit.com\/?post_type=product&#038;p=15194"},"modified":"2026-02-26T01:26:21","modified_gmt":"2026-02-26T01:26:21","slug":"chaveiro-chevrolet-pn-13529636-de-2018-2020-para-keylessbest","status":"publish","type":"product","link":"https:\/\/keylessbest.com\/pt\/product\/chaveiro-chevrolet-pn-13529636-de-2018-2020-para-keylessbest\/","title":{"rendered":"Chaveiro Chevrolet PN: 13529636 de 2018-2020 para Keylessbest"},"content":{"rendered":"<p>*As informa\u00e7\u00f5es detalhadas desta chave de controle remoto sem chave Honda de 2018-2020 s\u00e3o as seguintes. Por favor, confirme se os detalhes abaixo correspondem ao seu ve\u00edculo antes de fazer o pedido: FCC ID, N\u00famero da Pe\u00e7a, Ano do Modelo, IC, Frequ\u00eancia, Chip e Bot\u00f5es.<\/p>\n<h6><strong><b>Informa\u00e7\u00f5es do Produto:<\/b><\/strong><\/h6>\n<ul>\n<li>ID FCC:HYQ4EA<\/li>\n<li>PN: 13529636, 13519188, 13584514<\/li>\n<li>IC: 1551A-4EA<\/li>\n<li>Frequ\u00eancia: 433MHz<\/li>\n<li>Chip: 46<\/li>\n<li>Bot\u00f5es: Trancar, Destrancar, P\u00e2nico, Capuz, Partida Remota<\/li>\n<\/ul>\n<h6><strong><b>O modelo de refer\u00eancia:<\/b><\/strong><\/h6>\n<ul>\n<li>Chevrolet Blazer 2019 \u2013 2020<\/li>\n<li>Chevrolet Equinox 2018 \u2013 2020<\/li>\n<li>Chevrolet Traverse 2018 \u2013 2020<\/li>\n<li>Chevrolet Trailblazer 2020<\/li>\n<\/ul>\n<h6><strong><b>Inclus\u00f5es do Pacote:<\/b><\/strong><\/h6>\n<ul>\n<li>Um novo aftermarket <a href=\"https:\/\/keylessbest.com\/pt\/product\/ford-fiesta-2011-2017-remoto-de-entrada-sem-chave-com-3-botoes-kr55wk47899-pn164-r8042-remoto-164-r8043-lamina-164-r8042-164-r8039-5913139-5914117-4d63-80bit__trashed\/\" data-wpil-monitor-id=\"603\">chaveiro remoto sem chave<\/a><\/li>\n<li>Uma chave de inser\u00e7\u00e3o de emerg\u00eancia aftermarket gratuita<\/li>\n<li>Todos os transmissores v\u00eam com uma bateria<\/li>\n<li>Todas as unidades s\u00e3o testadas antes do envio<\/li>\n<li>Garantia e satisfa\u00e7\u00e3o de 2 anos 100%<\/li>\n<\/ul>\n<h6><strong><b>Observa\u00e7\u00e3o:<\/b><\/strong><\/h6>\n<ul>\n<li>O Chevrolet inteligente de 2018-2020 <a href=\"https:\/\/keylessbest.com\/pt\/product\/2015-2020-cadillac-ats-ats-v-ct6-ct6-plug-in-cts-cts-v-xts-5-buttons-keyless-entry-remote-hyq2eb-pn-13598512-13594029s-13510243-46__trashed\/\" data-wpil-monitor-id=\"599\">chaveiro de entrada sem chave<\/a> substitui\u00e7\u00e3o \u2013 sem logotipo, com uma chave de emerg\u00eancia n\u00e3o cortada inclu\u00edda.<\/li>\n<li>N\u00f3s n\u00e3o cortamos ou programamos a <a href=\"https:\/\/keylessbest.com\/pt\/loja-de-chaves-de-carro-keylessbestcarkeyfobshop\/\" data-wpil-monitor-id=\"604\">chave remota<\/a>. Al\u00e9m disso, para pre\u00e7os, entre em contato com o chaveiro ou concession\u00e1ria local.<\/li>\n<li>Este transmissor \u00e9 compat\u00edvel com ve\u00edculos que possuem bot\u00e3o de partida\/parada no painel ou igni\u00e7\u00e3o com bot\u00e3o girat\u00f3rio, juntamente com um sistema de entrada sem chave proxy <a href=\"https:\/\/keylessbest.com\/pt\/product\/nissan-rogue-versa-pathfinder-2007-2013-com-sistema-inteligente-controle-remoto-de-entrada-sem-chave-de-3-botoes-cwtwbu729-cwtwbu735-cwtwbu624-pn-285e3-em30d-285e3-em31d\/\" data-wpil-monitor-id=\"602\">sistema de entrada sem chave<\/a>.<\/li>\n<li>O pre\u00e7o \u00e9 para uma \u00fanica <a href=\"https:\/\/keylessbest.com\/pt\/product\/2015-2021-jeep-renegade-5-buttons-keyless-entry-remote-m3n-40821302-replaces-pn-6mp33dx9aa-id-47-4a__trashed\/\" data-wpil-monitor-id=\"600\">chave de entrada sem chave de reposi\u00e7\u00e3o<\/a>, chave de emerg\u00eancia inclu\u00edda.<\/li>\n<li>Portanto, recomendamos fortemente que voc\u00ea tenha seu <a href=\"https:\/\/keylessbest.com\/pt\/como-programar-chaveiro-rapido-facil-passos-diy-para-qualquer-carro\/\" data-wpil-monitor-id=\"601\">CHAVEIRO programado<\/a> por um chaveiro profissional ou revendedor.<\/li>\n<\/ul>\n<h6><strong>Recursos de Programa\u00e7\u00e3o:<\/strong><\/h6>\n<p><a href=\"http:\/\/programyourfob.com\/?list_6\/\" target=\"_blank\" rel=\"noopener\">http:\/\/programyourfob.com\/?list_6\/<\/a><\/p>\n<p>Obrigado por nos escolher.<\/p>\n<p>Somos um dos fabricantes mais profissionais de chaves de carro, sistema de entrada sem chave, <a href=\"https:\/\/keylessbest.com\/pt\/product\/2011-2021-dodge-chrysler-fiat-charger-dart-challenger-300-200-500x-journey-durango-charger-challenger-srt-hellcat-4-buttons-keyless-entry-remote-m3n-40821302-m3n40821302-pn-68066350ad-6806\/\" data-wpil-monitor-id=\"598\">controle remoto de chave de carro<\/a>, chips transponder, programadores de chaves, carca\u00e7as de chaves de carro, fechaduras de carro, ferramentas de chaveiro e assim por diante. Al\u00e9m disso, nossa empresa possui equipe profissional e linha de produ\u00e7\u00e3o. Ademais, somos especializados na produ\u00e7\u00e3o de v\u00e1rias chaves de carro, carca\u00e7as de chaves de carro e ferramentas de chaveiro. Tamb\u00e9m lidamos com desenvolvimento, fabrica\u00e7\u00e3o e atacado de produtos de seguran\u00e7a e prote\u00e7\u00e3o automotiva.<\/p>\n<p>Pre\u00e7os competitivos e servi\u00e7os dedicados ajudar\u00e3o voc\u00ea a conquistar um bom mercado. Al\u00e9m disso, mais de 10 jovens e en\u00e9rgicos times de vendas oferecem servi\u00e7o r\u00e1pido, profissional e amig\u00e1vel a qualquer momento. Al\u00e9m disso, todos os nossos produtos\u00a0\u00a0s\u00e3o enviados diretamente do armaz\u00e9m na Brasil, Canad\u00e1 e M\u00e9xico. Portanto, as mercadorias que voc\u00ea comprar ser\u00e3o embaladas e enviadas dentro de 48 horas ap\u00f3s a realiza\u00e7\u00e3o do pedido. Mais de 100% de nossos produtos est\u00e3o em estoque, e o invent\u00e1rio \u00e9 suficiente.<\/p>","protected":false},"excerpt":{"rendered":"<ul>\n<li>SKU: CA-GM444<\/li>\n<li>ID FCC:HYQ4EA<\/li>\n<li>PN: 13529636, 13519188, 13584514<\/li>\n<li>IC: 1551A-4EA<\/li>\n<li>Frequ\u00eancia: 433MHz<\/li>\n<li>Chip: 46<\/li>\n<li>Bot\u00f5es: Trancar, Destrancar, P\u00e2nico, Capuz, Partida Remota<\/li>\n<\/ul>","protected":false},"featured_media":21637,"comment_status":"open","ping_status":"closed","template":"","meta":{"_bst_post_transparent":"default","_bst_post_title":"","_bst_post_layout":"default","_bst_post_sidebar_id":"","_bst_post_content_style":"default","_bst_post_vertical_padding":"default","_bst_post_feature":"","_bst_post_feature_position":"","_bst_post_header":false,"_bst_post_footer":false},"product_brand":[],"product_cat":[15,150],"product_tag":[],"2_year_make_model":[],"class_list":{"0":"post-15194","1":"product","2":"type-product","3":"status-publish","4":"has-post-thumbnail","6":"product_cat-carkeyremote","7":"product_cat-for-chevrolet","9":"first","10":"instock","11":"sale","12":"shipping-taxable","13":"purchasable","14":"product-type-simple","15":"entry","16":"content-bg","17":"loop-entry"},"_links":{"self":[{"href":"https:\/\/keylessbest.com\/pt\/wp-json\/wp\/v2\/product\/15194","targetHints":{"allow":["GET"]}}],"collection":[{"href":"https:\/\/keylessbest.com\/pt\/wp-json\/wp\/v2\/product"}],"about":[{"href":"https:\/\/keylessbest.com\/pt\/wp-json\/wp\/v2\/types\/product"}],"replies":[{"embeddable":true,"href":"https:\/\/keylessbest.com\/pt\/wp-json\/wp\/v2\/comments?post=15194"}],"version-history":[{"count":2,"href":"https:\/\/keylessbest.com\/pt\/wp-json\/wp\/v2\/product\/15194\/revisions"}],"predecessor-version":[{"id":19433,"href":"https:\/\/keylessbest.com\/pt\/wp-json\/wp\/v2\/product\/15194\/revisions\/19433"}],"wp:featuredmedia":[{"embeddable":true,"href":"https:\/\/keylessbest.com\/pt\/wp-json\/wp\/v2\/media\/21637"}],"wp:attachment":[{"href":"https:\/\/keylessbest.com\/pt\/wp-json\/wp\/v2\/media?parent=15194"}],"wp:term":[{"taxonomy":"product_brand","embeddable":true,"href":"https:\/\/keylessbest.com\/pt\/wp-json\/wp\/v2\/product_brand?post=15194"},{"taxonomy":"product_cat","embeddable":true,"href":"https:\/\/keylessbest.com\/pt\/wp-json\/wp\/v2\/product_cat?post=15194"},{"taxonomy":"product_tag","embeddable":true,"href":"https:\/\/keylessbest.com\/pt\/wp-json\/wp\/v2\/product_tag?post=15194"},{"taxonomy":"2_year_make_model","embeddable":true,"href":"https:\/\/keylessbest.com\/pt\/wp-json\/wp\/v2\/2_year_make_model?post=15194"}],"curies":[{"name":"wp","href":"https:\/\/api.w.org\/{rel}","templated":true}]}}