{"id":16161,"date":"2025-08-19T09:14:26","date_gmt":"2025-08-19T09:14:26","guid":{"rendered":"https:\/\/hanwuji.shengjit.com\/?post_type=product&#038;p=16161"},"modified":"2026-02-25T07:39:55","modified_gmt":"2026-02-25T07:39:55","slug":"chaveiro-ford-2013-2020-7812a-5wy8609-para-keylessbest","status":"publish","type":"product","link":"https:\/\/keylessbest.com\/pt\/product\/chaveiro-ford-2013-2020-7812a-5wy8609-para-keylessbest\/","title":{"rendered":"Chaveiro Ford 2013-2020 7812A-5WY8609 para keylessbest"},"content":{"rendered":"<p>*As informa\u00e7\u00f5es detalhadas deste chaveiro remoto sem chave de 2013-2020 Lincoln Ford s\u00e3o as seguintes. Por favor, confirme se os detalhes abaixo correspondem ao seu ve\u00edculo antes de fazer o pedido: ID FCC, N\u00famero da Pe\u00e7a, <span style=\"font-size: 16px; font-style: normal; font-weight: 400;\">\u00a0<\/span><span style=\"font-size: 16px; font-style: normal; font-weight: 400;\">Ano Modelo,<\/span><span style=\"font-size: 16px; font-style: normal; font-weight: 400;\">IC,<\/span><span style=\"font-size: 16px; font-style: normal; font-weight: 400;\">\u00a0<\/span><span style=\"font-size: 16px;\">Frequ\u00eancia, Chip e Bot\u00f5es.<\/span><\/p>\n<h6><strong><b>Informa\u00e7\u00f5es do Produto:<\/b><\/strong><\/h6>\n<ul>\n<li style=\"font-size: 16px;\">ID FCC: M3N5WY8609<\/li>\n<li style=\"font-size: 16px;\">PN: 164-R7995, CJ5T-15K601-DX, 5923790<\/li>\n<li style=\"font-size: 16px;\">IC: 7812A-5WY8609<\/li>\n<li>Frequ\u00eancia: 315MHz<\/li>\n<li>Chip: 83<\/li>\n<li>Chave de Teste: HU101<\/li>\n<li style=\"font-size: 16px;\">Bot\u00f5es: Trancar, Destrancar, P\u00e2nico, Porta-malas, Partida Remota<\/li>\n<\/ul>\n<h6><strong><b>O modelo de refer\u00eancia<\/b><\/strong><strong><b>\uff1a<\/b><\/strong><\/h6>\n<ul>\n<li>Ford Escape Titanium 2013 \u2013 2016<\/li>\n<li>Ford Escape 2017 \u2013 2020<\/li>\n<li>Ford Focus SE e Titanium 2013 \u2013 2016<\/li>\n<li>2017 <a href=\"https:\/\/keylessbest.com\/pt\/product\/2015-2019-ford-focus-3-buttons-keyless-entry-remote-kr5876268-pn-164-r8147-49\/\"  data-wpil-monitor-id=\"356\">Ford Focus<\/a><\/li>\n<li>2013 &#8211; 2017 <a href=\"https:\/\/keylessbest.com\/pt\/product\/2011-2019-ford-c-max-escape-focus-fiesta-transit-transit-connect-expedition-explorer-flex-taurus-4-buttons-keyless-entry-remote-cwtwb1u793-pn-5922964-164-r8046-164-r7976-4d63-80bit\/\"  data-wpil-monitor-id=\"357\">Ford C-max<\/a> ENERGI (Ve\u00edculo El\u00e9trico)<\/li>\n<li>Ford Focus BEV 2015 \u2013 2017<\/li>\n<li>Ford Maverick 2020 NOTA: Isto n\u00e3o \u00e9 compat\u00edvel com prox\u2019s que usam a l\u00e2mina de emerg\u00eancia padr\u00e3o H75. Certifique-se de que a chave original que voc\u00ea est\u00e1 substituindo possui uma Chave de Emerg\u00eancia de Alta Seguran\u00e7a PN: 164-R8022 (veja a foto do produto). Se a chave original veio com uma Chave de Emerg\u00eancia Padr\u00e3o H75 PN: 164-R8041, ent\u00e3o esta chave n\u00e3o funcionar\u00e1. RSK-FD-HSGLS Substituto Novo no Mercado de Pe\u00e7as de Reposi\u00e7\u00e3o:\n<p>ID FCC: M3N5WY8609<\/p>\n<p>Chip: Chip Integrado na Placa \/ Mesma Funcionalidade<\/p>\n<p>Frequ\u00eancia: 315 MHz<\/p>\n<p>Bateria: CR2032<\/p>\n<p>Bot\u00f5es: Trancar, Destrancar, P\u00e2nico, Porta-malas, Partida Remota<\/p>\n<p>Chave de Emerg\u00eancia Inclu\u00edda: EKB-FD-HS-01 \u2013 * Alta Seguran\u00e7a<\/p>\n<p>Chave de Teste: HU101<\/p>\n<p>Substitui PN: 164-R7995, CJ5T-15K601-DX, 5923790<\/p>\n<p>Compat\u00edvel com o seguinte:<\/p>\n<p>Ford Escape Titanium 2013 \u2013 2016<\/p>\n<p>Ford Escape 2017 \u2013 2020<\/p>\n<p>Ford Focus SE e Titanium 2013 \u2013 2016<\/p>\n<p>Ford Focus 2017<\/p>\n<p>Ford C-max ENERGI 2013 \u2013 2017 (Ve\u00edculo El\u00e9trico)<\/p>\n<p>Ford Focus BEV 2015 \u2013 2017<\/p>\n<p>Ford Maverick 2020<\/p>\n<p>NOTA: Isto n\u00e3o \u00e9 compat\u00edvel com prox\u2019s que usam a l\u00e2mina de emerg\u00eancia padr\u00e3o H75.<\/p>\n<p>Certifique-se de que a chave original que voc\u00ea est\u00e1 substituindo possui uma Chave de Emerg\u00eancia de Alta Seguran\u00e7a PN: 164-R8022 (veja a foto do produto).<\/p>\n<p>Se a chave original veio com uma Chave de Emerg\u00eancia Padr\u00e3o H75 PN: 164-R8041, ent\u00e3o esta chave n\u00e3o funcionar\u00e1.<\/li>\n<\/ul>\n<h6><strong><b>Inclus\u00f5es do Pacote:<\/b><\/strong><\/h6>\n<ul>\n<li>Um novo aftermarket <a href=\"https:\/\/keylessbest.com\/pt\/product\/ford-fiesta-2011-2017-remoto-de-entrada-sem-chave-com-3-botoes-kr55wk47899-pn164-r8042-remoto-164-r8043-lamina-164-r8042-164-r8039-5913139-5914117-4d63-80bit__trashed\/\"  data-wpil-monitor-id=\"355\">chaveiro remoto sem chave<\/a><\/li>\n<li>Uma chave de inser\u00e7\u00e3o de emerg\u00eancia aftermarket gratuita<\/li>\n<li>Todos os transmissores v\u00eam com uma bateria<\/li>\n<li>Todas as unidades s\u00e3o testadas antes do envio<\/li>\n<li>Garantia e satisfa\u00e7\u00e3o de 2 anos 100%<\/li>\n<\/ul>\n<h6><strong><b>Observa\u00e7\u00e3o:<\/b><\/strong><\/h6>\n<ul>\n<li>O smart Ford de 2013 a 2020 <a href=\"https:\/\/keylessbest.com\/pt\/product\/2009-2014-toyota-avalon-camry-corolla-remoto-de-entrada-sem-chave-de-3-botoes-hyq14aem-pn-89904-0r060-89904-60770-89904-0r090-89904-42140__trashed\/\" data-wpil-monitor-id=\"351\">chaveiro de entrada sem chave<\/a> substitui\u00e7\u00e3o \u2013 sem logotipo, com uma chave de emerg\u00eancia n\u00e3o cortada inclu\u00edda.<\/li>\n<li>N\u00f3s n\u00e3o cortamos nem programamos a chave remota. Al\u00e9m disso, para pre\u00e7os, por favor, entre em contato com o chaveiro local ou concession\u00e1ria.<\/li>\n<li>Este transmissor \u00e9 compat\u00edvel com ve\u00edculos que possuem bot\u00e3o de partida\/parada no painel ou igni\u00e7\u00e3o com bot\u00e3o girat\u00f3rio, juntamente com um sistema de entrada sem chave proxy <a href=\"https:\/\/keylessbest.com\/pt\/product\/2016-2022-chevrolet-volt-cruze-new-model-traverse-camaro-malibu-cruze-xl8-systems-only-blazer-sonic-4-buttons-keyless-entry-remote-hyq4ea-pn-1350877113584504-13529660-46\/\" data-wpil-monitor-id=\"354\">sistema de entrada sem chave<\/a>.<\/li>\n<li>O pre\u00e7o \u00e9 para uma \u00fanica <a href=\"https:\/\/keylessbest.com\/pt\/product\/2015-2021-jeep-renegade-5-buttons-keyless-entry-remote-m3n-40821302-replaces-pn-6mp33dx9aa-id-47-4a__trashed\/\" data-wpil-monitor-id=\"352\">chave de entrada sem chave de reposi\u00e7\u00e3o<\/a>, chave de emerg\u00eancia inclu\u00edda.<\/li>\n<li>Portanto, recomendamos fortemente que voc\u00ea tenha seu <a href=\"https:\/\/keylessbest.com\/pt\/como-programar-chaveiro-rapido-facil-passos-diy-para-qualquer-carro\/\" data-wpil-monitor-id=\"353\">CHAVEIRO programado<\/a> por um chaveiro profissional ou revendedor.<\/li>\n<\/ul>\n<h6><strong>Recursos de Programa\u00e7\u00e3o:<\/strong><\/h6>\n<p><a href=\"http:\/\/programyourfob.com\/?list_9\/\" target=\"_blank\" rel=\"noopener\">http:\/\/programyourfob.com\/?list_9\/<\/a><\/p>\n<p>Obrigado por nos escolher.<\/p>\n<p>Somos um dos fabricantes mais profissionais de chaves de carro, sistema de entrada sem chave, <a href=\"https:\/\/keylessbest.com\/pt\/product\/2019-2023-dodge-ram-pickup-2500-3500-4500-5500-3-buttons-keyless-entry-remote-gq4-76t-pn-68374994ab-68538050aa-68475385aa-4a\/\" data-wpil-monitor-id=\"350\">controle remoto de chave de carro<\/a>, chips transponder, programadores de chaves, carca\u00e7as de chaves de carro, fechaduras de carro, ferramentas de chaveiro e assim por diante. Al\u00e9m disso, nossa empresa possui equipe profissional e linha de produ\u00e7\u00e3o. Ademais, somos especializados na produ\u00e7\u00e3o de v\u00e1rias chaves de carro, carca\u00e7as de chaves de carro e ferramentas de chaveiro. Tamb\u00e9m lidamos com desenvolvimento, fabrica\u00e7\u00e3o e atacado de produtos de seguran\u00e7a e prote\u00e7\u00e3o automotiva.<\/p>\n<p>Pre\u00e7os competitivos e servi\u00e7os dedicados ajudar\u00e3o voc\u00ea a conquistar um bom mercado. Al\u00e9m disso, mais de 10 jovens e en\u00e9rgicos times de vendas oferecem servi\u00e7o r\u00e1pido, profissional e amig\u00e1vel a qualquer momento. Al\u00e9m disso, todos os nossos produtos\u00a0\u00a0s\u00e3o enviados diretamente do armaz\u00e9m na Brasil, Canad\u00e1 e M\u00e9xico. Portanto, as mercadorias que voc\u00ea comprar ser\u00e3o embaladas e enviadas dentro de 48 horas ap\u00f3s a realiza\u00e7\u00e3o do pedido. Mais de 100% de nossos produtos est\u00e3o em estoque, e o invent\u00e1rio \u00e9 suficiente.<\/p>","protected":false},"excerpt":{"rendered":"<ul>\n<li style=\"font-size: 16px;\">SKU: CA-FD561<\/li>\n<li style=\"font-size: 16px;\">ID FCC: M3N5WY8609<\/li>\n<li style=\"font-size: 16px;\">PN: 164-R7995, CJ5T-15K601-DX, 5923790<\/li>\n<li style=\"font-size: 16px;\">IC: 7812A-5WY8609<\/li>\n<li>Frequ\u00eancia: 315MHz<\/li>\n<li>Chip: 83<\/li>\n<li>Chave de Teste: HU101<\/li>\n<li style=\"font-size: 16px;\">Bot\u00f5es: Trancar, Destrancar, P\u00e2nico, Porta-malas, Partida Remota<\/li>\n<\/ul>","protected":false},"featured_media":21595,"comment_status":"open","ping_status":"closed","template":"","meta":{"_bst_post_transparent":"default","_bst_post_title":"","_bst_post_layout":"default","_bst_post_sidebar_id":"","_bst_post_content_style":"default","_bst_post_vertical_padding":"default","_bst_post_feature":"","_bst_post_feature_position":"","_bst_post_header":false,"_bst_post_footer":false},"product_brand":[],"product_cat":[15,156],"product_tag":[],"2_year_make_model":[],"class_list":{"0":"post-16161","1":"product","2":"type-product","3":"status-publish","4":"has-post-thumbnail","6":"product_cat-carkeyremote","7":"product_cat-for-ford","9":"first","10":"instock","11":"sale","12":"shipping-taxable","13":"purchasable","14":"product-type-simple","15":"entry","16":"content-bg","17":"loop-entry"},"_links":{"self":[{"href":"https:\/\/keylessbest.com\/pt\/wp-json\/wp\/v2\/product\/16161","targetHints":{"allow":["GET"]}}],"collection":[{"href":"https:\/\/keylessbest.com\/pt\/wp-json\/wp\/v2\/product"}],"about":[{"href":"https:\/\/keylessbest.com\/pt\/wp-json\/wp\/v2\/types\/product"}],"replies":[{"embeddable":true,"href":"https:\/\/keylessbest.com\/pt\/wp-json\/wp\/v2\/comments?post=16161"}],"version-history":[{"count":5,"href":"https:\/\/keylessbest.com\/pt\/wp-json\/wp\/v2\/product\/16161\/revisions"}],"predecessor-version":[{"id":19603,"href":"https:\/\/keylessbest.com\/pt\/wp-json\/wp\/v2\/product\/16161\/revisions\/19603"}],"wp:featuredmedia":[{"embeddable":true,"href":"https:\/\/keylessbest.com\/pt\/wp-json\/wp\/v2\/media\/21595"}],"wp:attachment":[{"href":"https:\/\/keylessbest.com\/pt\/wp-json\/wp\/v2\/media?parent=16161"}],"wp:term":[{"taxonomy":"product_brand","embeddable":true,"href":"https:\/\/keylessbest.com\/pt\/wp-json\/wp\/v2\/product_brand?post=16161"},{"taxonomy":"product_cat","embeddable":true,"href":"https:\/\/keylessbest.com\/pt\/wp-json\/wp\/v2\/product_cat?post=16161"},{"taxonomy":"product_tag","embeddable":true,"href":"https:\/\/keylessbest.com\/pt\/wp-json\/wp\/v2\/product_tag?post=16161"},{"taxonomy":"2_year_make_model","embeddable":true,"href":"https:\/\/keylessbest.com\/pt\/wp-json\/wp\/v2\/2_year_make_model?post=16161"}],"curies":[{"name":"wp","href":"https:\/\/api.w.org\/{rel}","templated":true}]}}