{"id":16661,"date":"2025-08-19T09:22:19","date_gmt":"2025-08-19T09:22:19","guid":{"rendered":"https:\/\/hanwuji.shengjit.com\/?post_type=product&#038;p=16661"},"modified":"2026-02-24T08:44:50","modified_gmt":"2026-02-24T08:44:50","slug":"2019-2020-chaveiro-nissan-kr5txn7-434mhz-para-entrada-sem-chave-melhor","status":"publish","type":"product","link":"https:\/\/keylessbest.com\/pt\/product\/2019-2020-chaveiro-nissan-kr5txn7-434mhz-para-entrada-sem-chave-melhor\/","title":{"rendered":"Chaveiro Nissan 2019-2020 KR5TXN7 434MHz para Keylessbest"},"content":{"rendered":"<p>*As informa\u00e7\u00f5es detalhadas desta chaveiro sem chave Nissan de 2019-2020 s\u00e3o as seguintes. Por favor, confirme se os detalhes abaixo correspondem ao seu ve\u00edculo antes de fazer o pedido: FCC ID, N\u00famero da Pe\u00e7a, Ano do Modelo, IC, Frequ\u00eancia, Chip e Bot\u00f5es.<\/p>\n<h6><strong><b>Informa\u00e7\u00f5es do Produto: <\/b><\/strong><\/h6>\n<ul>\n<li>ID FCC: KR5TXN7<\/li>\n<li>PN: 285E3-9UF5B, 285E3-9UF5A<\/li>\n<li>IC: 7812D-TXN7<\/li>\n<li>Frequ\u00eancia: 434MHz<\/li>\n<li>Bot\u00f5es: Trancar, Destrancar, Partida Remota, P\u00e2nico<\/li>\n<\/ul>\n<h6><strong><b>O modelo de refer\u00eancia:<\/b><\/strong><\/h6>\n<ul>\n<li>Nissan Pathfinder 2019 \u2013 2020<\/li>\n<li>Nissan Titan 2019 \u2013 2020<\/li>\n<li>Nissan Murano 2019 \u2013 2020<br \/>\nNota: O n\u00famero Continental DEVE corresponder para garantir compatibilidade RSK-NIS-XN74 Substitui\u00e7\u00e3o de Mercado Novo Ap\u00f3s Venda Para:<br \/>\nID FCC: KR5TXN7<br \/>\nIC: 7812D-TXN7<br \/>\nContinental: S180144904<br \/>\nFrequ\u00eancia: 433 MHz<br \/>\nBateria: CR2032<br \/>\nBot\u00f5es: Trancar, Destrancar, Partida Remota, P\u00e2nico<br \/>\nChave de Emerg\u00eancia de Mercado de Pe\u00e7as Inclu\u00edda: EKB-NIS-NI06<br \/>\nChave de Teste: DA34<br \/>\nSubstitui PN: 285E3-9UF5B, 285E3-9UF5A<br \/>\nFabricante: KeylessFactory<br \/>\nCompat\u00edvel com os seguintes: 2019 \u2013 2020 Nissan Pathfinder<br \/>\nNissan Titan 2019 \u2013 2020<br \/>\nNissan Murano 2019 \u2013 2020<br \/>\nNota: O n\u00famero Continental DEVE corresponder para garantir compatibilidade<\/p>\n<p>Compat\u00edvel com<\/li>\n<\/ul>\n<h6><strong><b>Inclus\u00f5es do Pacote:<\/b><\/strong><\/h6>\n<ul>\n<li>Um novo chaveiro remoto sem chave do mercado de reposi\u00e7\u00e3o<\/li>\n<li>Uma chave de inser\u00e7\u00e3o de emerg\u00eancia aftermarket gratuita<\/li>\n<li>Todos os transmissores v\u00eam com uma bateria<\/li>\n<li>Todas as unidades s\u00e3o testadas antes do envio<\/li>\n<li>Garantia e satisfa\u00e7\u00e3o de 2 anos 100%<\/li>\n<\/ul>\n<h6><strong><b>Observa\u00e7\u00e3o:<\/b><\/strong><\/h6>\n<ul>\n<li>A substitui\u00e7\u00e3o do chaveiro de entrada sem chave inteligente Nissan de 2019-2020 \u2013 sem logotipo, com uma chave de emerg\u00eancia n\u00e3o cortada inclu\u00edda.<\/li>\n<li>N\u00f3s n\u00e3o cortamos nem programamos a chave remota. Al\u00e9m disso, para pre\u00e7os, por favor, entre em contato com o chaveiro local ou concession\u00e1ria.<\/li>\n<li>Este transmissor \u00e9 compat\u00edvel com ve\u00edculos que possuem bot\u00e3o de partida\/parada no painel ou igni\u00e7\u00e3o de bot\u00e3o girat\u00f3rio, juntamente com um sistema de entrada sem chave proxy.<\/li>\n<li>O pre\u00e7o \u00e9 para um controle remoto de entrada sem contato de substitui\u00e7\u00e3o completo, incluindo a chave de emerg\u00eancia.<\/li>\n<li>Portanto, recomendamos fortemente que voc\u00ea tenha seu KEY FOB programado por um chaveiro profissional ou concession\u00e1ria.<b><\/b><\/li>\n<\/ul>\n<h6><strong><b>Recursos de Programa\u00e7\u00e3o\u00a0<\/b><\/strong><\/h6>\n<p><a href=\"http:\/\/programyourfob.com\/?list_26\/\" target=\"_blank\" rel=\"noopener\">http:\/\/programyourfob.com\/?list_26\/<\/a><\/p>\n<p>Obrigado por nos escolher.<\/p>\n<p>Somos um dos fabricantes mais profissionais de chaves de carro, sistema de entrada sem chave, controle remoto de chave de carro, chips transponder, programadores de chaves, carca\u00e7as de chaves de carro, fechaduras de carro, ferramentas de chaveiro e assim por diante. Al\u00e9m disso, nossa empresa possui uma equipe profissional e linha de produ\u00e7\u00e3o. Ademais, somos especializados na produ\u00e7\u00e3o de v\u00e1rias chaves de carro, carca\u00e7as de chaves de carro e ferramentas de chaveiro. Tamb\u00e9m lidamos com desenvolvimento, fabrica\u00e7\u00e3o e atacado de produtos de seguran\u00e7a e prote\u00e7\u00e3o automotiva.<\/p>\n<p>Pre\u00e7os competitivos e servi\u00e7os dedicados ajudar\u00e3o voc\u00ea a conquistar um bom mercado. Al\u00e9m disso, mais de 10 jovens e en\u00e9rgicos times de vendas oferecem servi\u00e7o r\u00e1pido, profissional e amig\u00e1vel a qualquer momento. Al\u00e9m disso, todos os nossos produtos\u00a0\u00a0s\u00e3o enviados diretamente do armaz\u00e9m na Brasil, Canad\u00e1 e M\u00e9xico. Portanto, as mercadorias que voc\u00ea comprar ser\u00e3o embaladas e enviadas dentro de 48 horas ap\u00f3s a realiza\u00e7\u00e3o do pedido. Mais de 100% de nossos produtos est\u00e3o em estoque, e o invent\u00e1rio \u00e9 suficiente.<\/p>","protected":false},"excerpt":{"rendered":"<ul>\n<li>SKU: CA-NS700<\/li>\n<li>ID FCC: KR5TXN7<\/li>\n<li>PN: 285E3-9UF5B, 285E3-9UF5A<\/li>\n<li>IC: 7812D-TXN7<\/li>\n<li>Frequ\u00eancia: 434MHz<\/li>\n<li>Bot\u00f5es: Trancar, Destrancar, Partida Remota, P\u00e2nico<\/li>\n<\/ul>","protected":false},"featured_media":21507,"comment_status":"open","ping_status":"closed","template":"","meta":{"_bst_post_transparent":"default","_bst_post_title":"","_bst_post_layout":"default","_bst_post_sidebar_id":"","_bst_post_content_style":"default","_bst_post_vertical_padding":"default","_bst_post_feature":"","_bst_post_feature_position":"","_bst_post_header":false,"_bst_post_footer":false},"product_brand":[],"product_cat":[15,160],"product_tag":[],"2_year_make_model":[],"class_list":{"0":"post-16661","1":"product","2":"type-product","3":"status-publish","4":"has-post-thumbnail","6":"product_cat-carkeyremote","7":"product_cat-for-nissan","9":"first","10":"instock","11":"sale","12":"shipping-taxable","13":"purchasable","14":"product-type-simple","15":"entry","16":"content-bg","17":"loop-entry"},"_links":{"self":[{"href":"https:\/\/keylessbest.com\/pt\/wp-json\/wp\/v2\/product\/16661","targetHints":{"allow":["GET"]}}],"collection":[{"href":"https:\/\/keylessbest.com\/pt\/wp-json\/wp\/v2\/product"}],"about":[{"href":"https:\/\/keylessbest.com\/pt\/wp-json\/wp\/v2\/types\/product"}],"replies":[{"embeddable":true,"href":"https:\/\/keylessbest.com\/pt\/wp-json\/wp\/v2\/comments?post=16661"}],"version-history":[{"count":2,"href":"https:\/\/keylessbest.com\/pt\/wp-json\/wp\/v2\/product\/16661\/revisions"}],"predecessor-version":[{"id":20062,"href":"https:\/\/keylessbest.com\/pt\/wp-json\/wp\/v2\/product\/16661\/revisions\/20062"}],"wp:featuredmedia":[{"embeddable":true,"href":"https:\/\/keylessbest.com\/pt\/wp-json\/wp\/v2\/media\/21507"}],"wp:attachment":[{"href":"https:\/\/keylessbest.com\/pt\/wp-json\/wp\/v2\/media?parent=16661"}],"wp:term":[{"taxonomy":"product_brand","embeddable":true,"href":"https:\/\/keylessbest.com\/pt\/wp-json\/wp\/v2\/product_brand?post=16661"},{"taxonomy":"product_cat","embeddable":true,"href":"https:\/\/keylessbest.com\/pt\/wp-json\/wp\/v2\/product_cat?post=16661"},{"taxonomy":"product_tag","embeddable":true,"href":"https:\/\/keylessbest.com\/pt\/wp-json\/wp\/v2\/product_tag?post=16661"},{"taxonomy":"2_year_make_model","embeddable":true,"href":"https:\/\/keylessbest.com\/pt\/wp-json\/wp\/v2\/2_year_make_model?post=16661"}],"curies":[{"name":"wp","href":"https:\/\/api.w.org\/{rel}","templated":true}]}}