{"id":16769,"date":"2025-08-19T09:23:58","date_gmt":"2025-08-19T09:23:58","guid":{"rendered":"https:\/\/hanwuji.shengjit.com\/?post_type=product&#038;p=16769"},"modified":"2026-02-12T07:35:48","modified_gmt":"2026-02-12T07:35:48","slug":"chaveiro-volvo-2016-2022-yg0huf8423-433mhz-para-keylessbest","status":"publish","type":"product","link":"https:\/\/keylessbest.com\/pt\/product\/chaveiro-volvo-2016-2022-yg0huf8423-433mhz-para-keylessbest\/","title":{"rendered":"Chaveiro Volvo 2016-2022 YG0HUF8423 433MHz para keylessbest"},"content":{"rendered":"<p>*As informa\u00e7\u00f5es detalhadas deste chaveiro remoto sem chave de 2007-2017 Volvo s\u00e3o as seguintes. Por favor, confirme se os detalhes abaixo correspondem ao seu ve\u00edculo antes de fazer o pedido: ID FCC, N\u00famero da Pe\u00e7a, Ano do Modelo, IC, Frequ\u00eancia, Chip e Bot\u00f5es.<\/p>\n<h6><strong><b>Informa\u00e7\u00f5es do Produto: <\/b><\/strong><\/h6>\n<ul>\n<li>FCC ID: YG0HUF8423<\/li>\n<li>PN: 31652142<\/li>\n<li>IC: 4008C-HUF8423<\/li>\n<li>Frequ\u00eancia: 433MHz<\/li>\n<li>Chip: RF430 AES de 128 bits 8A<\/li>\n<li>Chave de Teste: HU101<\/li>\n<li>Bot\u00f5es: Trancar, Destrancar, Cap\u00f4, P\u00e2nico<\/li>\n<li>Bateria: CR2032<\/li>\n<\/ul>\n<h6><strong><b>O modelo de refer\u00eancia:<\/b><\/strong><\/h6>\n<ul>\n<li>Volvo S90 2017 \u2013 2018<\/li>\n<li>Volvo V90 2017 \u2013 2018<\/li>\n<li>Volvo XC60 2018 \u2013 2019<\/li>\n<li>Volvo XC90 2016 \u2013 2018<\/li>\n<\/ul>\n<h6><strong><b>Inclus\u00f5es do Pacote:<\/b><\/strong><\/h6>\n<ul>\n<li>Um novo chaveiro remoto sem chave do mercado de reposi\u00e7\u00e3o<\/li>\n<li>Uma chave de inser\u00e7\u00e3o de emerg\u00eancia aftermarket gratuita<\/li>\n<li>Todos os transmissores v\u00eam com uma bateria<\/li>\n<li>Todas as unidades s\u00e3o testadas antes do envio<\/li>\n<li>Garantia e satisfa\u00e7\u00e3o de 2 anos 100%<\/li>\n<\/ul>\n<h6><strong><b>Observa\u00e7\u00e3o:<\/b><\/strong><\/h6>\n<ul>\n<li>Substitui\u00e7\u00e3o do chaveiro de entrada sem chave inteligente de 2007-2017 Volvo \u2013 sem logotipo, com uma chave de emerg\u00eancia n\u00e3o cortada inclu\u00edda.<\/li>\n<li>N\u00f3s n\u00e3o cortamos nem programamos a chave remota. Al\u00e9m disso, para pre\u00e7os, por favor, entre em contato com o chaveiro local ou concession\u00e1ria.<\/li>\n<li>Este transmissor \u00e9 compat\u00edvel com ve\u00edculos que possuem bot\u00e3o de partida\/parada no painel ou igni\u00e7\u00e3o de bot\u00e3o girat\u00f3rio, juntamente com um sistema de entrada sem chave proxy.<\/li>\n<li>O pre\u00e7o \u00e9 para um controle remoto de entrada sem contato de substitui\u00e7\u00e3o completo, incluindo a chave de emerg\u00eancia.<\/li>\n<li>Portanto, recomendamos fortemente que voc\u00ea tenha seu KEY FOB programado por um chaveiro profissional ou concession\u00e1ria.<b><\/b><\/li>\n<\/ul>\n<h6><strong><b>Recursos de Programa\u00e7\u00e3o\u00a0<\/b><\/strong><\/h6>\n<p><a href=\"http:\/\/programyourfob.com\/?list_38\/\" target=\"_blank\" rel=\"noopener\">http:\/\/programyourfob.com\/?list_38\/<\/a><\/p>\n<p>Obrigado por nos escolher.<\/p>\n<p>Somos um dos fabricantes mais profissionais de chaves de carro, sistema de entrada sem chave, controle remoto de chave de carro, chips transponder, programadores de chaves, carca\u00e7as de chaves de carro, fechaduras de carro, ferramentas de chaveiro e assim por diante. Al\u00e9m disso, nossa empresa possui uma equipe profissional e linha de produ\u00e7\u00e3o. Ademais, somos especializados na produ\u00e7\u00e3o de v\u00e1rias chaves de carro, carca\u00e7as de chaves de carro e ferramentas de chaveiro. Tamb\u00e9m lidamos com desenvolvimento, fabrica\u00e7\u00e3o e atacado de produtos de seguran\u00e7a e prote\u00e7\u00e3o automotiva.<\/p>\n<p>Pre\u00e7os competitivos e servi\u00e7os dedicados ajudar\u00e3o voc\u00ea a conquistar um bom mercado. Al\u00e9m disso, mais de 10 jovens e en\u00e9rgicos times de vendas oferecem servi\u00e7o r\u00e1pido, profissional e amig\u00e1vel a qualquer momento. Al\u00e9m disso, todos os nossos produtos\u00a0\u00a0s\u00e3o enviados diretamente do armaz\u00e9m na Brasil, Canad\u00e1 e M\u00e9xico. Portanto, as mercadorias que voc\u00ea comprar ser\u00e3o embaladas e enviadas dentro de 48 horas ap\u00f3s a realiza\u00e7\u00e3o do pedido. Mais de 100% de nossos produtos est\u00e3o em estoque, e o invent\u00e1rio \u00e9 suficiente.<\/p>","protected":false},"excerpt":{"rendered":"<ul>\n<li>SKU: CA-VV1021<\/li>\n<li>FCC ID: YG0HUF8423<\/li>\n<li>PN: 31652142<\/li>\n<li>IC: 4008C-HUF8423<\/li>\n<li>Frequ\u00eancia: 433MHz<\/li>\n<li>Chip: RF430 AES de 128 bits 8A<\/li>\n<li>Chave de Teste: HU101<\/li>\n<li>Bot\u00f5es: Trancar, Destrancar, Cap\u00f4, P\u00e2nico<\/li>\n<li>Bateria: CR2032<\/li>\n<\/ul>","protected":false},"featured_media":21064,"comment_status":"open","ping_status":"closed","template":"","meta":{"_bst_post_transparent":"default","_bst_post_title":"","_bst_post_layout":"default","_bst_post_sidebar_id":"","_bst_post_content_style":"default","_bst_post_vertical_padding":"default","_bst_post_feature":"","_bst_post_feature_position":"","_bst_post_header":false,"_bst_post_footer":false},"product_brand":[],"product_cat":[15,172],"product_tag":[],"2_year_make_model":[],"class_list":{"0":"post-16769","1":"product","2":"type-product","3":"status-publish","4":"has-post-thumbnail","6":"product_cat-carkeyremote","7":"product_cat-for-volvo","9":"first","10":"instock","11":"sale","12":"shipping-taxable","13":"purchasable","14":"product-type-simple","15":"entry","16":"content-bg","17":"loop-entry"},"_links":{"self":[{"href":"https:\/\/keylessbest.com\/pt\/wp-json\/wp\/v2\/product\/16769","targetHints":{"allow":["GET"]}}],"collection":[{"href":"https:\/\/keylessbest.com\/pt\/wp-json\/wp\/v2\/product"}],"about":[{"href":"https:\/\/keylessbest.com\/pt\/wp-json\/wp\/v2\/types\/product"}],"replies":[{"embeddable":true,"href":"https:\/\/keylessbest.com\/pt\/wp-json\/wp\/v2\/comments?post=16769"}],"version-history":[{"count":2,"href":"https:\/\/keylessbest.com\/pt\/wp-json\/wp\/v2\/product\/16769\/revisions"}],"predecessor-version":[{"id":20244,"href":"https:\/\/keylessbest.com\/pt\/wp-json\/wp\/v2\/product\/16769\/revisions\/20244"}],"wp:featuredmedia":[{"embeddable":true,"href":"https:\/\/keylessbest.com\/pt\/wp-json\/wp\/v2\/media\/21064"}],"wp:attachment":[{"href":"https:\/\/keylessbest.com\/pt\/wp-json\/wp\/v2\/media?parent=16769"}],"wp:term":[{"taxonomy":"product_brand","embeddable":true,"href":"https:\/\/keylessbest.com\/pt\/wp-json\/wp\/v2\/product_brand?post=16769"},{"taxonomy":"product_cat","embeddable":true,"href":"https:\/\/keylessbest.com\/pt\/wp-json\/wp\/v2\/product_cat?post=16769"},{"taxonomy":"product_tag","embeddable":true,"href":"https:\/\/keylessbest.com\/pt\/wp-json\/wp\/v2\/product_tag?post=16769"},{"taxonomy":"2_year_make_model","embeddable":true,"href":"https:\/\/keylessbest.com\/pt\/wp-json\/wp\/v2\/2_year_make_model?post=16769"}],"curies":[{"name":"wp","href":"https:\/\/api.w.org\/{rel}","templated":true}]}}