{"id":16903,"date":"2025-08-19T09:26:05","date_gmt":"2025-08-19T09:26:05","guid":{"rendered":"https:\/\/hanwuji.shengjit.com\/?post_type=product&#038;p=16903"},"modified":"2026-02-23T08:19:59","modified_gmt":"2026-02-23T08:19:59","slug":"chaveiro-ford-2011-2019-m3n5wy8609-para-keylessbest","status":"publish","type":"product","link":"https:\/\/keylessbest.com\/pt\/product\/chaveiro-ford-2011-2019-m3n5wy8609-para-keylessbest\/","title":{"rendered":"Chaveiro Ford 2011-2019 M3N5WY8609 para keylessbest"},"content":{"rendered":"<p>*As informa\u00e7\u00f5es detalhadas desta chave remota sem chave Ford de 2015-2022 s\u00e3o as seguintes. Por favor, confirme se os detalhes abaixo correspondem ao seu ve\u00edculo antes de fazer o pedido: ID FCC, N\u00famero da Pe\u00e7a, Ano do Modelo, IC, Frequ\u00eancia, Chip e Bot\u00f5es.<\/p>\n<h6><strong><b>Informa\u00e7\u00f5es do Produto:<\/b><\/strong><\/h6>\n<ul>\n<li>ID FCC: M3N5WY8609<\/li>\n<li>PN: BT4T-15K601-Ax, 5921285<\/li>\n<li>IC: 7812A5WY8609<\/li>\n<li>Frequ\u00eancia: 315MHz<\/li>\n<li>Chave de Teste: H75<\/li>\n<li>Bot\u00f5es: Trancar, Destrancar, Partida Remota, P\u00e2nico<\/li>\n<\/ul>\n<h6><strong><b>O modelo de refer\u00eancia:<\/b><\/strong><\/h6>\n<ul>\n<li>Ford Edge 2011 \u2013 2015<\/li>\n<li>2012 \u2013 2015 Ford Explorer<\/li>\n<li>Ford Flex 2013 \u2013 2019<\/li>\n<li><a href=\"https:\/\/keylessbest.com\/pt\/product\/2015-2020-cadillac-ats-ats-v-ct6-ct6-plug-in-cts-cts-v-xts-5-buttons-keyless-entry-remote-hyq2eb-pn-13598512-13594029s-13510243-46__trashed\/\" data-wpil-monitor-id=\"262\">2015 &#8211; 2017<\/a> Ford Expedition \"Platinum\"<\/li>\n<li>2012 \u2013 2012 Ford Focus<\/li>\n<li>2014 \u2013 2019 Ford Taurus<br \/>\nNota Importante<br \/>\nCertifique-se de que a chave original que voc\u00ea est\u00e1 substituindo possui uma Chave de Emerg\u00eancia Padr\u00e3o H75 PN: 64-R8041 (veja a foto do produto). Se a chave original veio com uma Chave de Emerg\u00eancia de Alta Seguran\u00e7a HU101 PN: 164-R8022, esta chave n\u00e3o funcionar\u00e1.<\/li>\n<\/ul>\n<h6><strong><b>Inclus\u00f5es do Pacote:<\/b><\/strong><\/h6>\n<ul>\n<li>Um novo chaveiro remoto sem chave do mercado de reposi\u00e7\u00e3o<\/li>\n<li>Uma chave de inser\u00e7\u00e3o de emerg\u00eancia aftermarket gratuita<\/li>\n<li>Todos os transmissores v\u00eam com uma bateria<\/li>\n<li>Todas as unidades s\u00e3o testadas antes do envio<\/li>\n<li>Garantia e satisfa\u00e7\u00e3o de 2 anos 100%<\/li>\n<\/ul>\n<h6><strong><b>Observa\u00e7\u00e3o:<\/b><\/strong><\/h6>\n<ul>\n<li>O Ford inteligente de 2011-2019 <a href=\"https:\/\/keylessbest.com\/pt\/product\/2009-2014-toyota-avalon-camry-corolla-remoto-de-entrada-sem-chave-de-3-botoes-hyq14aem-pn-89904-0r060-89904-60770-89904-0r090-89904-42140__trashed\/\" data-wpil-monitor-id=\"263\">chaveiro de entrada sem chave<\/a> substitui\u00e7\u00e3o \u2013 sem logotipo, com uma chave de emerg\u00eancia n\u00e3o cortada inclu\u00edda.<\/li>\n<li>N\u00f3s n\u00e3o cortamos nem programamos a chave remota. Al\u00e9m disso, para pre\u00e7os, por favor, entre em contato com o chaveiro local ou concession\u00e1ria.<\/li>\n<li>Este transmissor \u00e9 compat\u00edvel com ve\u00edculos que possuem bot\u00e3o de partida\/parada no painel ou igni\u00e7\u00e3o de bot\u00e3o girat\u00f3rio, juntamente com um sistema de entrada sem chave proxy.<\/li>\n<li>O pre\u00e7o \u00e9 para uma \u00fanica <a href=\"https:\/\/keylessbest.com\/pt\/product\/2015-2021-jeep-renegade-5-buttons-keyless-entry-remote-m3n-40821302-replaces-pn-6mp33dx9aa-id-47-4a__trashed\/\" data-wpil-monitor-id=\"264\">chave de entrada sem chave de reposi\u00e7\u00e3o<\/a>, chave de emerg\u00eancia inclu\u00edda.<\/li>\n<li>Portanto, recomendamos fortemente que voc\u00ea tenha seu KEY FOB programado por um chaveiro profissional ou concession\u00e1ria.<\/li>\n<\/ul>\n<h6><strong>Recursos de Programa\u00e7\u00e3o:<\/strong><\/h6>\n<p><a href=\"http:\/\/programyourfob.com\/?list_9\/\" target=\"_blank\" rel=\"noopener\">http:\/\/programyourfob.com\/?list_9\/<\/a><\/p>\n<p>Obrigado por nos escolher.<\/p>\n<p>Somos um dos fabricantes mais profissionais de chaves de carro, sistema de entrada sem chave, <a href=\"https:\/\/keylessbest.com\/pt\/product\/2004-2016-bmw-cas-1-serie-cas-3-serie-cas-5-serie-cas-6-serie-m3-quinta-geracao-e90-e92-e93-m5-quinta-geracao-e60-e61-m6-primeira-geracao-e63-e64-x1-primeira-geracao-e84-x5-segunda-geracao-e70-x6-prim\/\" data-wpil-monitor-id=\"261\">controle remoto de chave de carro<\/a>, chips transponder, programadores de chaves, carca\u00e7as de chaves de carro, fechaduras de carro, ferramentas de chaveiro e assim por diante. Al\u00e9m disso, nossa empresa possui equipe profissional e linha de produ\u00e7\u00e3o. Ademais, somos especializados na produ\u00e7\u00e3o de v\u00e1rias chaves de carro, carca\u00e7as de chaves de carro e ferramentas de chaveiro. Tamb\u00e9m lidamos com desenvolvimento, fabrica\u00e7\u00e3o e atacado de produtos de seguran\u00e7a e prote\u00e7\u00e3o automotiva.<\/p>\n<p>Pre\u00e7os competitivos e servi\u00e7os dedicados ajudar\u00e3o voc\u00ea a conquistar um bom mercado. Al\u00e9m disso, mais de 10 jovens e en\u00e9rgicos times de vendas oferecem servi\u00e7o r\u00e1pido, profissional e amig\u00e1vel a qualquer momento. Al\u00e9m disso, todos os nossos produtos\u00a0\u00a0s\u00e3o enviados diretamente do armaz\u00e9m na Brasil, Canad\u00e1 e M\u00e9xico. Portanto, as mercadorias que voc\u00ea comprar ser\u00e3o embaladas e enviadas dentro de 48 horas ap\u00f3s a realiza\u00e7\u00e3o do pedido. Mais de 100% de nossos produtos est\u00e3o em estoque, e o invent\u00e1rio \u00e9 suficiente.<\/p>","protected":false},"excerpt":{"rendered":"<ul>\n<li>SKU: CA-FD747<\/li>\n<li>ID FCC: M3N5WY8609<\/li>\n<li>PN: BT4T-15K601-Ax, 5921285<\/li>\n<li>IC: 7812A5WY8609<\/li>\n<li>Frequ\u00eancia: 315MHz<\/li>\n<li>Chave de Teste: H75<\/li>\n<li>Bot\u00f5es: Trancar, Destrancar, Partida Remota, P\u00e2nico<\/li>\n<\/ul>","protected":false},"featured_media":21448,"comment_status":"open","ping_status":"closed","template":"","meta":{"_bst_post_transparent":"default","_bst_post_title":"","_bst_post_layout":"default","_bst_post_sidebar_id":"","_bst_post_content_style":"default","_bst_post_vertical_padding":"default","_bst_post_feature":"","_bst_post_feature_position":"","_bst_post_header":false,"_bst_post_footer":false},"product_brand":[],"product_cat":[15,156],"product_tag":[],"2_year_make_model":[],"class_list":{"0":"post-16903","1":"product","2":"type-product","3":"status-publish","4":"has-post-thumbnail","6":"product_cat-carkeyremote","7":"product_cat-for-ford","9":"first","10":"instock","11":"sale","12":"shipping-taxable","13":"purchasable","14":"product-type-simple","15":"entry","16":"content-bg","17":"loop-entry"},"_links":{"self":[{"href":"https:\/\/keylessbest.com\/pt\/wp-json\/wp\/v2\/product\/16903","targetHints":{"allow":["GET"]}}],"collection":[{"href":"https:\/\/keylessbest.com\/pt\/wp-json\/wp\/v2\/product"}],"about":[{"href":"https:\/\/keylessbest.com\/pt\/wp-json\/wp\/v2\/types\/product"}],"replies":[{"embeddable":true,"href":"https:\/\/keylessbest.com\/pt\/wp-json\/wp\/v2\/comments?post=16903"}],"version-history":[{"count":2,"href":"https:\/\/keylessbest.com\/pt\/wp-json\/wp\/v2\/product\/16903\/revisions"}],"predecessor-version":[{"id":19590,"href":"https:\/\/keylessbest.com\/pt\/wp-json\/wp\/v2\/product\/16903\/revisions\/19590"}],"wp:featuredmedia":[{"embeddable":true,"href":"https:\/\/keylessbest.com\/pt\/wp-json\/wp\/v2\/media\/21448"}],"wp:attachment":[{"href":"https:\/\/keylessbest.com\/pt\/wp-json\/wp\/v2\/media?parent=16903"}],"wp:term":[{"taxonomy":"product_brand","embeddable":true,"href":"https:\/\/keylessbest.com\/pt\/wp-json\/wp\/v2\/product_brand?post=16903"},{"taxonomy":"product_cat","embeddable":true,"href":"https:\/\/keylessbest.com\/pt\/wp-json\/wp\/v2\/product_cat?post=16903"},{"taxonomy":"product_tag","embeddable":true,"href":"https:\/\/keylessbest.com\/pt\/wp-json\/wp\/v2\/product_tag?post=16903"},{"taxonomy":"2_year_make_model","embeddable":true,"href":"https:\/\/keylessbest.com\/pt\/wp-json\/wp\/v2\/2_year_make_model?post=16903"}],"curies":[{"name":"wp","href":"https:\/\/api.w.org\/{rel}","templated":true}]}}