{"id":17010,"date":"2025-08-19T09:27:46","date_gmt":"2025-08-19T09:27:46","guid":{"rendered":"https:\/\/hanwuji.shengjit.com\/?post_type=product&#038;p=17010"},"modified":"2026-02-27T05:05:17","modified_gmt":"2026-02-27T05:05:17","slug":"chaveiro-bmw-2004-2016-267t-5wk49197-434mhz-para-keylessbest","status":"publish","type":"product","link":"https:\/\/keylessbest.com\/pt\/product\/chaveiro-bmw-2004-2016-267t-5wk49197-434mhz-para-keylessbest\/","title":{"rendered":"Chaveiro BMW 267T-5WK49197 2004-2016 434MHz para Keylessbest"},"content":{"rendered":"<p>*As informa\u00e7\u00f5es detalhadas desta chaveiro remoto sem chave de 2004-2016 BMW s\u00e3o as seguintes. Por favor, confirme se os detalhes abaixo correspondem ao seu ve\u00edculo antes de fazer o pedido: ID FCC, N\u00famero da Pe\u00e7a, Ano do Modelo, IC, Frequ\u00eancia, Chip e Bot\u00f5es.<\/p>\n<h6><strong><b>Informa\u00e7\u00f5es do Produto:<\/b><\/strong><\/h6>\n<ul>\n<li>ID FCC: <a href=\"https:\/\/keylessbest.com\/pt\/product\/bmw-cas-1-3-5-6-series-m3-m5-m6-x1-x5-x6-z4-controle-remoto-de-entrada-sem-chave-de-3-botoes-kr55wk49127-kr55wk49123-pn6986583-698658305-46\/\" data-wpil-monitor-id=\"248\">KR55WK49127 \/ KR55WK49123<\/a><\/li>\n<li>PN: 267T-5WK49197<\/li>\n<li>IC: <a href=\"https:\/\/keylessbest.com\/pt\/product\/2006-2016-cadillac-chevrolet-buick-monte-carlo-suburban-tahoe-yukon-silveradoescalade-sierra-avalanche-s10-pickup-4-buttons-keyless-entry-remote-ouc60270-pnouc60221-850k60270-850k60221-15912\/\" data-wpil-monitor-id=\"241\">850K60270 \/ 850K60221<\/a><\/li>\n<li>Frequ\u00eancia: 434MHz<\/li>\n<li>Chip: 46<\/li>\n<li>Bot\u00f5es: Trancar, Destrancar, Porta-malas<\/li>\n<\/ul>\n<h6><strong><b>O modelo de refer\u00eancia:<\/b><\/strong><\/h6>\n<ul>\n<li>2006 &#8211; 2011 <a href=\"https:\/\/keylessbest.com\/pt\/product\/bmw-cas-1-serie-cas-3-serie-cas-5-serie-cas-6-serie-m3-m5-m6-x1-x5-x6-z4-2004-2016-controle-remoto-de-entrada-sem-chave-de-3-botoes-kr55wk49127\/\" data-wpil-monitor-id=\"250\">BMW CAS S\u00e9rie 1<\/a><\/li>\n<li>2006 &#8211; 2011 <a href=\"https:\/\/keylessbest.com\/pt\/product\/2014-2019-bmw-serie-3-serie-5-x5-x6-chaveiro-de-entrada-sem-chave-com-4-botoes-nbgidgng1-49-hitag-pro\/\" data-wpil-monitor-id=\"251\">BMW CAS S\u00e9rie 3<\/a><\/li>\n<li>2004 &#8211; 2011 <a href=\"https:\/\/keylessbest.com\/pt\/product\/bmw-serie-7-2002-2008-745i-745li-750i-750li-760i-760li-controle-remoto-de-entrada-sem-chave-com-4-botoes-lx8766s-pn-2911a-12133-2\/\" data-wpil-monitor-id=\"252\">BMW CAS S\u00e9rie 5<\/a><\/li>\n<li>2004 &#8211; 2011 <a href=\"https:\/\/keylessbest.com\/pt\/product\/bmw-3-serie-1999-2009-5-serie-6-serie-7-serie-m3-z8-z3-x5-m5-x3-z4-controle-remoto-de-entrada-sem-chave-de-3-botoes-lx8fzv-pn6955750-pcf7935-44\/\" data-wpil-monitor-id=\"253\">BMW CAS S\u00e9rie 6<\/a><\/li>\n<li><a href=\"https:\/\/keylessbest.com\/pt\/product\/2009-2014-toyota-avalon-camry-corolla-remoto-de-entrada-sem-chave-de-3-botoes-hyq14aem-pn-89904-0r060-89904-60770-89904-0r090-89904-42140__trashed\/\" data-wpil-monitor-id=\"238\">2007 &#8211; 2013<\/a> BMW M3 (quinta gera\u00e7\u00e3o E90, E92, E93)<\/li>\n<li>BMW M5 de 2004 a 2010 (quinta gera\u00e7\u00e3o E60, E61)<\/li>\n<li>BMW M6 de 2005 a 2010 (primeira gera\u00e7\u00e3o E63, E64)<\/li>\n<li>BMW X1 de 2009 a 2015 (primeira gera\u00e7\u00e3o E84)<\/li>\n<li>BMW X5 de 2006 a 2013 (segunda gera\u00e7\u00e3o E70)<\/li>\n<li>BMW X6 de 2008 a 2014 (primeira gera\u00e7\u00e3o E71, E72)<\/li>\n<li>BMW Z4 de 2009 a 2016 (segunda gera\u00e7\u00e3o E8<\/li>\n<\/ul>\n<h6><strong><b>Inclus\u00f5es do Pacote:<\/b><\/strong><\/h6>\n<ul>\n<li>Um novo aftermarket <a href=\"https:\/\/keylessbest.com\/pt\/product\/2001-2011-chevrolet-gmc-cadillac-suburban-tahoe-yukon-silverado-escalade-sierra-avalanche-s10-pickup-3-buttons-keyless-entry-remote-koblear1xt-pn15042968\/\" data-wpil-monitor-id=\"247\">controle remoto sem chave<\/a> fob<\/li>\n<li>Uma chave de inser\u00e7\u00e3o de emerg\u00eancia aftermarket gratuita<\/li>\n<li>Todos os transmissores v\u00eam com uma bateria<\/li>\n<li>Todas as unidades s\u00e3o testadas antes do envio<\/li>\n<li>Garantia e satisfa\u00e7\u00e3o de 2 anos 100%<\/li>\n<\/ul>\n<h6><strong><b>Observa\u00e7\u00e3o:<\/b><\/strong><\/h6>\n<ul>\n<li>O BMW inteligente de 2004-2016 <a href=\"https:\/\/keylessbest.com\/pt\/product\/acura-cl-tl-rl-de-1999-a-2004-controle-remoto-de-entrada-sem-chave-de-4-botoes-e4eg8d-444h-a-substitui-pn-72147-s0k-a23-72147-s0k-a13__trashed\/\" data-wpil-monitor-id=\"239\">substitui\u00e7\u00e3o da chaveiro de entrada sem chave<\/a> \u2013 sem logotipo, com uma chave de inser\u00e7\u00e3o de emerg\u00eancia n\u00e3o cortada inclu\u00edda.<\/li>\n<li>N\u00f3s n\u00e3o cortamos ou programamos a <a href=\"https:\/\/keylessbest.com\/pt\/loja-de-chaves-de-carro-keylessbestcarkeyfobshop\/\" data-wpil-monitor-id=\"245\">chave remota<\/a>. Al\u00e9m disso, para pre\u00e7os, entre em contato com o chaveiro ou concession\u00e1ria local.<\/li>\n<li>Este transmissor \u00e9 compat\u00edvel com ve\u00edculos que possuem bot\u00e3o de partida\/parada no painel ou igni\u00e7\u00e3o com bot\u00e3o girat\u00f3rio, juntamente com um sistema de entrada sem chave proxy <a href=\"https:\/\/keylessbest.com\/pt\/product\/nissan-rogue-versa-pathfinder-2007-2013-com-sistema-inteligente-controle-remoto-de-entrada-sem-chave-de-3-botoes-cwtwbu729-cwtwbu735-cwtwbu624-pn-285e3-em30d-285e3-em31d\/\" data-wpil-monitor-id=\"244\">sistema de entrada sem chave<\/a>.<\/li>\n<li>O pre\u00e7o \u00e9 para uma \u00fanica <a href=\"https:\/\/keylessbest.com\/pt\/product\/2015-2021-jeep-renegade-5-buttons-keyless-entry-remote-m3n-40821302-replaces-pn-6mp33dx9aa-id-47-4a__trashed\/\" data-wpil-monitor-id=\"240\">chave de entrada sem chave de reposi\u00e7\u00e3o<\/a>, chave de emerg\u00eancia inclu\u00edda.<\/li>\n<li>Portanto, recomendamos fortemente que voc\u00ea tenha seu <a href=\"https:\/\/keylessbest.com\/pt\/como-programar-chaveiro-rapido-facil-passos-diy-para-qualquer-carro\/\" data-wpil-monitor-id=\"243\">CHAVEIRO programado<\/a> por um chaveiro profissional ou revendedor.<\/li>\n<\/ul>\n<h6><strong>Recursos de Programa\u00e7\u00e3o:<\/strong><\/h6>\n<p><a href=\"http:\/\/programyourfob.com\/?list_3\/\" target=\"_blank\" rel=\"noopener\">http:\/\/programyourfob.com\/?list_3\/<\/a><\/p>\n<p>Obrigado por nos escolher.<\/p>\n<p>Somos um dos fabricantes mais profissionais de chaves de carro, sistema de entrada sem chave, <a href=\"https:\/\/keylessbest.com\/pt\/product\/__trashed-17\/\" data-wpil-monitor-id=\"237\">controle remoto de chave de carro<\/a>, chips transponders, programadores de chaves, carca\u00e7as de chaves de carro, fechaduras de carro, ferramentas de chaveiro e assim por diante. Al\u00e9m disso, nossa empresa possui equipe profissional e linha de produ\u00e7\u00e3o. Al\u00e9m disso, somos especializados na produ\u00e7\u00e3o de v\u00e1rias <a href=\"https:\/\/keylessbest.com\/pt\/quanto-custa-para-substituir-um-chaveiro-de-carro-em-2025\/\" data-wpil-monitor-id=\"246\">chaves de carro<\/a>, car keys, e capas de chaves, e ferramentas de chaveiro. Tamb\u00e9m lidamos com desenvolvimento, fabrica\u00e7\u00e3o e atacado de produtos de seguran\u00e7a e prote\u00e7\u00e3o automotiva.<\/p>\n<p>Pre\u00e7os competitivos e servi\u00e7os dedicados ajudar\u00e3o voc\u00ea a conquistar um bom mercado. Al\u00e9m disso, mais de 10 jovens e en\u00e9rgicos times de vendas oferecem servi\u00e7o r\u00e1pido, profissional e amig\u00e1vel a qualquer momento. Al\u00e9m disso, todos os nossos produtos\u00a0\u00a0s\u00e3o enviados diretamente do armaz\u00e9m na Brasil, Canad\u00e1 e M\u00e9xico. Portanto, as mercadorias que voc\u00ea comprar ser\u00e3o embaladas e enviadas dentro de 48 horas ap\u00f3s a realiza\u00e7\u00e3o do pedido. Mais de 100% de nossos produtos est\u00e3o em estoque, e o invent\u00e1rio \u00e9 suficiente.<\/p>","protected":false},"excerpt":{"rendered":"<ul>\n<li>SKU: CA-BM759<\/li>\n<li>ID FCC: <a href=\"https:\/\/keylessbest.com\/pt\/product\/bmw-cas-1-3-5-6-series-m3-m5-m6-x1-x5-x6-z4-controle-remoto-de-entrada-sem-chave-de-3-botoes-kr55wk49127-kr55wk49123-pn6986583-698658305-46\/\" data-wpil-monitor-id=\"249\">KR55WK49127 \/ KR55WK49123<\/a><\/li>\n<li>PN: 267T-5WK49197<\/li>\n<li>IC: <a href=\"https:\/\/keylessbest.com\/pt\/product\/2006-2016-cadillac-chevrolet-buick-monte-carlo-suburban-tahoe-yukon-silveradoescalade-sierra-avalanche-s10-pickup-4-buttons-keyless-entry-remote-ouc60270-pnouc60221-850k60270-850k60221-15912\/\" data-wpil-monitor-id=\"242\">850K60270 \/ 850K60221<\/a><\/li>\n<li>Frequ\u00eancia: 434MHz<\/li>\n<li>Chip: 46<\/li>\n<li>Bot\u00f5es: Trancar, Destrancar, Porta-malas<\/li>\n<\/ul>","protected":false},"featured_media":21439,"comment_status":"open","ping_status":"closed","template":"","meta":{"_bst_post_transparent":"default","_bst_post_title":"","_bst_post_layout":"default","_bst_post_sidebar_id":"","_bst_post_content_style":"default","_bst_post_vertical_padding":"default","_bst_post_feature":"","_bst_post_feature_position":"","_bst_post_header":false,"_bst_post_footer":false},"product_brand":[],"product_cat":[15,161],"product_tag":[],"2_year_make_model":[],"class_list":{"0":"post-17010","1":"product","2":"type-product","3":"status-publish","4":"has-post-thumbnail","6":"product_cat-carkeyremote","7":"product_cat-for-bmw","9":"first","10":"instock","11":"sale","12":"shipping-taxable","13":"purchasable","14":"product-type-simple","15":"entry","16":"content-bg","17":"loop-entry"},"_links":{"self":[{"href":"https:\/\/keylessbest.com\/pt\/wp-json\/wp\/v2\/product\/17010","targetHints":{"allow":["GET"]}}],"collection":[{"href":"https:\/\/keylessbest.com\/pt\/wp-json\/wp\/v2\/product"}],"about":[{"href":"https:\/\/keylessbest.com\/pt\/wp-json\/wp\/v2\/types\/product"}],"replies":[{"embeddable":true,"href":"https:\/\/keylessbest.com\/pt\/wp-json\/wp\/v2\/comments?post=17010"}],"version-history":[{"count":4,"href":"https:\/\/keylessbest.com\/pt\/wp-json\/wp\/v2\/product\/17010\/revisions"}],"predecessor-version":[{"id":20106,"href":"https:\/\/keylessbest.com\/pt\/wp-json\/wp\/v2\/product\/17010\/revisions\/20106"}],"wp:featuredmedia":[{"embeddable":true,"href":"https:\/\/keylessbest.com\/pt\/wp-json\/wp\/v2\/media\/21439"}],"wp:attachment":[{"href":"https:\/\/keylessbest.com\/pt\/wp-json\/wp\/v2\/media?parent=17010"}],"wp:term":[{"taxonomy":"product_brand","embeddable":true,"href":"https:\/\/keylessbest.com\/pt\/wp-json\/wp\/v2\/product_brand?post=17010"},{"taxonomy":"product_cat","embeddable":true,"href":"https:\/\/keylessbest.com\/pt\/wp-json\/wp\/v2\/product_cat?post=17010"},{"taxonomy":"product_tag","embeddable":true,"href":"https:\/\/keylessbest.com\/pt\/wp-json\/wp\/v2\/product_tag?post=17010"},{"taxonomy":"2_year_make_model","embeddable":true,"href":"https:\/\/keylessbest.com\/pt\/wp-json\/wp\/v2\/2_year_make_model?post=17010"}],"curies":[{"name":"wp","href":"https:\/\/api.w.org\/{rel}","templated":true}]}}