{"id":17153,"date":"2025-08-19T09:30:02","date_gmt":"2025-08-19T09:30:02","guid":{"rendered":"https:\/\/hanwuji.shengjit.com\/?post_type=product&#038;p=17153"},"modified":"2026-02-23T07:39:34","modified_gmt":"2026-02-23T07:39:34","slug":"chaveiro-ic-2010-2019-buick-chevrolet-para-chaveiro-5461a-01060512-para-keylessbest","status":"publish","type":"product","link":"https:\/\/keylessbest.com\/pt\/product\/chaveiro-ic-2010-2019-buick-chevrolet-para-chaveiro-5461a-01060512-para-keylessbest\/","title":{"rendered":"2010-2019 Buick Chevrolet Chaveiro IC: 5461A-01060512 para Keylessbest"},"content":{"rendered":"<p>*As informa\u00e7\u00f5es detalhadas deste controle remoto sem chave GMC Buick de 2010-2019 s\u00e3o as seguintes. Por favor, confirme se os detalhes abaixo correspondem ao seu ve\u00edculo antes de fazer o pedido: FCC ID, N\u00famero da Pe\u00e7a, Ano do Modelo, IC, Frequ\u00eancia, Chip e Bot\u00f5es.<\/p>\n<h6><strong><b>Informa\u00e7\u00f5es do Produto:<\/b><\/strong><\/h6>\n<ul>\n<li>ID FCC: OHT01060512, OHT01060512, V2T01060512, V2T01060514, AVL-B01T1AC, AVL-B01T2AC<\/li>\n<li>PN: 13500319, 13504202, 13500224, 13585206 5912559, 5927058, 5921873<\/li>\n<li>IC: 5461A-01060512<\/li>\n<li>Frequ\u00eancia: 315MHz<\/li>\n<li>Chip:46<\/li>\n<li>Bot\u00f5es: Trancar, Destrancar, Porta-malas, P\u00e2nico, Partida Remota<\/li>\n<\/ul>\n<h6><strong><b>O modelo de refer\u00eancia:<\/b><\/strong><\/h6>\n<ul>\n<li>Chevrolet Cruze 2011-2016*<\/li>\n<li><a href=\"https:\/\/keylessbest.com\/pt\/product\/2010-2019-buick-gmc-chevrolet-spark-sonic-trax-equinox-terrain-encore-3-buttons-keyless-entry-remote-oht01060512-oht01060512-v2t01060512-v2t01060514-avl-b01t1ac-avl-b01t2ac-pn20873621-20\/\" data-wpil-monitor-id=\"210\">Chevrolet Equinox 2010-2019<\/a><\/li>\n<li>Chevrolet Impala 2014-2019<\/li>\n<li>Chevrolet Malibu 2014-2016<\/li>\n<li>Chevrolet Sonic 2012-2017<\/li>\n<li><a href=\"https:\/\/keylessbest.com\/pt\/product\/2010-2019-chevrolet-gmc-buick-camaro-cruze-equino-impala-malibu-sonic-terrain-lacrosse-regal-verano-encore-allure-4-buttons-keyless-entry-remote-oht01060512-pn13504200-13504205-13585811-5912\/\" data-wpil-monitor-id=\"212\">GMC Terrain 2010-2019<\/a><\/li>\n<li>2010-2016 <a href=\"https:\/\/keylessbest.com\/pt\/product\/2017-2020-buick-lacrosse-5-buttons-keyless-entry-remote-hyq4ea-pn-13508414\/\" data-wpil-monitor-id=\"213\">Buick LaCrosse<\/a><\/li>\n<li>Buick Regal 2011-2017<\/li>\n<li>Buick Verano 2012-2017<\/li>\n<li>Buick Encore 2014-2019<\/li>\n<li>\n<ol>\n<li>1. Pressione o bot\u00e3o TRAVAR e DESTRAVAR ao mesmo tempo por cerca de 5 segundos<\/li>\n<li>2. Solte apenas o bot\u00e3o TRAVAR (continue segurando o destravar)<\/li>\n<li>Pressione o bot\u00e3o TRANCAR por 3 vezes<\/li>\n<li>Solte todos os bot\u00f5es, pressione qualquer bot\u00e3o 1 vez, finalize a destrancagem. 2010-2012 Buick Allure Nota 2016 <a href=\"https:\/\/keylessbest.com\/pt\/product\/2016-2020-chevrolet-cruze-xl7-sonic-volt-bolt-spark-5-buttons-keyless-entry-remote-hyq4aa-pn-13508768-13585722-13585723-13529661-13529664-13508770-46\/\" data-wpil-monitor-id=\"211\">Chevrolet Cruze possui 3 poss\u00edveis controles remotos<\/a> espelhe chaves, por favor, verifique a chave que voc\u00ea precisa. As outras op\u00e7\u00f5es s\u00e3o 13514135 (ve\u00edculos com atualiza\u00e7\u00e3o XL8 433 MHz) e 13588756 (ve\u00edculos com XL7 315 MHz). Esta chave pode ser reutilizada ap\u00f3s realizar o seguinte passo<\/li>\n<li>Por favor, note: voc\u00ea precisa pressionar os bot\u00f5es rapidamente. Se segurar cada bot\u00e3o por 1 segundo, \u00e9 demais. Use esta chave ao fazer Perda de Todas as Chaves e o ve\u00edculo exigir 2 chaves novas, depois redefina a chave para us\u00e1-la novamente em outro ve\u00edculo! RFK-GM-REPRX. Esta Chave Flip \u00e9 uma chave REUTILIZ\u00c1VEL para ve\u00edculos GM (Veja as instru\u00e7\u00f5es abaixo)<\/li>\n<\/ol>\n<\/li>\n<\/ul>\n<h6><strong><b>Inclus\u00f5es do Pacote:<\/b><\/strong><\/h6>\n<ul>\n<li>Um novo chaveiro remoto sem chave do mercado de reposi\u00e7\u00e3o<\/li>\n<li>Uma chave de inser\u00e7\u00e3o de emerg\u00eancia aftermarket gratuita<\/li>\n<li>Todos os transmissores v\u00eam com uma bateria<\/li>\n<li>Todas as unidades s\u00e3o testadas antes do envio<\/li>\n<li>Garantia e satisfa\u00e7\u00e3o de 2 anos 100%<\/li>\n<\/ul>\n<h6><strong><b>Observa\u00e7\u00e3o:<\/b><\/strong><\/h6>\n<ul>\n<li>Chave inteligente de entrada sem chave para Buick Chevrolet GMC de 2010 a 2020 - sem logotipo, com uma chave de emerg\u00eancia n\u00e3o cortada inclu\u00edda.<\/li>\n<li>N\u00f3s n\u00e3o cortamos nem programamos a chave remota. Al\u00e9m disso, para pre\u00e7os, por favor, entre em contato com o chaveiro local ou concession\u00e1ria.<\/li>\n<li>Este transmissor \u00e9 compat\u00edvel com ve\u00edculos que possuem bot\u00e3o de partida\/parada no painel ou igni\u00e7\u00e3o com bot\u00e3o girat\u00f3rio, juntamente com um sistema de entrada sem chave proxy <a href=\"https:\/\/keylessbest.com\/pt\/product\/nissan-rogue-versa-pathfinder-2007-2013-com-sistema-inteligente-controle-remoto-de-entrada-sem-chave-de-3-botoes-cwtwbu729-cwtwbu735-cwtwbu624-pn-285e3-em30d-285e3-em31d\/\" data-wpil-monitor-id=\"209\">sistema de entrada sem chave<\/a>.<\/li>\n<li>O pre\u00e7o \u00e9 para uma \u00fanica <a href=\"https:\/\/keylessbest.com\/pt\/product\/2015-2021-jeep-renegade-5-buttons-keyless-entry-remote-m3n-40821302-replaces-pn-6mp33dx9aa-id-47-4a__trashed\/\" data-wpil-monitor-id=\"207\">chave de entrada sem chave de reposi\u00e7\u00e3o<\/a>, chave de emerg\u00eancia inclu\u00edda.<\/li>\n<li>Portanto, recomendamos fortemente que voc\u00ea tenha seu <a href=\"https:\/\/keylessbest.com\/pt\/como-programar-chaveiro-rapido-facil-passos-diy-para-qualquer-carro\/\" data-wpil-monitor-id=\"208\">CHAVEIRO programado<\/a> por um chaveiro profissional ou revendedor.<\/li>\n<\/ul>\n<h6><strong>Recursos de Programa\u00e7\u00e3o:<\/strong><\/h6>\n<p><a href=\"http:\/\/programyourfob.com\/?list_4\/\" target=\"_blank\" rel=\"noopener\">http:\/\/programyourfob.com\/?list_4\/<\/a><\/p>\n<p><a href=\"http:\/\/programyourfob.com\/?list_6\/\" target=\"_blank\" rel=\"noopener\">http:\/\/programyourfob.com\/?list_6\/<\/a><\/p>\n<p><a href=\"http:\/\/programyourfob.com\/?list_11\/\" target=\"_blank\" rel=\"noopener\">http:\/\/programyourfob.com\/?list_11\/<\/a><\/p>\n<p>Obrigado por nos escolher.<\/p>\n<p>Somos um dos fabricantes mais profissionais de chaves de carro, sistema de entrada sem chave, <a href=\"https:\/\/keylessbest.com\/pt\/product\/2014-2019-chevrolet-gmc-colorado-silverado-suburban-tahoe-sierra-yukon-canyon-4-buttons-keyless-entry-remote-m3n32337100-pn-22881480-13577761__trashed\/\" data-wpil-monitor-id=\"206\">controle remoto de chave de carro<\/a>, chips transponder, programadores de chaves, carca\u00e7as de chaves de carro, fechaduras de carro, ferramentas de chaveiro e assim por diante. Al\u00e9m disso, nossa empresa possui equipe profissional e linha de produ\u00e7\u00e3o. Ademais, somos especializados na produ\u00e7\u00e3o de v\u00e1rias chaves de carro, carca\u00e7as de chaves de carro e ferramentas de chaveiro. Tamb\u00e9m lidamos com desenvolvimento, fabrica\u00e7\u00e3o e atacado de produtos de seguran\u00e7a e prote\u00e7\u00e3o automotiva.<\/p>\n<p>Pre\u00e7os competitivos e servi\u00e7os dedicados ajudar\u00e3o voc\u00ea a conquistar um bom mercado. Al\u00e9m disso, mais de 10 jovens e en\u00e9rgicos times de vendas oferecem servi\u00e7o r\u00e1pido, profissional e amig\u00e1vel a qualquer momento. Al\u00e9m disso, todos os nossos produtos\u00a0\u00a0s\u00e3o enviados diretamente do armaz\u00e9m na Brasil, Canad\u00e1 e M\u00e9xico. Portanto, as mercadorias que voc\u00ea comprar ser\u00e3o embaladas e enviadas dentro de 48 horas ap\u00f3s a realiza\u00e7\u00e3o do pedido. Mais de 100% de nossos produtos est\u00e3o em estoque, e o invent\u00e1rio \u00e9 suficiente.<\/p>\n<p>&nbsp;<\/p>","protected":false},"excerpt":{"rendered":"<ul>\n<li>SKU:CA-GM776<\/li>\n<li>ID FCC: OHT01060512, OHT01060512, V2T01060512, V2T01060514, AVL-B01T1AC, AVL-B01T2A<\/li>\n<li>PN: 13500319, 13504202, 13500224, 13585206 5912559, 5927058, 5921873<\/li>\n<li>IC: 5461A-01060512<\/li>\n<li>Frequ\u00eancia: 315MHz<\/li>\n<li>Chip:46<\/li>\n<li>Bot\u00f5es: Trancar, Destrancar, Porta-malas, P\u00e2nico, Partida Remota<\/li>\n<\/ul>","protected":false},"featured_media":21425,"comment_status":"open","ping_status":"closed","template":"","meta":{"_bst_post_transparent":"default","_bst_post_title":"","_bst_post_layout":"default","_bst_post_sidebar_id":"","_bst_post_content_style":"default","_bst_post_vertical_padding":"default","_bst_post_feature":"","_bst_post_feature_position":"","_bst_post_header":false,"_bst_post_footer":false},"product_brand":[],"product_cat":[15,151,150,152],"product_tag":[],"2_year_make_model":[],"class_list":{"0":"post-17153","1":"product","2":"type-product","3":"status-publish","4":"has-post-thumbnail","6":"product_cat-carkeyremote","7":"product_cat-for-buick","8":"product_cat-for-chevrolet","9":"product_cat-for-gmc","11":"first","12":"instock","13":"sale","14":"shipping-taxable","15":"purchasable","16":"product-type-simple","17":"entry","18":"content-bg","19":"loop-entry"},"_links":{"self":[{"href":"https:\/\/keylessbest.com\/pt\/wp-json\/wp\/v2\/product\/17153","targetHints":{"allow":["GET"]}}],"collection":[{"href":"https:\/\/keylessbest.com\/pt\/wp-json\/wp\/v2\/product"}],"about":[{"href":"https:\/\/keylessbest.com\/pt\/wp-json\/wp\/v2\/types\/product"}],"replies":[{"embeddable":true,"href":"https:\/\/keylessbest.com\/pt\/wp-json\/wp\/v2\/comments?post=17153"}],"version-history":[{"count":3,"href":"https:\/\/keylessbest.com\/pt\/wp-json\/wp\/v2\/product\/17153\/revisions"}],"predecessor-version":[{"id":19399,"href":"https:\/\/keylessbest.com\/pt\/wp-json\/wp\/v2\/product\/17153\/revisions\/19399"}],"wp:featuredmedia":[{"embeddable":true,"href":"https:\/\/keylessbest.com\/pt\/wp-json\/wp\/v2\/media\/21425"}],"wp:attachment":[{"href":"https:\/\/keylessbest.com\/pt\/wp-json\/wp\/v2\/media?parent=17153"}],"wp:term":[{"taxonomy":"product_brand","embeddable":true,"href":"https:\/\/keylessbest.com\/pt\/wp-json\/wp\/v2\/product_brand?post=17153"},{"taxonomy":"product_cat","embeddable":true,"href":"https:\/\/keylessbest.com\/pt\/wp-json\/wp\/v2\/product_cat?post=17153"},{"taxonomy":"product_tag","embeddable":true,"href":"https:\/\/keylessbest.com\/pt\/wp-json\/wp\/v2\/product_tag?post=17153"},{"taxonomy":"2_year_make_model","embeddable":true,"href":"https:\/\/keylessbest.com\/pt\/wp-json\/wp\/v2\/2_year_make_model?post=17153"}],"curies":[{"name":"wp","href":"https:\/\/api.w.org\/{rel}","templated":true}]}}