{"id":17213,"date":"2025-08-19T09:31:43","date_gmt":"2025-08-19T09:31:43","guid":{"rendered":"https:\/\/hanwuji.shengjit.com\/?post_type=product&#038;p=17213"},"modified":"2026-02-13T01:04:33","modified_gmt":"2026-02-13T01:04:33","slug":"chaveiro-chevrolet-gmc-2014-2019-pn-22881480-para-keylessbest","status":"publish","type":"product","link":"https:\/\/keylessbest.com\/pt\/product\/chaveiro-chevrolet-gmc-2014-2019-pn-22881480-para-keylessbest\/","title":{"rendered":"Chaveiro Chevrolet GMC 2014-2019 PN: 22881480 para keylessbest"},"content":{"rendered":"<p>*As informa\u00e7\u00f5es detalhadas deste controle remoto sem chave de 2007-2014 Cadillac GMC Chevrolet s\u00e3o as seguintes. Por favor, confirme se os detalhes abaixo correspondem ao seu ve\u00edculo antes de fazer o pedido: ID FCC, N\u00famero da Pe\u00e7a, Ano do Modelo, IC, Frequ\u00eancia, Chip e Bot\u00f5es.<\/p>\n<h6><strong><b>Informa\u00e7\u00f5es do Produto:<\/b><\/strong><\/h6>\n<ul>\n<li>ID FCC: M3N32337100<\/li>\n<li>PN: 22881480, 13577761<\/li>\n<li>IC: 7812A-32337100<\/li>\n<li>Frequ\u00eancia: 315MHz<\/li>\n<li>Bot\u00f5es: Trancar, Destrancar, P\u00e2nico, Partida Remota<\/li>\n<\/ul>\n<h6><strong><b>O modelo de refer\u00eancia:<\/b><\/strong><\/h6>\n<ul>\n<li>Chevrolet Colorado 2015 \u2013 2019<\/li>\n<li>2014 &#8211; 2019 <a href=\"https:\/\/keylessbest.com\/pt\/product\/2021-2024-chevrolet-silverado-5-buttons-keyless-entry-remote-yg0g21tb2-pn13548437-13514331__trashed\/\" data-wpil-monitor-id=\"195\">Chevrolet Silverado<\/a><\/li>\n<li><a href=\"https:\/\/keylessbest.com\/pt\/product\/2015-2020-cadillac-ats-ats-v-ct6-ct6-plug-in-cts-cts-v-xts-5-buttons-keyless-entry-remote-hyq2eb-pn-13598512-13594029s-13510243-46__trashed\/\" data-wpil-monitor-id=\"191\">2015 &#8211; 2018<\/a> Chevrolet Suburban<\/li>\n<li>2015 &#8211; 2018 <a href=\"https:\/\/keylessbest.com\/pt\/product\/2015-2022-gmc-chevrolet-tahoe-suburban-terrain-yukon-yukon-xl-4-buttons-keyless-entry-remote-hyq1aa-pn13584512__trashed\/\" data-wpil-monitor-id=\"196\">Chevrolet Tahoe<\/a><\/li>\n<li>GMC Sierra 2014 \u2013 2019<\/li>\n<li>2015 &#8211; 2018 <a href=\"https:\/\/keylessbest.com\/pt\/product\/2015-2020-gmc-chevrolet-yukon-yukon-xl-suburban-tahoe-6-buttons-keyless-entry-remote-hyq1aa-pn-13580804-13508278\/\" data-wpil-monitor-id=\"197\">GMC Yukon<\/a><\/li>\n<li>2015 &#8211; 2019 <a href=\"https:\/\/keylessbest.com\/pt\/product\/2023-2024-gmc-canyon-sierra-4-buttons-keyless-entry-remote-yg0g21tb2-pn13530574-13541561-13545334-13548432-id49\/\" data-wpil-monitor-id=\"198\">GMC Canyon<\/a><\/li>\n<\/ul>\n<h6><strong><b>Inclus\u00f5es do Pacote:<\/b><\/strong><\/h6>\n<ul>\n<li>Um novo chaveiro remoto sem chave do mercado de reposi\u00e7\u00e3o<\/li>\n<li>Uma chave de inser\u00e7\u00e3o de emerg\u00eancia aftermarket gratuita<\/li>\n<li>Todos os transmissores v\u00eam com uma bateria<\/li>\n<li>Todas as unidades s\u00e3o testadas antes do envio<\/li>\n<li>Garantia e satisfa\u00e7\u00e3o de 2 anos 100%<\/li>\n<\/ul>\n<h6><strong><b>Observa\u00e7\u00e3o:<\/b><\/strong><\/h6>\n<ul>\n<li>Chave inteligente de entrada sem chave para Buick Chevrolet GMC de 2010 a 2020 - sem logotipo, com uma chave de emerg\u00eancia n\u00e3o cortada inclu\u00edda.<\/li>\n<li>N\u00f3s n\u00e3o cortamos ou programamos a <a href=\"https:\/\/keylessbest.com\/pt\/loja-de-chaves-de-carro-keylessbestcarkeyfobshop\/\" data-wpil-monitor-id=\"199\">chave remota<\/a>. Al\u00e9m disso, para pre\u00e7os, entre em contato com o chaveiro ou concession\u00e1ria local.<\/li>\n<li>Este transmissor \u00e9 compat\u00edvel com ve\u00edculos que possuem bot\u00e3o de partida\/parada no painel ou igni\u00e7\u00e3o com bot\u00e3o girat\u00f3rio, juntamente com um sistema de entrada sem chave proxy <a href=\"https:\/\/keylessbest.com\/pt\/product\/nissan-rogue-versa-pathfinder-2007-2013-com-sistema-inteligente-controle-remoto-de-entrada-sem-chave-de-3-botoes-cwtwbu729-cwtwbu735-cwtwbu624-pn-285e3-em30d-285e3-em31d\/\" data-wpil-monitor-id=\"194\">sistema de entrada sem chave<\/a>.<\/li>\n<li>O pre\u00e7o \u00e9 para uma \u00fanica <a href=\"https:\/\/keylessbest.com\/pt\/product\/2015-2021-jeep-renegade-5-buttons-keyless-entry-remote-m3n-40821302-replaces-pn-6mp33dx9aa-id-47-4a__trashed\/\" data-wpil-monitor-id=\"192\">chave de entrada sem chave de reposi\u00e7\u00e3o<\/a>, chave de emerg\u00eancia inclu\u00edda.<\/li>\n<li>Portanto, recomendamos fortemente que voc\u00ea tenha seu <a href=\"https:\/\/keylessbest.com\/pt\/como-programar-chaveiro-rapido-facil-passos-diy-para-qualquer-carro\/\" data-wpil-monitor-id=\"193\">CHAVEIRO programado<\/a> por um chaveiro profissional ou revendedor.<\/li>\n<\/ul>\n<h6><strong>Recursos de Programa\u00e7\u00e3o:<\/strong><\/h6>\n<p><a href=\"http:\/\/programyourfob.com\/?list_6\/\" target=\"_blank\" rel=\"noopener\">http:\/\/programyourfob.com\/?list_6\/<\/a><\/p>\n<p><a href=\"http:\/\/programyourfob.com\/?list_11\/\" target=\"_blank\" rel=\"noopener\">http:\/\/programyourfob.com\/?list_11\/<\/a><\/p>\n<p>Obrigado por nos escolher.<\/p>\n<p>Somos um dos fabricantes mais profissionais de chaves de carro, sistema de entrada sem chave, <a href=\"https:\/\/keylessbest.com\/pt\/product\/hyundai-accent-2012-2014-remoto-de-entrada-sem-chave-de-3-botoes-tq8rke-3f01-pn-95430-2e200-95430-1r200-954301r200-954302e200__trashed\/\" data-wpil-monitor-id=\"190\">controle remoto de chave de carro<\/a>, chips transponders, programadores de chaves, carca\u00e7as de chaves de carro, fechaduras de carro, ferramentas de chaveiro e assim por diante. Al\u00e9m disso, nossa empresa possui equipe profissional e linha de produ\u00e7\u00e3o. Al\u00e9m disso, somos especializados na produ\u00e7\u00e3o de v\u00e1rias <a href=\"https:\/\/keylessbest.com\/pt\/quanto-custa-para-substituir-um-chaveiro-de-carro-em-2025\/\" data-wpil-monitor-id=\"200\">chaves de carro<\/a>, car keys, e capas de chaves, e ferramentas de chaveiro. Tamb\u00e9m lidamos com desenvolvimento, fabrica\u00e7\u00e3o e atacado de produtos de seguran\u00e7a e prote\u00e7\u00e3o automotiva.<\/p>\n<p>Pre\u00e7os competitivos e servi\u00e7os dedicados ajudar\u00e3o voc\u00ea a conquistar um bom mercado. Al\u00e9m disso, mais de 10 jovens e en\u00e9rgicos times de vendas oferecem servi\u00e7o r\u00e1pido, profissional e amig\u00e1vel a qualquer momento. Al\u00e9m disso, todos os nossos produtos\u00a0\u00a0s\u00e3o enviados diretamente do armaz\u00e9m na Brasil, Canad\u00e1 e M\u00e9xico. Portanto, as mercadorias que voc\u00ea comprar ser\u00e3o embaladas e enviadas dentro de 48 horas ap\u00f3s a realiza\u00e7\u00e3o do pedido. Mais de 100% de nossos produtos est\u00e3o em estoque, e o invent\u00e1rio \u00e9 suficiente.<\/p>","protected":false},"excerpt":{"rendered":"<ul>\n<li>SKU: CA-GM916<\/li>\n<li>ID FCC: M3N32337100<\/li>\n<li>PN: 22881480, 13577761<\/li>\n<li>IC: 7812A-32337100<\/li>\n<li>Frequ\u00eancia: 315MHz<\/li>\n<li>Bot\u00f5es: Trancar, Destrancar, P\u00e2nico, Partida Remota<\/li>\n<\/ul>","protected":false},"featured_media":21137,"comment_status":"open","ping_status":"closed","template":"","meta":{"_bst_post_transparent":"default","_bst_post_title":"","_bst_post_layout":"default","_bst_post_sidebar_id":"","_bst_post_content_style":"default","_bst_post_vertical_padding":"default","_bst_post_feature":"","_bst_post_feature_position":"","_bst_post_header":false,"_bst_post_footer":false},"product_brand":[],"product_cat":[15,150,152],"product_tag":[],"2_year_make_model":[],"class_list":{"0":"post-17213","1":"product","2":"type-product","3":"status-publish","4":"has-post-thumbnail","6":"product_cat-carkeyremote","7":"product_cat-for-chevrolet","8":"product_cat-for-gmc","10":"first","11":"instock","12":"sale","13":"shipping-taxable","14":"purchasable","15":"product-type-simple","16":"entry","17":"content-bg","18":"loop-entry"},"_links":{"self":[{"href":"https:\/\/keylessbest.com\/pt\/wp-json\/wp\/v2\/product\/17213","targetHints":{"allow":["GET"]}}],"collection":[{"href":"https:\/\/keylessbest.com\/pt\/wp-json\/wp\/v2\/product"}],"about":[{"href":"https:\/\/keylessbest.com\/pt\/wp-json\/wp\/v2\/types\/product"}],"replies":[{"embeddable":true,"href":"https:\/\/keylessbest.com\/pt\/wp-json\/wp\/v2\/comments?post=17213"}],"version-history":[{"count":3,"href":"https:\/\/keylessbest.com\/pt\/wp-json\/wp\/v2\/product\/17213\/revisions"}],"predecessor-version":[{"id":19396,"href":"https:\/\/keylessbest.com\/pt\/wp-json\/wp\/v2\/product\/17213\/revisions\/19396"}],"wp:featuredmedia":[{"embeddable":true,"href":"https:\/\/keylessbest.com\/pt\/wp-json\/wp\/v2\/media\/21137"}],"wp:attachment":[{"href":"https:\/\/keylessbest.com\/pt\/wp-json\/wp\/v2\/media?parent=17213"}],"wp:term":[{"taxonomy":"product_brand","embeddable":true,"href":"https:\/\/keylessbest.com\/pt\/wp-json\/wp\/v2\/product_brand?post=17213"},{"taxonomy":"product_cat","embeddable":true,"href":"https:\/\/keylessbest.com\/pt\/wp-json\/wp\/v2\/product_cat?post=17213"},{"taxonomy":"product_tag","embeddable":true,"href":"https:\/\/keylessbest.com\/pt\/wp-json\/wp\/v2\/product_tag?post=17213"},{"taxonomy":"2_year_make_model","embeddable":true,"href":"https:\/\/keylessbest.com\/pt\/wp-json\/wp\/v2\/2_year_make_model?post=17213"}],"curies":[{"name":"wp","href":"https:\/\/api.w.org\/{rel}","templated":true}]}}