{"id":17473,"date":"2025-08-19T09:41:30","date_gmt":"2025-08-19T09:41:30","guid":{"rendered":"https:\/\/hanwuji.shengjit.com\/?post_type=product&#038;p=17473"},"modified":"2026-02-12T09:21:55","modified_gmt":"2026-02-12T09:21:55","slug":"chaveiro-ford-1998-2016-cwtwb1u345-315mhz-para-entrada-sem-chave-2","status":"publish","type":"product","link":"https:\/\/keylessbest.com\/pt\/product\/chaveiro-ford-1998-2016-cwtwb1u345-315mhz-para-entrada-sem-chave-2\/","title":{"rendered":"Chaveiro Ford 1998-2016 CWTWB1U345 315MHz para entrada sem chave"},"content":{"rendered":"<p>*As informa\u00e7\u00f5es detalhadas deste chaveiro remoto sem chave Ford Lincoln Mercury Mazda de 1999-2016 s\u00e3o as seguintes. Por favor, confirme se os detalhes abaixo correspondem ao seu ve\u00edculo antes de fazer o pedido: ID FCC, N\u00famero da Pe\u00e7a, Ano do Modelo, IC, Frequ\u00eancia, Chip e Bot\u00f5es.<\/p>\n<h6><strong><b>Informa\u00e7\u00f5es do Produto:<\/b><\/strong><\/h6>\n<ul>\n<li>ID FCC: CWTWB1U345<\/li>\n<li>Frequ\u00eancia: 315MHz<\/li>\n<\/ul>\n<h6><strong><b>O modelo de refer\u00eancia:<\/b><\/strong><\/h6>\n<ul>\n<li>1998 \u2013 2001 Ford F-100 Ranger<\/li>\n<li>1998 \u2013 2016 Ford F-150<\/li>\n<li>2004 Ford F-150 Heritage<\/li>\n<li>1998 \u2013 2009 Ford F-250<\/li>\n<li>1999 \u2013 2016 Ford F-250 Super Duty<\/li>\n<li>1998 \u2013 2016 Ford F-350<\/li>\n<li>1999 \u2013 2016 Ford F-350 Super Duty<\/li>\n<li>1998 \u2013 2016 Ford F-450<\/li>\n<li>1999 \u2013 2016 Ford F-450 Super Duty<\/li>\n<li>2010 \u2013 2016 Ford F-550<\/li>\n<li>1999 \u2013 2016 Ford F-550 Super Duty<\/li>\n<li>2010 \u2013 2016 Ford Flex<\/li>\n<li>1998 \u2013 2016 Ford Expedition<\/li>\n<li>Ford Edge 2007 \u2013 2015<\/li>\n<li>2001 \u2013 2014 Ford Escape<\/li>\n<li>2000 \u2013 2005 Ford Excursion<\/li>\n<li>2002 \u2013 2003 Ford Escort<\/li>\n<li>1998 \u2013 2015 Ford Explorer<\/li>\n<li>2001 \u2013 2010 Ford Explorer Sport Trac<\/li>\n<li>2010 \u2013 2013 Ford Econoline Van<\/li>\n<li>2010 \u2013 2013 Ford Econoline Wagon<\/li>\n<li>2003 \u2013 2014 Ford E-150<\/li>\n<li>2003 \u2013 2005 Ford E-150 Club Wagon<\/li>\n<li>1999 \u2013 2008 Ford E-150 Econoline<\/li>\n<li>1999 \u2013 2002 Ford E-150 Econoline Club Wagon<\/li>\n<li>2004 \u2013 2005 Ford E-250 Super Duty<\/li>\n<li>2003 \u2013 2014 Ford E-250<\/li>\n<li>1999 \u2013 2002 Ford E-250 Econoline<\/li>\n<li>1999 \u2013 2002 Ford E-350 Econoline Club Wagon<\/li>\n<li>1999 \u2013 2014 Ford E-350 Super Duty<\/li>\n<li>2003 \u2013 2005 Ford E-350 Club Wagon<\/li>\n<li>1999 \u2013 2007 Ford E-350 Econoline<\/li>\n<li>2003 \u2013 2014 Ford E-450 Super Duty<\/li>\n<li>1999 \u2013 2002 Ford E-450 Econoline Super Duty<\/li>\n<li>2003 Ford E-550 Super Duty<\/li>\n<li>2002 Ford E-550 Econoline Super Duty<\/li>\n<li>2000 \u2013 2006 Ford Econoline<\/li>\n<li>Ford Focus 2006 \u2013 2012<\/li>\n<li>Ford Fusion 2006 \u2013 2012<\/li>\n<li>Ford Freestar 2004 \u2013 2007<\/li>\n<li>2005 \u2013 2007 Ford Freestyle<\/li>\n<li>1998 \u2013 2012 Ford Ranger<\/li>\n<li>1998 \u2013 2003 Ford Windstar<\/li>\n<li>Ford Taurus X 2008 \u2013 2009<\/li>\n<li>2001 \u2013 2011 Mazda Tribute<\/li>\n<li>2001 \u2013 2010 Mazda B2300<\/li>\n<li>1998 \u2013 2001 Mazda B2500<\/li>\n<li>1998 \u2013 2010 Mazda B4000<\/li>\n<li>1998 \u2013 2009 Mazda B3000<\/li>\n<li>2005 \u2013 2011 Mercury Mariner<\/li>\n<li>1998 \u2013 2010 Mercury Mountaineer<\/li>\n<li>1999 \u2013 2009 Mercury Sable<\/li>\n<li>2004 \u2013 2007 Mercury Monterey<\/li>\n<li>2003 \u2013 2004 Mercury Marauder<\/li>\n<li>2007 \u2013 2016 Lincoln MKZ<\/li>\n<li>2007 \u2013 2013 Lincoln MKX<\/li>\n<li>2002 \u2013 2003 Lincoln Blackwood<\/li>\n<li>2006 \u2013 2008 Lincoln Mark LT<\/li>\n<li>1999 \u2013 2015 Lincoln Navigator<\/li>\n<\/ul>\n<h6><strong><b>Inclus\u00f5es do Pacote:<\/b><\/strong><\/h6>\n<ul>\n<li>Um novo chaveiro remoto sem chave do mercado de reposi\u00e7\u00e3o<\/li>\n<li>Uma chave de inser\u00e7\u00e3o de emerg\u00eancia aftermarket gratuita<\/li>\n<li>Todos os transmissores v\u00eam com uma bateria<\/li>\n<li>Todas as unidades s\u00e3o testadas antes do envio<\/li>\n<li>Garantia e satisfa\u00e7\u00e3o de 2 anos 100%<\/li>\n<\/ul>\n<h6><strong><b>Observa\u00e7\u00e3o:<\/b><\/strong><\/h6>\n<ul>\n<li>Substitui\u00e7\u00e3o do chaveiro de entrada sem chave Ford Lincoln Mercury Mazda de 1999 a 2016 \u2013 sem logotipo, com uma chave de emerg\u00eancia n\u00e3o cortada inclu\u00edda.<\/li>\n<li>N\u00f3s n\u00e3o cortamos nem programamos a chave remota. Al\u00e9m disso, para pre\u00e7os, por favor, entre em contato com o chaveiro local ou concession\u00e1ria.<\/li>\n<li>Este transmissor \u00e9 compat\u00edvel com ve\u00edculos que possuem bot\u00e3o de partida\/parada no painel ou igni\u00e7\u00e3o de bot\u00e3o girat\u00f3rio, juntamente com um sistema de entrada sem chave proxy.<\/li>\n<li>O pre\u00e7o \u00e9 para um \u00fanico chaveiro de entrada sem chave de reposi\u00e7\u00e3o completo, com chave de emerg\u00eancia inclu\u00edda.<\/li>\n<li>Portanto, recomendamos fortemente que voc\u00ea tenha seu KEY FOB programado por um chaveiro profissional ou concession\u00e1ria.<\/li>\n<\/ul>\n<h6><strong>Recursos de Programa\u00e7\u00e3o:<\/strong><\/h6>\n<p><a href=\"http:\/\/programyourfob.com\/?list_9\/\" target=\"_blank\" rel=\"noopener\">http:\/\/programyourfob.com\/?list_9\/<\/a><\/p>\n<p><a href=\"http:\/\/programyourfob.com\/?list_22\/\" target=\"_blank\" rel=\"noopener\">http:\/\/programyourfob.com\/?list_22\/<\/a><\/p>\n<p><a href=\"http:\/\/programyourfob.com\/?list_24\/\" target=\"_blank\" rel=\"noopener\">http:\/\/programyourfob.com\/?list_24\/<\/a><\/p>\n<p><a href=\"http:\/\/programyourfob.com\/?list_23\/\" target=\"_blank\" rel=\"noopener\">http:\/\/programyourfob.com\/?list_23\/<\/a><\/p>\n<p>Obrigado por nos escolher.<\/p>\n<p>Somos um dos fabricantes mais profissionais de chaves de carro, sistema de entrada sem chave, controle remoto de chave de carro, chips transponder, programadores de chaves, carca\u00e7as de chaves de carro, fechaduras de carro, ferramentas de chaveiro e assim por diante. Al\u00e9m disso, nossa empresa possui uma equipe profissional e linha de produ\u00e7\u00e3o. Al\u00e9m disso, somos especializados na produ\u00e7\u00e3o de v\u00e1rias chaves de carro, carca\u00e7as de chaves de carro e ferramentas de chaveiro. Tamb\u00e9m lidamos com desenvolvimento, fabrica\u00e7\u00e3o e atacado de produtos de seguran\u00e7a e prote\u00e7\u00e3o automotiva.<\/p>\n<p>Pre\u00e7os competitivos e servi\u00e7os dedicados ajudar\u00e3o voc\u00ea a conquistar um bom mercado. Al\u00e9m disso, mais de 10 jovens e en\u00e9rgicos times de vendas oferecem servi\u00e7o r\u00e1pido, profissional e amig\u00e1vel a qualquer momento. Al\u00e9m disso, todos os nossos produtos\u00a0\u00a0s\u00e3o enviados diretamente do armaz\u00e9m na Brasil, Canad\u00e1 e M\u00e9xico. Portanto, as mercadorias que voc\u00ea comprar ser\u00e3o embaladas e enviadas dentro de 48 horas ap\u00f3s a realiza\u00e7\u00e3o do pedido. Mais de 100% de nossos produtos est\u00e3o em estoque, e o invent\u00e1rio \u00e9 suficiente.<\/p>","protected":false},"excerpt":{"rendered":"<ul>\n<li>ID FCC: CWTWB1U345<\/li>\n<li>Frequ\u00eancia: 315MHz<\/li>\n<\/ul>","protected":false},"featured_media":21111,"comment_status":"open","ping_status":"closed","template":"","meta":{"_bst_post_transparent":"default","_bst_post_title":"","_bst_post_layout":"default","_bst_post_sidebar_id":"","_bst_post_content_style":"default","_bst_post_vertical_padding":"default","_bst_post_feature":"","_bst_post_feature_position":"","_bst_post_header":false,"_bst_post_footer":false},"product_brand":[],"product_cat":[15,156,379,159,380],"product_tag":[],"2_year_make_model":[],"class_list":{"0":"post-17473","1":"product","2":"type-product","3":"status-publish","4":"has-post-thumbnail","6":"product_cat-carkeyremote","7":"product_cat-for-ford","8":"product_cat-for-lincoln","9":"product_cat-for-mazda","10":"product_cat-for-mercury","12":"first","13":"instock","14":"sale","15":"shipping-taxable","16":"purchasable","17":"product-type-simple","18":"entry","19":"content-bg","20":"loop-entry"},"_links":{"self":[{"href":"https:\/\/keylessbest.com\/pt\/wp-json\/wp\/v2\/product\/17473","targetHints":{"allow":["GET"]}}],"collection":[{"href":"https:\/\/keylessbest.com\/pt\/wp-json\/wp\/v2\/product"}],"about":[{"href":"https:\/\/keylessbest.com\/pt\/wp-json\/wp\/v2\/types\/product"}],"replies":[{"embeddable":true,"href":"https:\/\/keylessbest.com\/pt\/wp-json\/wp\/v2\/comments?post=17473"}],"version-history":[{"count":2,"href":"https:\/\/keylessbest.com\/pt\/wp-json\/wp\/v2\/product\/17473\/revisions"}],"predecessor-version":[{"id":19584,"href":"https:\/\/keylessbest.com\/pt\/wp-json\/wp\/v2\/product\/17473\/revisions\/19584"}],"wp:featuredmedia":[{"embeddable":true,"href":"https:\/\/keylessbest.com\/pt\/wp-json\/wp\/v2\/media\/21111"}],"wp:attachment":[{"href":"https:\/\/keylessbest.com\/pt\/wp-json\/wp\/v2\/media?parent=17473"}],"wp:term":[{"taxonomy":"product_brand","embeddable":true,"href":"https:\/\/keylessbest.com\/pt\/wp-json\/wp\/v2\/product_brand?post=17473"},{"taxonomy":"product_cat","embeddable":true,"href":"https:\/\/keylessbest.com\/pt\/wp-json\/wp\/v2\/product_cat?post=17473"},{"taxonomy":"product_tag","embeddable":true,"href":"https:\/\/keylessbest.com\/pt\/wp-json\/wp\/v2\/product_tag?post=17473"},{"taxonomy":"2_year_make_model","embeddable":true,"href":"https:\/\/keylessbest.com\/pt\/wp-json\/wp\/v2\/2_year_make_model?post=17473"}],"curies":[{"name":"wp","href":"https:\/\/api.w.org\/{rel}","templated":true}]}}