{"id":17660,"date":"2025-08-19T09:49:18","date_gmt":"2025-08-19T09:49:18","guid":{"rendered":"https:\/\/hanwuji.shengjit.com\/?post_type=product&#038;p=17660"},"modified":"2026-02-25T06:49:50","modified_gmt":"2026-02-25T06:49:50","slug":"chaveiro-ford-2011-2019-5922964-para-keylessbest","status":"publish","type":"product","link":"https:\/\/keylessbest.com\/pt\/product\/chaveiro-ford-2011-2019-5922964-para-keylessbest\/","title":{"rendered":"Chaveiro Ford 2011-2019 5922964 para keylessbest"},"content":{"rendered":"<p>*As informa\u00e7\u00f5es detalhadas desta chave remota sem chave Ford de 2015-2022 s\u00e3o as seguintes. Por favor, confirme se os detalhes abaixo correspondem ao seu ve\u00edculo antes de fazer o pedido: ID FCC, N\u00famero da Pe\u00e7a, Ano do Modelo, IC, Frequ\u00eancia, Chip e Bot\u00f5es.<\/p>\n<h6><strong><b>Informa\u00e7\u00f5es do Produto:<\/b><\/strong><\/h6>\n<ul>\n<li>ID FCC: CWTWB1U793<\/li>\n<li>PN: 5922964, 164-R8046, 164-R7976<\/li>\n<li>IC: 1788A-FWB1U793<\/li>\n<li>Frequ\u00eancia: 315MHz<\/li>\n<li>Chip: <a href=\"https:\/\/keylessbest.com\/pt\/product\/2001-2017-ford-lincoln-econoline-edge-escape-expedition-explorer-flex-freestar-freestyle-f-150-f-250-350-450-f-550-650-750-fusion-ranger-taurus-x-windstar-mkx-mkzuction-3-buttons-keyless-ent\/\" data-wpil-monitor-id=\"113\">4D63 80Bits<\/a><\/li>\n<li>Bot\u00f5es: Desbloquear, Trancar, P\u00e2nico<\/li>\n<\/ul>\n<h6><strong><b>O modelo de refer\u00eancia:<\/b><\/strong><\/h6>\n<ul>\n<li>Ford C-Max 2013 \u2013 2019<\/li>\n<li>Ford Escape 2013 \u2013 2019<\/li>\n<li>Ford Focus 2012 \u2013 2019<\/li>\n<li>Ford Fiesta 2015 \u2013 2019<\/li>\n<li>2013 &#8211; 2018 <a href=\"https:\/\/keylessbest.com\/pt\/product\/2019-2020-ford-transit-transit-connect-4-buttons-keyless-entry-remote-n5f-a08taa-pn-164-r8236-4d-63-128-bit-49__trashed\/\" data-wpil-monitor-id=\"112\">Ford Transit<\/a><\/li>\n<li>Ford Transit Connect 2014 \u2013 2018<\/li>\n<li>Ford Expedition 2011 \u2013 2017<\/li>\n<li>2011 &#8211; 2015 <a href=\"https:\/\/keylessbest.com\/pt\/product\/ford-lincoln-mazda-mercury-edge-escape-expedition-explorer-explorer-sport-trac-f-150-f-350-flex-focus-fusion-freestar-freestyle-ranger-taurus-x-windstar-mark-lt-mkx-mkz-b-series-tribute-m-2000-2018\/\" data-wpil-monitor-id=\"115\">Ford Explorer<\/a><\/li>\n<li>Ford Flex 2012 \u2013 2017<\/li>\n<li>Ford Taurus 2012 \u2013 2019<br \/>\nNOTA: O REMOTO DEVE SER PROGRAMADO USANDO PROCEDIMENTO A BORDO SEPARADO DO TRANSPONDER.*Ford Transit \u2013 o bot\u00e3o do porta-malas funcionar\u00e1 para operar a porta deslizante<\/li>\n<\/ul>\n<h6><strong><b>Inclus\u00f5es do Pacote:<\/b><\/strong><\/h6>\n<ul>\n<li>Um novo chaveiro remoto sem chave do mercado de reposi\u00e7\u00e3o<\/li>\n<li>Uma chave de inser\u00e7\u00e3o de emerg\u00eancia aftermarket gratuita<\/li>\n<li>Todos os transmissores v\u00eam com uma bateria<\/li>\n<li>Todas as unidades s\u00e3o testadas antes do envio<\/li>\n<li>Garantia e satisfa\u00e7\u00e3o de 2 anos 100%<\/li>\n<\/ul>\n<h6><strong><b>Observa\u00e7\u00e3o:<\/b><\/strong><\/h6>\n<ul>\n<li>O Ford inteligente de 2011-2019 <a href=\"https:\/\/keylessbest.com\/pt\/product\/2015-2020-cadillac-ats-ats-v-ct6-ct6-plug-in-cts-cts-v-xts-5-buttons-keyless-entry-remote-hyq2eb-pn-13598512-13594029s-13510243-46__trashed\/\" data-wpil-monitor-id=\"108\">chaveiro de entrada sem chave<\/a> substitui\u00e7\u00e3o \u2013 sem logotipo, com uma chave de emerg\u00eancia n\u00e3o cortada inclu\u00edda.<\/li>\n<li>N\u00f3s n\u00e3o cortamos nem programamos a chave remota. Al\u00e9m disso, para pre\u00e7os, por favor, entre em contato com o chaveiro local ou concession\u00e1ria.<\/li>\n<li>Este transmissor \u00e9 compat\u00edvel com ve\u00edculos que possuem bot\u00e3o de partida\/parada no painel ou igni\u00e7\u00e3o com bot\u00e3o girat\u00f3rio, juntamente com um sistema de entrada sem chave proxy <a href=\"https:\/\/keylessbest.com\/pt\/product\/nissan-rogue-versa-pathfinder-2007-2013-com-sistema-inteligente-controle-remoto-de-entrada-sem-chave-de-3-botoes-cwtwbu729-cwtwbu735-cwtwbu624-pn-285e3-em30d-285e3-em31d\/\" data-wpil-monitor-id=\"111\">sistema de entrada sem chave<\/a>.<\/li>\n<li>O pre\u00e7o \u00e9 para uma \u00fanica <a href=\"https:\/\/keylessbest.com\/pt\/product\/2015-2021-jeep-renegade-5-buttons-keyless-entry-remote-m3n-40821302-replaces-pn-6mp33dx9aa-id-47-4a__trashed\/\" data-wpil-monitor-id=\"109\">chave de entrada sem chave de reposi\u00e7\u00e3o<\/a>, chave de emerg\u00eancia inclu\u00edda.<\/li>\n<li>Portanto, recomendamos fortemente que voc\u00ea tenha seu <a href=\"https:\/\/keylessbest.com\/pt\/como-programar-chaveiro-rapido-facil-passos-diy-para-qualquer-carro\/\" data-wpil-monitor-id=\"110\">CHAVEIRO programado<\/a> por um chaveiro profissional ou revendedor.<\/li>\n<\/ul>\n<h6><strong>Recursos de Programa\u00e7\u00e3o:<\/strong><\/h6>\n<p><a href=\"http:\/\/programyourfob.com\/?list_9\/\" target=\"_blank\" rel=\"noopener\">http:\/\/programyourfob.com\/?list_9\/<\/a><\/p>\n<p>Obrigado por nos escolher.<\/p>\n<p>Somos um dos fabricantes mais profissionais de chaves de carro, sistema de entrada sem chave, <a href=\"https:\/\/keylessbest.com\/pt\/product\/2020-2021-lexus-rx350-rx350l-rx450-rx450h-rx450hl-nx200t-nx300h-lx570-4-botoes-remoto-de-entrada-sem-chave-hyq14flb-pn-89904-48v80-id-do-texas-h-8a__trashed\/\" data-wpil-monitor-id=\"107\">controle remoto de chave de carro<\/a>, chips transponder, programadores de chaves, carca\u00e7as de chaves de carro, fechaduras de carro, ferramentas de chaveiro e assim por diante. Al\u00e9m disso, nossa empresa possui equipe profissional e linha de produ\u00e7\u00e3o. Ademais, somos especializados na produ\u00e7\u00e3o de v\u00e1rias chaves de carro, carca\u00e7as de chaves de carro e ferramentas de chaveiro. Tamb\u00e9m lidamos com desenvolvimento, fabrica\u00e7\u00e3o e atacado de produtos de seguran\u00e7a e prote\u00e7\u00e3o automotiva.<\/p>\n<p>Pre\u00e7os competitivos e servi\u00e7os dedicados ajudar\u00e3o voc\u00ea a conquistar um bom mercado. Al\u00e9m disso, mais de 10 jovens e en\u00e9rgicos times de vendas oferecem servi\u00e7o r\u00e1pido, profissional e amig\u00e1vel a qualquer momento. Al\u00e9m disso, todos os nossos produtos\u00a0\u00a0s\u00e3o enviados diretamente do armaz\u00e9m na Brasil, Canad\u00e1 e M\u00e9xico. Portanto, as mercadorias que voc\u00ea comprar ser\u00e3o embaladas e enviadas dentro de 48 horas ap\u00f3s a realiza\u00e7\u00e3o do pedido. Mais de 100% de nossos produtos est\u00e3o em estoque, e o invent\u00e1rio \u00e9 suficiente.<\/p>","protected":false},"excerpt":{"rendered":"<ul>\n<li>SKU: CA-FD415<\/li>\n<li>ID FCC: CWTWB1U793<\/li>\n<li>PN: 5922964, 164-R8046, 164-R7976<\/li>\n<li>IC: 1788A-FWB1U793<\/li>\n<li>Frequ\u00eancia: 315MHz<\/li>\n<li>Chip: <a href=\"https:\/\/keylessbest.com\/pt\/product\/2001-2017-ford-lincoln-econoline-edge-escape-expedition-explorer-flex-freestar-freestyle-f-150-f-250-350-450-f-550-650-750-fusion-ranger-taurus-x-windstar-mkx-mkzuction-3-buttons-keyless-ent\/\"  data-wpil-monitor-id=\"114\">4D63 80Bits<\/a><\/li>\n<li>Bot\u00f5es: Desbloquear, Trancar, P\u00e2nico<\/li>\n<\/ul>","protected":false},"featured_media":21600,"comment_status":"open","ping_status":"closed","template":"","meta":{"_bst_post_transparent":"default","_bst_post_title":"","_bst_post_layout":"default","_bst_post_sidebar_id":"","_bst_post_content_style":"default","_bst_post_vertical_padding":"default","_bst_post_feature":"","_bst_post_feature_position":"","_bst_post_header":false,"_bst_post_footer":false},"product_brand":[],"product_cat":[15,156],"product_tag":[],"2_year_make_model":[],"class_list":{"0":"post-17660","1":"product","2":"type-product","3":"status-publish","4":"has-post-thumbnail","6":"product_cat-carkeyremote","7":"product_cat-for-ford","9":"first","10":"instock","11":"sale","12":"shipping-taxable","13":"purchasable","14":"product-type-simple","15":"entry","16":"content-bg","17":"loop-entry"},"_links":{"self":[{"href":"https:\/\/keylessbest.com\/pt\/wp-json\/wp\/v2\/product\/17660","targetHints":{"allow":["GET"]}}],"collection":[{"href":"https:\/\/keylessbest.com\/pt\/wp-json\/wp\/v2\/product"}],"about":[{"href":"https:\/\/keylessbest.com\/pt\/wp-json\/wp\/v2\/types\/product"}],"replies":[{"embeddable":true,"href":"https:\/\/keylessbest.com\/pt\/wp-json\/wp\/v2\/comments?post=17660"}],"version-history":[{"count":2,"href":"https:\/\/keylessbest.com\/pt\/wp-json\/wp\/v2\/product\/17660\/revisions"}],"predecessor-version":[{"id":19583,"href":"https:\/\/keylessbest.com\/pt\/wp-json\/wp\/v2\/product\/17660\/revisions\/19583"}],"wp:featuredmedia":[{"embeddable":true,"href":"https:\/\/keylessbest.com\/pt\/wp-json\/wp\/v2\/media\/21600"}],"wp:attachment":[{"href":"https:\/\/keylessbest.com\/pt\/wp-json\/wp\/v2\/media?parent=17660"}],"wp:term":[{"taxonomy":"product_brand","embeddable":true,"href":"https:\/\/keylessbest.com\/pt\/wp-json\/wp\/v2\/product_brand?post=17660"},{"taxonomy":"product_cat","embeddable":true,"href":"https:\/\/keylessbest.com\/pt\/wp-json\/wp\/v2\/product_cat?post=17660"},{"taxonomy":"product_tag","embeddable":true,"href":"https:\/\/keylessbest.com\/pt\/wp-json\/wp\/v2\/product_tag?post=17660"},{"taxonomy":"2_year_make_model","embeddable":true,"href":"https:\/\/keylessbest.com\/pt\/wp-json\/wp\/v2\/2_year_make_model?post=17660"}],"curies":[{"name":"wp","href":"https:\/\/api.w.org\/{rel}","templated":true}]}}