{"id":18192,"date":"2025-09-02T08:59:27","date_gmt":"2025-09-02T08:59:27","guid":{"rendered":"https:\/\/keylessbest.com\/?post_type=product&#038;p=18192"},"modified":"2026-02-26T02:50:18","modified_gmt":"2026-02-26T02:50:18","slug":"chaveiro-lexus-2008-2016-hyq14acx-315mhz-para-keylessbest","status":"publish","type":"product","link":"https:\/\/keylessbest.com\/pt\/product\/chaveiro-lexus-2008-2016-hyq14acx-315mhz-para-keylessbest\/","title":{"rendered":"Chaveiro Lexus 2008-2016 HYQ14ACX 315MHz para Keylessbest"},"content":{"rendered":"<p>*As informa\u00e7\u00f5es detalhadas desta chave remota sem chave Lexus 2020-2021 s\u00e3o as seguintes. Por favor, confirme se os detalhes abaixo correspondem ao seu ve\u00edculo antes de fazer o pedido: FCC ID, N\u00famero da Pe\u00e7a, Ano do Modelo, IC, Frequ\u00eancia, Chip e Bot\u00f5es.<\/p>\n<h6><strong><b>Informa\u00e7\u00f5es do Produto: <\/b><\/strong><\/h6>\n<ul>\n<li>ID FCC: HYQ14ACX<\/li>\n<li>PN: 89904-75030 (logo azul), 89904-50F90<\/li>\n<li>IC: 1551A-14ACX<\/li>\n<li>Frequ\u00eancia: 315MHz<\/li>\n<li>Chip: 4D DST<\/li>\n<li>Bot\u00f5es: Trancar, Destrancar, P\u00e2nico, Porta-malas<\/li>\n<\/ul>\n<h6><strong><b>O modelo de refer\u00eancia:<\/b><\/strong><\/h6>\n<ul>\n<li>Lexus RX350 2009-2015<\/li>\n<li>2010-2015 <a href=\"https:\/\/keylessbest.com\/pt\/product\/controle-remoto-de-entrada-sem-chave-de-3-botoes-para-lexus-es330-rx330-rx350-rx400h-rx450h-de-2004-2010-hyq12bbt-pnrhk-lexus-3b2-89070-48821-89070-48820-4d-68\/\" data-wpil-monitor-id=\"54\">Lexus RX450h<\/a><\/li>\n<li>Lexus GX460 2010-2016<\/li>\n<li>2008-2013 <a href=\"https:\/\/keylessbest.com\/pt\/product\/2006-2016-lexus-lx570-rx350-controle-remoto-de-entrada-sem-chave-de-4-botoes-hyq14aem-pn-89904-60a00-89904-60061__trashed\/\" data-wpil-monitor-id=\"53\">Lexus LX570<\/a><\/li>\n<li>Lexus CT200h 2011-2016<\/li>\n<\/ul>\n<h6><strong><b>Inclus\u00f5es do Pacote:<\/b><\/strong><\/h6>\n<ul>\n<li>Um novo aftermarket <a href=\"https:\/\/keylessbest.com\/pt\/product\/2018-2022-toyota-camry-camry-hibrido-corolla-controle-remoto-de-entrada-sem-chave-de-4-botoes-hyq12bfb-pn-89070-06790-h\/\" data-wpil-monitor-id=\"55\">controle remoto sem chave<\/a> fob<\/li>\n<li>Uma chave de inser\u00e7\u00e3o de emerg\u00eancia aftermarket gratuita<\/li>\n<li>Todos os transmissores v\u00eam com uma bateria<\/li>\n<li>Todas as unidades s\u00e3o testadas antes do envio<\/li>\n<li>Garantia e satisfa\u00e7\u00e3o de 2 anos 100%<\/li>\n<\/ul>\n<h6><strong><b>Observa\u00e7\u00e3o:<\/b><\/strong><\/h6>\n<ul>\n<li>O modelo de 2008-2016 <a href=\"https:\/\/keylessbest.com\/pt\/product\/2013-2020-lexus-es300h-es350-gs350-gs450h-lexus-gs-f-controle-remoto-de-entrada-sem-chave-com-4-botoes-hyq14fba-pn-89904-30g90-89904-30k20h-89904-06170-89904-30a91-89904-30a90s-89904-30a31s-89904-30a3\/\" data-wpil-monitor-id=\"50\">Chave inteligente Lexus com controle remoto de entrada sem chave<\/a> substitui\u00e7\u00e3o \u2013 sem logotipo, com uma chave de emerg\u00eancia n\u00e3o cortada inclu\u00edda.<\/li>\n<li>N\u00f3s n\u00e3o cortamos nem programamos a chave remota. Al\u00e9m disso, para pre\u00e7os, por favor, entre em contato com o chaveiro local ou concession\u00e1ria.<\/li>\n<li>Este transmissor \u00e9 compat\u00edvel com ve\u00edculos que possuem bot\u00e3o de partida\/parada no painel ou igni\u00e7\u00e3o por giro, juntamente com um proxy <a href=\"https:\/\/keylessbest.com\/pt\/product\/honda-fit-ex-fit-ex-l-fit-ex-ln-hr-v-2015-2017-controle-remoto-de-entrada-sem-chave-de-3-botoes-kr5v1x-pn72147-t5a-a01\/\" data-wpil-monitor-id=\"52\">controle de acesso sem chave<\/a> sistema.<\/li>\n<li>O pre\u00e7o \u00e9 para uma \u00fanica <a href=\"https:\/\/keylessbest.com\/pt\/product\/2014-2015-hyundai-tucson-controle-remoto-de-entrada-sem-chave-com-4-botoes-tq8-fob-4f03-substitui-pn-95440-2s600-47-hitag3__trashed\/\" data-wpil-monitor-id=\"49\">chave de entrada sem chave de reposi\u00e7\u00e3o<\/a>, chave de emerg\u00eancia inclu\u00edda.<\/li>\n<li>Portanto, recomendamos fortemente que voc\u00ea tenha seu\u00a0<a href=\"https:\/\/keylessbest.com\/pt\/como-programar-chaveiro-rapido-facil-passos-diy-para-qualquer-carro\/\" data-wpil-monitor-id=\"51\">CHAVEIRO programado<\/a> por um chaveiro profissional ou revendedor.<\/li>\n<\/ul>\n<h6><strong><b>Recursos de Programa\u00e7\u00e3o\u00a0<\/b><\/strong><\/h6>\n<p><a href=\"https:\/\/programyourfob.com\/?list_21\/\" target=\"_blank\" rel=\"noopener\">https:\/\/programyourfob.com\/?list_21\/<\/a><\/p>\n<p>Obrigado por nos escolher.<\/p>\n<p>Somos um dos fabricantes mais profissionais de chaves de carro, sistema de entrada sem chave, <a href=\"https:\/\/keylessbest.com\/pt\/product\/porsche-911-boxster-cayenne-cayman-macan-panamera-2010-2018-controle-remoto-de-entrada-sem-chave-de-3-botoes-kr55wk50138-pn-7pp959753ak-7pp-959-753-ak-7pp-959-753-bl\/\" data-wpil-monitor-id=\"48\">controle remoto de chave de carro<\/a>, chips transponders, programadores de chaves, carca\u00e7as de chaves de carro, fechaduras de carro, ferramentas de chaveiro e assim por diante. Al\u00e9m disso, nossa empresa possui equipe profissional e linha de produ\u00e7\u00e3o. Al\u00e9m disso, somos especializados na produ\u00e7\u00e3o de v\u00e1rias chaves de carro, carca\u00e7as de chaves de carro e ferramentas de chaveiro. Tamb\u00e9m lidamos com desenvolvimento, fabrica\u00e7\u00e3o e atacado de produtos de seguran\u00e7a e prote\u00e7\u00e3o automotiva.<\/p>\n<p>Pre\u00e7os competitivos e servi\u00e7os dedicados ajudar\u00e3o voc\u00ea a conquistar um bom mercado. Al\u00e9m disso, mais de 10 jovens e en\u00e9rgicos times de vendas oferecem servi\u00e7o r\u00e1pido, profissional e amig\u00e1vel a qualquer momento. Al\u00e9m disso, todos os nossos produtos\u00a0\u00a0s\u00e3o enviados diretamente do armaz\u00e9m na Brasil, Canad\u00e1 e M\u00e9xico. Portanto, as mercadorias que voc\u00ea comprar ser\u00e3o embaladas e enviadas dentro de 48 horas ap\u00f3s a realiza\u00e7\u00e3o do pedido. Mais de 100% de nossos produtos est\u00e3o em estoque, e o invent\u00e1rio \u00e9 suficiente.<\/p>","protected":false},"excerpt":{"rendered":"<ul>\n<li>SKU: CA-TA525<\/li>\n<li>ID FCC: HYQ14ACX<\/li>\n<li>PN: 89904-75030 (logo azul), 89904-50F90<\/li>\n<li>IC: 1551A-14ACX<\/li>\n<li>Frequ\u00eancia: 315MHz<\/li>\n<li>Chip: 4D DST<\/li>\n<li>Bot\u00f5es: Trancar, Destrancar, P\u00e2nico, Porta-malas<\/li>\n<\/ul>","protected":false},"featured_media":21663,"comment_status":"open","ping_status":"closed","template":"","meta":{"_bst_post_transparent":"default","_bst_post_title":"","_bst_post_layout":"default","_bst_post_sidebar_id":"","_bst_post_content_style":"default","_bst_post_vertical_padding":"default","_bst_post_feature":"","_bst_post_feature_position":"","_bst_post_header":false,"_bst_post_footer":false},"product_brand":[],"product_cat":[384,15],"product_tag":[],"2_year_make_model":[],"class_list":{"0":"post-18192","1":"product","2":"type-product","3":"status-publish","4":"has-post-thumbnail","6":"product_cat-for-lexus","7":"product_cat-carkeyremote","9":"first","10":"instock","11":"sale","12":"shipping-taxable","13":"purchasable","14":"product-type-simple","15":"entry","16":"content-bg","17":"loop-entry"},"_links":{"self":[{"href":"https:\/\/keylessbest.com\/pt\/wp-json\/wp\/v2\/product\/18192","targetHints":{"allow":["GET"]}}],"collection":[{"href":"https:\/\/keylessbest.com\/pt\/wp-json\/wp\/v2\/product"}],"about":[{"href":"https:\/\/keylessbest.com\/pt\/wp-json\/wp\/v2\/types\/product"}],"replies":[{"embeddable":true,"href":"https:\/\/keylessbest.com\/pt\/wp-json\/wp\/v2\/comments?post=18192"}],"version-history":[{"count":4,"href":"https:\/\/keylessbest.com\/pt\/wp-json\/wp\/v2\/product\/18192\/revisions"}],"predecessor-version":[{"id":19818,"href":"https:\/\/keylessbest.com\/pt\/wp-json\/wp\/v2\/product\/18192\/revisions\/19818"}],"wp:featuredmedia":[{"embeddable":true,"href":"https:\/\/keylessbest.com\/pt\/wp-json\/wp\/v2\/media\/21663"}],"wp:attachment":[{"href":"https:\/\/keylessbest.com\/pt\/wp-json\/wp\/v2\/media?parent=18192"}],"wp:term":[{"taxonomy":"product_brand","embeddable":true,"href":"https:\/\/keylessbest.com\/pt\/wp-json\/wp\/v2\/product_brand?post=18192"},{"taxonomy":"product_cat","embeddable":true,"href":"https:\/\/keylessbest.com\/pt\/wp-json\/wp\/v2\/product_cat?post=18192"},{"taxonomy":"product_tag","embeddable":true,"href":"https:\/\/keylessbest.com\/pt\/wp-json\/wp\/v2\/product_tag?post=18192"},{"taxonomy":"2_year_make_model","embeddable":true,"href":"https:\/\/keylessbest.com\/pt\/wp-json\/wp\/v2\/2_year_make_model?post=18192"}],"curies":[{"name":"wp","href":"https:\/\/api.w.org\/{rel}","templated":true}]}}