{"id":18232,"date":"2025-09-03T00:42:03","date_gmt":"2025-09-03T00:42:03","guid":{"rendered":"https:\/\/keylessbest.com\/?post_type=product&#038;p=18232"},"modified":"2026-03-18T09:58:07","modified_gmt":"2026-03-18T09:58:07","slug":"chaveiro-de-toyota-2007-2014-hyq14aab-3143mhz-para-keylessbest","status":"publish","type":"product","link":"https:\/\/keylessbest.com\/pt\/product\/chaveiro-de-toyota-2007-2014-hyq14aab-3143mhz-para-keylessbest\/","title":{"rendered":"Chaveiro Toyota 2007-2014 HYQ14AAB 314,3MHz para Keylessbest"},"content":{"rendered":"<p>*As informa\u00e7\u00f5es detalhadas desta chave remota sem chave de 2009-2014 da Toyota s\u00e3o as seguintes. Por favor, confirme se os detalhes a seguir correspondem ao seu ve\u00edculo antes de fazer o pedido: FCC ID, N\u00famero da Pe\u00e7a, Ano do Modelo, IC, Frequ\u00eancia, Chip e Bot\u00f5es.<\/p>\n<h6><strong><b>Informa\u00e7\u00f5es do Produto: <\/b><\/strong><\/h6>\n<ul>\n<li>FCC ID: HYQ14AAB<\/li>\n<li>PN: 89904-48100 8990448100<\/li>\n<li>IC: 1151A-14AAB<\/li>\n<li>Frequ\u00eancia: 314,3 MHz<\/li>\n<li>Bot\u00f5es: Trancar, Destrancar, P\u00e2nico, Porta-malas<\/li>\n<\/ul>\n<h6><strong><b>O modelo de refer\u00eancia:<\/b><\/strong><\/h6>\n<ul>\n<li>Toyota Highlander 2007 \u2013 2014<\/li>\n<li>2008 &#8211; 2010 <a href=\"https:\/\/keylessbest.com\/pt\/product\/toyota-rav4-2013-2021-veiculos-construidos-no-brasil-apenas-highlander-tacoma-tundra-sequoia-4-botoes-controle-remoto-de-entrada-sem-chave-gq4-52t-gq452t-pn-89070-0r100-h\/\" data-wpil-monitor-id=\"67\">Toyota RAV4<\/a><\/li>\n<li>Toyota Landcruiser 2008 \u2013 2008<\/li>\n<\/ul>\n<h6><strong><b>Inclus\u00f5es do Pacote:<\/b><\/strong><\/h6>\n<ul>\n<li>Um novo aftermarket <a href=\"https:\/\/keylessbest.com\/pt\/product\/2018-2022-toyota-camry-camry-hibrido-corolla-controle-remoto-de-entrada-sem-chave-de-4-botoes-hyq12bfb-pn-89070-06790-h\/\" data-wpil-monitor-id=\"68\">controle remoto sem chave<\/a> fob<\/li>\n<li>Uma chave de inser\u00e7\u00e3o de emerg\u00eancia aftermarket gratuita<\/li>\n<li>Todos os transmissores v\u00eam com uma bateria<\/li>\n<li>Todas as unidades s\u00e3o testadas antes do envio<\/li>\n<li>Garantia e satisfa\u00e7\u00e3o de 2 anos 100%<\/li>\n<\/ul>\n<h6><strong><b>Observa\u00e7\u00e3o:<\/b><\/strong><\/h6>\n<ul>\n<li>O Toyota Highlander de 2007 a 2014 <a href=\"https:\/\/keylessbest.com\/pt\/product\/toyota-highlander-2012-2021-land-cruiser-prius-c-sequoia-tacoma-tundra-4runner-controle-remoto-de-entrada-sem-chave-de-3-botoes-hyq14fba-pn-89904-0e091-89904-60j70-89904-0e090-89904-60j70r\/\" data-wpil-monitor-id=\"64\">Chaveiro de entrada sem chave inteligente Toyota<\/a> substitui\u00e7\u00e3o \u2013 sem logotipo, com uma chave de emerg\u00eancia n\u00e3o cortada inclu\u00edda.<\/li>\n<li>N\u00f3s n\u00e3o cortamos nem programamos a chave remota. Al\u00e9m disso, para pre\u00e7os, por favor, entre em contato com o chaveiro local ou concession\u00e1ria.<\/li>\n<li>Este transmissor \u00e9 compat\u00edvel com ve\u00edculos que possuem bot\u00e3o de partida\/parada no painel ou igni\u00e7\u00e3o por giro, juntamente com um proxy <a href=\"https:\/\/keylessbest.com\/pt\/product\/honda-fit-ex-fit-ex-l-fit-ex-ln-hr-v-2015-2017-controle-remoto-de-entrada-sem-chave-de-3-botoes-kr5v1x-pn72147-t5a-a01\/\" data-wpil-monitor-id=\"66\">controle de acesso sem chave<\/a> sistema.<\/li>\n<li>O pre\u00e7o \u00e9 para uma \u00fanica <a href=\"https:\/\/keylessbest.com\/pt\/product\/2005-2007-cadillac-sts-5-buttons-keyless-entry-remote-m3n65981403-replaces-pn-15212382__trashed\/\" data-wpil-monitor-id=\"63\">chave de entrada sem chave de reposi\u00e7\u00e3o<\/a>, chave de emerg\u00eancia inclu\u00edda.<\/li>\n<li>Portanto, recomendamos fortemente que voc\u00ea tenha seu\u00a0<a href=\"https:\/\/keylessbest.com\/pt\/como-programar-chaveiro-rapido-facil-passos-diy-para-qualquer-carro\/\" data-wpil-monitor-id=\"65\">CHAVEIRO programado<\/a> por um chaveiro profissional ou revendedor.<\/li>\n<\/ul>\n<h6><strong><b>Recursos de Programa\u00e7\u00e3o\u00a0<\/b><\/strong><\/h6>\n<p><a href=\"https:\/\/programyourfob.com\/?list_36\/\" target=\"_blank\" rel=\"noopener\">https:\/\/programyourfob.com\/?list_36\/<\/a><\/p>\n<p>Obrigado por nos escolher.<\/p>\n<p>Somos um dos fabricantes mais profissionais de chaves de carro, sistema de entrada sem chave, <a href=\"https:\/\/keylessbest.com\/pt\/product\/porsche-911-boxster-cayenne-cayman-macan-panamera-2010-2018-controle-remoto-de-entrada-sem-chave-de-3-botoes-kr55wk50138-pn-7pp959753ak-7pp-959-753-ak-7pp-959-753-bl\/\" data-wpil-monitor-id=\"62\">controle remoto de chave de carro<\/a>, chips transponders, programadores de chaves, carca\u00e7as de chaves de carro, fechaduras de carro, ferramentas de chaveiro e assim por diante. Al\u00e9m disso, nossa empresa possui equipe profissional e linha de produ\u00e7\u00e3o. Al\u00e9m disso, somos especializados na produ\u00e7\u00e3o de v\u00e1rias chaves de carro, carca\u00e7as de chaves de carro e ferramentas de chaveiro. Tamb\u00e9m lidamos com desenvolvimento, fabrica\u00e7\u00e3o e atacado de produtos de seguran\u00e7a e prote\u00e7\u00e3o automotiva.<\/p>\n<p>Pre\u00e7os competitivos e servi\u00e7os dedicados ajudar\u00e3o voc\u00ea a conquistar um bom mercado. Al\u00e9m disso, mais de 10 jovens e en\u00e9rgicos times de vendas oferecem servi\u00e7o r\u00e1pido, profissional e amig\u00e1vel a qualquer momento. Al\u00e9m disso, todos os nossos produtos\u00a0\u00a0s\u00e3o enviados diretamente do armaz\u00e9m na Brasil, Canad\u00e1 e M\u00e9xico. Portanto, as mercadorias que voc\u00ea comprar ser\u00e3o embaladas e enviadas dentro de 48 horas ap\u00f3s a realiza\u00e7\u00e3o do pedido. Mais de 100% de nossos produtos est\u00e3o em estoque, e o invent\u00e1rio \u00e9 suficiente.<\/p>","protected":false},"excerpt":{"rendered":"<ul>\n<li>SKU: CA-TA529<\/li>\n<li>FCC ID: HYQ14AAB<\/li>\n<li>PN: 89904-48100 8990448100<\/li>\n<li>IC: 1151A-14AAB<\/li>\n<li>Frequ\u00eancia: 314,3 MHz<\/li>\n<li>Bot\u00f5es: Trancar, Destrancar, P\u00e2nico, Porta-malas<\/li>\n<\/ul>","protected":false},"featured_media":21656,"comment_status":"open","ping_status":"closed","template":"","meta":{"_bst_post_transparent":"default","_bst_post_title":"","_bst_post_layout":"default","_bst_post_sidebar_id":"","_bst_post_content_style":"default","_bst_post_vertical_padding":"default","_bst_post_feature":"","_bst_post_feature_position":"","_bst_post_header":false,"_bst_post_footer":false},"product_brand":[],"product_cat":[298],"product_tag":[],"2_year_make_model":[],"class_list":{"0":"post-18232","1":"product","2":"type-product","3":"status-publish","4":"has-post-thumbnail","6":"product_cat-for-toyota-key-shell","8":"first","9":"instock","10":"sale","11":"shipping-taxable","12":"purchasable","13":"product-type-simple","14":"entry","15":"content-bg","16":"loop-entry"},"_links":{"self":[{"href":"https:\/\/keylessbest.com\/pt\/wp-json\/wp\/v2\/product\/18232","targetHints":{"allow":["GET"]}}],"collection":[{"href":"https:\/\/keylessbest.com\/pt\/wp-json\/wp\/v2\/product"}],"about":[{"href":"https:\/\/keylessbest.com\/pt\/wp-json\/wp\/v2\/types\/product"}],"replies":[{"embeddable":true,"href":"https:\/\/keylessbest.com\/pt\/wp-json\/wp\/v2\/comments?post=18232"}],"version-history":[{"count":4,"href":"https:\/\/keylessbest.com\/pt\/wp-json\/wp\/v2\/product\/18232\/revisions"}],"predecessor-version":[{"id":19825,"href":"https:\/\/keylessbest.com\/pt\/wp-json\/wp\/v2\/product\/18232\/revisions\/19825"}],"wp:featuredmedia":[{"embeddable":true,"href":"https:\/\/keylessbest.com\/pt\/wp-json\/wp\/v2\/media\/21656"}],"wp:attachment":[{"href":"https:\/\/keylessbest.com\/pt\/wp-json\/wp\/v2\/media?parent=18232"}],"wp:term":[{"taxonomy":"product_brand","embeddable":true,"href":"https:\/\/keylessbest.com\/pt\/wp-json\/wp\/v2\/product_brand?post=18232"},{"taxonomy":"product_cat","embeddable":true,"href":"https:\/\/keylessbest.com\/pt\/wp-json\/wp\/v2\/product_cat?post=18232"},{"taxonomy":"product_tag","embeddable":true,"href":"https:\/\/keylessbest.com\/pt\/wp-json\/wp\/v2\/product_tag?post=18232"},{"taxonomy":"2_year_make_model","embeddable":true,"href":"https:\/\/keylessbest.com\/pt\/wp-json\/wp\/v2\/2_year_make_model?post=18232"}],"curies":[{"name":"wp","href":"https:\/\/api.w.org\/{rel}","templated":true}]}}