{"id":18282,"date":"2025-09-03T03:02:03","date_gmt":"2025-09-03T03:02:03","guid":{"rendered":"https:\/\/keylessbest.com\/?post_type=product&#038;p=18282"},"modified":"2026-02-25T09:23:20","modified_gmt":"2026-02-25T09:23:20","slug":"1996-2002-chaveiro-de-chevrolet-gmc-pn-16245105-para-sem-chaveiro-melhor","status":"publish","type":"product","link":"https:\/\/keylessbest.com\/pt\/product\/1996-2002-chaveiro-de-chevrolet-gmc-pn-16245105-para-sem-chaveiro-melhor\/","title":{"rendered":"Chaveiro Chevrolet GMC 1996-2002 PN: 16245105 para Keylessbest"},"content":{"rendered":"<p>*As informa\u00e7\u00f5es detalhadas deste chaveiro remoto sem chave de 1996-2000 Chevrolet GMC s\u00e3o as seguintes. Por favor, confirme se os detalhes abaixo correspondem ao seu ve\u00edculo antes de fazer o pedido: ID FCC, N\u00famero da Pe\u00e7a, Ano do Modelo, IC, Frequ\u00eancia, Chip e Bot\u00f5es.<\/p>\n<h6><strong><b>Informa\u00e7\u00f5es do Produto: <\/b><\/strong><\/h6>\n<ul>\n<li>ID FCC: AB01502T, ABO1502T<\/li>\n<li>PN: 16245105<\/li>\n<li>Frequ\u00eancia: 315MHz<\/li>\n<li>Bot\u00f5es: Trancar, Destrancar, Traseiro<\/li>\n<\/ul>\n<h6><strong><b>O modelo de refer\u00eancia:<\/b><\/strong><\/h6>\n<ul>\n<li>1998 &#8211; 1999 <a href=\"https:\/\/keylessbest.com\/pt\/product\/1996-2000-chevrolet-gmc-astro-blazer-suburban-tahoe-jimmy-safari-yukon-3-buttons-keyless-entry-remote-ab01502t-abo1502t-pn16245105\/\" data-wpil-monitor-id=\"1656\">Chevrolet Astro<\/a><\/li>\n<li>1997 &#8211; 1997 <a href=\"https:\/\/keylessbest.com\/pt\/product\/2018-2022-chevrolet-blazer-equinox-traverse-trailblazer-5-buttons-keyless-entry-remote-hyq4aa-pn13584498-13585723-13529650-46-suv__trashed\/\" data-wpil-monitor-id=\"1654\">Chevrolet Blazer<\/a><\/li>\n<li>Chevrolet Suburban 1996 \u2013 2000<\/li>\n<li>Chevrolet Tahoe 1996 \u2013 2000<\/li>\n<li>GMC Jimmy 1997 \u2013 1997<\/li>\n<li>GMC Safari 1998 \u2013 1999<\/li>\n<li>1996 &#8211; 2000 <a href=\"https:\/\/keylessbest.com\/pt\/product\/2015-2020-gmc-chevrolet-tahoe-suburban-terrain-yukon-yukon-xl-3-buttons-keyless-entry-remote-hyq1aa-pn13591388__trashed\/\" data-wpil-monitor-id=\"1655\">GMC Yukon<\/a><br \/>\nObserve que este \u00e9 um chaveiro reformado ... o terceiro bot\u00e3o pode ser um bot\u00e3o do Porta-malas ou um bot\u00e3o Traseiro 2X ...dependendo do material dispon\u00edvel (Veja a imagem)<\/li>\n<\/ul>\n<h6><strong><b>Inclus\u00f5es do Pacote:<\/b><\/strong><\/h6>\n<ul>\n<li>Um novo aftermarket <a href=\"https:\/\/keylessbest.com\/pt\/product\/ford-fiesta-2011-2017-remoto-de-entrada-sem-chave-com-3-botoes-kr55wk47899-pn164-r8042-remoto-164-r8043-lamina-164-r8042-164-r8039-5913139-5914117-4d63-80bit__trashed\/\" data-wpil-monitor-id=\"1650\">chaveiro remoto sem chave<\/a><\/li>\n<li>Uma chave de inser\u00e7\u00e3o de emerg\u00eancia aftermarket gratuita<\/li>\n<li>Todos os transmissores v\u00eam com uma bateria<\/li>\n<li>Todas as unidades s\u00e3o testadas antes do envio<\/li>\n<li>Garantia e satisfa\u00e7\u00e3o de 2 anos 100%<\/li>\n<\/ul>\n<h6><strong><b>Observa\u00e7\u00e3o:<\/b><\/strong><\/h6>\n<ul>\n<li>Chaveiro de entrada sem chave inteligente Chevrolet GMC de 1996-2000 \u2013 sem logotipo, com uma chave de emerg\u00eancia n\u00e3o cortada inclu\u00edda.<\/li>\n<li>N\u00f3s n\u00e3o cortamos ou programamos a <a href=\"https:\/\/keylessbest.com\/pt\/loja-de-chaves-de-carro-keylessbestcarkeyfobshop\/\" data-wpil-monitor-id=\"1652\">chave remota<\/a>. Al\u00e9m disso, para pre\u00e7os, entre em contato com o chaveiro ou concession\u00e1ria local.<\/li>\n<li>Este transmissor \u00e9 compat\u00edvel com ve\u00edculos que possuem bot\u00e3o de partida\/parada no painel ou igni\u00e7\u00e3o por giro, juntamente com um proxy <a href=\"https:\/\/keylessbest.com\/pt\/product\/2021-2022-hyundai-tucson-controle-remoto-de-entrada-sem-chave-de-5-botoes-tq8-fob-4f27-pn-95440-n9072-47\/\" data-wpil-monitor-id=\"1651\">controle de acesso sem chave<\/a> sistema.<\/li>\n<li>O pre\u00e7o \u00e9 para uma \u00fanica <a href=\"https:\/\/keylessbest.com\/pt\/product\/2005-2007-cadillac-sts-5-buttons-keyless-entry-remote-m3n65981403-replaces-pn-15212382__trashed\/\" data-wpil-monitor-id=\"25\">chave de entrada sem chave de reposi\u00e7\u00e3o<\/a>, chave de emerg\u00eancia inclu\u00edda.<\/li>\n<li>Portanto, recomendamos fortemente que voc\u00ea tenha seu\u00a0<a href=\"https:\/\/keylessbest.com\/pt\/como-programar-chaveiro-rapido-facil-passos-diy-para-qualquer-carro\/\" data-wpil-monitor-id=\"26\">CHAVEIRO programado<\/a> por um chaveiro profissional ou revendedor.<\/li>\n<\/ul>\n<h6><strong><b>Recursos de Programa\u00e7\u00e3o\u00a0<\/b><\/strong><\/h6>\n<p><a href=\"https:\/\/programyourfob.com\/?list_6\/\" target=\"_blank\" rel=\"noopener\">https:\/\/programyourfob.com\/?list_6\/<\/a><\/p>\n<p><a href=\"https:\/\/programyourfob.com\/?list_11\/\" target=\"_blank\" rel=\"noopener\">https:\/\/programyourfob.com\/?list_11\/<\/a><\/p>\n<p>Obrigado por nos escolher.<\/p>\n<p>Somos um dos fabricantes mais profissionais de chaves de carro, sistema de entrada sem chave, <a href=\"https:\/\/keylessbest.com\/pt\/product\/porsche-911-boxster-cayenne-cayman-macan-panamera-2010-2018-controle-remoto-de-entrada-sem-chave-de-3-botoes-kr55wk50138-pn-7pp959753ak-7pp-959-753-ak-7pp-959-753-bl\/\" data-wpil-monitor-id=\"24\">controle remoto de chave de carro<\/a>, chips transponders, programadores de chaves, capas de chaves de carro, fechaduras de carro, ferramentas de chaveiro e assim por diante. Al\u00e9m disso, nossa empresa possui uma equipe profissional e linha de produ\u00e7\u00e3o. Al\u00e9m disso, somos especializados na produ\u00e7\u00e3o de v\u00e1rias <a href=\"https:\/\/keylessbest.com\/pt\/quanto-custa-para-substituir-um-chaveiro-de-carro-em-2025\/\" data-wpil-monitor-id=\"1653\">chaves de carro<\/a>, car keys, e capas de chaves, e ferramentas de chaveiro. Tamb\u00e9m lidamos com desenvolvimento, fabrica\u00e7\u00e3o e atacado de produtos de seguran\u00e7a e prote\u00e7\u00e3o automotiva.<\/p>\n<p>Pre\u00e7os competitivos e servi\u00e7os dedicados ajudar\u00e3o voc\u00ea a conquistar um bom mercado. Al\u00e9m disso, mais de 10 jovens e en\u00e9rgicos times de vendas oferecem servi\u00e7o r\u00e1pido, profissional e amig\u00e1vel a qualquer momento. Al\u00e9m disso, todos os nossos produtos\u00a0\u00a0s\u00e3o enviados diretamente do armaz\u00e9m na Brasil, Canad\u00e1 e M\u00e9xico. Portanto, as mercadorias que voc\u00ea comprar ser\u00e3o embaladas e enviadas dentro de 48 horas ap\u00f3s a realiza\u00e7\u00e3o do pedido. Mais de 100% de nossos produtos est\u00e3o em estoque, e o invent\u00e1rio \u00e9 suficiente.<\/p>","protected":false},"excerpt":{"rendered":"<ul>\n<li>SKU: CA-GM546<\/li>\n<li>ID FCC: AB01502T, ABO1502T<\/li>\n<li>PN: 16245105<\/li>\n<li>Frequ\u00eancia: 315MHz<\/li>\n<li>Bot\u00f5es: Trancar, Destrancar, Traseiro<\/li>\n<\/ul>","protected":false},"featured_media":21623,"comment_status":"open","ping_status":"closed","template":"","meta":{"_bst_post_transparent":"default","_bst_post_title":"","_bst_post_layout":"default","_bst_post_sidebar_id":"","_bst_post_content_style":"default","_bst_post_vertical_padding":"default","_bst_post_feature":"","_bst_post_feature_position":"","_bst_post_header":false,"_bst_post_footer":false},"product_brand":[],"product_cat":[150,152],"product_tag":[],"2_year_make_model":[],"class_list":{"0":"post-18282","1":"product","2":"type-product","3":"status-publish","4":"has-post-thumbnail","6":"product_cat-for-chevrolet","7":"product_cat-for-gmc","9":"first","10":"instock","11":"sale","12":"shipping-taxable","13":"purchasable","14":"product-type-simple","15":"entry","16":"content-bg","17":"loop-entry"},"_links":{"self":[{"href":"https:\/\/keylessbest.com\/pt\/wp-json\/wp\/v2\/product\/18282","targetHints":{"allow":["GET"]}}],"collection":[{"href":"https:\/\/keylessbest.com\/pt\/wp-json\/wp\/v2\/product"}],"about":[{"href":"https:\/\/keylessbest.com\/pt\/wp-json\/wp\/v2\/types\/product"}],"replies":[{"embeddable":true,"href":"https:\/\/keylessbest.com\/pt\/wp-json\/wp\/v2\/comments?post=18282"}],"version-history":[{"count":6,"href":"https:\/\/keylessbest.com\/pt\/wp-json\/wp\/v2\/product\/18282\/revisions"}],"predecessor-version":[{"id":19382,"href":"https:\/\/keylessbest.com\/pt\/wp-json\/wp\/v2\/product\/18282\/revisions\/19382"}],"wp:featuredmedia":[{"embeddable":true,"href":"https:\/\/keylessbest.com\/pt\/wp-json\/wp\/v2\/media\/21623"}],"wp:attachment":[{"href":"https:\/\/keylessbest.com\/pt\/wp-json\/wp\/v2\/media?parent=18282"}],"wp:term":[{"taxonomy":"product_brand","embeddable":true,"href":"https:\/\/keylessbest.com\/pt\/wp-json\/wp\/v2\/product_brand?post=18282"},{"taxonomy":"product_cat","embeddable":true,"href":"https:\/\/keylessbest.com\/pt\/wp-json\/wp\/v2\/product_cat?post=18282"},{"taxonomy":"product_tag","embeddable":true,"href":"https:\/\/keylessbest.com\/pt\/wp-json\/wp\/v2\/product_tag?post=18282"},{"taxonomy":"2_year_make_model","embeddable":true,"href":"https:\/\/keylessbest.com\/pt\/wp-json\/wp\/v2\/2_year_make_model?post=18282"}],"curies":[{"name":"wp","href":"https:\/\/api.w.org\/{rel}","templated":true}]}}