{"id":18317,"date":"2025-09-10T01:08:37","date_gmt":"2025-09-10T01:08:37","guid":{"rendered":"https:\/\/keylessbest.com\/?post_type=product&#038;p=18317"},"modified":"2026-03-09T02:21:44","modified_gmt":"2026-03-09T02:21:44","slug":"2017-2023-ford-key-fob-m3n-a2c94078000-for-keylessbest","status":"publish","type":"product","link":"https:\/\/keylessbest.com\/pt\/product\/2017-2023-ford-key-fob-m3n-a2c94078000-for-keylessbest\/","title":{"rendered":"2017-2023 Ford Key Fob M3N-A2C94078000 for keylessbest"},"content":{"rendered":"<p>*The detailed information of this 2017-2023 Lincoln keyless remote fob is as follows. Please confirm the following details match your vehicle before ordering: FCC ID , Part Number , \u00a0Year Model , IC ,\u00a0 Frequency, Chip, and Buttons.<\/p>\n<h6><strong><b>Informa\u00e7\u00f5es do Produto: <\/b><\/strong><\/h6>\n<ul>\n<li>ID FCC: M3N-A2C940780<\/li>\n<li>PN: 164-R8154<\/li>\n<li>IC: 7812A-A2C94078000<\/li>\n<li>Frequ\u00eancia: 902 MHz<\/li>\n<li>Chip: 49<\/li>\n<li>Chave de Teste: HU101<\/li>\n<li>Bot\u00f5es: Trancar, Destrancar, P\u00e2nico, Partida Remota, Porta-malas<\/li>\n<\/ul>\n<h6><strong><b>O modelo de refer\u00eancia:<\/b><\/strong><\/h6>\n<ul>\n<li>2017 &#8211; 2023 Lincoln Continental<\/li>\n<li>2017 &#8211; 2023 Lincoln MKC<\/li>\n<li>2017 &#8211; 2023 Lincoln MKX<\/li>\n<li>2017 &#8211; 2023 Lincoln MKZ<\/li>\n<li>2018 &#8211; 2023 <a href=\"https:\/\/keylessbest.com\/pt\/product\/2018-2021-lincoln-navigator-5-buttons-keyless-entry-remote-m3n-a2c940780-pn-jl7t-15k601-bb-5933990-164-r8226-49__trashed\/\" data-wpil-monitor-id=\"23\">Lincoln Navigator<\/a><\/li>\n<li>2020 &#8211; 2023 Lincoln Nautilus<\/li>\n<\/ul>\n<h6><strong><b>Inclus\u00f5es do Pacote:<\/b><\/strong><\/h6>\n<ul>\n<li>Um novo chaveiro remoto sem chave do mercado de reposi\u00e7\u00e3o<\/li>\n<li>Uma chave de inser\u00e7\u00e3o de emerg\u00eancia aftermarket gratuita<\/li>\n<li>Todos os transmissores v\u00eam com uma bateria<\/li>\n<li>Todas as unidades s\u00e3o testadas antes do envio<\/li>\n<li>Garantia e satisfa\u00e7\u00e3o de 2 anos 100%<\/li>\n<\/ul>\n<h6><strong><b>Observa\u00e7\u00e3o:<\/b><\/strong><\/h6>\n<ul>\n<li>The 2017-2023 Lincoln smart <a href=\"https:\/\/keylessbest.com\/pt\/product\/2018-2021-hyundai-accent-limited-controle-remoto-de-entrada-sem-chave-de-4-botoes-nyosyec4fob1608-pn-95440-j0100-6a\/\" data-wpil-monitor-id=\"20\">chaveiro de entrada sem chave<\/a> substitui\u00e7\u00e3o \u2013 sem logotipo, com uma chave de emerg\u00eancia n\u00e3o cortada inclu\u00edda.<\/li>\n<li>N\u00f3s n\u00e3o cortamos nem programamos a chave remota. Al\u00e9m disso, para pre\u00e7os, por favor, entre em contato com o chaveiro local ou concession\u00e1ria.<\/li>\n<li>Este transmissor \u00e9 compat\u00edvel com ve\u00edculos que possuem bot\u00e3o de partida\/parada no painel ou igni\u00e7\u00e3o por giro, juntamente com um proxy <a href=\"https:\/\/keylessbest.com\/pt\/product\/honda-fit-ex-fit-ex-l-fit-ex-ln-hr-v-2015-2017-controle-remoto-de-entrada-sem-chave-de-3-botoes-kr5v1x-pn72147-t5a-a01\/\" data-wpil-monitor-id=\"22\">controle de acesso sem chave<\/a> sistema.<\/li>\n<li>O pre\u00e7o \u00e9 para uma \u00fanica <a href=\"https:\/\/keylessbest.com\/pt\/product\/2005-2007-cadillac-sts-5-buttons-keyless-entry-remote-m3n65981403-replaces-pn-15212382__trashed\/\" data-wpil-monitor-id=\"19\">chave de entrada sem chave de reposi\u00e7\u00e3o<\/a>, chave de emerg\u00eancia inclu\u00edda.<\/li>\n<li>Portanto, recomendamos fortemente que voc\u00ea tenha seu\u00a0<a href=\"https:\/\/keylessbest.com\/pt\/como-programar-chaveiro-rapido-facil-passos-diy-para-qualquer-carro\/\" data-wpil-monitor-id=\"21\">CHAVEIRO programado<\/a> por um chaveiro profissional ou revendedor.<\/li>\n<\/ul>\n<h6><strong><b>Recursos de Programa\u00e7\u00e3o\u00a0<\/b><\/strong><\/h6>\n<p><a href=\"https:\/\/programyourfob.com\/?list_22\/\" target=\"_blank\" rel=\"noopener\">https:\/\/programyourfob.com\/?list_22\/<\/a><\/p>\n<p>Obrigado por nos escolher.<\/p>\n<p>Somos um dos fabricantes mais profissionais de chaves de carro, sistema de entrada sem chave, controle remoto de chave de carro, chips transponder, programadores de chaves, carca\u00e7as de chaves de carro, fechaduras de carro, ferramentas de chaveiro e assim por diante. Al\u00e9m disso, nossa empresa possui uma equipe profissional e linha de produ\u00e7\u00e3o. Al\u00e9m disso, somos especializados na produ\u00e7\u00e3o de v\u00e1rias chaves de carro, carca\u00e7as de chaves de carro e ferramentas de chaveiro. Tamb\u00e9m lidamos com desenvolvimento, fabrica\u00e7\u00e3o e atacado de produtos de seguran\u00e7a e prote\u00e7\u00e3o automotiva.<\/p>\n<p>Pre\u00e7os competitivos e servi\u00e7os dedicados ajudar\u00e3o voc\u00ea a conquistar um bom mercado. Al\u00e9m disso, mais de 10 jovens e en\u00e9rgicos times de vendas oferecem servi\u00e7o r\u00e1pido, profissional e amig\u00e1vel a qualquer momento. Al\u00e9m disso, todos os nossos produtos\u00a0\u00a0s\u00e3o enviados diretamente do armaz\u00e9m na Brasil, Canad\u00e1 e M\u00e9xico. Portanto, as mercadorias que voc\u00ea comprar ser\u00e3o embaladas e enviadas dentro de 48 horas ap\u00f3s a realiza\u00e7\u00e3o do pedido. Mais de 100% de nossos produtos est\u00e3o em estoque, e o invent\u00e1rio \u00e9 suficiente.<\/p>","protected":false},"excerpt":{"rendered":"<ul>\n<li>SKU: CA-FD985<\/li>\n<li>ID FCC: M3N-A2C940780<\/li>\n<li>PN: 164-R8154<\/li>\n<li>IC: 7812A-A2C94078000<\/li>\n<li>Frequ\u00eancia: 902 MHz<\/li>\n<li>Chip: 49<\/li>\n<li>Chave de Teste: HU101<\/li>\n<li>Bot\u00f5es: Trancar, Destrancar, P\u00e2nico, Partida Remota, Porta-malas<\/li>\n<\/ul>","protected":false},"featured_media":20894,"comment_status":"open","ping_status":"closed","template":"","meta":{"_bst_post_transparent":"default","_bst_post_title":"","_bst_post_layout":"default","_bst_post_sidebar_id":"","_bst_post_content_style":"default","_bst_post_vertical_padding":"default","_bst_post_feature":"","_bst_post_feature_position":"","_bst_post_header":false,"_bst_post_footer":false},"product_brand":[],"product_cat":[379,15],"product_tag":[],"2_year_make_model":[],"class_list":{"0":"post-18317","1":"product","2":"type-product","3":"status-publish","4":"has-post-thumbnail","6":"product_cat-for-lincoln","7":"product_cat-carkeyremote","9":"first","10":"instock","11":"sale","12":"shipping-taxable","13":"purchasable","14":"product-type-simple","15":"entry","16":"content-bg","17":"loop-entry"},"_links":{"self":[{"href":"https:\/\/keylessbest.com\/pt\/wp-json\/wp\/v2\/product\/18317","targetHints":{"allow":["GET"]}}],"collection":[{"href":"https:\/\/keylessbest.com\/pt\/wp-json\/wp\/v2\/product"}],"about":[{"href":"https:\/\/keylessbest.com\/pt\/wp-json\/wp\/v2\/types\/product"}],"replies":[{"embeddable":true,"href":"https:\/\/keylessbest.com\/pt\/wp-json\/wp\/v2\/comments?post=18317"}],"version-history":[{"count":5,"href":"https:\/\/keylessbest.com\/pt\/wp-json\/wp\/v2\/product\/18317\/revisions"}],"predecessor-version":[{"id":21836,"href":"https:\/\/keylessbest.com\/pt\/wp-json\/wp\/v2\/product\/18317\/revisions\/21836"}],"wp:featuredmedia":[{"embeddable":true,"href":"https:\/\/keylessbest.com\/pt\/wp-json\/wp\/v2\/media\/20894"}],"wp:attachment":[{"href":"https:\/\/keylessbest.com\/pt\/wp-json\/wp\/v2\/media?parent=18317"}],"wp:term":[{"taxonomy":"product_brand","embeddable":true,"href":"https:\/\/keylessbest.com\/pt\/wp-json\/wp\/v2\/product_brand?post=18317"},{"taxonomy":"product_cat","embeddable":true,"href":"https:\/\/keylessbest.com\/pt\/wp-json\/wp\/v2\/product_cat?post=18317"},{"taxonomy":"product_tag","embeddable":true,"href":"https:\/\/keylessbest.com\/pt\/wp-json\/wp\/v2\/product_tag?post=18317"},{"taxonomy":"2_year_make_model","embeddable":true,"href":"https:\/\/keylessbest.com\/pt\/wp-json\/wp\/v2\/2_year_make_model?post=18317"}],"curies":[{"name":"wp","href":"https:\/\/api.w.org\/{rel}","templated":true}]}}