{"id":19226,"date":"2025-12-09T08:06:21","date_gmt":"2025-12-09T08:06:21","guid":{"rendered":"https:\/\/keylessbest.com\/?post_type=product&#038;p=19226"},"modified":"2026-01-05T08:40:23","modified_gmt":"2026-01-05T08:40:23","slug":"celulas-e-baterias-eletricas-lithducell-armazenamento-de-energia-duravel","status":"publish","type":"product","link":"https:\/\/keylessbest.com\/pt\/product\/celulas-e-baterias-eletricas-lithducell-armazenamento-de-energia-duravel\/","title":{"rendered":"C\u00e9lulas e Baterias El\u00e9tricas Lithdurcell - Baterias de \u00cdons de L\u00edtio Armazenamento de Energia Dur\u00e1vel"},"content":{"rendered":"<p>Marca: Lithdurcell<\/p>\n<p>\u3010Por que escolher Lithdurcell\u3011<\/p>\n<p>\u2705 Baterias de \u00cdons de L\u00edtio<\/p>\n<p>\u2705 Vida \u00fatil aumentada com Grafeno<\/p>\n<p>\u2705 Resist\u00eancia a Temperaturas Extremas<\/p>\n<p>\u2705 Kit de Substitui\u00e7\u00e3o Sem Complica\u00e7\u00f5es<\/p>\n<p>\u2705 Ampla Compatibilidade<\/p>\n<p>\u2705 Qualidade Rec\u00e9m-Atualizada<\/p>\n<p>\u3010O que voc\u00ea recebe\u3011 4 x Baterias Lithdurcell 1 x Ferramenta Profissional para Desmontagem de Chaveiro 1 x Estojo de Armazenamento Protetor<\/p>\n<p>\u3010Observa\u00e7\u00e3o\u3011 Por favor, confirme o modelo da bateria da sua chave de carro antes da compra<\/p>","protected":false},"excerpt":{"rendered":"<p>Marca: Lithdurcell \u3010Por que escolher Lithdurcell\u3011 \u2705 Baterias de \u00cdons de L\u00edtio \u2705 Durabilidade impulsionada por Grafeno \u2705 Resist\u00eancia a Temperaturas Extremas \u2705 Kit de Substitui\u00e7\u00e3o Sem Complica\u00e7\u00f5es \u2705 Ampla Compatibilidade \u2705 Qualidade Rec\u00e9m-Atualizada \u3010O que voc\u00ea recebe\u3011 4 x Baterias Lithdurcell 1 x Ferramenta Profissional para Desmontagem de Chaveiro 1 x Estojo de Armazenamento Protetor \u3010Observa\u00e7\u00e3o\u3011 Por favor, confirme o modelo da bateria da sua chave de carro...<\/p>","protected":false},"featured_media":19211,"comment_status":"open","ping_status":"closed","template":"","meta":{"_bst_post_transparent":"default","_bst_post_title":"","_bst_post_layout":"default","_bst_post_sidebar_id":"","_bst_post_content_style":"default","_bst_post_vertical_padding":"default","_bst_post_feature":"","_bst_post_feature_position":"","_bst_post_header":false,"_bst_post_footer":false},"product_brand":[],"product_cat":[15],"product_tag":[],"2_year_make_model":[],"class_list":{"0":"post-19226","1":"product","2":"type-product","3":"status-publish","4":"has-post-thumbnail","6":"product_cat-carkeyremote","8":"first","9":"instock","10":"sale","11":"shipping-taxable","12":"purchasable","13":"product-type-simple","14":"entry","15":"content-bg","16":"loop-entry"},"_links":{"self":[{"href":"https:\/\/keylessbest.com\/pt\/wp-json\/wp\/v2\/product\/19226","targetHints":{"allow":["GET"]}}],"collection":[{"href":"https:\/\/keylessbest.com\/pt\/wp-json\/wp\/v2\/product"}],"about":[{"href":"https:\/\/keylessbest.com\/pt\/wp-json\/wp\/v2\/types\/product"}],"replies":[{"embeddable":true,"href":"https:\/\/keylessbest.com\/pt\/wp-json\/wp\/v2\/comments?post=19226"}],"version-history":[{"count":4,"href":"https:\/\/keylessbest.com\/pt\/wp-json\/wp\/v2\/product\/19226\/revisions"}],"predecessor-version":[{"id":19324,"href":"https:\/\/keylessbest.com\/pt\/wp-json\/wp\/v2\/product\/19226\/revisions\/19324"}],"wp:featuredmedia":[{"embeddable":true,"href":"https:\/\/keylessbest.com\/pt\/wp-json\/wp\/v2\/media\/19211"}],"wp:attachment":[{"href":"https:\/\/keylessbest.com\/pt\/wp-json\/wp\/v2\/media?parent=19226"}],"wp:term":[{"taxonomy":"product_brand","embeddable":true,"href":"https:\/\/keylessbest.com\/pt\/wp-json\/wp\/v2\/product_brand?post=19226"},{"taxonomy":"product_cat","embeddable":true,"href":"https:\/\/keylessbest.com\/pt\/wp-json\/wp\/v2\/product_cat?post=19226"},{"taxonomy":"product_tag","embeddable":true,"href":"https:\/\/keylessbest.com\/pt\/wp-json\/wp\/v2\/product_tag?post=19226"},{"taxonomy":"2_year_make_model","embeddable":true,"href":"https:\/\/keylessbest.com\/pt\/wp-json\/wp\/v2\/2_year_make_model?post=19226"}],"curies":[{"name":"wp","href":"https:\/\/api.w.org\/{rel}","templated":true}]}}