{"id":19244,"date":"2025-12-09T10:15:16","date_gmt":"2025-12-09T10:15:16","guid":{"rendered":"https:\/\/keylessbest.com\/?post_type=product&#038;p=19244"},"modified":"2026-01-05T08:39:33","modified_gmt":"2026-01-05T08:39:33","slug":"ferramenta-ezprogrammer-obd-para-iphone-android-sem-taxa-de-assinatura","status":"publish","type":"product","link":"https:\/\/keylessbest.com\/pt\/product\/ferramenta-ezprogrammer-obd-para-iphone-android-sem-taxa-de-assinatura\/","title":{"rendered":"Ferramenta EZProgrammer OBD para iPhone &amp; Android \u2013 Kit de Programa\u00e7\u00e3o de Chaves Remotas Profissional"},"content":{"rendered":"<div class=\"auto-hide-last-sibling-br paragraph-pP9ZLC paragraph-element br-paragraph-space\">\n<h2 class=\"ace-line heading-h3\" dir=\"auto\" data-node=\"true\"><span data-leaf=\"true\"><span class=\"lb\">Posicionamento do Produto Principal<\/span><\/span><span data-string=\"true\" data-enter=\"true\" data-leaf=\"true\">\u200b<\/span><\/h2>\n<div class=\"ace-line\" dir=\"auto\" data-node=\"true\"><span data-leaf=\"true\"><span class=\"lb\">Este <\/span><\/span><span data-leaf=\"true\"><span class=\"lb\">chave eletr\u00f4nica OBD de desenvolvimento pr\u00f3prio<\/span><\/span><span data-leaf=\"true\"><span class=\"lb\"> \u00e9 especificamente projetada para cen\u00e1rios de correspond\u00eancia de chaves automotivas. Integrando m\u00faltiplas fun\u00e7\u00f5es principais, incluindo codifica\u00e7\u00e3o\/decodifica\u00e7\u00e3o, controle de sistema sem chave, adapta\u00e7\u00e3o de sensores e programa\u00e7\u00e3o eletr\u00f4nica, \u00e9 um acess\u00f3rio eletr\u00f4nico automotivo pr\u00e1tico e tecnologicamente inovador. Totalmente compat\u00edvel com as necessidades de correspond\u00eancia de chaves da maioria dos modelos de ve\u00edculos, apresenta opera\u00e7\u00e3o f\u00e1cil e desempenho est\u00e1vel.<\/span><\/span><span data-string=\"true\" data-enter=\"true\" data-leaf=\"true\">\u200b<\/span><\/div>\n<div class=\"ace-line heading-h3\" dir=\"auto\" data-node=\"true\"><span data-leaf=\"true\"><span class=\"lb\">Destaques das Fun\u00e7\u00f5es Principais (Abrangendo Todas as Subclasses Registradas)<\/span><\/span><\/div>\n<div class=\"ace-line heading-h3\" dir=\"auto\" data-node=\"true\"><span data-string=\"true\" data-enter=\"true\" data-leaf=\"true\">\u200b<\/span><\/div>\n<div class=\"ace-line ol-idWwqImJqr list-div list-start-number1\" dir=\"auto\" data-node=\"true\">\n<ol class=\"list-number1 r-list r-list-number\" start=\"1\" data-origin-start=\"1\" data-start=\"1\">\n<li data-start=\"1\"><span data-leaf=\"true\"><span class=\"lb\">Capacidade de Codifica\u00e7\u00e3o e Programa\u00e7\u00e3o Inteligente<\/span><\/span><span data-leaf=\"true\"><span class=\"lb\">: Equipado com chips semicondutores de alto desempenho e aparelho profissional de codifica\u00e7\u00e3o\/decodifica\u00e7\u00e3o, suporta opera\u00e7\u00e3o de leitura, codifica\u00e7\u00e3o e programa\u00e7\u00e3o de chaves transponder em todo o processo. Com encoders precisos (incluindo encoders magn\u00e9ticos), garante transmiss\u00e3o de sinal est\u00e1vel e precis\u00e3o de correspond\u00eancia l\u00edder na ind\u00fastria.<\/span><\/span><span data-string=\"true\" data-enter=\"true\" data-leaf=\"true\">\u200b<\/span><\/li>\n<\/ol>\n<\/div>\n<div class=\"ace-line ol-id5G9mt5ws list-div\" dir=\"auto\" data-node=\"true\">\n<ol class=\"list-number1 r-list r-list-number\" start=\"2\" data-origin-start=\"2\" data-start=\"2\">\n<li data-start=\"2\"><span data-leaf=\"true\"><span class=\"lb\">Integra\u00e7\u00e3o do Sistema Sem Chave<\/span><\/span><span data-leaf=\"true\"><span class=\"lb\">: Integra sistemas de entrada sem chave automotivos e sistemas de igni\u00e7\u00e3o sem chave, compostos por microcontroladores, receptores de sinais eletr\u00f4nicos e controles remotos com transponders\/respostas de sinal eletr\u00f4nico. Tamb\u00e9m \u00e9 compat\u00edvel com cart\u00f5es-chave eletr\u00f4nicos e transmissores de controle remoto, permitindo desbloqueio e igni\u00e7\u00e3o sem contato para uma experi\u00eancia inteligente.<\/span><\/span><span data-string=\"true\" data-enter=\"true\" data-leaf=\"true\">\u200b<\/span><\/li>\n<\/ol>\n<\/div>\n<div class=\"ace-line ol-idAbwNzslj list-div\" dir=\"auto\" data-node=\"true\">\n<ol class=\"list-number1 r-list r-list-number\" start=\"3\" data-origin-start=\"3\" data-start=\"3\">\n<li data-start=\"3\"><span data-leaf=\"true\"><span class=\"lb\">Fun\u00e7\u00f5es de Controle Eletr\u00f4nico e Adapta\u00e7\u00e3o<\/span><\/span><span data-leaf=\"true\"><span class=\"lb\">: Possui um controlador eletr\u00f4nico independente que monitora o status de funcionamento do motor, otimiza o desempenho de igni\u00e7\u00e3o recalculando dados de sensores e alimentando de volta para a unidade de controle do ve\u00edculo. Adapta-se a sensores e unidades de detec\u00e7\u00e3o para controlar a atua\u00e7\u00e3o e opera\u00e7\u00e3o de equipamentos de seguran\u00e7a automotiva, al\u00e9m de suportar controle eletr\u00f4nico de acionamento de fechaduras de portas eletr\u00f4nicas.<\/span><\/span><span data-string=\"true\" data-enter=\"true\" data-leaf=\"true\">\u200b<\/span><\/li>\n<\/ol>\n<\/div>\n<div class=\"ace-line ol-idkeghWM4O list-div\" dir=\"auto\" data-node=\"true\">\n<ol class=\"list-number1 r-list r-list-number\" start=\"4\" data-origin-start=\"4\" data-start=\"4\">\n<li data-start=\"4\"><span data-leaf=\"true\"><span class=\"lb\">Vantagens de Adapta\u00e7\u00e3o a M\u00faltiplos Cen\u00e1rios<\/span><\/span><span data-leaf=\"true\"><span class=\"lb\">: Compat\u00edvel com necessidades de testes relacionadas a sistemas de transmiss\u00e3o e freios automotivos, acompanha instrumentos de decodifica\u00e7\u00e3o e equipamentos de programa\u00e7\u00e3o necess\u00e1rios para a correspond\u00eancia de chaves eletr\u00f4nicas. Desde opera\u00e7\u00f5es em n\u00edvel de chip at\u00e9 adapta\u00e7\u00e3o em n\u00edvel de sistema, atende de forma abrangente \u00e0s demandas principais de correspond\u00eancia de chaves de ve\u00edculos e \u00e9 adequado para a maioria dos modelos de ve\u00edculos convencionais.<\/span><\/span><span data-string=\"true\" data-enter=\"true\" data-leaf=\"true\">\u200b<\/span><\/li>\n<\/ol>\n<\/div>\n<h2 class=\"ace-line heading-h3\" dir=\"auto\" data-node=\"true\"><span data-leaf=\"true\"><span class=\"lb\">Vantagens do Produto Principal<\/span><\/span><span data-string=\"true\" data-enter=\"true\" data-leaf=\"true\">\u200b<\/span><\/h2>\n<div class=\"ace-line list-div\" dir=\"auto\" data-node=\"true\">\n<ul class=\"list-bullet1 r-list r-list-bullet\">\n<li><span data-leaf=\"true\"><span class=\"lb\">Design de Desenvolvimento Pr\u00f3prio: Tecnologias principais s\u00e3o control\u00e1veis de forma independente, otimizadas profundamente para cen\u00e1rios de correspond\u00eancia de chaves, abrangendo todas as subclasses registradas para garantir conformidade e praticidade.<\/span><\/span><span data-string=\"true\" data-enter=\"true\" data-leaf=\"true\">\u200b<\/span><\/li>\n<\/ul>\n<\/div>\n<div class=\"ace-line list-div\" dir=\"auto\" data-node=\"true\">\n<ul class=\"list-bullet1 r-list r-list-bullet\">\n<li><span data-leaf=\"true\"><span class=\"lb\">Correspond\u00eancia de Alta Precis\u00e3o: Codifica\u00e7\u00e3o\/decodifica\u00e7\u00e3o precisa e eficiente, com sensores e unidades de controle eletr\u00f4nico trabalhando de forma sin\u00e9rgica para garantir opera\u00e7\u00e3o est\u00e1vel ap\u00f3s a correspond\u00eancia da chave.<\/span><\/span><span data-string=\"true\" data-enter=\"true\" data-leaf=\"true\">\u200b<\/span><\/li>\n<\/ul>\n<\/div>\n<div class=\"ace-line list-div\" dir=\"auto\" data-node=\"true\">\n<ul class=\"list-bullet1 r-list r-list-bullet\">\n<li><span data-leaf=\"true\"><span class=\"lb\">Integra\u00e7\u00e3o Multifuncional: Combina codifica\u00e7\u00e3o\/programa\u00e7\u00e3o, controle sem chave, testes eletr\u00f4nicos e adapta\u00e7\u00e3o inteligente em um \u00fanico dispositivo, oferecendo uma solu\u00e7\u00e3o completa para a correspond\u00eancia de chaves de ve\u00edculos sem necessidade de equipamentos adicionais.<\/span><\/span><\/li>\n<\/ul>\n<\/div>\n<\/div>","protected":false},"excerpt":{"rendered":"<p>Posicionamento do Produto Principal\u200b Esta chave eletr\u00f4nica OBD de desenvolvimento pr\u00f3prio foi projetada especificamente para cen\u00e1rios de correspond\u00eancia de chaves automotivas. Integrando m\u00faltiplas fun\u00e7\u00f5es principais, incluindo codifica\u00e7\u00e3o\/decodifica\u00e7\u00e3o, controle de sistema sem chave, adapta\u00e7\u00e3o de sensor e programa\u00e7\u00e3o eletr\u00f4nica, \u00e9 um acess\u00f3rio eletr\u00f4nico automotivo pr\u00e1tico e tecnologicamente inovador. Totalmente compat\u00edvel com as necessidades de correspond\u00eancia de chaves da maioria dos modelos de ve\u00edculos, apresenta opera\u00e7\u00e3o f\u00e1cil e\u2026<\/p>","protected":false},"featured_media":19247,"comment_status":"open","ping_status":"closed","template":"","meta":{"_bst_post_transparent":"default","_bst_post_title":"","_bst_post_layout":"default","_bst_post_sidebar_id":"","_bst_post_content_style":"default","_bst_post_vertical_padding":"default","_bst_post_feature":"","_bst_post_feature_position":"","_bst_post_header":false,"_bst_post_footer":false},"product_brand":[],"product_cat":[15],"product_tag":[],"2_year_make_model":[],"class_list":{"0":"post-19244","1":"product","2":"type-product","3":"status-publish","4":"has-post-thumbnail","6":"product_cat-carkeyremote","8":"first","9":"instock","10":"sale","11":"shipping-taxable","12":"purchasable","13":"product-type-simple","14":"entry","15":"content-bg","16":"loop-entry"},"_links":{"self":[{"href":"https:\/\/keylessbest.com\/pt\/wp-json\/wp\/v2\/product\/19244","targetHints":{"allow":["GET"]}}],"collection":[{"href":"https:\/\/keylessbest.com\/pt\/wp-json\/wp\/v2\/product"}],"about":[{"href":"https:\/\/keylessbest.com\/pt\/wp-json\/wp\/v2\/types\/product"}],"replies":[{"embeddable":true,"href":"https:\/\/keylessbest.com\/pt\/wp-json\/wp\/v2\/comments?post=19244"}],"version-history":[{"count":7,"href":"https:\/\/keylessbest.com\/pt\/wp-json\/wp\/v2\/product\/19244\/revisions"}],"predecessor-version":[{"id":19287,"href":"https:\/\/keylessbest.com\/pt\/wp-json\/wp\/v2\/product\/19244\/revisions\/19287"}],"wp:featuredmedia":[{"embeddable":true,"href":"https:\/\/keylessbest.com\/pt\/wp-json\/wp\/v2\/media\/19247"}],"wp:attachment":[{"href":"https:\/\/keylessbest.com\/pt\/wp-json\/wp\/v2\/media?parent=19244"}],"wp:term":[{"taxonomy":"product_brand","embeddable":true,"href":"https:\/\/keylessbest.com\/pt\/wp-json\/wp\/v2\/product_brand?post=19244"},{"taxonomy":"product_cat","embeddable":true,"href":"https:\/\/keylessbest.com\/pt\/wp-json\/wp\/v2\/product_cat?post=19244"},{"taxonomy":"product_tag","embeddable":true,"href":"https:\/\/keylessbest.com\/pt\/wp-json\/wp\/v2\/product_tag?post=19244"},{"taxonomy":"2_year_make_model","embeddable":true,"href":"https:\/\/keylessbest.com\/pt\/wp-json\/wp\/v2\/2_year_make_model?post=19244"}],"curies":[{"name":"wp","href":"https:\/\/api.w.org\/{rel}","templated":true}]}}