{"id":19471,"date":"2025-12-13T07:37:47","date_gmt":"2025-12-13T07:37:47","guid":{"rendered":"https:\/\/keylessbest.com\/?post_type=product&#038;p=19471"},"modified":"2026-02-25T02:44:38","modified_gmt":"2026-02-25T02:44:38","slug":"chaveiro-gmc-hummer-ev-2022-2025-pn13542577-para-keylessbest","status":"publish","type":"product","link":"https:\/\/keylessbest.com\/pt\/product\/chaveiro-gmc-hummer-ev-2022-2025-pn13542577-para-keylessbest\/","title":{"rendered":"Chaveiro GMC Hummer EV 2022-2025 PN:13542577 para Keylessbest"},"content":{"rendered":"<p>&nbsp;<\/p>\n<p>*As informa\u00e7\u00f5es detalhadas desta chave de presen\u00e7a sem chave GMC de 2022 a 2025 s\u00e3o as seguintes. Por favor, confirme se os detalhes abaixo correspondem ao seu ve\u00edculo antes de fazer o pedido: FCC ID, N\u00famero da Pe\u00e7a, Ano do Modelo, IC, Frequ\u00eancia, Chip e Bot\u00f5es.<\/p>\n<h2>Informa\u00e7\u00f5es do Produto:<\/h2>\n<ul>\n<li>GMC 6 bot\u00f5es<\/li>\n<li>Frequ\u00eancia: 434MHz<\/li>\n<li>Chip: 49<\/li>\n<li>FCC ID: YG0G21TB2<\/li>\n<li>PN: 13542577, 13560224<\/li>\n<li>IC: 4008C-G21TB2<\/li>\n<li>Bot\u00f5es: Trancar, Destrancar, Partida Remota, Cap\u00f4, Porta Malas, P\u00e2nico<\/li>\n<li>Chave de Teste: HU100<\/li>\n<li>Bateria: CR2450<\/li>\n<\/ul>\n<h2>Modelo de Refer\u00eancia:<\/h2>\n<ul>\n<li>GMC Hummer EV de 2022 a 2025<\/li>\n<\/ul>\n<p>&nbsp;<\/p>","protected":false},"excerpt":{"rendered":"<ul>\n<li>SKU: CA-GM669<\/li>\n<li>Frequ\u00eancia: 434MHz<\/li>\n<li>Chip: 49<\/li>\n<li>FCC ID: YG0G21TB2<\/li>\n<li>PN: 13542577, 13560224<\/li>\n<li>IC: 4008C-G21TB2<\/li>\n<li>Bot\u00f5es: Trancar, Destrancar, Partida Remota, Cap\u00f4, Porta Malas, P\u00e2nico<\/li>\n<li>Chave de Teste: HU100<\/li>\n<li>Bateria: CR2450<\/li>\n<\/ul>","protected":false},"featured_media":21539,"comment_status":"open","ping_status":"closed","template":"","meta":{"_bst_post_transparent":"default","_bst_post_title":"","_bst_post_layout":"default","_bst_post_sidebar_id":"","_bst_post_content_style":"default","_bst_post_vertical_padding":"default","_bst_post_feature":"","_bst_post_feature_position":"","_bst_post_header":false,"_bst_post_footer":false},"product_brand":[],"product_cat":[15,152],"product_tag":[],"2_year_make_model":[],"class_list":{"0":"post-19471","1":"product","2":"type-product","3":"status-publish","4":"has-post-thumbnail","6":"product_cat-carkeyremote","7":"product_cat-for-gmc","9":"first","10":"instock","11":"sale","12":"shipping-taxable","13":"purchasable","14":"product-type-simple","15":"entry","16":"content-bg","17":"loop-entry"},"_links":{"self":[{"href":"https:\/\/keylessbest.com\/pt\/wp-json\/wp\/v2\/product\/19471","targetHints":{"allow":["GET"]}}],"collection":[{"href":"https:\/\/keylessbest.com\/pt\/wp-json\/wp\/v2\/product"}],"about":[{"href":"https:\/\/keylessbest.com\/pt\/wp-json\/wp\/v2\/types\/product"}],"replies":[{"embeddable":true,"href":"https:\/\/keylessbest.com\/pt\/wp-json\/wp\/v2\/comments?post=19471"}],"version-history":[{"count":1,"href":"https:\/\/keylessbest.com\/pt\/wp-json\/wp\/v2\/product\/19471\/revisions"}],"predecessor-version":[{"id":19473,"href":"https:\/\/keylessbest.com\/pt\/wp-json\/wp\/v2\/product\/19471\/revisions\/19473"}],"wp:featuredmedia":[{"embeddable":true,"href":"https:\/\/keylessbest.com\/pt\/wp-json\/wp\/v2\/media\/21539"}],"wp:attachment":[{"href":"https:\/\/keylessbest.com\/pt\/wp-json\/wp\/v2\/media?parent=19471"}],"wp:term":[{"taxonomy":"product_brand","embeddable":true,"href":"https:\/\/keylessbest.com\/pt\/wp-json\/wp\/v2\/product_brand?post=19471"},{"taxonomy":"product_cat","embeddable":true,"href":"https:\/\/keylessbest.com\/pt\/wp-json\/wp\/v2\/product_cat?post=19471"},{"taxonomy":"product_tag","embeddable":true,"href":"https:\/\/keylessbest.com\/pt\/wp-json\/wp\/v2\/product_tag?post=19471"},{"taxonomy":"2_year_make_model","embeddable":true,"href":"https:\/\/keylessbest.com\/pt\/wp-json\/wp\/v2\/2_year_make_model?post=19471"}],"curies":[{"name":"wp","href":"https:\/\/api.w.org\/{rel}","templated":true}]}}