{"id":19477,"date":"2025-12-13T07:49:55","date_gmt":"2025-12-13T07:49:55","guid":{"rendered":"https:\/\/keylessbest.com\/?post_type=product&#038;p=19477"},"modified":"2026-02-25T02:23:26","modified_gmt":"2026-02-25T02:23:26","slug":"chaveiro-chevrolet-silverado-ev-2024-2026-pn13547258-para-keylessbest","status":"publish","type":"product","link":"https:\/\/keylessbest.com\/pt\/product\/chaveiro-chevrolet-silverado-ev-2024-2026-pn13547258-para-keylessbest\/","title":{"rendered":"Chaveiro Chevrolet Silverado EV 2024-2026 PN:13547258 para Keylessbest"},"content":{"rendered":"<p>*As informa\u00e7\u00f5es detalhadas desta chave remota sem chave de 2024-2026 do Chevrolet s\u00e3o as seguintes. Por favor, confirme se os detalhes abaixo correspondem ao seu ve\u00edculo antes de fazer o pedido: FCC ID, N\u00famero da Pe\u00e7a, Ano do Modelo, IC, Frequ\u00eancia, Chip e Bot\u00f5es.<\/p>\n<p>Introdu\u00e7\u00e3o ao Produto:<br \/>\nNome: Chevrolet 5 bot\u00f5es<br \/>\nFrequ\u00eancia: 434MHz<br \/>\nChip: 49<br \/>\nFCC ID: YG0G21TB2<br \/>\nPN: 13547258<br \/>\nBot\u00f5es: Trancar, Destrancar, Partida Remota, Porta-malas Frontal, P\u00e2nico<br \/>\nChave de Teste: HU100<br \/>\nBateria: CR2450<\/p>\n<p>Modelo de Refer\u00eancia:<br \/>\nChevrolet Silverado EV 2024 \u2013 2026<\/p>","protected":false},"excerpt":{"rendered":"<ul>\n<li>SKU:CA-GM677<\/li>\n<li>Frequ\u00eancia: 434MHz<\/li>\n<li>Chip: 49<\/li>\n<li>FCC ID: YG0G21TB2<\/li>\n<li>PN: 13547258<\/li>\n<li>Bot\u00f5es: Trancar, Destrancar, Partida Remota, Porta-malas Frontal, P\u00e2nico<\/li>\n<li>Chave de Teste: HU100<\/li>\n<li>Bateria: CR2450<\/li>\n<\/ul>","protected":false},"featured_media":21530,"comment_status":"open","ping_status":"closed","template":"","meta":{"_bst_post_transparent":"default","_bst_post_title":"","_bst_post_layout":"default","_bst_post_sidebar_id":"","_bst_post_content_style":"default","_bst_post_vertical_padding":"default","_bst_post_feature":"","_bst_post_feature_position":"","_bst_post_header":false,"_bst_post_footer":false},"product_brand":[],"product_cat":[15,152],"product_tag":[],"2_year_make_model":[],"class_list":{"0":"post-19477","1":"product","2":"type-product","3":"status-publish","4":"has-post-thumbnail","6":"product_cat-carkeyremote","7":"product_cat-for-gmc","9":"first","10":"instock","11":"sale","12":"shipping-taxable","13":"purchasable","14":"product-type-simple","15":"entry","16":"content-bg","17":"loop-entry"},"_links":{"self":[{"href":"https:\/\/keylessbest.com\/pt\/wp-json\/wp\/v2\/product\/19477","targetHints":{"allow":["GET"]}}],"collection":[{"href":"https:\/\/keylessbest.com\/pt\/wp-json\/wp\/v2\/product"}],"about":[{"href":"https:\/\/keylessbest.com\/pt\/wp-json\/wp\/v2\/types\/product"}],"replies":[{"embeddable":true,"href":"https:\/\/keylessbest.com\/pt\/wp-json\/wp\/v2\/comments?post=19477"}],"version-history":[{"count":1,"href":"https:\/\/keylessbest.com\/pt\/wp-json\/wp\/v2\/product\/19477\/revisions"}],"predecessor-version":[{"id":19478,"href":"https:\/\/keylessbest.com\/pt\/wp-json\/wp\/v2\/product\/19477\/revisions\/19478"}],"wp:featuredmedia":[{"embeddable":true,"href":"https:\/\/keylessbest.com\/pt\/wp-json\/wp\/v2\/media\/21530"}],"wp:attachment":[{"href":"https:\/\/keylessbest.com\/pt\/wp-json\/wp\/v2\/media?parent=19477"}],"wp:term":[{"taxonomy":"product_brand","embeddable":true,"href":"https:\/\/keylessbest.com\/pt\/wp-json\/wp\/v2\/product_brand?post=19477"},{"taxonomy":"product_cat","embeddable":true,"href":"https:\/\/keylessbest.com\/pt\/wp-json\/wp\/v2\/product_cat?post=19477"},{"taxonomy":"product_tag","embeddable":true,"href":"https:\/\/keylessbest.com\/pt\/wp-json\/wp\/v2\/product_tag?post=19477"},{"taxonomy":"2_year_make_model","embeddable":true,"href":"https:\/\/keylessbest.com\/pt\/wp-json\/wp\/v2\/2_year_make_model?post=19477"}],"curies":[{"name":"wp","href":"https:\/\/api.w.org\/{rel}","templated":true}]}}