{"id":21840,"date":"2026-03-09T08:56:44","date_gmt":"2026-03-09T08:56:44","guid":{"rendered":"https:\/\/keylessbest.com\/?post_type=product&#038;p=21840"},"modified":"2026-03-09T08:56:44","modified_gmt":"2026-03-09T08:56:44","slug":"2021-2024-lexus-key-fob-hyq14flb-for-keylessbest","status":"publish","type":"product","link":"https:\/\/keylessbest.com\/pt\/product\/2021-2024-lexus-key-fob-hyq14flb-for-keylessbest\/","title":{"rendered":"2021-2024 Lexus Key Fob HYQ14FLB for keylessbest"},"content":{"rendered":"<p>CA-TA256<br \/>\n*As informa\u00e7\u00f5es detalhadas desta chave remota sem chave Lexus 2020-2021 s\u00e3o as seguintes. Por favor, confirme se os detalhes abaixo correspondem ao seu ve\u00edculo antes de fazer o pedido: FCC ID, N\u00famero da Pe\u00e7a, Ano do Modelo, IC, Frequ\u00eancia, Chip e Bot\u00f5es.<br \/>\nInforma\u00e7\u00f5es do Produto:<br \/>\n\uf0b7FCC ID: HYQ14FLB<br \/>\n\uf0b7PN: 89904-53E70 89904-53E71<br \/>\n\uf0b7IC: 1551A-14FLB<br \/>\n\uf0b7Frequency:315MHz<br \/>\n\uf0b7Chip:8A<br \/>\n\uf0b7Buttons:Lock, Unlock, Hatch, Panic<br \/>\nO modelo de refer\u00eancia:<br \/>\n\uf0b72021-2024 Lexus IS250<br \/>\n\uf0b72021-2024 Lexus RC<br \/>\nInclus\u00f5es do Pacote:<br \/>\n\uf0b7A new aftermarket keyless remote fob<br \/>\n\uf0b7A free aftermarket emergency insert key<br \/>\n\uf0b7All transmitters come with a battery<br \/>\n\uf0b7All units are tested prior to shipping<br \/>\n\uf0b72-year 100% satisfaction guarantee and warranty<br \/>\nObserva\u00e7\u00e3o:<br \/>\n\uf0b7The\u00a0 2021-2024 Lexus smart keyless entry fob replacement \u2013 \u00a0\u00a0without \u00a0a \u00a0logo, with \u00a0an \u00a0uncut emergency \u00a0insert \u00a0key included.<br \/>\nN\u00f3s n\u00e3o cortamos nem programamos a chave remota. Al\u00e9m disso, para pre\u00e7os, por favor, entre em contato com o chaveiro local ou concession\u00e1ria.<br \/>\n\uf0b7This transmitteris compatible with vehicles featuring a dashboard push-to-start\/stop \u00a0button \u00a0or \u00a0twist-knob \u00a0ignition,\u00a0\u00a0along \u00a0with\u00a0\u00a0a proxy keyless entry system.<br \/>\nO pre\u00e7o \u00e9 para um controle remoto de entrada sem contato de substitui\u00e7\u00e3o completo, incluindo a chave de emerg\u00eancia.<br \/>\nPortanto, recomendamos fortemente que voc\u00ea tenha seu KEY FOB programado por um chaveiro profissional ou concession\u00e1ria.<br \/>\nRecursos de Programa\u00e7\u00e3o\u00a0<br \/>\nObrigado por nos escolher.<br \/>\nSomos um dos fabricantes mais profissionais de chaves de carro, sistema de entrada sem chave, controle remoto de chave de carro, chips transponder, programadores de chaves, carca\u00e7as de chaves de carro, fechaduras de carro, ferramentas de chaveiro e assim por diante. Al\u00e9m disso, nossa empresa possui uma equipe profissional e linha de produ\u00e7\u00e3o. Ademais, somos especializados na produ\u00e7\u00e3o de v\u00e1rias chaves de carro, carca\u00e7as de chaves de carro e ferramentas de chaveiro. Tamb\u00e9m lidamos com desenvolvimento, fabrica\u00e7\u00e3o e atacado de produtos de seguran\u00e7a e prote\u00e7\u00e3o automotiva.<br \/>\nPre\u00e7os competitivos e servi\u00e7os dedicados ajudar\u00e3o voc\u00ea a conquistar um bom mercado. Al\u00e9m disso, mais de 10 jovens e en\u00e9rgicos times de vendas oferecem servi\u00e7o r\u00e1pido, profissional e amig\u00e1vel a qualquer momento. Al\u00e9m disso, todos os nossos produtos\u00a0\u00a0s\u00e3o enviados diretamente do armaz\u00e9m na Brasil, Canad\u00e1 e M\u00e9xico. Portanto, as mercadorias que voc\u00ea comprar ser\u00e3o embaladas e enviadas dentro de 48 horas ap\u00f3s a realiza\u00e7\u00e3o do pedido. Mais de 100% de nossos produtos est\u00e3o em estoque, e o invent\u00e1rio \u00e9 suficiente.<\/p>","protected":false},"excerpt":{"rendered":"<p>\uf0b7FCC ID: HYQ14FLB<br \/>\n\uf0b7PN: 89904-53E70 89904-53E71<br \/>\n\uf0b7IC: 1551A-14FLB<br \/>\n\uf0b7Frequency:315MHz<br \/>\n\uf0b7Chip:8A<br \/>\n\uf0b7Buttons:Lock, Unlock, Hatch, Panic<\/p>","protected":false},"featured_media":21841,"comment_status":"open","ping_status":"closed","template":"","meta":{"_bst_post_transparent":"default","_bst_post_title":"","_bst_post_layout":"default","_bst_post_sidebar_id":"","_bst_post_content_style":"default","_bst_post_vertical_padding":"default","_bst_post_feature":"","_bst_post_feature_position":"","_bst_post_header":false,"_bst_post_footer":false},"product_brand":[],"product_cat":[15,384],"product_tag":[],"2_year_make_model":[],"class_list":{"0":"post-21840","1":"product","2":"type-product","3":"status-publish","4":"has-post-thumbnail","6":"product_cat-carkeyremote","7":"product_cat-for-lexus","9":"first","10":"instock","11":"sale","12":"shipping-taxable","13":"purchasable","14":"product-type-simple","15":"entry","16":"content-bg","17":"loop-entry"},"_links":{"self":[{"href":"https:\/\/keylessbest.com\/pt\/wp-json\/wp\/v2\/product\/21840","targetHints":{"allow":["GET"]}}],"collection":[{"href":"https:\/\/keylessbest.com\/pt\/wp-json\/wp\/v2\/product"}],"about":[{"href":"https:\/\/keylessbest.com\/pt\/wp-json\/wp\/v2\/types\/product"}],"replies":[{"embeddable":true,"href":"https:\/\/keylessbest.com\/pt\/wp-json\/wp\/v2\/comments?post=21840"}],"version-history":[{"count":3,"href":"https:\/\/keylessbest.com\/pt\/wp-json\/wp\/v2\/product\/21840\/revisions"}],"predecessor-version":[{"id":21847,"href":"https:\/\/keylessbest.com\/pt\/wp-json\/wp\/v2\/product\/21840\/revisions\/21847"}],"wp:featuredmedia":[{"embeddable":true,"href":"https:\/\/keylessbest.com\/pt\/wp-json\/wp\/v2\/media\/21841"}],"wp:attachment":[{"href":"https:\/\/keylessbest.com\/pt\/wp-json\/wp\/v2\/media?parent=21840"}],"wp:term":[{"taxonomy":"product_brand","embeddable":true,"href":"https:\/\/keylessbest.com\/pt\/wp-json\/wp\/v2\/product_brand?post=21840"},{"taxonomy":"product_cat","embeddable":true,"href":"https:\/\/keylessbest.com\/pt\/wp-json\/wp\/v2\/product_cat?post=21840"},{"taxonomy":"product_tag","embeddable":true,"href":"https:\/\/keylessbest.com\/pt\/wp-json\/wp\/v2\/product_tag?post=21840"},{"taxonomy":"2_year_make_model","embeddable":true,"href":"https:\/\/keylessbest.com\/pt\/wp-json\/wp\/v2\/2_year_make_model?post=21840"}],"curies":[{"name":"wp","href":"https:\/\/api.w.org\/{rel}","templated":true}]}}