{"id":11233,"date":"2023-07-08T05:53:03","date_gmt":"2023-07-08T05:53:03","guid":{"rendered":"https:\/\/demos.coderplace.com\/woo\/WCM02\/WCM02045\/WP01\/?page_id=11233"},"modified":"2025-07-31T07:21:19","modified_gmt":"2025-07-31T07:21:19","slug":"guvenli-alisveris-politikalari","status":"publish","type":"page","link":"https:\/\/keylessbest.com\/tr\/guvenli-alisveris-politikalari\/","title":{"rendered":"Secure Shopping &#038; Policies"},"content":{"rendered":"<div data-elementor-type=\"wp-page\" data-elementor-id=\"11233\" class=\"elementor elementor-11233\" data-elementor-post-type=\"page\">\n\t\t\t\t<div class=\"elementor-element elementor-element-de0e684 e-flex e-con-boxed e-con e-parent\" data-id=\"de0e684\" data-element_type=\"container\">\n\t\t\t\t\t<div class=\"e-con-inner\">\n\t\t\t\t<div class=\"elementor-element elementor-element-eed2eaf elementor-widget elementor-widget-text-editor\" data-id=\"eed2eaf\" data-element_type=\"widget\" data-widget_type=\"text-editor.default\">\n\t\t\t\t\t\t\t\t\t<p><strong>Ki\u015fisel bilgilerinizin g\u00fcvenli\u011fi ve gizlili\u011fi ile kredi kart\u0131n\u0131z\u0131n g\u00fcvenli\u011fini sa\u011flamak amac\u0131yla.<\/strong><\/p><p><strong>Bu seviyede g\u00fcvenlik sa\u011flamak i\u00e7in, \u00f6deme s\u0131ras\u0131nda SSL ba\u011flant\u0131lar\u0131 dahil ancak bunlarla s\u0131n\u0131rl\u0131 olmamak \u00fczere end\u00fcstri standartlar\u0131nda \u015fifreleme teknolojileri kullan\u0131yoruz; b\u00f6ylece kredi kart\u0131 numaran\u0131z ve di\u011fer t\u00fcketici verileriniz, web sitemizle payla\u015f\u0131ld\u0131\u011f\u0131nda korunur.<\/strong><\/p><p><strong>Kredi kart\u0131 bilgileriniz her zaman g\u00fcvendedir. Sipari\u015fler, T\u00fcrkiye \u0130\u015f Bankas\u0131 Ticari Hizmetler B\u00f6l\u00fcm\u00fc (Yahoo Ma\u011faza kredi kart\u0131 \u00f6deme sa\u011flay\u0131c\u0131s\u0131) taraf\u0131ndan i\u015flenir. Web sitemizde g\u00fcvenle al\u0131\u015fveri\u015f yapabilirsiniz \u00e7\u00fcnk\u00fc 0% g\u00fcvenlik sertifikas\u0131na sahiptir ve bilgilerinizin g\u00fcvende olmas\u0131 i\u00e7in SSL g\u00fcvenlik teknolojisi kullan\u0131r. \u00d6deme s\u0131ras\u0131nda, kredi kart\u0131 bilgileriniz SSL ba\u011flant\u0131s\u0131 ile korunur. Ayr\u0131ca, kart numaran\u0131z\u0131 sadece sat\u0131n alma tarihinden itibaren 4 hafta boyunca saklar\u0131z. Daha uzun s\u00fcre saklam\u0131yoruz. Kredi kart\u0131 numaran\u0131za ihtiyac\u0131m\u0131z yoktur, bu y\u00fczden saklam\u0131yoruz. Bu, kredi kart\u0131 bilgilerinizin \u00e7al\u0131nma riskini b\u00fcy\u00fck \u00f6l\u00e7\u00fcde azalt\u0131r.<\/strong><\/p><p><strong>Bir \u00fcr\u00fcn sat\u0131n ald\u0131\u011f\u0131n\u0131zda, ad\u0131n\u0131z, adresiniz ve \u00f6deme detaylar\u0131n\u0131z gibi ki\u015fisel bilgilerinizi toplar\u0131z. Ayr\u0131ca, arac\u0131n\u0131z hakk\u0131nda bilgi istememiz gerekebilir. Bu bilgileri, sipari\u015finizi zaman\u0131nda i\u015fleme almak i\u00e7in sizinle ileti\u015fime ge\u00e7mek amac\u0131yla kullanabiliriz. Ki\u015fisel bilgilerinizi, yasal y\u00fck\u00fcml\u00fcl\u00fcklere uymak zorunda kalmad\u0131k\u00e7a, kimseyle satmaz veya payla\u015fmay\u0131z.<\/strong><\/p>\t\t\t\t\t\t\t\t<\/div>\n\t\t\t\t\t<\/div>\n\t\t\t\t<\/div>\n\t\t\t\t<\/div>","protected":false},"excerpt":{"rendered":"<p>To ensure the security and privacy of your personal information and the safety of your credit card. To achieve this level of security, we employ industry-standard encryption technologies, including but not limited to SSL connections during checkout, to protect your credit card number and other consumer data when exchanged with our website. Your credit card&#8230;<\/p>","protected":false},"author":1,"featured_media":0,"parent":0,"menu_order":0,"comment_status":"closed","ping_status":"closed","template":"","meta":{"_bst_post_transparent":"","_bst_post_title":"hide","_bst_post_layout":"fullwidth","_bst_post_sidebar_id":"","_bst_post_content_style":"unboxed","_bst_post_vertical_padding":"hide","_bst_post_feature":"hide","_bst_post_feature_position":"","_bst_post_header":false,"_bst_post_footer":false,"footnotes":""},"class_list":["post-11233","page","type-page","status-publish","hentry"],"_links":{"self":[{"href":"https:\/\/keylessbest.com\/tr\/wp-json\/wp\/v2\/pages\/11233","targetHints":{"allow":["GET"]}}],"collection":[{"href":"https:\/\/keylessbest.com\/tr\/wp-json\/wp\/v2\/pages"}],"about":[{"href":"https:\/\/keylessbest.com\/tr\/wp-json\/wp\/v2\/types\/page"}],"author":[{"embeddable":true,"href":"https:\/\/keylessbest.com\/tr\/wp-json\/wp\/v2\/users\/1"}],"replies":[{"embeddable":true,"href":"https:\/\/keylessbest.com\/tr\/wp-json\/wp\/v2\/comments?post=11233"}],"version-history":[{"count":4,"href":"https:\/\/keylessbest.com\/tr\/wp-json\/wp\/v2\/pages\/11233\/revisions"}],"predecessor-version":[{"id":13641,"href":"https:\/\/keylessbest.com\/tr\/wp-json\/wp\/v2\/pages\/11233\/revisions\/13641"}],"wp:attachment":[{"href":"https:\/\/keylessbest.com\/tr\/wp-json\/wp\/v2\/media?parent=11233"}],"curies":[{"name":"wp","href":"https:\/\/api.w.org\/{rel}","templated":true}]}}