{"id":13523,"date":"2025-07-18T03:30:00","date_gmt":"2025-07-18T03:30:00","guid":{"rendered":"https:\/\/hanwuji.shengjit.com\/?page_id=13523"},"modified":"2025-07-29T10:52:12","modified_gmt":"2025-07-29T10:52:12","slug":"sss","status":"publish","type":"page","link":"https:\/\/keylessbest.com\/tr\/sss\/","title":{"rendered":"SSS\u2019ler"},"content":{"rendered":"<div data-elementor-type=\"wp-page\" data-elementor-id=\"13523\" class=\"elementor elementor-13523\" data-elementor-post-type=\"page\">\n\t\t\t\t<div class=\"elementor-element elementor-element-8c36c7c e-flex e-con-boxed e-con e-parent\" data-id=\"8c36c7c\" data-element_type=\"container\">\n\t\t\t\t\t<div class=\"e-con-inner\">\n\t\t\t\t<div class=\"elementor-element elementor-element-88c91b6 elementor-widget elementor-widget-heading\" data-id=\"88c91b6\" data-element_type=\"widget\" data-widget_type=\"heading.default\">\n\t\t\t\t\t<h2 class=\"elementor-heading-title elementor-size-default\">S: Hangi anahtar anahtar g\u00f6be\u011fine ihtiyac\u0131n\u0131z oldu\u011funu merak m\u0131 ediyorsunuz? <\/h2>\t\t\t\t<\/div>\n\t\t\t\t<div class=\"elementor-element elementor-element-ee6740e elementor-widget elementor-widget-text-editor\" data-id=\"ee6740e\" data-element_type=\"widget\" data-widget_type=\"text-editor.default\">\n\t\t\t\t\t\t\t\t\t<p>C: S\u00fcreci sizin i\u00e7in basitle\u015ftirdik. Sadece arac\u0131n\u0131z\u0131n y\u0131l\u0131, markas\u0131 ve modeli ile arama yap\u0131n. Arama sonu\u00e7lar\u0131nda birden fazla anahtar g\u00f6be\u011fi se\u00e7ene\u011fi \u00e7\u0131karsa, mevcut uzaktan kumandan\u0131z\u0131n d\u00fc\u011fme d\u00fczenini arama sonu\u00e7lar\u0131ndakiyle e\u015fle\u015ftirin. Ve yanl\u0131\u015f olan\u0131 se\u00e7erseniz bile, listelenen herhangi bir anahtar g\u00f6be\u011finin arac\u0131n\u0131zla uyumlu olma ihtimali y\u00fcksektir.<\/p>\t\t\t\t\t\t\t\t<\/div>\n\t\t\t\t\t<\/div>\n\t\t\t\t<\/div>\n\t\t<div class=\"elementor-element elementor-element-98463d3 e-flex e-con-boxed e-con e-parent\" data-id=\"98463d3\" data-element_type=\"container\">\n\t\t\t\t\t<div class=\"e-con-inner\">\n\t\t\t\t<div class=\"elementor-element elementor-element-5404164 elementor-widget elementor-widget-heading\" data-id=\"5404164\" data-element_type=\"widget\" data-widget_type=\"heading.default\">\n\t\t\t\t\t<h2 class=\"elementor-heading-title elementor-size-default\">S: Uzaktan kumandan\u0131z\u0131 arac\u0131n\u0131zla \u00e7al\u0131\u015facak \u015fekilde nas\u0131l programlar\u0131m?<\/h2>\t\t\t\t<\/div>\n\t\t\t\t<div class=\"elementor-element elementor-element-c309721 elementor-widget elementor-widget-text-editor\" data-id=\"c309721\" data-element_type=\"widget\" data-widget_type=\"text-editor.default\">\n\t\t\t\t\t\t\t\t\t<p>C: Her anahtar g\u00f6be\u011fi, \u00e7al\u0131\u015fabilmesi i\u00e7in arac\u0131n\u0131za \u00f6zel olarak programlanmal\u0131d\u0131r. Bunu yapman\u0131n iki yolu vard\u0131r:<\/p><p>Kendi Kendine Programlama<br \/>Arac\u0131n\u0131z\u0131n anahtar g\u00f6be\u011fi kendi kendine programlamay\u0131 destekliyorsa, \u00fcreticinin sa\u011flad\u0131\u011f\u0131 talimatlar\u0131 izleyin. Zamanlama biraz karma\u015f\u0131k olabilir, bu y\u00fczden sab\u0131rl\u0131 olun ve her ad\u0131m\u0131 dikkatlice takip edin.<\/p><p>Profesyonel Programlama<br \/>Baz\u0131 ara\u00e7lar, anahtar g\u00f6be\u011fini programlamak i\u00e7in \u00f6zel ekipman gerektirir. Bu durumda, bir profesyonel programc\u0131 bulman\u0131z gerekir\u2014bu bir bayi, bir \u00e7ilingir veya bir tamirci olabilir.<\/p>\t\t\t\t\t\t\t\t<\/div>\n\t\t\t\t\t<\/div>\n\t\t\t\t<\/div>\n\t\t<div class=\"elementor-element elementor-element-b7223a6 e-flex e-con-boxed e-con e-parent\" data-id=\"b7223a6\" data-element_type=\"container\">\n\t\t\t\t\t<div class=\"e-con-inner\">\n\t\t\t\t<div class=\"elementor-element elementor-element-7bf0a11 elementor-widget elementor-widget-heading\" data-id=\"7bf0a11\" data-element_type=\"widget\" data-widget_type=\"heading.default\">\n\t\t\t\t\t<h2 class=\"elementor-heading-title elementor-size-default\">S: Kendiniz programlamada sorun mu ya\u015f\u0131yorsunuz?<\/h2>\t\t\t\t<\/div>\n\t\t\t\t<div class=\"elementor-element elementor-element-053a419 elementor-widget elementor-widget-text-editor\" data-id=\"053a419\" data-element_type=\"widget\" data-widget_type=\"text-editor.default\">\n\t\t\t\t\t\t\t\t\t<p>C: \u0130lk olarak, arac\u0131n\u0131z\u0131n ba\u015far\u0131yla programlama moduna ge\u00e7ti\u011finden emin olun\u2014kilitlerin d\u00f6ng\u00fcye girmesi, korna \u00e7almas\u0131 veya \u0131\u015f\u0131klar\u0131n yan\u0131p s\u00f6nmesiyle fark edersiniz. Bu olmazsa, modu yeniden etkinle\u015ftirmeyi deneyin\u2014zamanlamay\u0131 do\u011fru ayarlamak burada anahtar.<\/p><p>Ara\u00e7 programlama modundaysa ama uzaktan kumanda hala senkronize olmuyorsa:<\/p><ul><li>Anahtar g\u00f6be\u011finin pilini kontrol edin.<\/li><li>Pil y\u00f6n\u00fcn\u00fc tekrar kontrol edin (pozitif taraf\u0131n \u2018+\u2019 sembol\u00fcyle hizaland\u0131\u011f\u0131ndan emin olun).<\/li><li>G\u00f6be\u011fin arkas\u0131ndaki par\u00e7a numaralar\u0131n\u0131n, zaten \u00e7al\u0131\u015fan bir uzaktan kumandadakiyle e\u015fle\u015fti\u011finden emin olun. E\u015fle\u015fmiyorsa, xxxx adresine e-posta g\u00f6nderin.<\/li><\/ul><p>Hala \u00e7al\u0131\u015fm\u0131yorsa? Arac\u0131n\u0131z\u0131n ak\u00fcs\u00fcn\u00fc 10 dakika s\u00f6k\u00fcn, tekrar ba\u011flay\u0131n ve ard\u0131ndan programlama s\u00fcrecini yeniden ba\u015flat\u0131n.<\/p>\t\t\t\t\t\t\t\t<\/div>\n\t\t\t\t\t<\/div>\n\t\t\t\t<\/div>\n\t\t<div class=\"elementor-element elementor-element-f4ecbea e-flex e-con-boxed e-con e-parent\" data-id=\"f4ecbea\" data-element_type=\"container\">\n\t\t\t\t\t<div class=\"e-con-inner\">\n\t\t\t\t<div class=\"elementor-element elementor-element-ed63757 elementor-widget elementor-widget-heading\" data-id=\"ed63757\" data-element_type=\"widget\" data-widget_type=\"heading.default\">\n\t\t\t\t\t<h2 class=\"elementor-heading-title elementor-size-default\">S: Bayimi arad\u0131m, bana dediler ki uzaktan kumandam sadece onlar\u0131n bilgisayarlar\u0131 veya ara\u00e7lar\u0131yla programlanabilir\u2014ve bu \u00e7ok maliyetli olacak. Bunu b\u00fct\u00e7eyi a\u015fmadan programlaman\u0131n bir yolu var m\u0131?<\/h2>\t\t\t\t<\/div>\n\t\t\t\t<div class=\"elementor-element elementor-element-57edee9 elementor-widget elementor-widget-text-editor\" data-id=\"57edee9\" data-element_type=\"widget\" data-widget_type=\"text-editor.default\">\n\t\t\t\t\t\t\t\t\t<p>C: Baz\u0131 durumlarda, ara\u00e7 gere\u00e7 veya \u00f6zel teknik becerilere gerek olmadan kendiniz programlayabilirsiniz. Genellikle, ihtiyac\u0131n\u0131z olan tek \u015fey uzaktan kumanda, ate\u015fleme anahtar\u0131n\u0131z ve arac\u0131n\u0131zd\u0131r. Kendin programlama m\u00fcmk\u00fcn olan uzaktan kumandalar i\u00e7in \u00dcCRETS\u0130Z programlama talimatlar\u0131 sa\u011fl\u0131yoruz.<\/p>\t\t\t\t\t\t\t\t<\/div>\n\t\t\t\t\t<\/div>\n\t\t\t\t<\/div>\n\t\t<div class=\"elementor-element elementor-element-acea352 e-flex e-con-boxed e-con e-parent\" data-id=\"acea352\" data-element_type=\"container\">\n\t\t\t\t\t<div class=\"e-con-inner\">\n\t\t\t\t<div class=\"elementor-element elementor-element-ae6fd4d elementor-widget elementor-widget-heading\" data-id=\"ae6fd4d\" data-element_type=\"widget\" data-widget_type=\"heading.default\">\n\t\t\t\t\t<h2 class=\"elementor-heading-title elementor-size-default\">S: Anahtar g\u00f6be\u011fi pilinizin azald\u0131\u011f\u0131n\u0131 nas\u0131l anlars\u0131n\u0131z?<\/h2>\t\t\t\t<\/div>\n\t\t\t\t<div class=\"elementor-element elementor-element-b44f7b6 elementor-widget elementor-widget-text-editor\" data-id=\"b44f7b6\" data-element_type=\"widget\" data-widget_type=\"text-editor.default\">\n\t\t\t\t\t\t\t\t\t<p>C: Pilinizin azald\u0131\u011f\u0131n\u0131 g\u00f6steren birka\u00e7 belirti vard\u0131r: d\u00fc\u011fmelere birka\u00e7 kez basman\u0131z gerekebilir veya anahtar g\u00f6be\u011finden gelen sinyal arac\u0131n\u0131za ula\u015fmayabilir. Maalesef, \u00e7o\u011fu anahtar g\u00f6be\u011finde pilin d\u00fc\u015f\u00fck oldu\u011funu bildiren yerle\u015fik bir g\u00f6sterge yoktur\u2014bu y\u00fczden, ani pil biti\u015fine kar\u015f\u0131 yedek bir pil bulundurmak iyi bir fikirdir.<\/p>\t\t\t\t\t\t\t\t<\/div>\n\t\t\t\t\t<\/div>\n\t\t\t\t<\/div>\n\t\t\t\t<\/div>","protected":false},"excerpt":{"rendered":"<p>Q: Wondering which key fob you require? A: We\u2019ve simplified the process for you. Just search using your vehicle\u2019s year, make, and model. In case your search yields multiple key fob options, simply match the button layout of your current remote with those in the search results. And even if you happen to choose the&#8230;<\/p>","protected":false},"author":1,"featured_media":0,"parent":0,"menu_order":0,"comment_status":"closed","ping_status":"closed","template":"","meta":{"_bst_post_transparent":"","_bst_post_title":"hide","_bst_post_layout":"fullwidth","_bst_post_sidebar_id":"","_bst_post_content_style":"unboxed","_bst_post_vertical_padding":"hide","_bst_post_feature":"hide","_bst_post_feature_position":"","_bst_post_header":false,"_bst_post_footer":false,"footnotes":""},"class_list":["post-13523","page","type-page","status-publish","hentry"],"_links":{"self":[{"href":"https:\/\/keylessbest.com\/tr\/wp-json\/wp\/v2\/pages\/13523","targetHints":{"allow":["GET"]}}],"collection":[{"href":"https:\/\/keylessbest.com\/tr\/wp-json\/wp\/v2\/pages"}],"about":[{"href":"https:\/\/keylessbest.com\/tr\/wp-json\/wp\/v2\/types\/page"}],"author":[{"embeddable":true,"href":"https:\/\/keylessbest.com\/tr\/wp-json\/wp\/v2\/users\/1"}],"replies":[{"embeddable":true,"href":"https:\/\/keylessbest.com\/tr\/wp-json\/wp\/v2\/comments?post=13523"}],"version-history":[{"count":4,"href":"https:\/\/keylessbest.com\/tr\/wp-json\/wp\/v2\/pages\/13523\/revisions"}],"predecessor-version":[{"id":13605,"href":"https:\/\/keylessbest.com\/tr\/wp-json\/wp\/v2\/pages\/13523\/revisions\/13605"}],"wp:attachment":[{"href":"https:\/\/keylessbest.com\/tr\/wp-json\/wp\/v2\/media?parent=13523"}],"curies":[{"name":"wp","href":"https:\/\/api.w.org\/{rel}","templated":true}]}}