{"id":13526,"date":"2025-07-18T03:30:43","date_gmt":"2025-07-18T03:30:43","guid":{"rendered":"https:\/\/hanwuji.shengjit.com\/?page_id=13526"},"modified":"2025-07-31T07:18:17","modified_gmt":"2025-07-31T07:18:17","slug":"toptan-indirim","status":"publish","type":"page","link":"https:\/\/keylessbest.com\/tr\/toptan-indirim\/","title":{"rendered":"Toptan \u0130ndirim"},"content":{"rendered":"<div data-elementor-type=\"wp-page\" data-elementor-id=\"13526\" class=\"elementor elementor-13526\" data-elementor-post-type=\"page\">\n\t\t\t\t<div class=\"elementor-element elementor-element-d3f44a4 e-flex e-con-boxed e-con e-parent\" data-id=\"d3f44a4\" data-element_type=\"container\">\n\t\t\t\t\t<div class=\"e-con-inner\">\n\t\t\t\t<div class=\"elementor-element elementor-element-b26c60a elementor-widget elementor-widget-text-editor\" data-id=\"b26c60a\" data-element_type=\"widget\" data-widget_type=\"text-editor.default\">\n\t\t\t\t\t\t\t\t\t<p><strong>\u00d6deme Formu<\/strong><\/p><p><strong>VISA, MasterCard, American Express, Discover (kredi\/banka kartlar\u0131 dahil) ve PayPal kabul ediyoruz. G\u00fcvenli a\u011f\u0131m\u0131z \u00fczerinden \u00e7evrimi\u00e7i sipari\u015f verebilirsiniz ve PayPal \u00f6deme i\u015flemi kart bilgisi sa\u011flaman\u0131z\u0131 gerektirmez.<\/strong><br \/><strong>Kredi kart\u0131 \u00f6demeleri Bank of America taraf\u0131ndan i\u015flenir ve PayPal \u00f6demeleri PayPal (eBay'in bir yan kurulu\u015fu) taraf\u0131ndan i\u015flenir, \u00f6deme bilgileri a\u00e7\u0131klanmaz.<\/strong><\/p><p><strong>G\u00fcvenlik Garantisi<\/strong><br \/><strong>Kullan\u0131c\u0131 bilgilerini korumak ve kay\u0131p, k\u00f6t\u00fcye kullan\u0131m veya de\u011fi\u015ftirmeyi \u00f6nlemek i\u00e7in SSL \u015fifreleme teknolojisi kullan\u0131yoruz. \u00d6deme i\u015flemi Yahoo ve Equifax taraf\u0131ndan \u015fifrelenir ve g\u00fcvenli al\u0131\u015fveri\u015fi sa\u011flamak i\u00e7in site g\u00fcnl\u00fck olarak Norton Secured ve VeriSign taraf\u0131ndan test edilir.<\/strong><\/p>\t\t\t\t\t\t\t\t<\/div>\n\t\t\t\t\t<\/div>\n\t\t\t\t<\/div>\n\t\t\t\t<\/div>","protected":false},"excerpt":{"rendered":"<p>Payment Form We accept VISA, MasterCard, American Express, Discover (including credit\/debit cards), and PayPal. You can place orders online through our secure network, and PayPal checkout does not require providing card information.Credit card payments are processed by Bank of America, and PayPal payments are processed by PayPal (a subsidiary of eBay), with no disclosure of&#8230;<\/p>","protected":false},"author":1,"featured_media":0,"parent":0,"menu_order":0,"comment_status":"closed","ping_status":"closed","template":"","meta":{"_bst_post_transparent":"","_bst_post_title":"hide","_bst_post_layout":"fullwidth","_bst_post_sidebar_id":"","_bst_post_content_style":"unboxed","_bst_post_vertical_padding":"hide","_bst_post_feature":"hide","_bst_post_feature_position":"","_bst_post_header":false,"_bst_post_footer":false,"footnotes":""},"class_list":["post-13526","page","type-page","status-publish","hentry"],"_links":{"self":[{"href":"https:\/\/keylessbest.com\/tr\/wp-json\/wp\/v2\/pages\/13526","targetHints":{"allow":["GET"]}}],"collection":[{"href":"https:\/\/keylessbest.com\/tr\/wp-json\/wp\/v2\/pages"}],"about":[{"href":"https:\/\/keylessbest.com\/tr\/wp-json\/wp\/v2\/types\/page"}],"author":[{"embeddable":true,"href":"https:\/\/keylessbest.com\/tr\/wp-json\/wp\/v2\/users\/1"}],"replies":[{"embeddable":true,"href":"https:\/\/keylessbest.com\/tr\/wp-json\/wp\/v2\/comments?post=13526"}],"version-history":[{"count":10,"href":"https:\/\/keylessbest.com\/tr\/wp-json\/wp\/v2\/pages\/13526\/revisions"}],"predecessor-version":[{"id":13634,"href":"https:\/\/keylessbest.com\/tr\/wp-json\/wp\/v2\/pages\/13526\/revisions\/13634"}],"wp:attachment":[{"href":"https:\/\/keylessbest.com\/tr\/wp-json\/wp\/v2\/media?parent=13526"}],"curies":[{"name":"wp","href":"https:\/\/api.w.org\/{rel}","templated":true}]}}