{"id":13528,"date":"2025-07-18T03:33:32","date_gmt":"2025-07-18T03:33:32","guid":{"rendered":"https:\/\/hanwuji.shengjit.com\/?page_id=13528"},"modified":"2025-07-31T07:18:47","modified_gmt":"2025-07-31T07:18:47","slug":"cilingir-aramasi","status":"publish","type":"page","link":"https:\/\/keylessbest.com\/tr\/cilingir-aramasi\/","title":{"rendered":"\u00c7ilingir Arama"},"content":{"rendered":"<div data-elementor-type=\"wp-page\" data-elementor-id=\"13528\" class=\"elementor elementor-13528\" data-elementor-post-type=\"page\">\n\t\t\t\t<div class=\"elementor-element elementor-element-02a334c e-flex e-con-boxed e-con e-parent\" data-id=\"02a334c\" data-element_type=\"container\">\n\t\t\t\t\t<div class=\"e-con-inner\">\n\t\t\t\t<div class=\"elementor-element elementor-element-41f5b35 elementor-widget elementor-widget-text-editor\" data-id=\"41f5b35\" data-element_type=\"widget\" data-widget_type=\"text-editor.default\">\n\t\t\t\t\t\t\t\t\t<p><strong>G\u00fcvenilir ve d\u00fcr\u00fcst \u00e7ilingirleri bulman\u0131za yard\u0131mc\u0131 olabiliriz \u2013 \u00c7ilingir Bulucu Arac\u0131. Sadece \u015fehrinizi, eyaletinizi veya posta kodunuzu (veya hepsini) girin, yak\u0131ndaki \u00e7ilingirlerin listesini g\u00f6r\u00fcn. Ayr\u0131ca, ihtiya\u00e7 duydu\u011funuz hizmetleri i\u015faretleyerek sonu\u00e7lar\u0131 tam olarak filtreleyebilirsiniz.<\/strong><\/p>\t\t\t\t\t\t\t\t<\/div>\n\t\t\t\t\t<\/div>\n\t\t\t\t<\/div>\n\t\t\t\t<\/div>","protected":false},"excerpt":{"rendered":"<p>G\u00fcvenilir ve d\u00fcr\u00fcst \u00e7ilingirleri bulman\u0131za yard\u0131mc\u0131 olabiliriz \u2013 \u00c7ilingir Bulucu Arac\u0131. Sadece \u015fehrinizi, eyaletinizi veya posta kodunuzu (veya hepsini) girin, yak\u0131ndaki \u00e7ilingirlerin listesini g\u00f6r\u00fcn. Ayr\u0131ca, ihtiya\u00e7 duydu\u011funuz hizmetleri i\u015faretleyerek sonu\u00e7lar\u0131 tam olarak filtreleyebilirsiniz.<\/p>","protected":false},"author":1,"featured_media":0,"parent":0,"menu_order":0,"comment_status":"closed","ping_status":"closed","template":"","meta":{"_bst_post_transparent":"","_bst_post_title":"hide","_bst_post_layout":"fullwidth","_bst_post_sidebar_id":"","_bst_post_content_style":"unboxed","_bst_post_vertical_padding":"hide","_bst_post_feature":"hide","_bst_post_feature_position":"","_bst_post_header":false,"_bst_post_footer":false,"footnotes":""},"class_list":["post-13528","page","type-page","status-publish","hentry"],"_links":{"self":[{"href":"https:\/\/keylessbest.com\/tr\/wp-json\/wp\/v2\/pages\/13528","targetHints":{"allow":["GET"]}}],"collection":[{"href":"https:\/\/keylessbest.com\/tr\/wp-json\/wp\/v2\/pages"}],"about":[{"href":"https:\/\/keylessbest.com\/tr\/wp-json\/wp\/v2\/types\/page"}],"author":[{"embeddable":true,"href":"https:\/\/keylessbest.com\/tr\/wp-json\/wp\/v2\/users\/1"}],"replies":[{"embeddable":true,"href":"https:\/\/keylessbest.com\/tr\/wp-json\/wp\/v2\/comments?post=13528"}],"version-history":[{"count":10,"href":"https:\/\/keylessbest.com\/tr\/wp-json\/wp\/v2\/pages\/13528\/revisions"}],"predecessor-version":[{"id":13637,"href":"https:\/\/keylessbest.com\/tr\/wp-json\/wp\/v2\/pages\/13528\/revisions\/13637"}],"wp:attachment":[{"href":"https:\/\/keylessbest.com\/tr\/wp-json\/wp\/v2\/media?parent=13528"}],"curies":[{"name":"wp","href":"https:\/\/api.w.org\/{rel}","templated":true}]}}