{"id":13531,"date":"2025-07-18T03:39:38","date_gmt":"2025-07-18T03:39:38","guid":{"rendered":"https:\/\/hanwuji.shengjit.com\/?page_id=13531"},"modified":"2026-01-16T01:32:34","modified_gmt":"2026-01-16T01:32:34","slug":"urun-destegi","status":"publish","type":"page","link":"https:\/\/keylessbest.com\/tr\/urun-destegi\/","title":{"rendered":"\u00dcr\u00fcn Deste\u011fi"},"content":{"rendered":"<div data-elementor-type=\"wp-page\" data-elementor-id=\"13531\" class=\"elementor elementor-13531\" data-elementor-post-type=\"page\">\n\t\t\t\t<div class=\"elementor-element elementor-element-6e2e450 e-flex e-con-boxed e-con e-parent\" data-id=\"6e2e450\" data-element_type=\"container\">\n\t\t\t\t\t<div class=\"e-con-inner\">\n\t\t\t\t<div class=\"elementor-element elementor-element-29f85f4 elementor-widget elementor-widget-text-editor\" data-id=\"29f85f4\" data-element_type=\"widget\" data-widget_type=\"text-editor.default\">\n\t\t\t\t\t\t\t\t\t<h1><strong class=\"\">Araba Anahtar\u0131 De\u011fi\u015ftirme ve Programlama \u00c7\u00f6z\u00fcmleri \u2013 15 Y\u0131ll\u0131k \u00dcretici<\/strong><\/h1><p>Bizim odak noktam\u0131z sadece anahtar yapmak de\u011fil; teslim etmekle ilgili\u00a0<strong><b>g\u00fcvenilir otomotiv \u00e7ilingir malzemeleri<\/b><\/strong>\u00a0her m\u00fc\u015fterinin ihtiyac\u0131na uygun. \u0130ster bir\u00a0<strong><b>ak\u0131ll\u0131 yak\u0131nl\u0131k anahtar\u0131 toptan sat\u0131\u015f\u0131<\/b><\/strong>\u00a0\u00e7\u00f6z\u00fcm\u00fc ar\u0131yor olun, ister\u00a0<strong><b>anahtar kab\u0131 de\u011fi\u015fimi<\/b><\/strong>, biz sizi destekliyoruz.<\/p><p>Toyota ve Mazda gibi pop\u00fcler modeller de dahil olmak \u00fczere, iyi bilinen uyumlulu\u011fumuzu ke\u015ffedin; \u00f6rne\u011fin\u00a0<a href=\"https:\/\/keylessbest.com\/tr\/product\/2019-2025-toyota-corolla-corolla-hybrid-4-buttons-keyless-entry-remote-hyq14fbn-pn-8990h-12040__trashed\/\">2019-2025 Toyota Corolla 4 d\u00fc\u011fmeli anahtars\u0131z uzaktan kumanda<\/a> \u00fcr\u00fcn kalitemizi eylem halinde g\u00f6rmek i\u00e7in<\/p><p>15 y\u0131l\u0131 a\u015fk\u0131n \u00f6zel deneyimimizle, g\u00fcvenebilece\u011finiz y\u00fcksek kaliteli otomotiv anahtarlar\u0131 sunmaya kendini adam\u0131\u015f profesyonel bir araba anahtar\u0131 \u00fcreticisiyiz. D\u00fcnya \u00e7ap\u0131ndaki \u00e7ilingirler ve distrib\u00fct\u00f6rler taraf\u0131ndan g\u00fcvenilen, \u015fundan daha fazla <strong>200<b>0 ara\u00e7 modelini<\/b><\/strong>\u00a01995'ten 2025'e kadar kaps\u0131yoruz ve\u00a0<strong><b>d\u00fcnya \u00e7ap\u0131nda 1 milyondan fazla anahtar g\u00f6nderdik<\/b><\/strong>. \u00dcr\u00fcnlerimiz,\u00a0<strong><b>ISO 9001<\/b><\/strong>\u00a0ve\u00a0<strong><b>CE sertifikalar\u0131yla<\/b><\/strong>desteklenen en y\u00fcksek uluslararas\u0131 standartlar\u0131 kar\u015f\u0131lar ve her zaman tutarl\u0131 kalite ve performans sa\u011flar.<\/p><h2><strong><b>Anahtar olmadan en iyi se\u00e7im neden \u2013 6 Temel Avantaj<\/b><\/strong><\/h2><p>15 y\u0131l boyunca uzmanla\u015fm\u0131\u015f olarak<strong><b>\u00a0araba anahtar\u0131 \u00fcreticisi<\/b><\/strong>, keylessbest uzmanl\u0131k ve kaliteyi bir araya getirerek T\u00fcrkiye otomotiv pazar\u0131na hizmet veriyor. \u0130\u015fte neden otomotiv anahtarlar\u0131n\u0131zda g\u00fcvenilir orta\u011f\u0131n\u0131z oldu\u011fumuzu g\u00f6steriyor:<\/p><table><tbody><tr><td><p><strong><b>Temel Avantaj<\/b><\/strong><\/p><\/td><td><p><strong><b>Sundu\u011fumuz<\/b><\/strong><\/p><\/td><\/tr><tr><td><p><strong><b>15 Y\u0131ll\u0131k Otomotiv Anahtar\u0131 Deneyimi<\/b><\/strong><\/p><\/td><td><p>Araba anahtar\u0131 \u00fcretiminde kan\u0131tlanm\u0131\u015f uzmanl\u0131k<\/p><\/td><\/tr><tr><td><p><strong><b>Tam Ara\u00e7 Model Kapsam\u0131 (1995\u20132025)<\/b><\/strong><\/p><\/td><td><p>En yeni ak\u0131ll\u0131 anahtarlar dahil 2000'den fazla ara\u00e7 modeli i\u00e7in anahtarlar<\/p><\/td><\/tr><tr><td><p><strong><b>Geli\u015fmi\u015f \u00dcretim ve Ham Madde Kontrol\u00fc<\/b><\/strong><\/p><\/td><td><p>Dayan\u0131kl\u0131l\u0131k ve g\u00fcvenilirli\u011fi sa\u011flamak i\u00e7in t\u00fcm malzemelerde kat\u0131 testler yap\u0131lan son teknoloji tesis<\/p><\/td><\/tr><tr><td><p><strong><b>100% Fonksiyonel Test ve \u00c7ip Programlama<\/b><\/strong><\/p><\/td><td><p>Her anahtar tam fonksiyon kontrollerinden ge\u00e7er ve sorunsuz kullan\u0131m i\u00e7in transponder \u00e7ip programlama deste\u011fi sa\u011flar<\/p><\/td><\/tr><tr><td><p><strong><b>Uluslararas\u0131 Sertifikalar ve Kalite Raporlar\u0131<\/b><\/strong><\/p><\/td><td><p>ISO9001:2015, CE, FCC, RoHS ve SGS denetim raporlar\u0131 en y\u00fcksek kalite ve uyumu garanti eder<\/p><\/td><\/tr><tr><td><p><strong><b>Kapsaml\u0131 Sat\u0131\u015f Sonras\u0131 ve Teknik Destek<\/b><\/strong><\/p><\/td><td><p>24\/7 m\u00fc\u015fteri hizmetleri, programlama yard\u0131m\u0131, sorun giderme ve uzun vadeli bak\u0131m deste\u011fi<\/p><\/td><\/tr><\/tbody><\/table><h2><strong><b>\u00dcretim ve Kalite Kontrol S\u00fcrecimiz<\/b><\/strong><\/h2><p>Her araba anahtar\u0131n\u0131n en y\u00fcksek kalite standartlar\u0131na uygun olmas\u0131n\u0131 sa\u011flamak i\u00e7in kat\u0131, ad\u0131m ad\u0131m bir yakla\u015f\u0131m izliyoruz:<\/p>\t\t\t\t\t\t\t\t<\/div>\n\t\t\t\t<div class=\"elementor-element elementor-element-1fdad56 elementor-widget elementor-widget-text-editor\" data-id=\"1fdad56\" data-element_type=\"widget\" data-widget_type=\"text-editor.default\">\n\t\t\t\t\t\t\t\t\t<h3><strong><b>Ad\u0131m 1: Premium Ham Madde Se\u00e7imi ve Kontrol\u00fc<\/b><\/strong><\/h3><p>Her ana g\u00f6vde ve elektronik bile\u015fende dayan\u0131kl\u0131l\u0131k ve g\u00fcvenilirli\u011fi garanti alt\u0131na almak i\u00e7in dikkatlice se\u00e7ilmi\u015f hammaddelerle ba\u015fl\u0131yoruz ve kapsaml\u0131 kontroller ger\u00e7ekle\u015ftiriyoruz.<\/p><h3><strong><b>Ad\u0131m 2: Hassas Kal\u0131p Tasar\u0131m\u0131 ve PCB Geli\u015ftirme<\/b><\/strong><\/h3><p>Uzman m\u00fchendislerimiz, m\u00fckemmel uyum ve kusursuz performans sa\u011flayan y\u00fcksek kaliteli PCB'ler ve hassas kal\u0131plar olu\u015fturur, 1995'ten 2025'e kadar t\u00fcm ara\u00e7 modelleri i\u00e7in tasarlar.<\/p><h3><strong><b>Ad\u0131m 3: Otomatik SMT ve \u00c7ip \u015eifreleme<\/b><\/strong><\/h3><p>Otomatik Y\u00fczey Montaj Teknolojisi (SMT) kullanarak bile\u015fenleri hassasiyetle monte ediyoruz, ard\u0131ndan ara\u00e7 immobilizer'lar\u0131yla uyumlu g\u00fcvenli \u015fifreleme ile transponder \u00e7iplerini programl\u0131yoruz.<\/p><h3><strong><b>Ad\u0131m 4: 8 A\u015famal\u0131 Fonksiyon Hata Ay\u0131klama ve E\u015fle\u015ftirme<\/b><\/strong><\/h3><p>Her anahtar, anahtar b\u0131\u00e7a\u011f\u0131 kalitesi, uzaktan kumanda fonksiyonlar\u0131, \u00e7ip tan\u0131ma ve sinyal iletimi dahil olmak \u00fczere sekiz detayl\u0131 testten ge\u00e7er; tam uyumluluk ve \u00e7al\u0131\u015fma do\u011frulan\u0131r.<\/p><h3><strong><b>Ad\u0131m 5: Son Paketleme ve Sahtecilik Kar\u015f\u0131t\u0131 \u0130zlenebilirlik Kodu<\/b><\/strong><\/h3><p>Ger\u00e7ekli\u011fi korumak i\u00e7in anahtarlar, sahtecilik kar\u015f\u0131t\u0131 izlenebilirlik kodlar\u0131yla paketlenir; bu, orijinal \u00fcr\u00fcnleri do\u011frulamay\u0131 ve kaliteyi fabrika ile son kullan\u0131c\u0131 aras\u0131nda korumay\u0131 kolayla\u015ft\u0131r\u0131r.<\/p>\t\t\t\t\t\t\t\t<\/div>\n\t\t\t\t\t<\/div>\n\t\t\t\t<\/div>\n\t\t<div class=\"elementor-element elementor-element-d3c5448 e-flex e-con-boxed e-con e-parent\" data-id=\"d3c5448\" data-element_type=\"container\">\n\t\t\t\t\t<div class=\"e-con-inner\">\n\t\t\t\t<div class=\"elementor-element elementor-element-a0b7b70 elementor-widget elementor-widget-text-editor\" data-id=\"a0b7b70\" data-element_type=\"widget\" data-widget_type=\"text-editor.default\">\n\t\t\t\t\t\t\t\t\t<h2><strong><b>Tam Uyumluluk ve Ara\u00e7 Kapsam\u0131<\/b><\/strong><\/h2><p>Toyota, Honda, BMW, Ford, Volkswagen ve daha bir\u00e7ok \u00fcst marka dahil olmak \u00fczere kapsaml\u0131 ara\u00e7 anahtar\u0131 uyumluluk listesi sunuyoruz. Eski modeller veya 2024\u20132025 y\u0131llar\u0131ndaki en yeni ak\u0131ll\u0131 anahtarlar i\u00e7in ihtiyac\u0131n\u0131z olsun, size uygun anahtarlar burada. Veritaban\u0131m\u0131z d\u00fczenli olarak g\u00fcncellenerek yeni ara\u00e7lar\u0131 i\u00e7erir, b\u00f6ylece arac\u0131n\u0131za uygun anahtar\u0131 al\u0131rs\u0131n\u0131z.<\/p><p>G\u00fcvenilir se\u00e7eneklerimizi ke\u015ffedin\u00a0<a href=\"https:\/\/keylessbest.com\/tr\/product\/2020-2022-hyundai-palisade-5-tuslu-anahtarsiz-giris-uzaktan-kumanda-tq8-fob-4f29-pn-95440-s8400-47__trashed\/\">2020-2022 Hyundai Palisade anahtars\u0131z giri\u015f uzaktan kumanda<\/a>\u00a0veya dayan\u0131kl\u0131\u00a0<a href=\"https:\/\/keylessbest.com\/tr\/product\/2008-2013-jeep-grand-cherokee-commander-5-tuslu-anahtarsiz-giris-uzaktan-kumanda-m3n5wy783x-iyz-c01c-pn-05026346ad-id46\/\">2008-2013 Jeep Grand Cherokee anahtar\u0131<\/a>\u00a0gibi geni\u015f uyumluluk aral\u0131\u011f\u0131m\u0131z\u0131n \u00f6rnekleri. Bu, m\u00fckemmel uyum sa\u011flayan ve kusursuz \u00e7al\u0131\u015fan yedek uzaktan kumanda anahtarlar\u0131 alman\u0131z\u0131 sa\u011flar.<\/p><h2><strong><b>Programlama ve Teknik Destek<\/b><\/strong><\/h2><p>Kolay PDF indirilebilir ara\u00e7 anahtar\u0131 programlama k\u0131lavuzlar\u0131 sunuyoruz, b\u00f6ylece h\u0131zl\u0131 ve g\u00fcvenle ba\u015flaman\u0131za yard\u0131mc\u0131 olur. Ekstra yard\u0131ma m\u0131 ihtiyac\u0131n\u0131z var? Uzaktan yard\u0131m ve ad\u0131m ad\u0131m video e\u011fitimleri, otomotiv anahtar\u0131 programlamaya yeni ba\u015flayanlar i\u00e7in bile programlamay\u0131 basit hale getirir.<\/p><h3><strong><b>Yayg\u0131n Sorun Giderme ve \u00c7\u00f6z\u00fcmler<\/b><\/strong><\/h3><table><tbody><tr><td><p><strong><b>Sorun<\/b><\/strong><\/p><\/td><td><p><strong><b>Muhtemel Sebep<\/b><\/strong><\/p><\/td><td><p><strong><b>H\u0131zl\u0131 \u00c7\u00f6z\u00fcm<\/b><\/strong><\/p><\/td><\/tr><tr><td><p>Anahtar programlanm\u0131yor<\/p><\/td><td><p>\u00c7ip uyumsuzlu\u011fu veya pil bitmi\u015f<\/p><\/td><td><p>Pil de\u011fi\u015ftirin, \u00e7ip kodunu do\u011frulay\u0131n<\/p><\/td><\/tr><tr><td><p>Uzaktan fonksiyonlar \u00e7al\u0131\u015fm\u0131yor<\/p><\/td><td><p>Sinyal paraziti<\/p><\/td><td><p>Uzaktan tekrar programla, frekans\u0131 kontrol et<\/p><\/td><\/tr><tr><td><p>Yeni anahtarla araba \u00e7al\u0131\u015fm\u0131yor<\/p><\/td><td><p>Yanl\u0131\u015f \u00e7ip kodlamas\u0131<\/p><\/td><td><p>\u00c7ipi yeniden programla, araba mod\u00fcl\u00fc ile test et<\/p><\/td><\/tr><tr><td><p>Anahtar pili h\u0131zla bitiyor<\/p><\/td><td><p>D\u00fc\u015f\u00fck kaliteli pil<\/p><\/td><td><p>Sadece y\u00fcksek kaliteli piller kullan\u0131n<\/p><\/td><\/tr><\/tbody><\/table><p>Toyota, Honda veya BMW gibi belirli ara\u00e7lar i\u00e7in, k\u0131lavuzlar\u0131m\u0131zda \u00e7ip e\u015fle\u015ftirme ve fonksiyon hata ay\u0131klama i\u00e7in \u00f6zel ad\u0131mlar bulunmaktad\u0131r, b\u00f6ylece anahtar\u0131n\u0131z m\u00fckemmel \u00e7al\u0131\u015f\u0131r. \u00d6rne\u011fin, hibritler ve uzaktan kumandalar i\u00e7in detayl\u0131 programlama bilgileri bulabilirsiniz, \u00f6rne\u011fin\u00a0<a href=\"https:\/\/keylessbest.com\/tr\/product\/2012-2025-toyota-prius-c-prius-v-rav4-rav4-hv-3-buttons-keyless-entry-remote-hyq14fba-pn-89904-52290__trashed\/\">2012-2025 Toyota Prius anahtars\u0131z giri\u015f uzaktan programlama<\/a>.<\/p>\t\t\t\t\t\t\t\t<\/div>\n\t\t\t\t\t<\/div>\n\t\t\t\t<\/div>\n\t\t<div class=\"elementor-element elementor-element-8f2aa7b e-flex e-con-boxed e-con e-parent\" data-id=\"8f2aa7b\" data-element_type=\"container\">\n\t\t\t\t\t<div class=\"e-con-inner\">\n\t\t\t\t<div class=\"elementor-element elementor-element-3042b33 elementor-widget elementor-widget-text-editor\" data-id=\"3042b33\" data-element_type=\"widget\" data-widget_type=\"text-editor.default\">\n\t\t\t\t\t\t\t\t\t<h2><strong><b>Sertifikalar ve Kalite G\u00fcvencesi<\/b><\/strong><\/h2><p>Kalitemize ciddiyetle yakla\u015f\u0131yoruz. Otomotiv anahtarlar\u0131m\u0131z\u00a0<strong><b>ISO 9001:2015 sertifikal\u0131 araba anahtar\u0131 fabrikas\u0131nda \u00fcretilmi\u015ftir<\/b><\/strong>, her ad\u0131m\u0131n kat\u0131 uluslararas\u0131 standartlara uygun olmas\u0131n\u0131 sa\u011flar. Ayr\u0131ca, \u00fcr\u00fcnlerimiz\u00a0<strong><b>CE, FCC ve RoHS sertifikalar\u0131<\/b><\/strong>, g\u00fcvenlik, \u00e7evresel uyumluluk ve g\u00fcvenilir performans garantisi sa\u011flar.<\/p><p>Bunu desteklemek i\u00e7in detayl\u0131\u00a0<strong><b>SGS denetim raporlar\u0131<\/b><\/strong>, b\u00f6ylece sat\u0131n almadan \u00f6nce kaliteye g\u00fcvenebilirsiniz. Ayr\u0131ca, her anahtar\u00a0<strong><b>24 ayl\u0131k garanti ve kalite garantisi politikas\u0131yla<\/b><\/strong>, sat\u0131n al\u0131m\u0131n\u0131zda i\u00e7 huzuru sa\u011flar.<\/p><p>Sertifikasyon ve kaliteye olan ba\u011fl\u0131l\u0131\u011f\u0131m\u0131z, bizi T\u00fcrkiye ve \u00f6tesindeki \u00e7ilingirler ve distrib\u00fct\u00f6rler i\u00e7in g\u00fcvenilir bir tedarik\u00e7i yapmaktad\u0131r.<\/p><h2><strong><b>Sat\u0131\u015f Sonras\u0131 Hizmet Taahh\u00fcd\u00fc<\/b><\/strong><\/h2><p>\u0130htiyac\u0131n\u0131z oldu\u011funda buraday\u0131z \u2014 7\/24 m\u00fc\u015fteri deste\u011fi ile her zaman yard\u0131mc\u0131 olmaya haz\u0131r\u0131z. \u00dcretim hatas\u0131 nedeniyle arac\u0131n\u0131z\u0131n anahtar\u0131 24 ayl\u0131k garanti s\u00fcresi i\u00e7inde herhangi bir sorun ya\u015farsa, insan hatas\u0131 olmayan durumlarda \u00fccretsiz de\u011fi\u015fim sunuyoruz. Ayr\u0131ca, ekibimiz programlama, sorun giderme veya herhangi bir kullan\u0131m sorusunda size \u00f6m\u00fcr boyu teknik dan\u0131\u015fmanl\u0131k sa\u011flar. Bizimle, endi\u015fe duymadan hareket etmenizi sa\u011flayan g\u00fcvenilir sat\u0131\u015f sonras\u0131 bak\u0131m ile destekleniyorsunuz.<\/p><h2><strong><b>M\u00fc\u015fteri Ba\u015far\u0131 Hikayeleri ve K\u00fcresel Ortaklar<\/b><\/strong><\/h2><p>T\u00fcrkiye\u2019deki \u00e7ilingirler ve distrib\u00fct\u00f6rlerin otomotiv anahtarlar\u0131m\u0131za duydu\u011fu g\u00fcvenle gurur duyuyoruz. \u0130\u015fte baz\u0131lar\u0131 ne diyor:<\/p><ul><li><b><\/b><strong><b>T\u00fcrkiye\u2019de bir \u00e7ilingir olan John<\/b><\/strong>, g\u00fcvenilir \u00e7ip anahtar programlama ve h\u0131zl\u0131 teslimat\u0131n\u0131 \u00f6v\u00fcyor, bu da i\u015f verimlili\u011fini art\u0131r\u0131yor.<\/li><li><b><\/b><strong><b>Almanya\u2019dan Anna<\/b><\/strong>kalite g\u00fcvencesini ve anahtarlar\u0131m\u0131z\u0131n geni\u015f ara\u00e7 modellerini kapsad\u0131\u011f\u0131n\u0131 vurguluyor, bu da envanter y\u00f6netimini kolayla\u015ft\u0131r\u0131yor.<\/li><li><b><\/b><strong><b>Brezilya\u2019da bir distrib\u00fct\u00f6r olan Carlos<\/b><\/strong>, kapsaml\u0131 sat\u0131\u015f sonras\u0131 destek ve farkl\u0131 ara\u00e7 markalar\u0131nda tutarl\u0131 \u00fcr\u00fcn performans\u0131n\u0131 de\u011ferli buluyor.<\/li><li><b><\/b><strong><b>Avustralya\u2019dan Kate<\/b><\/strong>ISO9001 sertifikal\u0131 \u00fcretim s\u00fcrecini takdir ediyor, bu da her anahtar\u0131n uluslararas\u0131 standartlara uygun olmas\u0131n\u0131 garanti ediyor.<\/li><\/ul><p>Otomotiv anahtar \u00fcretimi ve tedarikinde \u00f6nde gelen k\u00fcresel markalarla i\u015fbirli\u011fi yapmaktan gurur duyuyoruz. Logolar\u0131 bulan\u0131kla\u015ft\u0131rarak gizlili\u011fe sayg\u0131 g\u00f6sterirken, ortakl\u0131klar\u0131m\u0131z Kuzey Amerika, Avrupa ve \u00f6tesindeki g\u00fcvenilir isimleri kapsamaktad\u0131r.<\/p><p>G\u00fcvenilir se\u00e7eneklerimizi ke\u015ffedin\u00a0<a href=\"https:\/\/keylessbest.com\/tr\/product\/2025-2022-toyota-highlander-4-buttons-keyless-entry-remote-hyq14fla-pn-8990h-0e370__trashed\/\">2025-2022 Toyota Highlander 4 d\u00fc\u011fmeli anahtars\u0131z giri\u015f uzaktan kumanda<\/a>\u00a0d\u00fcnyan\u0131n d\u00f6rt bir yan\u0131ndaki kurulumcular taraf\u0131ndan g\u00fcvenilir.<\/p><p>Kalite ve hizmete s\u00fcrekli odaklanmam\u0131z, k\u00fcresel eri\u015fime sahip OEM araba anahtar\u0131 \u00fcreticileri arayan i\u015fletmeler i\u00e7in tercih edilen bir se\u00e7enek haline getiriyor.<\/p>\t\t\t\t\t\t\t\t<\/div>\n\t\t\t\t\t<\/div>\n\t\t\t\t<\/div>\n\t\t<div class=\"elementor-element elementor-element-cc576b1 e-flex e-con-boxed e-con e-parent\" data-id=\"cc576b1\" data-element_type=\"container\">\n\t\t\t\t\t<div class=\"e-con-inner\">\n\t\t\t\t<div class=\"elementor-element elementor-element-241036a elementor-widget elementor-widget-text-editor\" data-id=\"241036a\" data-element_type=\"widget\" data-widget_type=\"text-editor.default\">\n\t\t\t\t\t\t\t\t\t<h2><strong><b>SSS: Arabalar\u0131m\u0131zla \u0130lgili S\u0131k Sorulan Sorular<\/b><\/strong><\/h2><h3><strong><b>1. Araba anahtarlar\u0131n\u0131zda hangi garantiyi sunuyorsunuz?<\/b><\/strong><\/h3><p>T\u00fcm \u00fcretim hatalar\u0131n\u0131 kapsayan 24 ayl\u0131k garanti sa\u011fl\u0131yoruz. Anahtar\u0131n\u0131zda yanl\u0131\u015f kullan\u0131m veya kazalar d\u0131\u015f\u0131nda sorunlar varsa, bu s\u00fcre i\u00e7inde \u00fccretsiz de\u011fi\u015fim yap\u0131yoruz.<\/p><h3><strong><b>2. Bir anahtar\u0131n arac\u0131mla uyumlu olup olmad\u0131\u011f\u0131n\u0131 nas\u0131l kontrol edebilirim?<\/b><\/strong><\/h3><p>1995'ten 2025'e kadar t\u00fcm b\u00fcy\u00fck markalar\u0131n modellerini kapsayan detayl\u0131 araba anahtar\u0131 uyumluluk listemizi inceleyebilirsiniz. \u00d6zellikle\u00a0<a href=\"https:\/\/keylessbest.com\/tr\/product\/2018-2020-honda-odyssey-7-tuslu-anahtarsiz-giris-uzaktan-kumanda-kr5v2x-v41-pn72147-thr-a11-72147-thr-a21-72147-thr-a31\/\">2018-2020 Honda Odyssey anahtars\u0131z giri\u015f uzaktan kumanda<\/a>gibi modeller i\u00e7in \u00fcr\u00fcn sayfalar\u0131m\u0131zdan do\u011frulama yapabilirsiniz.<\/p><h3><strong><b>3. Anahtar\u0131 kendim programlayabilir miyim?<\/b><\/strong><\/h3><p>Evet, \u00e7o\u011fu anahtar\u0131m\u0131z PDF format\u0131nda ad\u0131m ad\u0131m programlama k\u0131lavuzlar\u0131yla birlikte gelir. Ayr\u0131ca, uzaktan destek ve video e\u011fitimleri sunarak s\u00fcreci kolayla\u015ft\u0131r\u0131yoruz.<\/p><h3><strong><b>4. \u00c7ip anahtar programlamas\u0131n\u0131 destekliyor musunuz?<\/b><\/strong><\/h3><p>Kesinlikle. Anahtarlar\u0131m\u0131z \u00e7ip e\u015fle\u015ftirme ve \u015fifreleme deste\u011fi sa\u011flar. Her anahtar, do\u011fru \u00e7ip programlamas\u0131n\u0131 sa\u011flamak i\u00e7in sevkiyat \u00f6ncesinde 100% fonksiyon testi ge\u00e7er.<\/p><h3><strong><b>5. Sat\u0131n ald\u0131ktan sonra anahtar\u0131m \u00e7al\u0131\u015fmazsa ne yapmal\u0131y\u0131m?<\/b><\/strong><\/h3><p>Her zaman 7\u00d724 saat teknik destek sa\u011fl\u0131yoruz. Yayg\u0131n \u00e7\u00f6z\u00fcmler ve nas\u0131l yap\u0131l\u0131r k\u0131lavuzlar\u0131, sorunlar\u0131 h\u0131zl\u0131ca \u00e7\u00f6zmenize yard\u0131mc\u0131 olmak i\u00e7in mevcuttur.<\/p><h3><strong><b>6. Anahtarlar\u0131n\u0131z\u0131 ne kadar h\u0131zl\u0131 g\u00f6nderiyorsunuz?<\/b><\/strong><\/h3><p>\u00d6rnekler 3-7 g\u00fcn i\u00e7inde g\u00f6nderilebilir. Toplu sipari\u015fler miktara ba\u011fl\u0131d\u0131r, ancak ihtiya\u00e7lar\u0131n\u0131z\u0131 kar\u015f\u0131lamak i\u00e7in her zaman h\u0131zl\u0131 teslimat hedefliyoruz.<\/p><h3><strong><b>7. \u00d6zel ambalaj veya OEM hizmetleri sunuyor musunuz?<\/b><\/strong><\/h3><p>Evet, OEM\/ODM hizmetleri mevcuttur ve i\u015fletmenize \u00f6zel logo ve ambalaj se\u00e7enekleriyle sunulmaktad\u0131r.<\/p><h3><strong><b>8. Anahtarlar\u0131n\u0131z sertifikal\u0131 m\u0131?<\/b><\/strong><\/h3><p>Araba anahtarlar\u0131m\u0131z ISO9001 sertifikal\u0131d\u0131r ve ayr\u0131ca CE, FCC ve RoHS standartlar\u0131n\u0131 kar\u015f\u0131lar, \u00fc\u00e7\u00fcnc\u00fc taraf kalite denetim raporlar\u0131yla desteklenir.<\/p><h3><strong><b>9. Garanti s\u00fcresi sonunda destek alabilir miyim?<\/b><\/strong><\/h3><p>Evet, her sat\u0131n alma ile \u00f6m\u00fcr boyu teknik dan\u0131\u015fmanl\u0131k dahildir, b\u00f6ylece ihtiya\u00e7 duydu\u011funuzda uzman yard\u0131m\u0131na her zaman ula\u015fabilirsiniz.<\/p><h3><strong><b>10. Anahtar kabu\u011fu de\u011fi\u015ftirme i\u015flemini nas\u0131l yapmal\u0131y\u0131m?<\/b><\/strong><\/h3><p>\u00c7o\u011fu araba modeliyle uyumlu y\u00fcksek kaliteli anahtar kabuklar\u0131 sa\u011fl\u0131yoruz. De\u011fi\u015ftirme talimatlar\u0131 ve par\u00e7alar talep \u00fczerine mevcuttur.<\/p>\t\t\t\t\t\t\t\t<\/div>\n\t\t\t\t\t<\/div>\n\t\t\t\t<\/div>\n\t\t\t\t<\/div>","protected":false},"excerpt":{"rendered":"<p>Car Key Replacement &amp; Programming Solutions \u2013 15Years Manufacturer Our focus isn\u2019t just making keys; it\u2019s about delivering\u00a0reliable automotive locksmith supplies\u00a0that fit every customer\u2019s needs. Whether you\u2019re looking for a\u00a0smart proximity key wholesale\u00a0solution or\u00a0key shell replacement, we\u2019ve got you covered. Explore our well-known compatibility, including popular models like Toyota and Mazda, with options such as&#8230;<\/p>","protected":false},"author":1,"featured_media":0,"parent":0,"menu_order":0,"comment_status":"closed","ping_status":"closed","template":"","meta":{"_bst_post_transparent":"","_bst_post_title":"hide","_bst_post_layout":"fullwidth","_bst_post_sidebar_id":"","_bst_post_content_style":"unboxed","_bst_post_vertical_padding":"hide","_bst_post_feature":"hide","_bst_post_feature_position":"","_bst_post_header":false,"_bst_post_footer":false,"footnotes":""},"class_list":["post-13531","page","type-page","status-publish","hentry"],"_links":{"self":[{"href":"https:\/\/keylessbest.com\/tr\/wp-json\/wp\/v2\/pages\/13531","targetHints":{"allow":["GET"]}}],"collection":[{"href":"https:\/\/keylessbest.com\/tr\/wp-json\/wp\/v2\/pages"}],"about":[{"href":"https:\/\/keylessbest.com\/tr\/wp-json\/wp\/v2\/types\/page"}],"author":[{"embeddable":true,"href":"https:\/\/keylessbest.com\/tr\/wp-json\/wp\/v2\/users\/1"}],"replies":[{"embeddable":true,"href":"https:\/\/keylessbest.com\/tr\/wp-json\/wp\/v2\/comments?post=13531"}],"version-history":[{"count":10,"href":"https:\/\/keylessbest.com\/tr\/wp-json\/wp\/v2\/pages\/13531\/revisions"}],"predecessor-version":[{"id":20651,"href":"https:\/\/keylessbest.com\/tr\/wp-json\/wp\/v2\/pages\/13531\/revisions\/20651"}],"wp:attachment":[{"href":"https:\/\/keylessbest.com\/tr\/wp-json\/wp\/v2\/media?parent=13531"}],"curies":[{"name":"wp","href":"https:\/\/api.w.org\/{rel}","templated":true}]}}