{"id":13533,"date":"2025-07-18T03:40:10","date_gmt":"2025-07-18T03:40:10","guid":{"rendered":"https:\/\/hanwuji.shengjit.com\/?page_id=13533"},"modified":"2025-07-29T11:17:14","modified_gmt":"2025-07-29T11:17:14","slug":"kargo-bilgileri","status":"publish","type":"page","link":"https:\/\/keylessbest.com\/tr\/kargo-bilgileri\/","title":{"rendered":"Nakliye Bilgileri"},"content":{"rendered":"<div data-elementor-type=\"wp-page\" data-elementor-id=\"13533\" class=\"elementor elementor-13533\" data-elementor-post-type=\"page\">\n\t\t\t\t<div class=\"elementor-element elementor-element-d7988d4 e-flex e-con-boxed e-con e-parent\" data-id=\"d7988d4\" data-element_type=\"container\">\n\t\t\t\t\t<div class=\"e-con-inner\">\n\t\t\t\t<div class=\"elementor-element elementor-element-7f4de3a elementor-widget elementor-widget-text-editor\" data-id=\"7f4de3a\" data-element_type=\"widget\" data-widget_type=\"text-editor.default\">\n\t\t\t\t\t\t\t\t\t<p><strong>G\u00f6nderim Se\u00e7enekleri<\/strong><br \/>Standart Posta (G\u00f6nderim tarihinden itibaren 4-7 i\u015f g\u00fcn\u00fc)<br \/>\u00d6ncelikli Posta (G\u00f6nderim tarihinden itibaren 2-3 i\u015f g\u00fcn\u00fc)<br \/>H\u0131zl\u0131 Posta (G\u00f6nderim tarihinden itibaren 1-2 i\u015f g\u00fcn\u00fc)<br \/>UPS Ertesi G\u00fcn Hava (G\u00f6nderim g\u00fcn\u00fcnden sonraki i\u015f g\u00fcn\u00fcnde teslim edilir)<\/p><p><strong>G\u00f6nderim Maliyetleri<\/strong><br \/>T\u00fcm fiyatland\u0131rma, pazarl\u0131k edilmi\u015f d\u00fc\u015f\u00fck avantajl\u0131 tarifedir.<\/p><p><strong>Teslimat S\u00fcresi<\/strong><br \/>Saat 14:00'den sonra yap\u0131lan sipari\u015fler bir sonraki i\u015f g\u00fcn\u00fcnde g\u00f6nderilecektir. Acil olmayan g\u00f6nderim se\u00e7enekleri 1 g\u00fcn i\u015flem s\u00fcresi gerektirir. \u0130\u015f g\u00fcn\u00fc g\u00f6nderimleri Pazartesi'den Cuma'ya, resmi tatiller hari\u00e7tir.<\/p><p>Lojistik Takip Bilgileri<br \/>Sipari\u015fin ilerlemesini kontrol etmeniz i\u00e7in lojistik takip bilgileri sa\u011flayaca\u011f\u0131z.<\/p><p><strong>Uluslararas\u0131 G\u00f6nderim<\/strong><br \/>Uluslararas\u0131 USPS Karasal Posta hizmeti mevcuttur. Uluslararas\u0131 m\u00fc\u015fteriler l\u00fctfen dikkat: Vergiler ve g\u00fcmr\u00fckler (T\u00fcrkiye d\u0131\u015f\u0131ndaki b\u00f6lgeler dahil) sizin sorumlulu\u011funuzdad\u0131r.<\/p><p><strong>M\u00fc\u015fteri Deste\u011fi<\/strong><br \/>\u00c7evrimi\u00e7i m\u00fc\u015fteri hizmetleri ekibimiz, g\u00f6nderim s\u00fcreciyle ilgili di\u011fer sorular\u0131n\u0131z\u0131 yan\u0131tlamak i\u00e7in haftan\u0131n yedi g\u00fcn\u00fc hizmetinizdedir.<\/p>\t\t\t\t\t\t\t\t<\/div>\n\t\t\t\t\t<\/div>\n\t\t\t\t<\/div>\n\t\t\t\t<\/div>","protected":false},"excerpt":{"rendered":"<p>Shipping OptionsStandard Mail (4-7 business days from the shipping date)Priority Mail (2-3 business days from the shipping date)Express Mail (1-2 business days from the shipping date)UPS Next Day Air (delivered on the next business day after the shipping date) Shipping CostsAll pricing is the negotiated low preferential rate. Delivery TimeOrders placed after 2:00 PM Eastern&#8230;<\/p>","protected":false},"author":1,"featured_media":0,"parent":0,"menu_order":0,"comment_status":"closed","ping_status":"closed","template":"","meta":{"_bst_post_transparent":"","_bst_post_title":"hide","_bst_post_layout":"fullwidth","_bst_post_sidebar_id":"","_bst_post_content_style":"unboxed","_bst_post_vertical_padding":"hide","_bst_post_feature":"hide","_bst_post_feature_position":"","_bst_post_header":false,"_bst_post_footer":false,"footnotes":""},"class_list":["post-13533","page","type-page","status-publish","hentry"],"_links":{"self":[{"href":"https:\/\/keylessbest.com\/tr\/wp-json\/wp\/v2\/pages\/13533","targetHints":{"allow":["GET"]}}],"collection":[{"href":"https:\/\/keylessbest.com\/tr\/wp-json\/wp\/v2\/pages"}],"about":[{"href":"https:\/\/keylessbest.com\/tr\/wp-json\/wp\/v2\/types\/page"}],"author":[{"embeddable":true,"href":"https:\/\/keylessbest.com\/tr\/wp-json\/wp\/v2\/users\/1"}],"replies":[{"embeddable":true,"href":"https:\/\/keylessbest.com\/tr\/wp-json\/wp\/v2\/comments?post=13533"}],"version-history":[{"count":4,"href":"https:\/\/keylessbest.com\/tr\/wp-json\/wp\/v2\/pages\/13533\/revisions"}],"predecessor-version":[{"id":13617,"href":"https:\/\/keylessbest.com\/tr\/wp-json\/wp\/v2\/pages\/13533\/revisions\/13617"}],"wp:attachment":[{"href":"https:\/\/keylessbest.com\/tr\/wp-json\/wp\/v2\/media?parent=13533"}],"curies":[{"name":"wp","href":"https:\/\/api.w.org\/{rel}","templated":true}]}}