{"id":13674,"date":"2025-07-31T11:29:44","date_gmt":"2025-07-31T11:29:44","guid":{"rendered":"https:\/\/hanwuji.shengjit.com\/?page_id=13674"},"modified":"2025-07-31T11:30:14","modified_gmt":"2025-07-31T11:30:14","slug":"kariyerler","status":"publish","type":"page","link":"https:\/\/keylessbest.com\/tr\/kariyerler\/","title":{"rendered":"\u0130\u015f \u0130mkanlar\u0131"},"content":{"rendered":"<div data-elementor-type=\"wp-page\" data-elementor-id=\"13674\" class=\"elementor elementor-13674\" data-elementor-post-type=\"page\">\n\t\t\t\t<div class=\"elementor-element elementor-element-8dd6053 e-flex e-con-boxed e-con e-parent\" data-id=\"8dd6053\" data-element_type=\"container\">\n\t\t\t\t\t<div class=\"e-con-inner\">\n\t\t\t\t<div class=\"elementor-element elementor-element-66f37fd elementor-widget elementor-widget-text-editor\" data-id=\"66f37fd\" data-element_type=\"widget\" data-widget_type=\"text-editor.default\">\n\t\t\t\t\t\t\t\t\t<p><strong>Sadece maa\u015f \u00f6demekten \u00e7ok daha fazlas\u0131n\u0131 sunuyoruz. H\u0131zla b\u00fcy\u00fcyen i\u015fletmemizin bir par\u00e7as\u0131 olarak, s\u00fcrekli ki\u015fisel ve profesyonel geli\u015fiminizi sa\u011flarken \u015firketimizle birlikte ilerleyeceksiniz.<\/strong><br \/><strong>Zek\u00e2 g\u00fcc\u00fcn\u00fcz i\u00e7in sizi i\u015fe al\u0131yoruz; fikirleriniz, i\u00e7g\u00f6r\u00fcleriniz ve ba\u011fl\u0131l\u0131\u011f\u0131n\u0131z kar\u015f\u0131l\u0131\u011f\u0131nda\u2014ailemizin bir \u00fcyesi oluyorsunuz. Her aile gibi, biz de ini\u015f \u00e7\u0131k\u0131\u015flar ya\u015far\u0131z. Bizi bir arada tutan \u015fey, ortak de\u011ferlere olan sars\u0131lmaz ba\u011fl\u0131l\u0131\u011f\u0131m\u0131zd\u0131r. Destekleyici, a\u00e7\u0131k bir ortam yaratmaya adanm\u0131\u015f\u0131z; burada herkes potansiyelini tam anlam\u0131yla ger\u00e7ekle\u015ftirebilir. Amac\u0131m\u0131z, g\u00fcl\u00fcmseyerek geldi\u011finiz ve her ak\u015fam tatmin olmu\u015f \u015fekilde ayr\u0131ld\u0131\u011f\u0131n\u0131z bir \u00e7al\u0131\u015fma ortam\u0131 yaratmakt\u0131r.<\/strong><\/p>\t\t\t\t\t\t\t\t<\/div>\n\t\t\t\t\t<\/div>\n\t\t\t\t<\/div>\n\t\t\t\t<\/div>","protected":false},"excerpt":{"rendered":"<p>We offer far more than just a paycheck. As part of our rapidly expanding business, you&#8217;ll drive your continuous personal and professional growth while advancing alongside our company.We hire you for your intellectual strength; in exchange for your ideas, insights, and dedication\u2014you become a member of our family. Like any family, we face highs and&#8230;<\/p>","protected":false},"author":1,"featured_media":0,"parent":0,"menu_order":0,"comment_status":"closed","ping_status":"closed","template":"","meta":{"_bst_post_transparent":"","_bst_post_title":"hide","_bst_post_layout":"fullwidth","_bst_post_sidebar_id":"","_bst_post_content_style":"unboxed","_bst_post_vertical_padding":"hide","_bst_post_feature":"hide","_bst_post_feature_position":"","_bst_post_header":false,"_bst_post_footer":false,"footnotes":""},"class_list":["post-13674","page","type-page","status-publish","hentry"],"_links":{"self":[{"href":"https:\/\/keylessbest.com\/tr\/wp-json\/wp\/v2\/pages\/13674","targetHints":{"allow":["GET"]}}],"collection":[{"href":"https:\/\/keylessbest.com\/tr\/wp-json\/wp\/v2\/pages"}],"about":[{"href":"https:\/\/keylessbest.com\/tr\/wp-json\/wp\/v2\/types\/page"}],"author":[{"embeddable":true,"href":"https:\/\/keylessbest.com\/tr\/wp-json\/wp\/v2\/users\/1"}],"replies":[{"embeddable":true,"href":"https:\/\/keylessbest.com\/tr\/wp-json\/wp\/v2\/comments?post=13674"}],"version-history":[{"count":0,"href":"https:\/\/keylessbest.com\/tr\/wp-json\/wp\/v2\/pages\/13674\/revisions"}],"wp:attachment":[{"href":"https:\/\/keylessbest.com\/tr\/wp-json\/wp\/v2\/media?parent=13674"}],"curies":[{"name":"wp","href":"https:\/\/api.w.org\/{rel}","templated":true}]}}