{"id":2,"date":"2024-06-21T03:54:29","date_gmt":"2024-06-21T03:54:29","guid":{"rendered":"https:\/\/demos.coderplace.com\/wp\/WP03\/WP03074\/?page_id=2"},"modified":"2024-06-21T03:54:29","modified_gmt":"2024-06-21T03:54:29","slug":"ornek-sayfa","status":"publish","type":"page","link":"https:\/\/keylessbest.com\/tr\/ornek-sayfa\/","title":{"rendered":"\u00d6rnek Sayfa"},"content":{"rendered":"<p>Bu bir \u00f6rnek sayfad\u0131r. Bir blog g\u00f6nderisinden farkl\u0131d\u0131r \u00e7\u00fcnk\u00fc bir yerde kalacak ve sitenizin gezinmesinde g\u00f6r\u00fcnecektir (\u00e7o\u011fu tema). \u00c7o\u011fu ki\u015fi, potansiyel site ziyaret\u00e7ilerine kendilerini tan\u0131tan Bir Hakk\u0131nda sayfas\u0131yla ba\u015flar. B\u00f6yle bir \u015fey s\u00f6yleyebilir:<\/p>\n\n\n\n<blockquote class=\"wp-block-quote is-layout-flow wp-block-quote-is-layout-flow\"><p>Merhaba! G\u00fcnd\u00fcz bisiklet kurye olarak \u00e7al\u0131\u015f\u0131yorum, gece ise oyuncu olmaya \u00e7al\u0131\u015f\u0131yorum ve bu benim web sitem. Los Angeles'ta ya\u015f\u0131yorum, Jack ad\u0131nda harika bir k\u00f6pe\u011fim var ve pi\u00f1a colada i\u00e7meyi seviyorum. (Ve ya\u011fmurda \u0131slanmak.)<\/p><\/blockquote>\n\n\n\n<p>\u2026veya \u015f\u00f6yle bir \u015fey:<\/p>\n\n\n\n<blockquote class=\"wp-block-quote is-layout-flow wp-block-quote-is-layout-flow\"><p>XYZ Doohickey \u015eirketi 1971 y\u0131l\u0131nda kuruldu ve o zamandan beri halka kaliteli doohickeys sa\u011flamaktad\u0131r. Gotham \u015eehri'nde bulunan XYZ, 2.000'den fazla \u00e7al\u0131\u015fan\u0131 istihdam etmekte ve Gotham toplumu i\u00e7in \u00e7e\u015fitli harika i\u015fler yapmaktad\u0131r.<\/p><\/blockquote>\n\n\n\n<p>Yeni bir WordPress kullan\u0131c\u0131s\u0131 olarak, \u015funa gitmelisiniz <a href=\"https:\/\/demos.coderplace.com\/wp\/WP03\/WP03074\/wp-admin\/\" target=\"_blank\" rel=\"noopener\">g\u00f6sterge paneliniz<\/a> bu sayfay\u0131 silmek ve i\u00e7eri\u011finiz i\u00e7in yeni sayfalar olu\u015fturmak. \u0130yi e\u011flenceler!<\/p>","protected":false},"excerpt":{"rendered":"<p>This is an example page. It&#8217;s different from a blog post because it will stay in one place and will show up in your site navigation (in most themes). Most people start with an About page that introduces them to potential site visitors. It might say something like this: Hi there! I&#8217;m a bike messenger&#8230;<\/p>","protected":false},"author":1,"featured_media":0,"parent":0,"menu_order":0,"comment_status":"closed","ping_status":"open","template":"","meta":{"_bst_post_transparent":"","_bst_post_title":"","_bst_post_layout":"","_bst_post_sidebar_id":"","_bst_post_content_style":"","_bst_post_vertical_padding":"","_bst_post_feature":"","_bst_post_feature_position":"","_bst_post_header":false,"_bst_post_footer":false,"footnotes":""},"class_list":["post-2","page","type-page","status-publish","hentry"],"_links":{"self":[{"href":"https:\/\/keylessbest.com\/tr\/wp-json\/wp\/v2\/pages\/2","targetHints":{"allow":["GET"]}}],"collection":[{"href":"https:\/\/keylessbest.com\/tr\/wp-json\/wp\/v2\/pages"}],"about":[{"href":"https:\/\/keylessbest.com\/tr\/wp-json\/wp\/v2\/types\/page"}],"author":[{"embeddable":true,"href":"https:\/\/keylessbest.com\/tr\/wp-json\/wp\/v2\/users\/1"}],"replies":[{"embeddable":true,"href":"https:\/\/keylessbest.com\/tr\/wp-json\/wp\/v2\/comments?post=2"}],"version-history":[{"count":0,"href":"https:\/\/keylessbest.com\/tr\/wp-json\/wp\/v2\/pages\/2\/revisions"}],"wp:attachment":[{"href":"https:\/\/keylessbest.com\/tr\/wp-json\/wp\/v2\/media?parent=2"}],"curies":[{"name":"wp","href":"https:\/\/api.w.org\/{rel}","templated":true}]}}