{"id":13742,"date":"2025-08-19T08:35:16","date_gmt":"2025-08-19T08:35:16","guid":{"rendered":"https:\/\/hanwuji.shengjit.com\/?post_type=product&#038;p=13742"},"modified":"2026-02-11T05:03:08","modified_gmt":"2026-02-11T05:03:08","slug":"2001-2007-buick-chevrolet-anahtar-kapagi-koblear1xt-keylessbest","status":"publish","type":"product","link":"https:\/\/keylessbest.com\/tr\/product\/2001-2007-buick-chevrolet-anahtar-kapagi-koblear1xt-keylessbest\/","title":{"rendered":"2001-2007 Buick Chevrolet Anahtar Anahtarl\u0131k KOBLEAR1XT, Anahtars\u0131z giri\u015f i\u00e7in"},"content":{"rendered":"<p>*Bu 2001-2007 Buick Cadillac Chevrolet GMC Oldsmobile Pontiac anahtars\u0131z uzaktan kumanda anahtarl\u0131\u011f\u0131 hakk\u0131nda detayl\u0131 bilgiler a\u015fa\u011f\u0131daki gibidir. L\u00fctfen sipari\u015f vermeden \u00f6nce a\u015fa\u011f\u0131daki detaylar\u0131n arac\u0131n\u0131zla uydu\u011fundan emin olun: FCC Kimli\u011fi, Par\u00e7a Numaras\u0131 , <span style=\"font-size: 16px; font-style: normal; font-weight: 400;\">\u00a0<\/span><span style=\"font-size: 16px; font-style: normal; font-weight: 400;\">Y\u0131l Modeli,<\/span><span style=\"font-size: 16px; font-style: normal; font-weight: 400;\">IC,<\/span><span style=\"font-size: 16px; font-style: normal; font-weight: 400;\">\u00a0<\/span><span style=\"font-size: 16px;\">Frekans, \u00c7ip ve D\u00fc\u011fmeler.<\/span><\/p>\n<h6><strong><b>\u00dcr\u00fcn Bilgisi:<\/b><\/strong><\/h6>\n<ul>\n<li style=\"font-size: 16px;\">FCC Kimli\u011fi: KOBLEAR1XT<\/li>\n<li style=\"font-size: 16px;\">PN: 25695954, 25695955, 25695966, 25695967, 15184352, 15184353, 15752330, 15043458, 10443537<\/li>\n<li>Frekans: 315MHz<\/li>\n<li>D\u00fc\u011fmeler: Kilit, A\u00e7\u0131k, Bagaj, Panik<\/li>\n<\/ul>\n<h6><strong><b>Referans model<\/b><\/strong><strong><b>\uff1a<\/b><\/strong><\/h6>\n<ul>\n<li>2001 \u2013 2005 Buick Lesabre<\/li>\n<li>2001 \u2013 2005 Cadillac Deville<\/li>\n<li><a href=\"https:\/\/keylessbest.com\/tr\/product\/1999-2004-acura-cl-tl-rl-4-dugmeli-anahtarsiz-giris-uzaktan-kumanda-e4eg8d-444h-a-yerine-gecer-pn-72147-s0k-a23-72147-s0k-a13__trashed\/\" data-wpil-monitor-id=\"768\">2001 &#8211; 2002<\/a> Cadillac Eldorado<\/li>\n<li>2001 \u2013 2004 Cadillac Seville<\/li>\n<li>2001 &#8211; 2006 <a href=\"https:\/\/keylessbest.com\/tr\/product\/1998-2002-chevrolet-gmc-oldsmobile-s10-yukon-sonoma-sierra-silverado-suburban-tahoe-astro-blazer-c-k-pickup-jimmy-safari-bravada-3-dugmeli-anahtarsiz-giris-uzaktan-kumanda-kobut1bt-pn-15732803\/\" data-wpil-monitor-id=\"781\">Chevrolet Astro<\/a><\/li>\n<li>2001 &#8211; 2005 <a href=\"https:\/\/keylessbest.com\/tr\/product\/2018-2022-chevrolet-blazer-equinox-traverse-trailblazer-5-tuslu-anahtarsiz-giris-uzaktan-kumanda-hyq4aa-pn13584498-13585723-13529650-46-suv__trashed\/\" data-wpil-monitor-id=\"775\">Chevrolet Blazer<\/a> (SUV \u2013 pikap de\u011fil)<\/li>\n<li>2001 &#8211; 2004 <a href=\"https:\/\/keylessbest.com\/tr\/product\/2020-2024-chevrolet-corvette-c8-6-tuslu-anahtarsiz-giris-uzaktan-kumanda-yg0g20tb1-pn-13536982-13538850__trashed\/\" data-wpil-monitor-id=\"780\">Chevrolet Corvette<\/a><\/li>\n<li>2003 \u2013 2007 Chevrolet Express<\/li>\n<li>2001 \u2013 2005 Chevrolet Impala<\/li>\n<li>2001 &#8211; 2004 <a href=\"https:\/\/keylessbest.com\/tr\/product\/2021-2024-chevrolet-malibu-camaro-hyq4es-pn13522891-13522884-13547793-46\/\" data-wpil-monitor-id=\"776\">Chevrolet Malibu<\/a> (ve 2005 Malibu Classic)<\/li>\n<li>2001 &#8211; 2005 <a href=\"https:\/\/keylessbest.com\/tr\/product\/2006-2016-cadillac-chevrolet-buick-monte-carlo-suburban-tahoe-yukon-silverado-escalade-sierra-avalanche-s10-pikap-4-dugmeli-anahtarsiz-giris-uzaktan-kumanda-ouc60270-pnouc60221-850k60270-850k60221-159\/\" data-wpil-monitor-id=\"773\">Chevrolet Monte Carlo<\/a><\/li>\n<li>2003 \u2013 2006 Chevrolet SSR<\/li>\n<li>2001 \u2013 2004 GMC Jimmy<\/li>\n<li>2001 \u2013 2005 GMC Safari<\/li>\n<li>2003 \u2013 2007 GMC Savana<\/li>\n<li>2001 \u2013 2004 Oldsmobile Alero<\/li>\n<li>2001 \u2013 2003 Oldsmobile Aurora<\/li>\n<li>2001 \u2013 2005 Pontiac Bonneville<\/li>\n<li>2001 &#8211; 2005 <a href=\"https:\/\/keylessbest.com\/tr\/product\/1996-2005-buick-cadillac-gmc-oldsmobile-pontiac-grand-am-bonneville-regency-lss-ninety-eight-eighty-eight-alero-aurora-bravada-safari-jimmy-envoy-monte-carlo-malibu-seville-impala-blazer-suv-not-pi\/\" data-wpil-monitor-id=\"777\">Pontiac Grand<\/a> Am<\/li>\n<li>2004 &#8211; 2004 <a href=\"https:\/\/keylessbest.com\/tr\/product\/2001-2007-buick-oldsmobile-pontiac-century-rega-intrigue-grand-prix-rendezvous-aztek-4-dugmeli-anahtarsiz-giris-uzaktan-kumanda-l2c0007t-pn10335588-9364556-4575\/\" data-wpil-monitor-id=\"771\">Pontiac Grand Prix<\/a><\/li>\n<\/ul>\n<h6><strong><b>Paket \u0130\u00e7eri\u011fi:<\/b><\/strong><\/h6>\n<ul>\n<li>Yeni bir yan sanayi <a href=\"https:\/\/keylessbest.com\/tr\/product\/2011-2017-ford-fiesta-3-tuslu-anahtarsiz-giris-uzaktan-kumanda-kr55wk47899-pn164-r8042-uzaktan-kumanda-164-r8043-bicak-164-r8042-164-r8039-5913139-5914117-4d63-80bit__trashed\/\" data-wpil-monitor-id=\"774\">anahtars\u0131z uzaktan kumanda<\/a><\/li>\n<li>\u00dccretsiz piyasa sonras\u0131 acil durum takma anahtar<\/li>\n<li>T\u00fcm vericiler pil ile gelir<\/li>\n<li>T\u00fcm \u00fcniteler sevkiyat \u00f6ncesi test edilmi\u015ftir<\/li>\n<li>2 y\u0131l 100% memnuniyet garantisi ve garanti<\/li>\n<\/ul>\n<h6><strong><b>Not:<\/b><\/strong><\/h6>\n<ul>\n<li>2001-2007 Buick Cadillac Chevrolet GMC Oldsmobile Pontiac ak\u0131ll\u0131 anahtars\u0131z giri\u015f anahtar\u0131 yedek \u2013 logo olmadan, kesilmemi\u015f acil durum ek anahtar\u0131 dahil.<\/li>\n<li>Biz kesmiyoruz veya programlam\u0131yoruz <a href=\"https:\/\/keylessbest.com\/tr\/keylessbestarabaanahtarfobshop\/\" data-wpil-monitor-id=\"778\">uzaktan anahtar<\/a>. Ayr\u0131ca, fiyatland\u0131rma i\u00e7in l\u00fctfen yerel \u00e7ilingir veya bayiye ula\u015f\u0131n.<\/li>\n<li>Bu verici, g\u00f6sterge panelinde ba\u015flat\/durdur d\u00fc\u011fmesi veya d\u00f6ner anahtar ate\u015fleme \u00f6zelli\u011fi bulunan ara\u00e7larla uyumludur, ayr\u0131ca bir proxy ile birlikte <a href=\"https:\/\/keylessbest.com\/tr\/product\/2007-2013-nissan-rogue-versa-pathfinder-akilli-sistemli-3-dugmeli-anahtarsiz-giris-uzaktan-kumanda-cwtwbu729-cwtwbu735-cwtwbu624-pn-285e3-em30d-285e3-em31d\/\" data-wpil-monitor-id=\"772\">anahtars\u0131z giri\u015f sistemi<\/a>.<\/li>\n<li>Fiyat tek bir tam <a href=\"https:\/\/keylessbest.com\/tr\/product\/2015-2021-jeep-renegade-5-tuslu-anahtarsiz-giris-uzaktan-kumanda-m3n-40821302-yerine-gecer-pn-6mp33dx9aa-id-47-4a__trashed\/\" data-wpil-monitor-id=\"769\">de\u011fi\u015fim anahtars\u0131z giri\u015f uzaktan kumanda<\/a>, acil durum anahtar\u0131 dahil.<\/li>\n<li>Bu nedenle, arac\u0131n\u0131z\u0131n <a href=\"https:\/\/keylessbest.com\/tr\/herhangi-bir-araba-icin-hizli-ve-kolay-anahtar-anahtarlik-programlama-adimlari\/\" data-wpil-monitor-id=\"770\">ANAHTAR KUTUSUNUZUN PROGRAMLANMASINI<\/a> \u00f6nermekteyiz.<\/li>\n<\/ul>\n<h6><strong>Programlama Kaynaklar\u0131:<\/strong><\/h6>\n<p><a href=\"http:\/\/programyourfob.com\/?list_4\/\" target=\"_blank\" rel=\"noopener\">Buick-Cambrian (Liaoning) Elektronik Teknoloji \u015eirketi Ltd. \u015eti.<\/a><\/p>\n<p><a href=\"http:\/\/programyourfob.com\/?list_5\/\" target=\"_blank\" rel=\"noopener\">Cadillac-Cambrian (Liaoning) Elektronik Teknoloji \u015eirketi Ltd. \u015eti.<\/a><a href=\"http:\/\/programyourfob.com\/?list_11\/\" target=\"_blank\" rel=\"noopener\">.<\/a><\/p>\n<p><a href=\"http:\/\/programyourfob.com\/?list_6\/\" target=\"_blank\" rel=\"noopener\">Chevrolet-Cambrian (Liaoning) Elektronik Teknoloji \u015eirketi Ltd. \u015eti.<\/a><\/p>\n<p><a href=\"http:\/\/programyourfob.com\/?list_11\/\" target=\"_blank\" rel=\"noopener\">GMC-Cambrian (Liaoning) Elektronik Teknoloji \u015eirketi Ltd. \u015eti.<\/a><\/p>\n<p><a href=\"http:\/\/programyourfob.com\/?list_27\/\" target=\"_blank\" rel=\"noopener\">Oldsmobile-Cambrian (Liaoning) Elektronik Teknoloji \u015eirketi Ltd. \u015eti.<\/a><\/p>\n<p><a href=\"http:\/\/programyourfob.com\/?list_30\/\" target=\"_blank\" rel=\"noopener\">Pontiac-Cambrian (Liaoning) Elektronik Teknoloji \u015eirketi Ltd. \u015eti.<\/a><\/p>\n<p>Bizi tercih etti\u011finiz i\u00e7in te\u015fekk\u00fcr ederiz.<\/p>\n<p>Biz, araba anahtarlar\u0131 ve anahtars\u0131z giri\u015f sistemi \u00fcretiminde en profesyonel \u00fcreticilerden biriyiz, <a href=\"https:\/\/keylessbest.com\/tr\/product\/1996-2005-buick-cadillac-chevrolet-gmc-oldsmobile-pontiac-lesabre-park-avenue-lesabre-park-avenue-riviera-eldorado-seville-astro-blazer-impala-malibu-monte-carlo-envoy-jimmy-safari-brava\/\" data-wpil-monitor-id=\"767\">araba anahtar uzaktan kumandas\u0131<\/a>, transponder \u00e7ipler, anahtar programlay\u0131c\u0131lar, ara\u00e7 anahtar\u0131 kapaklar\u0131, ara\u00e7 kilitleri, \u00e7ilingir ara\u00e7lar\u0131 ve benzeri. Ayr\u0131ca, Firmam\u0131z\u0131n profesyonel ekibi ve \u00fcretim hatt\u0131 bulunmaktad\u0131r. Dahas\u0131, \u00e7e\u015fitli \u00fcretiminde uzmanla\u015fm\u0131\u015f bulunmaktay\u0131z <a href=\"https:\/\/keylessbest.com\/tr\/2025te-bir-araba-anahtar-dugmesi-degistirme-maliyeti-ne-kadar\/\" data-wpil-monitor-id=\"779\">ara\u00e7 anahtarlar\u0131<\/a>, ara\u00e7 anahtar\u0131 kapaklar\u0131 ve \u00e7ilingir ara\u00e7lar\u0131. Ayr\u0131ca, otomobil g\u00fcvenli\u011fi ve koruma \u00fcr\u00fcnlerinin geli\u015ftirilmesi, \u00fcretimi ve toptan sat\u0131\u015f\u0131 ile ilgileniyoruz.<\/p>\n<p>Rekabet\u00e7i fiyatlar ve \u00f6zel hizmetler, size iyi bir pazar kazand\u0131rmaya yard\u0131mc\u0131 olacakt\u0131r. Ayr\u0131ca, 10'dan fazla gen\u00e7 ve enerjik sat\u0131\u015f ekibimiz her zaman h\u0131zl\u0131, profesyonel ve samimi hizmet sunar. Ayr\u0131ca, t\u00fcm \u00fcr\u00fcnlerimiz do\u011frudan Amerika Birle\u015fik Devletleri, Kanada ve Meksika'daki depolardan sevk edilmektedir. Bu nedenle, sat\u0131n ald\u0131\u011f\u0131n\u0131z \u00fcr\u00fcnler, sipari\u015f verdikten sonra 48 saat i\u00e7inde paketlenip g\u00f6nderilecektir. \u00dcr\u00fcnlerimizin 100%\u2019den fazlas\u0131 stokta bulunmaktad\u0131r ve envanterimiz yeterlidir.<\/p>","protected":false},"excerpt":{"rendered":"<ul>\n<li style=\"font-size: 16px;\">SKU: CA-GM007<\/li>\n<li style=\"font-size: 16px;\">FCC Kimli\u011fi: KOBLEAR1XT<\/li>\n<li style=\"font-size: 16px;\">PN: 25695954, 25695955, 25695966, 25695967, 15184352, 15184353, 15752330, 15043458, 10443537<\/li>\n<li>Frekans: 315MHz<\/li>\n<li>D\u00fc\u011fmeler: Kilit, A\u00e7\u0131k, Bagaj, Panik<\/li>\n<\/ul>","protected":false},"featured_media":20810,"comment_status":"open","ping_status":"closed","template":"","meta":{"_bst_post_transparent":"default","_bst_post_title":"","_bst_post_layout":"default","_bst_post_sidebar_id":"","_bst_post_content_style":"default","_bst_post_vertical_padding":"default","_bst_post_feature":"","_bst_post_feature_position":"","_bst_post_header":false,"_bst_post_footer":false},"product_brand":[],"product_cat":[15,151,149,152,372,373],"product_tag":[],"2_year_make_model":[],"class_list":{"0":"post-13742","1":"product","2":"type-product","3":"status-publish","4":"has-post-thumbnail","6":"product_cat-carkeyremote","7":"product_cat-for-buick","8":"product_cat-for-cadillac","9":"product_cat-for-gmc","10":"product_cat-for-oldmobile","11":"product_cat-for-pontiac","13":"first","14":"instock","15":"sale","16":"shipping-taxable","17":"purchasable","18":"product-type-simple","19":"entry","20":"content-bg","21":"loop-entry"},"_links":{"self":[{"href":"https:\/\/keylessbest.com\/tr\/wp-json\/wp\/v2\/product\/13742","targetHints":{"allow":["GET"]}}],"collection":[{"href":"https:\/\/keylessbest.com\/tr\/wp-json\/wp\/v2\/product"}],"about":[{"href":"https:\/\/keylessbest.com\/tr\/wp-json\/wp\/v2\/types\/product"}],"replies":[{"embeddable":true,"href":"https:\/\/keylessbest.com\/tr\/wp-json\/wp\/v2\/comments?post=13742"}],"version-history":[{"count":4,"href":"https:\/\/keylessbest.com\/tr\/wp-json\/wp\/v2\/product\/13742\/revisions"}],"predecessor-version":[{"id":19425,"href":"https:\/\/keylessbest.com\/tr\/wp-json\/wp\/v2\/product\/13742\/revisions\/19425"}],"wp:featuredmedia":[{"embeddable":true,"href":"https:\/\/keylessbest.com\/tr\/wp-json\/wp\/v2\/media\/20810"}],"wp:attachment":[{"href":"https:\/\/keylessbest.com\/tr\/wp-json\/wp\/v2\/media?parent=13742"}],"wp:term":[{"taxonomy":"product_brand","embeddable":true,"href":"https:\/\/keylessbest.com\/tr\/wp-json\/wp\/v2\/product_brand?post=13742"},{"taxonomy":"product_cat","embeddable":true,"href":"https:\/\/keylessbest.com\/tr\/wp-json\/wp\/v2\/product_cat?post=13742"},{"taxonomy":"product_tag","embeddable":true,"href":"https:\/\/keylessbest.com\/tr\/wp-json\/wp\/v2\/product_tag?post=13742"},{"taxonomy":"2_year_make_model","embeddable":true,"href":"https:\/\/keylessbest.com\/tr\/wp-json\/wp\/v2\/2_year_make_model?post=13742"}],"curies":[{"name":"wp","href":"https:\/\/api.w.org\/{rel}","templated":true}]}}