{"id":13743,"date":"2025-08-19T08:35:16","date_gmt":"2025-08-19T08:35:16","guid":{"rendered":"https:\/\/hanwuji.shengjit.com\/?post_type=product&#038;p=13743"},"modified":"2026-02-11T05:10:30","modified_gmt":"2026-02-11T05:10:30","slug":"2003-2007-cadillac-chevrolet-gmc-anahtar-kapagi-lhj011-anahtarsiz-giris-icin","status":"publish","type":"product","link":"https:\/\/keylessbest.com\/tr\/product\/2003-2007-cadillac-chevrolet-gmc-anahtar-kapagi-lhj011-anahtarsiz-giris-icin\/","title":{"rendered":"2003-2007 Cadillac Chevrolet GMC Anahtar Kapa\u011f\u0131 LHJ011, Anahtars\u0131z giri\u015f i\u00e7in"},"content":{"rendered":"<p>*Bu 2003-2007 Cadillac Chevrolet GMC Hummer Pontiac anahtars\u0131z uzaktan kumanda anahtarl\u0131k detayl\u0131 bilgileri a\u015fa\u011f\u0131daki gibidir. L\u00fctfen sipari\u015f vermeden \u00f6nce a\u015fa\u011f\u0131daki detaylar\u0131n arac\u0131n\u0131zla uydu\u011fundan emin olun: FCC Kimli\u011fi, Par\u00e7a Numaras\u0131 , <span style=\"font-size: 16px; font-style: normal; font-weight: 400;\">\u00a0<\/span><span style=\"font-size: 16px; font-style: normal; font-weight: 400;\">Y\u0131l Modeli,<\/span><span style=\"font-size: 16px; font-style: normal; font-weight: 400;\">IC,<\/span><span style=\"font-size: 16px; font-style: normal; font-weight: 400;\">\u00a0<\/span><span style=\"font-size: 16px;\">Frekans, \u00c7ip ve D\u00fc\u011fmeler.<\/span><\/p>\n<h6><strong><b>\u00dcr\u00fcn Bilgisi:<\/b><\/strong><\/h6>\n<ul>\n<li style=\"font-size: 16px;\">FCC Kimli\u011fi: LHJ011<\/li>\n<li style=\"font-size: 16px;\">PN: 21997127 10377295 M1 15132197 15186200 M2 15132198 15186201<\/li>\n<li>Frekans: 315MHz<\/li>\n<li>D\u00fc\u011fmeler: Kilit, A\u00e7\u0131k, Panik<\/li>\n<\/ul>\n<h6><strong><b>Referans model<\/b><\/strong><strong><b>\uff1a<\/b><\/strong><\/h6>\n<ul>\n<li>2003-2007 <a href=\"https:\/\/keylessbest.com\/tr\/product\/2007-2014-cadillac-escalade-escalade-esv-escalade-ext-4-tuslu-anahtarsiz-giris-uzaktan-kumanda-ouc6000066-pn22756463-22756464-5923886-5923885__trashed\/\" data-wpil-monitor-id=\"764\">Cadillac Escalade<\/a><\/li>\n<li>2003-2007 Chevrolet Avalanche<\/li>\n<li>2005-2006 Chevrolet Equinox<\/li>\n<li>2003-2006 Chevrolet Silverado<\/li>\n<li>2003-2007 <a href=\"https:\/\/keylessbest.com\/tr\/product\/2021-2024-chevrolet-suburban-tahoe-4-tuslu-anahtarsiz-giris-uzaktan-kumanda-yg0g21tb-pn-13541561-13545334-13548432__trashed\/\" data-wpil-monitor-id=\"765\">Chevrolet Suburban<\/a><\/li>\n<li>2003-2007 Chevrolet Tahoe<\/li>\n<li>2003-2007 GMC Sierra<\/li>\n<li>2003-2004 GMC Sierra 2500<\/li>\n<li>2003-2006 GMC Sierra 2500 Hd<\/li>\n<li>2003-2006 GMC Sierra 3500<\/li>\n<li>2003-2006 GMC Sierra Denali<\/li>\n<li>2003-2007 GMC Yukon<\/li>\n<li>2003-2006 GMC Yukon Xl 1500<\/li>\n<li>2003-2006 GMC Yukon Xl 2500<\/li>\n<li>2003-2007 Hummer H2<\/li>\n<li>2006 Pontiac Torrent<\/li>\n<li>2004-2007 Saturn Vue<\/li>\n<li>2007 Chevrolet Silverado Classic<\/li>\n<\/ul>\n<h6><strong><b>Paket \u0130\u00e7eri\u011fi:<\/b><\/strong><\/h6>\n<ul>\n<li>Yeni bir yan sanayi <a href=\"https:\/\/keylessbest.com\/tr\/product\/2011-2017-ford-fiesta-3-tuslu-anahtarsiz-giris-uzaktan-kumanda-kr55wk47899-pn164-r8042-uzaktan-kumanda-164-r8043-bicak-164-r8042-164-r8039-5913139-5914117-4d63-80bit__trashed\/\" data-wpil-monitor-id=\"763\">anahtars\u0131z uzaktan kumanda<\/a><\/li>\n<li>\u00dccretsiz piyasa sonras\u0131 acil durum takma anahtar<\/li>\n<li>T\u00fcm vericiler pil ile gelir<\/li>\n<li>T\u00fcm \u00fcniteler sevkiyat \u00f6ncesi test edilmi\u015ftir<\/li>\n<li>2 y\u0131l 100% memnuniyet garantisi ve garanti<\/li>\n<\/ul>\n<h6><strong><b>Not:<\/b><\/strong><\/h6>\n<ul>\n<li>2003-2007 Cadillac Chevrolet GMC Hummer Pontiac ak\u0131ll\u0131 anahtars\u0131z giri\u015f anahtarl\u0131k yede\u011fi \u2013 logo olmadan, kesilmemi\u015f acil durum ek anahtar\u0131 dahil.<\/li>\n<li>Biz kesmiyoruz veya programlam\u0131yoruz <a href=\"https:\/\/keylessbest.com\/tr\/keylessbestarabaanahtarfobshop\/\" data-wpil-monitor-id=\"766\">uzaktan anahtar<\/a>. Ayr\u0131ca, fiyatland\u0131rma i\u00e7in l\u00fctfen yerel \u00e7ilingir veya bayiye ula\u015f\u0131n.<\/li>\n<li>Bu verici, g\u00f6sterge panelinde ba\u015flat\/durdur d\u00fc\u011fmesi veya d\u00f6ner anahtar ate\u015fleme \u00f6zelli\u011fi bulunan ara\u00e7larla uyumludur, ayr\u0131ca bir proxy ile birlikte <a href=\"https:\/\/keylessbest.com\/tr\/product\/2007-2013-nissan-rogue-versa-pathfinder-akilli-sistemli-3-dugmeli-anahtarsiz-giris-uzaktan-kumanda-cwtwbu729-cwtwbu735-cwtwbu624-pn-285e3-em30d-285e3-em31d\/\" data-wpil-monitor-id=\"762\">anahtars\u0131z giri\u015f sistemi<\/a>.<\/li>\n<li>Fiyat tek bir tam <a href=\"https:\/\/keylessbest.com\/tr\/product\/2015-2021-jeep-renegade-5-tuslu-anahtarsiz-giris-uzaktan-kumanda-m3n-40821302-yerine-gecer-pn-6mp33dx9aa-id-47-4a__trashed\/\" data-wpil-monitor-id=\"760\">de\u011fi\u015fim anahtars\u0131z giri\u015f uzaktan kumanda<\/a>, acil durum anahtar\u0131 dahil.<\/li>\n<li>Bu nedenle, arac\u0131n\u0131z\u0131n <a href=\"https:\/\/keylessbest.com\/tr\/herhangi-bir-araba-icin-hizli-ve-kolay-anahtar-anahtarlik-programlama-adimlari\/\" data-wpil-monitor-id=\"761\">ANAHTAR KUTUSUNUZUN PROGRAMLANMASINI<\/a> \u00f6nermekteyiz.<\/li>\n<\/ul>\n<h6><strong>Programlama Kaynaklar\u0131:<\/strong><\/h6>\n<p><a href=\"http:\/\/programyourfob.com\/?list_5\/\" target=\"_blank\" rel=\"noopener\">Cadillac-Cambrian (Liaoning) Elektronik Teknoloji \u015eirketi Ltd. \u015eti.<\/a><\/p>\n<p><a href=\"http:\/\/programyourfob.com\/?list_6\/\" target=\"_blank\" rel=\"noopener\">Chevrolet-Cambrian (Liaoning) Elektronik Teknoloji \u015eirketi Ltd. \u015eti.<\/a><\/p>\n<p><a href=\"http:\/\/programyourfob.com\/?list_11\/\" target=\"_blank\" rel=\"noopener\">GMC-Cambrian (Liaoning) Elektronik Teknoloji \u015eirketi Ltd. \u015eti.<\/a><\/p>\n<p><a href=\"http:\/\/programyourfob.com\/?list_13\/\" target=\"_blank\" rel=\"noopener\">Hummer-Cambrian (Liaoning) Elektronik Teknolojisi A.\u015e.<\/a><\/p>\n<p><a href=\"http:\/\/programyourfob.com\/?list_30\/\" target=\"_blank\" rel=\"noopener\">Pontiac-Cambrian (Liaoning) Elektronik Teknoloji \u015eirketi Ltd. \u015eti.<\/a><\/p>\n<p>Bizi tercih etti\u011finiz i\u00e7in te\u015fekk\u00fcr ederiz.<\/p>\n<p>Biz, araba anahtarlar\u0131 ve anahtars\u0131z giri\u015f sistemi \u00fcretiminde en profesyonel \u00fcreticilerden biriyiz, <a href=\"https:\/\/keylessbest.com\/tr\/product\/1996-2005-buick-cadillac-chevrolet-gmc-oldsmobile-pontiac-lesabre-park-avenue-lesabre-park-avenue-riviera-eldorado-seville-astro-blazer-impala-malibu-monte-carlo-envoy-jimmy-safari-brava\/\" data-wpil-monitor-id=\"759\">araba anahtar uzaktan kumandas\u0131<\/a>, transponder \u00e7ipleri, anahtar programlay\u0131c\u0131lar, araba anahtar kabuklar\u0131, araba kilitleri, \u00e7ilingir ara\u00e7lar\u0131 ve benzeri. Ayr\u0131ca, firmam\u0131z\u0131n profesyonel bir ekibi ve \u00fcretim hatt\u0131 bulunmaktad\u0131r. Dahas\u0131, \u00e7e\u015fitli araba anahtarlar\u0131, araba anahtar kabuklar\u0131 ve \u00e7ilingir ara\u00e7lar\u0131 \u00fcretiminde uzman\u0131z. Ayr\u0131ca, otomobil g\u00fcvenlik ve koruma \u00fcr\u00fcnlerinin geli\u015ftirilmesi, \u00fcretimi ve toptan sat\u0131\u015f\u0131 ile ilgileniyoruz.<\/p>\n<p>Rekabet\u00e7i fiyatlar ve \u00f6zel hizmetler, size iyi bir pazar kazand\u0131rmaya yard\u0131mc\u0131 olacakt\u0131r. Ayr\u0131ca, 10'dan fazla gen\u00e7 ve enerjik sat\u0131\u015f ekibimiz her zaman h\u0131zl\u0131, profesyonel ve samimi hizmet sunar. Ayr\u0131ca, t\u00fcm \u00fcr\u00fcnlerimiz do\u011frudan Amerika Birle\u015fik Devletleri, Kanada ve Meksika'daki depolardan sevk edilmektedir. Bu nedenle, sat\u0131n ald\u0131\u011f\u0131n\u0131z \u00fcr\u00fcnler, sipari\u015f verdikten sonra 48 saat i\u00e7inde paketlenip g\u00f6nderilecektir. \u00dcr\u00fcnlerimizin 100%\u2019den fazlas\u0131 stokta bulunmaktad\u0131r ve envanterimiz yeterlidir.<\/p>","protected":false},"excerpt":{"rendered":"<ul>\n<li style=\"font-size: 16px;\">SKU: CA-GM008<\/li>\n<li style=\"font-size: 16px;\">FCC Kimli\u011fi: LHJ011<\/li>\n<li style=\"font-size: 16px;\">PN: 21997127 10377295 M1 15132197 15186200 M2 15132198 15186201<\/li>\n<li>Frekans: 315MHz<\/li>\n<li>D\u00fc\u011fmeler: Kilit, A\u00e7\u0131k, Panik<\/li>\n<\/ul>","protected":false},"featured_media":20811,"comment_status":"open","ping_status":"closed","template":"","meta":{"_bst_post_transparent":"default","_bst_post_title":"","_bst_post_layout":"default","_bst_post_sidebar_id":"","_bst_post_content_style":"default","_bst_post_vertical_padding":"default","_bst_post_feature":"","_bst_post_feature_position":"","_bst_post_header":false,"_bst_post_footer":false},"product_brand":[],"product_cat":[15,149,150,152,374,373,375],"product_tag":[],"2_year_make_model":[],"class_list":{"0":"post-13743","1":"product","2":"type-product","3":"status-publish","4":"has-post-thumbnail","6":"product_cat-carkeyremote","7":"product_cat-for-cadillac","8":"product_cat-for-chevrolet","9":"product_cat-for-gmc","10":"product_cat-for-hummer","11":"product_cat-for-pontiac","12":"product_cat-for-saturn","14":"first","15":"instock","16":"sale","17":"shipping-taxable","18":"purchasable","19":"product-type-simple","20":"entry","21":"content-bg","22":"loop-entry"},"_links":{"self":[{"href":"https:\/\/keylessbest.com\/tr\/wp-json\/wp\/v2\/product\/13743","targetHints":{"allow":["GET"]}}],"collection":[{"href":"https:\/\/keylessbest.com\/tr\/wp-json\/wp\/v2\/product"}],"about":[{"href":"https:\/\/keylessbest.com\/tr\/wp-json\/wp\/v2\/types\/product"}],"replies":[{"embeddable":true,"href":"https:\/\/keylessbest.com\/tr\/wp-json\/wp\/v2\/comments?post=13743"}],"version-history":[{"count":2,"href":"https:\/\/keylessbest.com\/tr\/wp-json\/wp\/v2\/product\/13743\/revisions"}],"predecessor-version":[{"id":19364,"href":"https:\/\/keylessbest.com\/tr\/wp-json\/wp\/v2\/product\/13743\/revisions\/19364"}],"wp:featuredmedia":[{"embeddable":true,"href":"https:\/\/keylessbest.com\/tr\/wp-json\/wp\/v2\/media\/20811"}],"wp:attachment":[{"href":"https:\/\/keylessbest.com\/tr\/wp-json\/wp\/v2\/media?parent=13743"}],"wp:term":[{"taxonomy":"product_brand","embeddable":true,"href":"https:\/\/keylessbest.com\/tr\/wp-json\/wp\/v2\/product_brand?post=13743"},{"taxonomy":"product_cat","embeddable":true,"href":"https:\/\/keylessbest.com\/tr\/wp-json\/wp\/v2\/product_cat?post=13743"},{"taxonomy":"product_tag","embeddable":true,"href":"https:\/\/keylessbest.com\/tr\/wp-json\/wp\/v2\/product_tag?post=13743"},{"taxonomy":"2_year_make_model","embeddable":true,"href":"https:\/\/keylessbest.com\/tr\/wp-json\/wp\/v2\/2_year_make_model?post=13743"}],"curies":[{"name":"wp","href":"https:\/\/api.w.org\/{rel}","templated":true}]}}