{"id":13763,"date":"2025-08-19T08:35:17","date_gmt":"2025-08-19T08:35:17","guid":{"rendered":"https:\/\/hanwuji.shengjit.com\/?post_type=product&#038;p=13763"},"modified":"2026-02-11T06:59:27","modified_gmt":"2026-02-11T06:59:27","slug":"2007-2018-dodge-chrysler-anahtar-kapagi-m3n5wy783x-iyz-c01c-keylessbest-icin","status":"publish","type":"product","link":"https:\/\/keylessbest.com\/tr\/product\/2007-2018-dodge-chrysler-anahtar-kapagi-m3n5wy783x-iyz-c01c-keylessbest-icin\/","title":{"rendered":"2008-2018 Dodge Chrysler Anahtar Kapa\u011f\u0131 M3N5WY783X, IYZ-C01C Keylessbest i\u00e7in"},"content":{"rendered":"<p>*Bu 2006 \u2013 2018 Chrysler Dodge Volkswagen Jeep anahtars\u0131z uzaktan kumanda anahtar\u0131n\u0131n detayl\u0131 bilgileri a\u015fa\u011f\u0131daki gibidir. L\u00fctfen sipari\u015f vermeden \u00f6nce a\u015fa\u011f\u0131daki detaylar\u0131n arac\u0131n\u0131zla e\u015fle\u015fti\u011finden emin olun: FCC Kimli\u011fi, Par\u00e7a Numaras\u0131, Model Y\u0131l\u0131, IC, Frekans, \u00c7ip ve D\u00fc\u011fmeler.<\/p>\n<h6><strong><b>\u00dcr\u00fcn Bilgisi: <\/b><\/strong><\/h6>\n<ul>\n<li>FCC Kimli\u011fi: M3N5WY783X, IYZ-C01C<\/li>\n<li>PN: 56046708AG.<\/li>\n<li>De\u011fi\u015ftirilebilir Par\u00e7a Numaralar\u0131: 05026197AB; 56046708AA; 56046708AB; 68043593AB; 05026197AF; 56046708AC; 68043593AC; 05026197AD; 56046708AD; 05026197AC; 56046708AE; 56046708AF; 68043593AA; 68066873AA; 68079545AA.<\/li>\n<li>IC: 267F-5WY783X 2701A-C01C<\/li>\n<li>Frekans: 433MHz<\/li>\n<li>\u00c7ip: Kimlik 46 CHR<\/li>\n<li>Test Anahtar\u0131: Y159<\/li>\n<li>D\u00fc\u011fmeler: Kilit, A\u00e7\u0131k, Panik, Kapak, Sol ve Sa\u011f Kap\u0131lar<\/li>\n<\/ul>\n<h6><strong><b>Referans model:<\/b><\/strong><\/h6>\n<ul>\n<li>2008 &#8211; 2017 <a href=\"https:\/\/keylessbest.com\/tr\/product\/2008-2019-dodge-chrysler-volkswagen-jeep-charger-caravan-challenger-durango-grand-caravan-journey-ram-1500-2500-magnum-town-country-300-routan-komutan-grand-cherokee-4-dugmeli-anahtarsiz-giris-uzaktan\/\" data-wpil-monitor-id=\"820\">Chrysler Town &amp; Country<\/a><\/li>\n<li>2008 \u2013 2018 Dodge Grand Caravan<\/li>\n<li>2009 \u2013 2015 Volkswagen Routan<\/li>\n<li>2008 \u2013 2015 Chrysler 300<\/li>\n<li>2011 &#8211; 2016 <a href=\"https:\/\/keylessbest.com\/tr\/product\/2006-2018-chrysler-dodge-volkswagen-jeep-town-country-grand-caravan-routan-300-town-country-limited-caravan-challenger-charger-durango-journey-magnum-dakota-ram-grand-cherokee-commander-6\/\" data-wpil-monitor-id=\"819\">Chrysler Town &amp; Country Limited<\/a><\/li>\n<li>2008 \u2013 2017 Dodge Caravan<\/li>\n<li><a href=\"https:\/\/keylessbest.com\/tr\/product\/2009-2014-toyota-avalon-camry-corolla-3-tuslu-anahtarsiz-giris-uzaktan-kumanda-hyq14aem-pn-89904-0r060-89904-60770-89904-0r090-89904-42140__trashed\/\" data-wpil-monitor-id=\"816\">2008 &#8211; 2014<\/a> Dodge Challenger<\/li>\n<li>2007 \u2013 2014 Dodge Charger<\/li>\n<li>2011 \u2013 2013 Dodge Durango<\/li>\n<li>2009 \u2013 2016 Dodge Journey<\/li>\n<li>2008 \u2013 2008 Dodge Magnum<\/li>\n<li>2015 \u2013 2015 Dodge Dakota<\/li>\n<li>2006 \u2013 2016 Dodge RAM<\/li>\n<li>2008 \u2013 2010 Jeep Commander<\/li>\n<li>2008 &#8211; 2015 <a href=\"https:\/\/keylessbest.com\/tr\/product\/2021-2024-jeep-grand-cherokee-grand-wagoneer-4-tuslu-anahtarsiz-giris-uzaktan-kumanda-m3nwxf0b1-pn-685169738aa-4a-cip-hitag-aes__trashed\/\" data-wpil-monitor-id=\"817\">Jeep Grand<\/a> Cherokee<\/li>\n<\/ul>\n<h6><strong><b>Paket \u0130\u00e7eri\u011fi:<\/b><\/strong><\/h6>\n<ul>\n<li>Yeni bir yan sanayi <a href=\"https:\/\/keylessbest.com\/tr\/product\/2011-2017-ford-fiesta-3-tuslu-anahtarsiz-giris-uzaktan-kumanda-kr55wk47899-pn164-r8042-uzaktan-kumanda-164-r8043-bicak-164-r8042-164-r8039-5913139-5914117-4d63-80bit__trashed\/\" data-wpil-monitor-id=\"822\">anahtars\u0131z uzaktan kumanda<\/a><\/li>\n<li>\u00dccretsiz piyasa sonras\u0131 acil durum takma anahtar<\/li>\n<li>T\u00fcm vericiler pil ile gelir<\/li>\n<li>T\u00fcm \u00fcniteler sevkiyat \u00f6ncesi test edilmi\u015ftir<\/li>\n<li>2 y\u0131l 100% memnuniyet garantisi ve garanti<\/li>\n<\/ul>\n<h6><strong><b>Not:<\/b><\/strong><\/h6>\n<ul>\n<li>2006 \u2013 2018 Chrysler Dodge Volkswagen Jeep ak\u0131ll\u0131 anahtars\u0131z giri\u015f anahtar yede\u011fi \u2013 logo olmadan, kesilmemi\u015f acil durum anahtar tak\u0131m\u0131 ile birlikte.<\/li>\n<li>Uzaktan kumanday\u0131 kesmiyor veya programlam\u0131yoruz. Ayr\u0131ca, fiyatland\u0131rma i\u00e7in yerel \u00e7ilingir veya bayi ile ileti\u015fime ge\u00e7iniz.<\/li>\n<li>Bu uzaktan kumanda, g\u00f6sterge panelinde ba\u015flat\/durdur d\u00fc\u011fmesi veya d\u00f6nd\u00fcrmeli anahtar ate\u015fleme \u00f6zelli\u011fi bulunan ara\u00e7larla uyumludur, ayr\u0131ca bir proxy ile birlikte <a href=\"https:\/\/keylessbest.com\/tr\/product\/2016-2022-chevrolet-volt-cruze-yeni-model-traverse-camaro-malibu-cruze-xl8-sistemleri-sadece-blazer-sonic-4-dugme-anahtarsiz-giris-uzaktan-hyq4ea-pn-1350877113584504-13529660-46\/\" data-wpil-monitor-id=\"821\">anahtars\u0131z giri\u015f<\/a> sistemi.<\/li>\n<li>Fiyat, bir adet tam yedek anahtars\u0131z giri\u015f uzaktan kumanda, acil durum anahtar\u0131 dahil fiyat\u0131d\u0131r.<\/li>\n<li>Bu nedenle, kesinlikle tavsiye ederiz ki \u00a0<a href=\"https:\/\/keylessbest.com\/tr\/herhangi-bir-araba-icin-hizli-ve-kolay-anahtar-anahtarlik-programlama-adimlari\/\" data-wpil-monitor-id=\"818\">ANAHTAR KUTUSUNUZUN PROGRAMLANMASINI<\/a> \u00f6nermekteyiz.<\/li>\n<\/ul>\n<h6><strong><b>Programlama Kaynaklar\u0131\u00a0<\/b><\/strong><\/h6>\n<p><a href=\"http:\/\/programyourfob.com\/?list_7\/\" target=\"_blank\" rel=\"noopener\">http:\/\/programyourfob.com\/?list_7\/<\/a><\/p>\n<p><a href=\"http:\/\/programyourfob.com\/?list_8\/\" target=\"_blank\" rel=\"noopener\">http:\/\/programyourfob.com\/?list_8\/<\/a><\/p>\n<p><a href=\"http:\/\/programyourfob.com\/?list_18\/\" target=\"_blank\" rel=\"noopener\">http:\/\/programyourfob.com\/?list_18\/<\/a><\/p>\n<p><a href=\"http:\/\/programyourfob.com\/?list_37\/\" target=\"_blank\" rel=\"noopener\">http:\/\/programyourfob.com\/?list_37\/<\/a><\/p>\n<p>Bizi tercih etti\u011finiz i\u00e7in te\u015fekk\u00fcr ederiz.<\/p>\n<p>Biz, otomobil anahtarlar\u0131, anahtars\u0131z giri\u015f sistemi, <a href=\"https:\/\/keylessbest.com\/tr\/product\/2004-2017-chrysler-dodge-jeep-200-300-aspen-pt-cruiser-sebring-avenger-caliber-charger-dakota-durango-magnum-nitro-ram-commander-compass-grand-cherokee-liberty-patriot-wrangler-3-dugmeli-anahtarsiz-gi\/\" data-wpil-monitor-id=\"815\">araba anahtar uzaktan kumandas\u0131<\/a>, transponder \u00e7ipler, anahtar programc\u0131lar, araba anahtar kabuklar\u0131, araba kilitleri, \u00e7ilingir ara\u00e7lar\u0131 ve benzeri alanlarda en profesyonel \u00fcreticilerden biriyiz. Ayr\u0131ca, \u015firketimiz profesyonel bir ekibe ve \u00fcretim hatt\u0131na sahiptir. Ayr\u0131ca, \u00e7e\u015fitli araba anahtarlar\u0131, araba anahtar kabuklar\u0131 ve \u00e7ilingir ara\u00e7lar\u0131 \u00fcretiminde uzman\u0131z. Otomotiv g\u00fcvenlik ve koruma \u00fcr\u00fcnlerinin geli\u015ftirilmesi, \u00fcretimi ve toptan sat\u0131\u015f\u0131 ile de ilgileniyoruz.<\/p>\n<p>Rekabet\u00e7i fiyatlar ve \u00f6zel hizmetler, size iyi bir pazar kazand\u0131rmaya yard\u0131mc\u0131 olacakt\u0131r. Ayr\u0131ca, 10'dan fazla gen\u00e7 ve enerjik sat\u0131\u015f ekibimiz her zaman h\u0131zl\u0131, profesyonel ve samimi hizmet sunar. Ayr\u0131ca, t\u00fcm \u00fcr\u00fcnlerimiz do\u011frudan Amerika Birle\u015fik Devletleri, Kanada ve Meksika'daki depolardan sevk edilmektedir. Bu nedenle, sat\u0131n ald\u0131\u011f\u0131n\u0131z \u00fcr\u00fcnler, sipari\u015f verdikten sonra 48 saat i\u00e7inde paketlenip g\u00f6nderilecektir. \u00dcr\u00fcnlerimizin 100%\u2019den fazlas\u0131 stokta bulunmaktad\u0131r ve envanterimiz yeterlidir.<\/p>","protected":false},"excerpt":{"rendered":"<ul>\n<li>SKU: CA-DG029<\/li>\n<li>FCC Kimli\u011fi: M3N5WY783X, IYZ-C01C<\/li>\n<li>PN: 56046708AG.<\/li>\n<li>De\u011fi\u015ftirilebilir Par\u00e7a Numaralar\u0131: 05026197AB; 56046708AA; 56046708AB; 68043593AB; 05026197AF; 56046708AC; 68043593AC; 05026197AD; 56046708AD; 05026197AC; 56046708AE; 56046708AF; 68043593AA; 68066873AA; 68079545AA.<\/li>\n<li>IC: 267F-5WY783X 2701A-C01C<\/li>\n<li>Frekans: 433MHz<\/li>\n<li>\u00c7ip: Kimlik 46 CHR<\/li>\n<li>Test Anahtar\u0131: Y159<\/li>\n<li>D\u00fc\u011fmeler: Kilit, A\u00e7\u0131k, Panik, Kapak, Sol ve Sa\u011f Kap\u0131lar<\/li>\n<\/ul>","protected":false},"featured_media":20839,"comment_status":"open","ping_status":"closed","template":"","meta":{"_bst_post_transparent":"default","_bst_post_title":"","_bst_post_layout":"default","_bst_post_sidebar_id":"","_bst_post_content_style":"default","_bst_post_vertical_padding":"default","_bst_post_feature":"","_bst_post_feature_position":"","_bst_post_header":false,"_bst_post_footer":false},"product_brand":[],"product_cat":[15,155,153,154,165],"product_tag":[],"2_year_make_model":[],"class_list":{"0":"post-13763","1":"product","2":"type-product","3":"status-publish","4":"has-post-thumbnail","6":"product_cat-carkeyremote","7":"product_cat-for-chrysler","8":"product_cat-for-dodge","9":"product_cat-for-jeep","10":"product_cat-for-volkswagen","12":"first","13":"instock","14":"sale","15":"shipping-taxable","16":"purchasable","17":"product-type-simple","18":"entry","19":"content-bg","20":"loop-entry"},"_links":{"self":[{"href":"https:\/\/keylessbest.com\/tr\/wp-json\/wp\/v2\/product\/13763","targetHints":{"allow":["GET"]}}],"collection":[{"href":"https:\/\/keylessbest.com\/tr\/wp-json\/wp\/v2\/product"}],"about":[{"href":"https:\/\/keylessbest.com\/tr\/wp-json\/wp\/v2\/types\/product"}],"replies":[{"embeddable":true,"href":"https:\/\/keylessbest.com\/tr\/wp-json\/wp\/v2\/comments?post=13763"}],"version-history":[{"count":2,"href":"https:\/\/keylessbest.com\/tr\/wp-json\/wp\/v2\/product\/13763\/revisions"}],"predecessor-version":[{"id":19531,"href":"https:\/\/keylessbest.com\/tr\/wp-json\/wp\/v2\/product\/13763\/revisions\/19531"}],"wp:featuredmedia":[{"embeddable":true,"href":"https:\/\/keylessbest.com\/tr\/wp-json\/wp\/v2\/media\/20839"}],"wp:attachment":[{"href":"https:\/\/keylessbest.com\/tr\/wp-json\/wp\/v2\/media?parent=13763"}],"wp:term":[{"taxonomy":"product_brand","embeddable":true,"href":"https:\/\/keylessbest.com\/tr\/wp-json\/wp\/v2\/product_brand?post=13763"},{"taxonomy":"product_cat","embeddable":true,"href":"https:\/\/keylessbest.com\/tr\/wp-json\/wp\/v2\/product_cat?post=13763"},{"taxonomy":"product_tag","embeddable":true,"href":"https:\/\/keylessbest.com\/tr\/wp-json\/wp\/v2\/product_tag?post=13763"},{"taxonomy":"2_year_make_model","embeddable":true,"href":"https:\/\/keylessbest.com\/tr\/wp-json\/wp\/v2\/2_year_make_model?post=13763"}],"curies":[{"name":"wp","href":"https:\/\/api.w.org\/{rel}","templated":true}]}}