{"id":13765,"date":"2025-08-19T08:35:17","date_gmt":"2025-08-19T08:35:17","guid":{"rendered":"https:\/\/hanwuji.shengjit.com\/?post_type=product&#038;p=13765"},"modified":"2026-02-11T07:11:37","modified_gmt":"2026-02-11T07:11:37","slug":"2005-2017-dodge-chrysler-anahtar-anahtarlik-oht692427aa-keylessbest-icin","status":"publish","type":"product","link":"https:\/\/keylessbest.com\/tr\/product\/2005-2017-dodge-chrysler-anahtar-anahtarlik-oht692427aa-keylessbest-icin\/","title":{"rendered":"2005-2017 Dodge Chrysler anahtar anahtarl\u0131k OHT692427AA Keylessbest i\u00e7in"},"content":{"rendered":"<p>*Bu 2004-2017 Chrysler Dodge Jeep anahtars\u0131z uzaktan kumanda anahtar\u0131n\u0131n detayl\u0131 bilgileri a\u015fa\u011f\u0131daki gibidir. L\u00fctfen sipari\u015f vermeden \u00f6nce a\u015fa\u011f\u0131daki detaylar\u0131n arac\u0131n\u0131zla uydu\u011fundan emin olun: FCC Kimli\u011fi, Par\u00e7a Numaras\u0131, Model Y\u0131l\u0131, IC, Frekans, \u00c7ip ve D\u00fc\u011fmeler.<\/p>\n<h6><strong><b>\u00dcr\u00fcn Bilgisi: <\/b><\/strong><\/h6>\n<ul>\n<li>FCC Kimli\u011fi: OHT692427AA, OHT692713AA, KOBDT04A<\/li>\n<li>PN: 56040649ac 56040649 05175789AA 05175786AA 05175817AA<\/li>\n<li>IC: 5461A-692427AA<\/li>\n<li>Frekans: 315MHz<\/li>\n<li>\u00c7ip:46<\/li>\n<li>D\u00fc\u011fmeler: Kilit, A\u00e7\u0131k, Panik<\/li>\n<\/ul>\n<h6><strong><b>Referans model:<\/b><\/strong><\/h6>\n<ul>\n<li>2011-2014 Chrysler 200<\/li>\n<li>2005-2007 Chrysler 300<\/li>\n<li>2007-2009 Chrysler Aspen<\/li>\n<li>2006-2010 Chrysler PT Cruiser<\/li>\n<li>2007-2009 Chrysler Sebring<\/li>\n<li><a href=\"https:\/\/keylessbest.com\/tr\/product\/2008-2014-dodge-jeep-chrysler-charger-grand-cherokee-300-magnum-challenger-durango-5-tuslu-anahtarsiz-giris-uzaktan-kumanda-m3n5wy783x-iyz-c01c-id46\/\"  data-wpil-monitor-id=\"806\">2008-2014 Dodge<\/a> Avenger<\/li>\n<li>2007-2012 Dodge Caliber<\/li>\n<li>2006-2007 Dodge Charger<\/li>\n<li>2005-2011 Dodge Dakota<\/li>\n<li>2004-2009 Dodge Durango<\/li>\n<li>2005-2007 Dodge Magnum<\/li>\n<li>2007-2011 Dodge Nitro<\/li>\n<li>2006-2008 <a href=\"https:\/\/keylessbest.com\/tr\/product\/2013-2019-dodge-ram-ram-1500-klasik-5-dugmeli-anahtarsiz-giris-uzaktan-kumanda-gq4-53t-pn-68159655ag-68159655af-68159655ad-68159655ab-68159655ac-id46-7961\/\"  data-wpil-monitor-id=\"805\">Dodge Ram<\/a><\/li>\n<li>2006-2007 Jeep Commander<\/li>\n<li>2007-2016 Jeep Compass<\/li>\n<li>2005-2007 <a href=\"https:\/\/keylessbest.com\/tr\/product\/2021-2024-jeep-grand-cherokee-grand-wagoneer-4-tuslu-anahtarsiz-giris-uzaktan-kumanda-m3nwxf0b1-pn-685169738aa-4a-cip-hitag-aes__trashed\/\"  data-wpil-monitor-id=\"801\">Jeep Grand<\/a> Cherokee<\/li>\n<li>2008-2012 Jeep Liberty<\/li>\n<li>2007-2016 Jeep Patriot<\/li>\n<li>2006-2017 Jeep Wrangler<\/li>\n<\/ul>\n<h6><strong><b>Paket \u0130\u00e7eri\u011fi:<\/b><\/strong><\/h6>\n<ul>\n<li>Yeni bir yan sanayi <a href=\"https:\/\/keylessbest.com\/tr\/product\/2011-2017-ford-fiesta-3-tuslu-anahtarsiz-giris-uzaktan-kumanda-kr55wk47899-pn164-r8042-uzaktan-kumanda-164-r8043-bicak-164-r8042-164-r8039-5913139-5914117-4d63-80bit__trashed\/\"  data-wpil-monitor-id=\"804\">anahtars\u0131z uzaktan kumanda<\/a><\/li>\n<li>\u00dccretsiz piyasa sonras\u0131 acil durum takma anahtar<\/li>\n<li>T\u00fcm vericiler pil ile gelir<\/li>\n<li>T\u00fcm \u00fcniteler sevkiyat \u00f6ncesi test edilmi\u015ftir<\/li>\n<li>2 y\u0131l 100% memnuniyet garantisi ve garanti<\/li>\n<\/ul>\n<h6><strong><b>Not:<\/b><\/strong><\/h6>\n<ul>\n<li>2004-2017 Chrysler Dodge Jeep ak\u0131ll\u0131 <a href=\"https:\/\/keylessbest.com\/tr\/product\/1999-2004-acura-cl-tl-rl-4-dugmeli-anahtarsiz-giris-uzaktan-kumanda-e4eg8d-444h-a-yerine-gecer-pn-72147-s0k-a23-72147-s0k-a13__trashed\/\"  data-wpil-monitor-id=\"800\">anahtars\u0131z giri\u015f anahtar\u0131 yedekleme<\/a> \u2013 \u00a0\u00a0logo olmadan, kesilmemi\u015f acil durum ek anahtar ile birlikte.<\/li>\n<li>Uzaktan kumanday\u0131 kesmiyor veya programlam\u0131yoruz. Ayr\u0131ca, fiyatland\u0131rma i\u00e7in yerel \u00e7ilingir veya bayi ile ileti\u015fime ge\u00e7iniz.<\/li>\n<li>Bu uzaktan kumanda, g\u00f6sterge panelinde ba\u015flat\/durdur d\u00fc\u011fmesi veya d\u00f6nd\u00fcrmeli anahtar ate\u015fleme \u00f6zelli\u011fi bulunan ara\u00e7larla uyumludur, ayr\u0131ca bir proxy ile birlikte <a href=\"https:\/\/keylessbest.com\/tr\/product\/2016-2022-chevrolet-volt-cruze-yeni-model-traverse-camaro-malibu-cruze-xl8-sistemleri-sadece-blazer-sonic-4-dugme-anahtarsiz-giris-uzaktan-hyq4ea-pn-1350877113584504-13529660-46\/\"  data-wpil-monitor-id=\"803\">anahtars\u0131z giri\u015f<\/a> sistemi.<\/li>\n<li>Fiyat, bir adet tam yedek anahtars\u0131z giri\u015f uzaktan kumanda, acil durum anahtar\u0131 dahil fiyat\u0131d\u0131r.<\/li>\n<li>Bu nedenle, kesinlikle tavsiye ederiz ki \u00a0<a href=\"https:\/\/keylessbest.com\/tr\/herhangi-bir-araba-icin-hizli-ve-kolay-anahtar-anahtarlik-programlama-adimlari\/\"  data-wpil-monitor-id=\"802\">ANAHTAR KUTUSUNUZUN PROGRAMLANMASINI<\/a> \u00f6nermekteyiz.<\/li>\n<\/ul>\n<h6><strong><b>Programlama Kaynaklar\u0131\u00a0<\/b><\/strong><\/h6>\n<p><a href=\"http:\/\/programyourfob.com\/?list_7\/\" target=\"_blank\" rel=\"noopener\">http:\/\/programyourfob.com\/?list_7\/<\/a><\/p>\n<p><a href=\"http:\/\/programyourfob.com\/?list_8\/\" target=\"_blank\" rel=\"noopener\">http:\/\/programyourfob.com\/?list_8\/<\/a><\/p>\n<p><a href=\"http:\/\/programyourfob.com\/?list_18\/\" target=\"_blank\" rel=\"noopener\"><u>http:\/\/programyourfob.com\/?list_18\/<\/u><\/a><\/p>\n<p>Bizi tercih etti\u011finiz i\u00e7in te\u015fekk\u00fcr ederiz.<\/p>\n<p>Biz, otomobil anahtarlar\u0131, anahtars\u0131z giri\u015f sistemi, <a href=\"https:\/\/keylessbest.com\/tr\/product\/2001-2007-buick-cadillac-chevrolet-gmc-oldsmobile-pontiac-lesabre-deville-seville-astro-van-blazer-corvette-express-impala-malibu-monte-carlo-silverado-ssr-jimmy-safari-savana-alero-aurora-bonneville-2\/\" data-wpil-monitor-id=\"799\">araba anahtar uzaktan kumandas\u0131<\/a>, transponder \u00e7ipler, anahtar programc\u0131lar, araba anahtar kabuklar\u0131, araba kilitleri, \u00e7ilingir ara\u00e7lar\u0131 ve benzeri alanlarda en profesyonel \u00fcreticilerden biriyiz. Ayr\u0131ca, \u015firketimiz profesyonel bir ekibe ve \u00fcretim hatt\u0131na sahiptir. Ayr\u0131ca, \u00e7e\u015fitli araba anahtarlar\u0131, araba anahtar kabuklar\u0131 ve \u00e7ilingir ara\u00e7lar\u0131 \u00fcretiminde uzman\u0131z. Otomotiv g\u00fcvenlik ve koruma \u00fcr\u00fcnlerinin geli\u015ftirilmesi, \u00fcretimi ve toptan sat\u0131\u015f\u0131 ile de ilgileniyoruz.<\/p>\n<p>Rekabet\u00e7i fiyatlar ve \u00f6zel hizmetler, size iyi bir pazar kazand\u0131rmaya yard\u0131mc\u0131 olacakt\u0131r. Ayr\u0131ca, 10'dan fazla gen\u00e7 ve enerjik sat\u0131\u015f ekibimiz her zaman h\u0131zl\u0131, profesyonel ve samimi hizmet sunar. Ayr\u0131ca, t\u00fcm \u00fcr\u00fcnlerimiz do\u011frudan Amerika Birle\u015fik Devletleri, Kanada ve Meksika'daki depolardan sevk edilmektedir. Bu nedenle, sat\u0131n ald\u0131\u011f\u0131n\u0131z \u00fcr\u00fcnler, sipari\u015f verdikten sonra 48 saat i\u00e7inde paketlenip g\u00f6nderilecektir. \u00dcr\u00fcnlerimizin 100%\u2019den fazlas\u0131 stokta bulunmaktad\u0131r ve envanterimiz yeterlidir.<\/p>","protected":false},"excerpt":{"rendered":"<ul>\n<li>SKU: CA-DG032<\/li>\n<li>FCC Kimli\u011fi: OHT692427AA, OHT692713AA, KOBDT04A<\/li>\n<li>PN: 56040649ac 56040649 05175789AA 05175786AA 05175817AA<\/li>\n<li>IC: 5461A-692427AA<\/li>\n<li>Frekans: 315MHz<\/li>\n<li>\u00c7ip:46<\/li>\n<li>D\u00fc\u011fmeler: Kilit, A\u00e7\u0131k, Panik<\/li>\n<\/ul>","protected":false},"featured_media":20856,"comment_status":"open","ping_status":"closed","template":"","meta":{"_bst_post_transparent":"default","_bst_post_title":"","_bst_post_layout":"default","_bst_post_sidebar_id":"","_bst_post_content_style":"default","_bst_post_vertical_padding":"default","_bst_post_feature":"","_bst_post_feature_position":"","_bst_post_header":false,"_bst_post_footer":false},"product_brand":[],"product_cat":[15,155,153,154],"product_tag":[],"2_year_make_model":[],"class_list":{"0":"post-13765","1":"product","2":"type-product","3":"status-publish","4":"has-post-thumbnail","6":"product_cat-carkeyremote","7":"product_cat-for-chrysler","8":"product_cat-for-dodge","9":"product_cat-for-jeep","11":"first","12":"instock","13":"sale","14":"shipping-taxable","15":"purchasable","16":"product-type-simple","17":"entry","18":"content-bg","19":"loop-entry"},"_links":{"self":[{"href":"https:\/\/keylessbest.com\/tr\/wp-json\/wp\/v2\/product\/13765","targetHints":{"allow":["GET"]}}],"collection":[{"href":"https:\/\/keylessbest.com\/tr\/wp-json\/wp\/v2\/product"}],"about":[{"href":"https:\/\/keylessbest.com\/tr\/wp-json\/wp\/v2\/types\/product"}],"replies":[{"embeddable":true,"href":"https:\/\/keylessbest.com\/tr\/wp-json\/wp\/v2\/comments?post=13765"}],"version-history":[{"count":3,"href":"https:\/\/keylessbest.com\/tr\/wp-json\/wp\/v2\/product\/13765\/revisions"}],"predecessor-version":[{"id":18960,"href":"https:\/\/keylessbest.com\/tr\/wp-json\/wp\/v2\/product\/13765\/revisions\/18960"}],"wp:featuredmedia":[{"embeddable":true,"href":"https:\/\/keylessbest.com\/tr\/wp-json\/wp\/v2\/media\/20856"}],"wp:attachment":[{"href":"https:\/\/keylessbest.com\/tr\/wp-json\/wp\/v2\/media?parent=13765"}],"wp:term":[{"taxonomy":"product_brand","embeddable":true,"href":"https:\/\/keylessbest.com\/tr\/wp-json\/wp\/v2\/product_brand?post=13765"},{"taxonomy":"product_cat","embeddable":true,"href":"https:\/\/keylessbest.com\/tr\/wp-json\/wp\/v2\/product_cat?post=13765"},{"taxonomy":"product_tag","embeddable":true,"href":"https:\/\/keylessbest.com\/tr\/wp-json\/wp\/v2\/product_tag?post=13765"},{"taxonomy":"2_year_make_model","embeddable":true,"href":"https:\/\/keylessbest.com\/tr\/wp-json\/wp\/v2\/2_year_make_model?post=13765"}],"curies":[{"name":"wp","href":"https:\/\/api.w.org\/{rel}","templated":true}]}}