{"id":13806,"date":"2025-08-19T08:36:04","date_gmt":"2025-08-19T08:36:04","guid":{"rendered":"https:\/\/hanwuji.shengjit.com\/?post_type=product&#038;p=13806"},"modified":"2026-02-11T07:23:38","modified_gmt":"2026-02-11T07:23:38","slug":"1998-2016-ford-anahtar-anahtarlik-cwtwb1u345-315mhz-keylessbest-icin","status":"publish","type":"product","link":"https:\/\/keylessbest.com\/tr\/product\/1998-2016-ford-anahtar-anahtarlik-cwtwb1u345-315mhz-keylessbest-icin\/","title":{"rendered":"1998-2016 Ford Anahtar Anahtarl\u0131k CWTWB1U345 315MHz keylessbest i\u00e7in"},"content":{"rendered":"<p>*Bu 2006-2017 Ford Lincoln Mazda anahtars\u0131z uzaktan kumanda anahtar\u0131n\u0131n detayl\u0131 bilgileri a\u015fa\u011f\u0131daki gibidir. L\u00fctfen sipari\u015f vermeden \u00f6nce a\u015fa\u011f\u0131daki detaylar\u0131n arac\u0131n\u0131zla e\u015fle\u015fti\u011finden emin olun: FCC Kimli\u011fi, Par\u00e7a Numaras\u0131, Model Y\u0131l\u0131, IC, Frekans, \u00c7ip ve D\u00fc\u011fmeler.<\/p>\n<h6><strong><b>\u00dcr\u00fcn Bilgisi:<\/b><\/strong><\/h6>\n<ul>\n<li>FCC Kimli\u011fi: CWTWB1U345, CWTWB1U331, CWTWB1U212, GQ43VT11T, OUCD6000022<\/li>\n<li>IC: 213T-15K601-AB<\/li>\n<li>PN: 8L3Z-15K601-AA, 8L3T-15K601-AA, F8DB-15K601-AA, 2L3T-15K601-AA, 2L3T-15K601-AB<\/li>\n<li>Frekans: 315MHz<\/li>\n<li>D\u00fc\u011fmeler: Kilit, A\u00e7\u0131k, Panik<\/li>\n<\/ul>\n<h6><strong><b>Referans model:<\/b><\/strong><\/h6>\n<ul>\n<li>2003-2013 Ford E-Serisi E150\/E250\/E350<\/li>\n<li>2003-2013 Ford Econoline<\/li>\n<li>2007-2015 <a href=\"https:\/\/keylessbest.com\/tr\/product\/2011-2019-ford-edge-explorer-flex-expedition-platinum-focus-taurus-4-dugmeli-anahtarsiz-giris-uzaktan-kumanda-m3n5wy8609-pnbt4t-15k601-ax-5921285__trashed\/\" data-wpil-monitor-id=\"1217\">Ford Edge<\/a><\/li>\n<li>2000-2013 Ford Escape<\/li>\n<li>1999-2003 Ford Escort<\/li>\n<li>2000-2006 Ford Excursion<\/li>\n<li>1998-2011 <a href=\"https:\/\/keylessbest.com\/tr\/product\/2023-2024-ford-expedition-5-tuslu-anahtarsiz-giris-uzaktan-kumanda-m3n-a3c108397-pn-164-r8355-pl1t-15k601-ga-49__trashed\/\" data-wpil-monitor-id=\"1214\">Ford Expedition<\/a><\/li>\n<li>1998-2015 Ford Explorer<\/li>\n<li>1998-2010 Ford Explorer Sport Trac<\/li>\n<li>1998-2016 <a href=\"https:\/\/keylessbest.com\/tr\/product\/2023-2024-ford-f-serisi-4-tuslu-anahtarsiz-giris-uzaktan-kumanda-m3n-a3c108397-pn-164-r8333-5945817__trashed\/\" data-wpil-monitor-id=\"1216\">Ford F-Serisi<\/a> F150\/F250\/F350<\/li>\n<li>2004-2007 Ford Freestar<\/li>\n<li>2005-2007 Ford Freestyle<\/li>\n<li>1998-2011 Ford Ranger<\/li>\n<li>1998-2004 Ford Windstar<\/li>\n<li>2006-2008 Lincoln Mark LT<\/li>\n<li>1998-2002 Lincoln Navigator<\/li>\n<li>1999-2009 Mazda B-Serisi Pickup<\/li>\n<li>2001-2011 Mazda Tribute<\/li>\n<li>2005-2011 Mercury Mariner<\/li>\n<li>1998-2010 Mercury Mountaineer<\/li>\n<li>2000-2002 Mercury Cougar<\/li>\n<li>2009-2016 Ford Flex<\/li>\n<li>2006-2012 <a href=\"https:\/\/keylessbest.com\/tr\/product\/2013-2016-ford-fusion-4-tuslu-anahtarsiz-giris-uzaktan-kumanda-n5f-a08taa-pn-164-r7986-5924003-4d63-80bit-49chip\/\" data-wpil-monitor-id=\"1218\">Ford Fusion<\/a><\/li>\n<li>2008-2009 <a href=\"https:\/\/keylessbest.com\/tr\/product\/2010-2012-ford-taurus-4-tusuz-anahtarsiz-giris-uzaktan-kumanda-m3n5wy8406-pn-5914119__trashed\/\" data-wpil-monitor-id=\"1215\">Ford Taurus<\/a> X<\/li>\n<\/ul>\n<h6><strong><b>Paket \u0130\u00e7eri\u011fi:<\/b><\/strong><\/h6>\n<ul>\n<li>Yeni bir yan sanayi <a href=\"https:\/\/keylessbest.com\/tr\/product\/2011-2017-ford-fiesta-3-tuslu-anahtarsiz-giris-uzaktan-kumanda-kr55wk47899-pn164-r8042-uzaktan-kumanda-164-r8043-bicak-164-r8042-164-r8039-5913139-5914117-4d63-80bit__trashed\/\" data-wpil-monitor-id=\"1213\">anahtars\u0131z uzaktan kumanda<\/a><\/li>\n<li>\u00dccretsiz piyasa sonras\u0131 acil durum takma anahtar<\/li>\n<li>T\u00fcm vericiler pil ile gelir<\/li>\n<li>T\u00fcm \u00fcniteler sevkiyat \u00f6ncesi test edilmi\u015ftir<\/li>\n<li>2 y\u0131l 100% memnuniyet garantisi ve garanti<\/li>\n<\/ul>\n<h6><strong><b>Not:<\/b><\/strong><\/h6>\n<ul>\n<li>1998-2016 Ford Lincoln Mazda Mercury ak\u0131ll\u0131 anahtars\u0131z giri\u015f anahtar\u0131 yedek par\u00e7a \u2013 logo olmadan, kesilmemi\u015f acil durum ek anahtar\u0131 dahil.<\/li>\n<li>Uzaktan kumanday\u0131 kesmiyor veya programlam\u0131yoruz. Ayr\u0131ca, fiyatland\u0131rma i\u00e7in yerel \u00e7ilingir veya bayi ile ileti\u015fime ge\u00e7iniz.<\/li>\n<li>Bu verici, g\u00f6sterge panelinde ba\u015flat\/durdur d\u00fc\u011fmesi veya d\u00f6ner anahtar ate\u015fleme \u00f6zelli\u011fi bulunan ara\u00e7larla uyumludur, ayr\u0131ca bir proxy ile birlikte <a href=\"https:\/\/keylessbest.com\/tr\/product\/2007-2013-nissan-rogue-versa-pathfinder-akilli-sistemli-3-dugmeli-anahtarsiz-giris-uzaktan-kumanda-cwtwbu729-cwtwbu735-cwtwbu624-pn-285e3-em30d-285e3-em31d\/\" data-wpil-monitor-id=\"1212\">anahtars\u0131z giri\u015f sistemi<\/a>.<\/li>\n<li>Fiyat tek bir tam <a href=\"https:\/\/keylessbest.com\/tr\/product\/2015-2021-jeep-renegade-5-tuslu-anahtarsiz-giris-uzaktan-kumanda-m3n-40821302-yerine-gecer-pn-6mp33dx9aa-id-47-4a__trashed\/\" data-wpil-monitor-id=\"1210\">de\u011fi\u015fim anahtars\u0131z giri\u015f uzaktan kumanda<\/a>, acil durum anahtar\u0131 dahil.<\/li>\n<li>Bu nedenle, arac\u0131n\u0131z\u0131n <a href=\"https:\/\/keylessbest.com\/tr\/herhangi-bir-araba-icin-hizli-ve-kolay-anahtar-anahtarlik-programlama-adimlari\/\" data-wpil-monitor-id=\"1211\">ANAHTAR KUTUSUNUZUN PROGRAMLANMASINI<\/a> \u00f6nermekteyiz.<\/li>\n<\/ul>\n<h6><strong>Programlama Kaynaklar\u0131:<\/strong><\/h6>\n<p><a href=\"http:\/\/programyourfob.com\/?list_9\/\" target=\"_blank\" rel=\"noopener\">http:\/\/programyourfob.com\/?list_9\/<\/a><\/p>\n<p><a href=\"http:\/\/programyourfob.com\/?list_22\/\" target=\"_blank\" rel=\"noopener\">http:\/\/programyourfob.com\/?list_22\/<\/a><\/p>\n<p><a href=\"http:\/\/programyourfob.com\/?list_24\/\" target=\"_blank\" rel=\"noopener\">http:\/\/programyourfob.com\/?list_24\/<\/a><\/p>\n<p><a href=\"http:\/\/programyourfob.com\/?list_23\/\" target=\"_blank\" rel=\"noopener\">http:\/\/programyourfob.com\/?list_23\/<\/a><\/p>\n<p>Bizi tercih etti\u011finiz i\u00e7in te\u015fekk\u00fcr ederiz.<\/p>\n<p>Biz, araba anahtarlar\u0131 ve anahtars\u0131z giri\u015f sistemi \u00fcretiminde en profesyonel \u00fcreticilerden biriyiz, <a href=\"https:\/\/keylessbest.com\/tr\/product\/2014-2022-jeep-grand-cherokee-4-tuslu-anahtarsiz-giris-uzaktan-kumanda-m3n-40821302-pn68141580ac-68141580ad-68143500ac-68066350ag\/\" data-wpil-monitor-id=\"1209\">araba anahtar uzaktan kumandas\u0131<\/a>, transponder \u00e7ipleri, anahtar programlay\u0131c\u0131lar, araba anahtar kabuklar\u0131, araba kilitleri, \u00e7ilingir ara\u00e7lar\u0131 ve benzeri. Ayr\u0131ca, firmam\u0131z\u0131n profesyonel bir ekibi ve \u00fcretim hatt\u0131 bulunmaktad\u0131r. Dahas\u0131, \u00e7e\u015fitli araba anahtarlar\u0131, araba anahtar kabuklar\u0131 ve \u00e7ilingir ara\u00e7lar\u0131 \u00fcretiminde uzman\u0131z. Ayr\u0131ca, otomobil g\u00fcvenlik ve koruma \u00fcr\u00fcnlerinin geli\u015ftirilmesi, \u00fcretimi ve toptan sat\u0131\u015f\u0131 ile ilgileniyoruz.<\/p>\n<p>Rekabet\u00e7i fiyatlar ve \u00f6zel hizmetler, size iyi bir pazar kazand\u0131rmaya yard\u0131mc\u0131 olacakt\u0131r. Ayr\u0131ca, 10'dan fazla gen\u00e7 ve enerjik sat\u0131\u015f ekibimiz her zaman h\u0131zl\u0131, profesyonel ve samimi hizmet sunar. Ayr\u0131ca, t\u00fcm \u00fcr\u00fcnlerimiz do\u011frudan Amerika Birle\u015fik Devletleri, Kanada ve Meksika'daki depolardan sevk edilmektedir. Bu nedenle, sat\u0131n ald\u0131\u011f\u0131n\u0131z \u00fcr\u00fcnler, sipari\u015f verdikten sonra 48 saat i\u00e7inde paketlenip g\u00f6nderilecektir. \u00dcr\u00fcnlerimizin 100%\u2019den fazlas\u0131 stokta bulunmaktad\u0131r ve envanterimiz yeterlidir.<\/p>","protected":false},"excerpt":{"rendered":"<ul>\n<li>SKU: CA-FD039<\/li>\n<li>FCC Kimli\u011fi: CWTWB1U345, CWTWB1U331, CWTWB1U212, GQ43VT11T, OUCD6000022<\/li>\n<li>IC: 213T-15K601-AB<\/li>\n<li>PN: 8L3Z-15K601-AA, 8L3T-15K601-AA, F8DB-15K601-AA, 2L3T-15K601-AA, 2L3T-15K601-AB<\/li>\n<li>Frekans: 315MHz<\/li>\n<li>D\u00fc\u011fmeler: Kilit, A\u00e7\u0131k, Panik<\/li>\n<\/ul>","protected":false},"featured_media":20870,"comment_status":"open","ping_status":"closed","template":"","meta":{"_bst_post_transparent":"default","_bst_post_title":"","_bst_post_layout":"default","_bst_post_sidebar_id":"","_bst_post_content_style":"default","_bst_post_vertical_padding":"default","_bst_post_feature":"","_bst_post_feature_position":"","_bst_post_header":false,"_bst_post_footer":false},"product_brand":[],"product_cat":[15,156,379,159,380],"product_tag":[],"2_year_make_model":[],"class_list":{"0":"post-13806","1":"product","2":"type-product","3":"status-publish","4":"has-post-thumbnail","6":"product_cat-carkeyremote","7":"product_cat-for-ford","8":"product_cat-for-lincoln","9":"product_cat-for-mazda","10":"product_cat-for-mercury","12":"first","13":"instock","14":"sale","15":"shipping-taxable","16":"purchasable","17":"product-type-simple","18":"entry","19":"content-bg","20":"loop-entry"},"_links":{"self":[{"href":"https:\/\/keylessbest.com\/tr\/wp-json\/wp\/v2\/product\/13806","targetHints":{"allow":["GET"]}}],"collection":[{"href":"https:\/\/keylessbest.com\/tr\/wp-json\/wp\/v2\/product"}],"about":[{"href":"https:\/\/keylessbest.com\/tr\/wp-json\/wp\/v2\/types\/product"}],"replies":[{"embeddable":true,"href":"https:\/\/keylessbest.com\/tr\/wp-json\/wp\/v2\/comments?post=13806"}],"version-history":[{"count":3,"href":"https:\/\/keylessbest.com\/tr\/wp-json\/wp\/v2\/product\/13806\/revisions"}],"predecessor-version":[{"id":19623,"href":"https:\/\/keylessbest.com\/tr\/wp-json\/wp\/v2\/product\/13806\/revisions\/19623"}],"wp:featuredmedia":[{"embeddable":true,"href":"https:\/\/keylessbest.com\/tr\/wp-json\/wp\/v2\/media\/20870"}],"wp:attachment":[{"href":"https:\/\/keylessbest.com\/tr\/wp-json\/wp\/v2\/media?parent=13806"}],"wp:term":[{"taxonomy":"product_brand","embeddable":true,"href":"https:\/\/keylessbest.com\/tr\/wp-json\/wp\/v2\/product_brand?post=13806"},{"taxonomy":"product_cat","embeddable":true,"href":"https:\/\/keylessbest.com\/tr\/wp-json\/wp\/v2\/product_cat?post=13806"},{"taxonomy":"product_tag","embeddable":true,"href":"https:\/\/keylessbest.com\/tr\/wp-json\/wp\/v2\/product_tag?post=13806"},{"taxonomy":"2_year_make_model","embeddable":true,"href":"https:\/\/keylessbest.com\/tr\/wp-json\/wp\/v2\/2_year_make_model?post=13806"}],"curies":[{"name":"wp","href":"https:\/\/api.w.org\/{rel}","templated":true}]}}