{"id":14101,"date":"2025-08-19T08:41:03","date_gmt":"2025-08-19T08:41:03","guid":{"rendered":"https:\/\/hanwuji.shengjit.com\/?post_type=product&#038;p=14101"},"modified":"2026-02-12T07:17:01","modified_gmt":"2026-02-12T07:17:01","slug":"2013-2016-nissan-anahtar-anahtarlik-s180144018-433mhz-keylessbest-icin","status":"publish","type":"product","link":"https:\/\/keylessbest.com\/tr\/product\/2013-2016-nissan-anahtar-anahtarlik-s180144018-433mhz-keylessbest-icin\/","title":{"rendered":"2013 2016 Nissan anahtar anahtarl\u0131k S180144018 433MHz Keylessbest i\u00e7in"},"content":{"rendered":"<p>*Bu 2002-2017 Infiniti Nissan anahtars\u0131z giri\u015f uzaktan kumanda anahtar\u0131n\u0131n detayl\u0131 bilgileri a\u015fa\u011f\u0131daki gibidir. L\u00fctfen sipari\u015f vermeden \u00f6nce a\u015fa\u011f\u0131daki detaylar\u0131n arac\u0131n\u0131zla uydu\u011fundan emin olun: FCC Kimli\u011fi, Par\u00e7a Numaras\u0131, Model Y\u0131l\u0131, IC, Frekans, \u00c7ip ve D\u00fc\u011fmeler.<\/p>\n<h6><strong><b>\u00dcr\u00fcn Bilgisi: <\/b><\/strong><\/h6>\n<ul>\n<li>FCC Kimli\u011fi: KR5S180144014<\/li>\n<li>PN: S180144018, 285E3-3TP0A 285E3-9HP4B 285E3-3JA2A, 7812D-S180014<\/li>\n<li>IC: 7812D-S180014<\/li>\n<li>Frekans: 433MHz<\/li>\n<li>\u00c7ip: 47<\/li>\n<li>D\u00fc\u011fmeler: Kilit, A\u00e7\u0131k, Bagaj, Panik<\/li>\n<\/ul>\n<h6><strong><b>Referans model:<\/b><\/strong><\/h6>\n<ul>\n<li>2013-2013 Infiniti JX35<\/li>\n<li>2014-2016 <a href=\"https:\/\/keylessbest.com\/tr\/product\/2016-2018-nissan-infiniti-qx60-q50-q60-maxima-altima-5-tuslu-anahtarsiz-giris-uzaktan-kumanda-kr5s180144014-pn285e3-4ra0b285e3-9nf5a-4a\/\" data-wpil-monitor-id=\"949\">Infiniti QX60<\/a><\/li>\n<li><a href=\"https:\/\/keylessbest.com\/tr\/product\/2013-2015-nissan-altima-maxima-5-tuslu-anahtarsiz-giris-uzaktan-kumanda-kr5s180144014-pn-285e3-3tp5a-285e3-9hp5b-285e3-3tp05-47\/\" data-wpil-monitor-id=\"945\">2013-2015 Nissan Altima<\/a><\/li>\n<li>2015-2015 <a href=\"https:\/\/keylessbest.com\/tr\/product\/2019-2020-nissan-maxima-5-dugmeli-anahtarsiz-giris-uzaktan-kumanda-kr5txn7-pn285e3-9uf7a-285e3-9uf7b\/\" data-wpil-monitor-id=\"950\">Nissan Maxima<\/a><\/li>\n<li>2013-2015 Nissan Pathfinder (bu ara\u00e7ta bagaj d\u00fc\u011fmesi \u00e7al\u0131\u015fmaz \u00e7\u00fcnk\u00fc bu fonksiyon kullan\u0131lmaz)<\/li>\n<\/ul>\n<h6><strong><b>Paket \u0130\u00e7eri\u011fi:<\/b><\/strong><\/h6>\n<ul>\n<li>Yeni bir yan sanayi <a href=\"https:\/\/keylessbest.com\/tr\/product\/2011-2017-ford-fiesta-3-tuslu-anahtarsiz-giris-uzaktan-kumanda-kr55wk47899-pn164-r8042-uzaktan-kumanda-164-r8043-bicak-164-r8042-164-r8039-5913139-5914117-4d63-80bit__trashed\/\" data-wpil-monitor-id=\"948\">anahtars\u0131z uzaktan kumanda<\/a><\/li>\n<li>\u00dccretsiz piyasa sonras\u0131 acil durum takma anahtar<\/li>\n<li>T\u00fcm vericiler pil ile gelir<\/li>\n<li>T\u00fcm \u00fcniteler sevkiyat \u00f6ncesi test edilmi\u015ftir<\/li>\n<li>2 y\u0131l 100% memnuniyet garantisi ve garanti<\/li>\n<\/ul>\n<h6><strong><b>Not:<\/b><\/strong><\/h6>\n<ul>\n<li>2013-2016 Infiniti Nissan ak\u0131ll\u0131 <a href=\"https:\/\/keylessbest.com\/tr\/product\/2009-2014-toyota-avalon-camry-corolla-3-tuslu-anahtarsiz-giris-uzaktan-kumanda-hyq14aem-pn-89904-0r060-89904-60770-89904-0r090-89904-42140__trashed\/\" data-wpil-monitor-id=\"944\">anahtars\u0131z giri\u015f anahtar\u0131<\/a> yedek \u2013 \u00a0\u00a0logo olmadan, kesilmemi\u015f acil durum ek anahtar\u0131 dahil.<\/li>\n<li>Uzaktan kumanday\u0131 kesmiyor veya programlam\u0131yoruz. Ayr\u0131ca, fiyatland\u0131rma i\u00e7in yerel \u00e7ilingir veya bayi ile ileti\u015fime ge\u00e7iniz.<\/li>\n<li>Bu uzaktan kumanda, g\u00f6sterge panelinde ba\u015flat\/durdur d\u00fc\u011fmesi veya d\u00f6nd\u00fcrmeli anahtar ate\u015fleme \u00f6zelli\u011fi bulunan ara\u00e7larla uyumludur, ayr\u0131ca bir proxy ile birlikte <a href=\"https:\/\/keylessbest.com\/tr\/product\/2007-2013-nissan-rogue-versa-pathfinder-akilli-sistemli-3-dugmeli-anahtarsiz-giris-uzaktan-kumanda-cwtwbu729-cwtwbu735-cwtwbu624-pn-285e3-em30d-285e3-em31d\/\" data-wpil-monitor-id=\"947\">anahtars\u0131z giri\u015f<\/a> sistemi.<\/li>\n<li>Fiyat, bir adet tam yedek anahtars\u0131z giri\u015f uzaktan kumanda, acil durum anahtar\u0131 dahil fiyat\u0131d\u0131r.<\/li>\n<li>Bu nedenle, kesinlikle tavsiye ederiz ki \u00a0<a href=\"https:\/\/keylessbest.com\/tr\/herhangi-bir-araba-icin-hizli-ve-kolay-anahtar-anahtarlik-programlama-adimlari\/\" data-wpil-monitor-id=\"946\">ANAHTAR KUTUSUNUZUN PROGRAMLANMASINI<\/a> \u00f6nermekteyiz.<\/li>\n<\/ul>\n<h6><strong><b>Programlama Kaynaklar\u0131\u00a0<\/b><\/strong><\/h6>\n<p><a href=\"http:\/\/programyourfob.com\/?list_15\/\" target=\"_blank\" rel=\"noopener\">http:\/\/programyourfob.com\/?list_15\/<\/a><\/p>\n<p><a href=\"http:\/\/programyourfob.com\/?list_26\/\" target=\"_blank\" rel=\"noopener\">http:\/\/programyourfob.com\/?list_26\/<\/a><\/p>\n<p>Bizi tercih etti\u011finiz i\u00e7in te\u015fekk\u00fcr ederiz.<\/p>\n<p>Biz, otomobil anahtarlar\u0131, anahtars\u0131z giri\u015f sistemi, <a href=\"https:\/\/keylessbest.com\/tr\/product\/2004-2018-toyota-sequoia-solara-avalon-highlander-sienna-tacoma-3-tuslu-anahtarsiz-giris-uzaktan-kumanda-gq43vt20t-pn-89742-ae010-89742-ae011\/\" data-wpil-monitor-id=\"943\">araba anahtar uzaktan kumandas\u0131<\/a>, transponder \u00e7ipler, anahtar programc\u0131lar, araba anahtar kabuklar\u0131, araba kilitleri, \u00e7ilingir ara\u00e7lar\u0131 ve benzeri alanlarda en profesyonel \u00fcreticilerden biriyiz. Ayr\u0131ca, \u015firketimiz profesyonel bir ekibe ve \u00fcretim hatt\u0131na sahiptir. Ayr\u0131ca, \u00e7e\u015fitli araba anahtarlar\u0131, araba anahtar kabuklar\u0131 ve \u00e7ilingir ara\u00e7lar\u0131 \u00fcretiminde uzman\u0131z. Otomotiv g\u00fcvenlik ve koruma \u00fcr\u00fcnlerinin geli\u015ftirilmesi, \u00fcretimi ve toptan sat\u0131\u015f\u0131 ile de ilgileniyoruz.<\/p>\n<p>Rekabet\u00e7i fiyatlar ve \u00f6zel hizmetler, size iyi bir pazar kazand\u0131rmaya yard\u0131mc\u0131 olacakt\u0131r. Ayr\u0131ca, 10'dan fazla gen\u00e7 ve enerjik sat\u0131\u015f ekibimiz her zaman h\u0131zl\u0131, profesyonel ve samimi hizmet sunar. Ayr\u0131ca, t\u00fcm \u00fcr\u00fcnlerimiz do\u011frudan Amerika Birle\u015fik Devletleri, Kanada ve Meksika'daki depolardan sevk edilmektedir. Bu nedenle, sat\u0131n ald\u0131\u011f\u0131n\u0131z \u00fcr\u00fcnler, sipari\u015f verdikten sonra 48 saat i\u00e7inde paketlenip g\u00f6nderilecektir. \u00dcr\u00fcnlerimizin 100%\u2019den fazlas\u0131 stokta bulunmaktad\u0131r ve envanterimiz yeterlidir.<\/p>","protected":false},"excerpt":{"rendered":"<ul>\n<li>SKU: CA-NS202<\/li>\n<li>FCC Kimli\u011fi: KR5S180144014<\/li>\n<li>PN: S180144018, 285E3-3TP0A 285E3-9HP4B 285E3-3JA2A, 7812D-S180014<\/li>\n<li>IC: 7812D-S180014<\/li>\n<li>Frekans: 433MHz<\/li>\n<li>\u00c7ip: 47<\/li>\n<li>D\u00fc\u011fmeler: Kilit, A\u00e7\u0131k, Bagaj, Panik<\/li>\n<\/ul>","protected":false},"featured_media":21049,"comment_status":"open","ping_status":"closed","template":"","meta":{"_bst_post_transparent":"default","_bst_post_title":"","_bst_post_layout":"default","_bst_post_sidebar_id":"","_bst_post_content_style":"default","_bst_post_vertical_padding":"default","_bst_post_feature":"","_bst_post_feature_position":"","_bst_post_header":false,"_bst_post_footer":false},"product_brand":[],"product_cat":[15,386,160],"product_tag":[],"2_year_make_model":[],"class_list":{"0":"post-14101","1":"product","2":"type-product","3":"status-publish","4":"has-post-thumbnail","6":"product_cat-carkeyremote","7":"product_cat-for-infiniti","8":"product_cat-for-nissan","10":"first","11":"instock","12":"sale","13":"shipping-taxable","14":"purchasable","15":"product-type-simple","16":"entry","17":"content-bg","18":"loop-entry"},"_links":{"self":[{"href":"https:\/\/keylessbest.com\/tr\/wp-json\/wp\/v2\/product\/14101","targetHints":{"allow":["GET"]}}],"collection":[{"href":"https:\/\/keylessbest.com\/tr\/wp-json\/wp\/v2\/product"}],"about":[{"href":"https:\/\/keylessbest.com\/tr\/wp-json\/wp\/v2\/types\/product"}],"replies":[{"embeddable":true,"href":"https:\/\/keylessbest.com\/tr\/wp-json\/wp\/v2\/comments?post=14101"}],"version-history":[{"count":3,"href":"https:\/\/keylessbest.com\/tr\/wp-json\/wp\/v2\/product\/14101\/revisions"}],"predecessor-version":[{"id":20032,"href":"https:\/\/keylessbest.com\/tr\/wp-json\/wp\/v2\/product\/14101\/revisions\/20032"}],"wp:featuredmedia":[{"embeddable":true,"href":"https:\/\/keylessbest.com\/tr\/wp-json\/wp\/v2\/media\/21049"}],"wp:attachment":[{"href":"https:\/\/keylessbest.com\/tr\/wp-json\/wp\/v2\/media?parent=14101"}],"wp:term":[{"taxonomy":"product_brand","embeddable":true,"href":"https:\/\/keylessbest.com\/tr\/wp-json\/wp\/v2\/product_brand?post=14101"},{"taxonomy":"product_cat","embeddable":true,"href":"https:\/\/keylessbest.com\/tr\/wp-json\/wp\/v2\/product_cat?post=14101"},{"taxonomy":"product_tag","embeddable":true,"href":"https:\/\/keylessbest.com\/tr\/wp-json\/wp\/v2\/product_tag?post=14101"},{"taxonomy":"2_year_make_model","embeddable":true,"href":"https:\/\/keylessbest.com\/tr\/wp-json\/wp\/v2\/2_year_make_model?post=14101"}],"curies":[{"name":"wp","href":"https:\/\/api.w.org\/{rel}","templated":true}]}}