{"id":14150,"date":"2025-08-19T08:41:54","date_gmt":"2025-08-19T08:41:54","guid":{"rendered":"https:\/\/hanwuji.shengjit.com\/?post_type=product&#038;p=14150"},"modified":"2026-02-12T07:38:13","modified_gmt":"2026-02-12T07:38:13","slug":"2013-2021-toyota-anahtar-anahtarlik-gq4-52t-314mhz-anahtarsiz-giris-icin-en-iyi-2","status":"publish","type":"product","link":"https:\/\/keylessbest.com\/tr\/product\/2013-2021-toyota-anahtar-anahtarlik-gq4-52t-314mhz-anahtarsiz-giris-icin-en-iyi-2\/","title":{"rendered":"2013-2021 Toyota Anahtar Kapa\u011f\u0131 GQ4-52T 314MHz Keylessbest i\u00e7in"},"content":{"rendered":"<p>*Bu 2013 \u2013 2021 Toyota anahtars\u0131z uzaktan kumanda anahtar\u0131n\u0131n detayl\u0131 bilgileri a\u015fa\u011f\u0131daki gibidir. L\u00fctfen sipari\u015f vermeden \u00f6nce a\u015fa\u011f\u0131daki bilgilerin arac\u0131n\u0131zla uydu\u011fundan emin olun: FCC Kimli\u011fi, Par\u00e7a Numaras\u0131, Model Y\u0131l\u0131, IC, Frekans, \u00c7ip ve D\u00fc\u011fmeler.<\/p>\n<h6><strong><b>\u00dcr\u00fcn Bilgisi: <\/b><\/strong><\/h6>\n<ul>\n<li>FCC Kimli\u011fi: GQ4-52T , GQ452T<\/li>\n<li>Par\u00e7a Numaras\u0131: 89070-0R100<\/li>\n<li>IC: 1470A-33T<\/li>\n<li>Frekans: 314MHz<\/li>\n<li>\u00c7ip: H<\/li>\n<li>D\u00fc\u011fmeler: Kilit A\u00e7, Kilit Kapa, Elektrikli Kap\u0131 Serbest B\u0131rakma, Panik<\/li>\n<\/ul>\n<h6><strong><b>Referans model:<\/b><\/strong><\/h6>\n<ul>\n<li>2013 &#8211; 2018 <a href=\"https:\/\/keylessbest.com\/tr\/product\/2010-2016-toyota-4runner-rav4-rav4-sport-yaris-highlander-3-tuslu-anahtarsiz-giris-uzaktan-kumanda-hyq12bby-hyq12bdc-pn89070-35170-89070-42670-chipz-g\/\" data-wpil-monitor-id=\"895\">Toyota RAV4<\/a> (Sadece T\u00fcrkiye yap\u0131m\u0131 ara\u00e7lar)<\/li>\n<li><a href=\"https:\/\/keylessbest.com\/tr\/product\/2009-2014-toyota-avalon-camry-corolla-3-tuslu-anahtarsiz-giris-uzaktan-kumanda-hyq14aem-pn-89904-0r060-89904-60770-89904-0r090-89904-42140__trashed\/\" data-wpil-monitor-id=\"889\">2014 \u2013 2019 Toyota<\/a> Highlander<\/li>\n<li><a href=\"https:\/\/keylessbest.com\/tr\/product\/2015-2020-cadillac-ats-ats-v-ct6-ct6-plug-in-cts-cts-v-xts-5-tuslu-anahtarsiz-giris-uzaktan-kumanda-hyq2eb-pn-13598512-13594029s-13510243-46__trashed\/\" data-wpil-monitor-id=\"888\">2016 &#8211; 2018<\/a> Toyota Tacoma<\/li>\n<li>2018 &#8211; 2021 <a href=\"https:\/\/keylessbest.com\/tr\/product\/2015-2022-toyota-4-runner-tundra-tacoma-sequoia-3-tuslu-anahtarsiz-giris-uzaktan-kumanda-hyq14fbb-pn-89904-35060-89904-0c050__trashed\/\" data-wpil-monitor-id=\"898\">Toyota Tundra<\/a><\/li>\n<li>2019 \u2013 2019 Toyota SequoiaNot: Bagaj d\u00fc\u011fmesi bu anahtar i\u00e7in kapak fonksiyonunu \u00e7al\u0131\u015ft\u0131racakt\u0131r. Ama l\u00fctfen <a href=\"https:\/\/keylessbest.com\/tr\/product\/2015-2018-nissan-murano-platinum-edition-murano-sl-pathfinder-2016-yili-pn-ic-ve-fcc-numaralariyla-eslesmeli-yil-bolunmeli-5-tuslu-anahtarsiz-giris-uzaktan-kumanda-kr5s180144014-pn285e3-5aa5a\/\" data-wpil-monitor-id=\"891\">\u00e7ip t\u00fcr\u00fcn\u00fc \u00f6zellikle b\u00f6l\u00fcml\u00fc y\u0131llar i\u00e7in e\u015fle\u015ftirin<\/a>.<\/li>\n<\/ul>\n<h6><strong><b>Paket \u0130\u00e7eri\u011fi:<\/b><\/strong><\/h6>\n<ul>\n<li>Yeni bir yan sanayi <a href=\"https:\/\/keylessbest.com\/tr\/product\/2011-2017-ford-fiesta-3-tuslu-anahtarsiz-giris-uzaktan-kumanda-kr55wk47899-pn164-r8042-uzaktan-kumanda-164-r8043-bicak-164-r8042-164-r8039-5913139-5914117-4d63-80bit__trashed\/\" data-wpil-monitor-id=\"893\">anahtars\u0131z uzaktan kumanda<\/a><\/li>\n<li>\u00dccretsiz piyasa sonras\u0131 acil durum takma anahtar<\/li>\n<li>T\u00fcm vericiler pil ile gelir<\/li>\n<li>T\u00fcm \u00fcniteler sevkiyat \u00f6ncesi test edilmi\u015ftir<\/li>\n<li>2 y\u0131l 100% memnuniyet garantisi ve garanti<\/li>\n<\/ul>\n<h6><strong><b>Not:<\/b><\/strong><\/h6>\n<ul>\n<li>2013 \u2013 2021 Toyota ak\u0131ll\u0131 anahtars\u0131z giri\u015f anahtar\u0131 yedekleme \u2013 logo olmadan, kesilmemi\u015f acil durum anahtar\u0131 ile birlikte.<\/li>\n<li>Biz kesmiyoruz veya programlam\u0131yoruz <a href=\"https:\/\/keylessbest.com\/tr\/keylessbestarabaanahtarfobshop\/\" data-wpil-monitor-id=\"894\">uzaktan anahtar<\/a>.Ayr\u0131ca, fiyatland\u0131rma i\u00e7in l\u00fctfen yerel \u00e7ilingir veya bayiye ula\u015f\u0131n.<\/li>\n<li>Bu uzaktan kumanda, g\u00f6sterge panelinde ba\u015flat\/durdur d\u00fc\u011fmesi veya d\u00f6nd\u00fcrmeli anahtar ate\u015fleme \u00f6zelli\u011fi bulunan ara\u00e7larla uyumludur, ayr\u0131ca bir proxy ile birlikte <a href=\"https:\/\/keylessbest.com\/tr\/product\/2007-2013-nissan-rogue-versa-pathfinder-akilli-sistemli-3-dugmeli-anahtarsiz-giris-uzaktan-kumanda-cwtwbu729-cwtwbu735-cwtwbu624-pn-285e3-em30d-285e3-em31d\/\" data-wpil-monitor-id=\"892\">anahtars\u0131z giri\u015f<\/a> sistemi.<\/li>\n<li>Fiyat \u00a0\u00a0bir tam \u00a0\u00a0yedekleme \u00a0\u00a0i\u00e7in \u00a0\u00a0ge\u00e7erlidir \u00a0\u00a0<a href=\"https:\/\/keylessbest.com\/tr\/product\/2013-2019-dodge-ram-1500-klasik-ram-3-tuslu-anahtarsiz-giris-uzaktan-kumanda-gq4-53t-pn-56046955ag-56046955ac-id46-7961\/\" data-wpil-monitor-id=\"897\">anahtars\u0131z giri\u015f \u00a0\u00a0uzaktan kumanda<\/a>, acil durum anahtar\u0131 dahil.<\/li>\n<li>Bu nedenle, kesinlikle tavsiye ederiz ki \u00a0<a href=\"https:\/\/keylessbest.com\/tr\/herhangi-bir-araba-icin-hizli-ve-kolay-anahtar-anahtarlik-programlama-adimlari\/\" data-wpil-monitor-id=\"890\">ANAHTAR KUTUSUNUZUN PROGRAMLANMASINI<\/a> \u00f6nermekteyiz.<\/li>\n<\/ul>\n<h6><strong><b>Programlama Kaynaklar\u0131\u00a0<\/b><\/strong><\/h6>\n<p><a href=\"http:\/\/programyourfob.com\/?list_19\/\" target=\"_blank\" rel=\"noopener\">http:\/\/programyourfob.com\/?list_19\/<\/a><\/p>\n<p>Bizi tercih etti\u011finiz i\u00e7in te\u015fekk\u00fcr ederiz.<\/p>\n<p>Biz, otomobil anahtarlar\u0131, anahtars\u0131z giri\u015f sistemi, <a href=\"https:\/\/keylessbest.com\/tr\/product\/2006-2018-chrysler-dodge-volkswagen-jeep-town-country-grand-caravan-routan-300-town-country-limited-caravan-challenger-charger-durango-journey-magnum-dakota-ram-grand-cherokee-commander-6\/\" data-wpil-monitor-id=\"887\">araba anahtar uzaktan kumandas\u0131<\/a>, transponder \u00e7ipleri, anahtar programlay\u0131c\u0131lar, ara\u00e7 \u00a0\u00a0anahtar kapaklar\u0131, ara\u00e7 kilitleri, \u00e7ilingir ara\u00e7lar\u0131 ve benzeri. Ayr\u0131ca, \u015eirketimiz \u00a0\u00a0profesyonel bir ekibe ve \u00fcretim hatt\u0131na sahiptir. Ayr\u0131ca, \u00e7e\u015fitli \u00fcretimlerde uzmanla\u015fm\u0131\u015f bulunmaktay\u0131z <a href=\"https:\/\/keylessbest.com\/tr\/2025te-bir-araba-anahtar-dugmesi-degistirme-maliyeti-ne-kadar\/\" data-wpil-monitor-id=\"896\">ara\u00e7 anahtarlar\u0131<\/a>, ara\u00e7 anahtar\u0131 kapaklar\u0131 ve \u00e7ilingir ara\u00e7lar\u0131. Ayr\u0131ca, otomobil g\u00fcvenli\u011fi ve koruma \u00fcr\u00fcnlerinin geli\u015ftirilmesi, \u00fcretimi ve toptan sat\u0131\u015f\u0131 ile ilgileniyoruz.<\/p>\n<p>Rekabet\u00e7i fiyatlar ve \u00f6zel hizmetler, size iyi bir pazar kazand\u0131rmaya yard\u0131mc\u0131 olacakt\u0131r. Ayr\u0131ca, 10'dan fazla gen\u00e7 ve enerjik sat\u0131\u015f ekibimiz her zaman h\u0131zl\u0131, profesyonel ve samimi hizmet sunar. Ayr\u0131ca, t\u00fcm \u00fcr\u00fcnlerimiz do\u011frudan Amerika Birle\u015fik Devletleri, Kanada ve Meksika'daki depolardan sevk edilmektedir. Bu nedenle, sat\u0131n ald\u0131\u011f\u0131n\u0131z \u00fcr\u00fcnler, sipari\u015f verdikten sonra 48 saat i\u00e7inde paketlenip g\u00f6nderilecektir. \u00dcr\u00fcnlerimizin 100%\u2019den fazlas\u0131 stokta bulunmaktad\u0131r ve envanterimiz yeterlidir.<\/p>","protected":false},"excerpt":{"rendered":"<ul>\n<li>SKU: CA-TA204<\/li>\n<li>FCC Kimli\u011fi: GQ4-52T , GQ452T<\/li>\n<li>Par\u00e7a Numaras\u0131: 89070-0R100<\/li>\n<li>IC: 1470A-33T<\/li>\n<li>Frekans: 314MHz<\/li>\n<li>\u00c7ip: H<\/li>\n<li>D\u00fc\u011fmeler: Kilit A\u00e7, Kilit Kapa, Elektrikli Kap\u0131 Serbest B\u0131rakma, Panik<\/li>\n<\/ul>","protected":false},"featured_media":21065,"comment_status":"open","ping_status":"closed","template":"","meta":{"_bst_post_transparent":"default","_bst_post_title":"","_bst_post_layout":"default","_bst_post_sidebar_id":"","_bst_post_content_style":"default","_bst_post_vertical_padding":"default","_bst_post_feature":"","_bst_post_feature_position":"","_bst_post_header":false,"_bst_post_footer":false},"product_brand":[],"product_cat":[15,158],"product_tag":[],"2_year_make_model":[],"class_list":{"0":"post-14150","1":"product","2":"type-product","3":"status-publish","4":"has-post-thumbnail","6":"product_cat-carkeyremote","7":"product_cat-for-toyota","9":"first","10":"instock","11":"sale","12":"shipping-taxable","13":"purchasable","14":"product-type-simple","15":"entry","16":"content-bg","17":"loop-entry"},"_links":{"self":[{"href":"https:\/\/keylessbest.com\/tr\/wp-json\/wp\/v2\/product\/14150","targetHints":{"allow":["GET"]}}],"collection":[{"href":"https:\/\/keylessbest.com\/tr\/wp-json\/wp\/v2\/product"}],"about":[{"href":"https:\/\/keylessbest.com\/tr\/wp-json\/wp\/v2\/types\/product"}],"replies":[{"embeddable":true,"href":"https:\/\/keylessbest.com\/tr\/wp-json\/wp\/v2\/comments?post=14150"}],"version-history":[{"count":4,"href":"https:\/\/keylessbest.com\/tr\/wp-json\/wp\/v2\/product\/14150\/revisions"}],"predecessor-version":[{"id":18976,"href":"https:\/\/keylessbest.com\/tr\/wp-json\/wp\/v2\/product\/14150\/revisions\/18976"}],"wp:featuredmedia":[{"embeddable":true,"href":"https:\/\/keylessbest.com\/tr\/wp-json\/wp\/v2\/media\/21065"}],"wp:attachment":[{"href":"https:\/\/keylessbest.com\/tr\/wp-json\/wp\/v2\/media?parent=14150"}],"wp:term":[{"taxonomy":"product_brand","embeddable":true,"href":"https:\/\/keylessbest.com\/tr\/wp-json\/wp\/v2\/product_brand?post=14150"},{"taxonomy":"product_cat","embeddable":true,"href":"https:\/\/keylessbest.com\/tr\/wp-json\/wp\/v2\/product_cat?post=14150"},{"taxonomy":"product_tag","embeddable":true,"href":"https:\/\/keylessbest.com\/tr\/wp-json\/wp\/v2\/product_tag?post=14150"},{"taxonomy":"2_year_make_model","embeddable":true,"href":"https:\/\/keylessbest.com\/tr\/wp-json\/wp\/v2\/2_year_make_model?post=14150"}],"curies":[{"name":"wp","href":"https:\/\/api.w.org\/{rel}","templated":true}]}}