{"id":14428,"date":"2025-08-19T08:46:13","date_gmt":"2025-08-19T08:46:13","guid":{"rendered":"https:\/\/hanwuji.shengjit.com\/?post_type=product&#038;p=14428"},"modified":"2026-02-12T01:24:11","modified_gmt":"2026-02-12T01:24:11","slug":"2007-2015-nissan-anahtar-kapagi-285e3-ja05a-315mhz-keylessbest-icin","status":"publish","type":"product","link":"https:\/\/keylessbest.com\/tr\/product\/2007-2015-nissan-anahtar-kapagi-285e3-ja05a-315mhz-keylessbest-icin\/","title":{"rendered":"2007-2015 Nissan Anahtar Kapa\u011f\u0131 285E3-JA05A 315MHz Keylessbest i\u00e7in"},"content":{"rendered":"<p>*Bu 2002-2017 Infiniti Nissan anahtars\u0131z giri\u015f uzaktan kumanda anahtar\u0131n\u0131n detayl\u0131 bilgileri a\u015fa\u011f\u0131daki gibidir. L\u00fctfen sipari\u015f vermeden \u00f6nce a\u015fa\u011f\u0131daki detaylar\u0131n arac\u0131n\u0131zla uydu\u011fundan emin olun: FCC Kimli\u011fi, Par\u00e7a Numaras\u0131, Model Y\u0131l\u0131, IC, Frekans, \u00c7ip ve D\u00fc\u011fmeler.<\/p>\n<h6><strong><b>\u00dcr\u00fcn Bilgisi:<\/b><\/strong><\/h6>\n<ul>\n<li>FCC Kimli\u011fi: KR55WK48903, KR55WK49622<\/li>\n<li>PN: 285E3-JA05A, 285E3-JA02A, 285E3-JA000, 285E3-JK62A<\/li>\n<li>IC: 267T-5WK48903<\/li>\n<li>Frekans: 315MHz<\/li>\n<li>D\u00fc\u011fmeler: Kilit, A\u00e7\u0131k, Bagaj, Panik<\/li>\n<\/ul>\n<h6><strong><b>Referans model:<\/b><\/strong><\/h6>\n<ul>\n<li><a href=\"https:\/\/keylessbest.com\/tr\/product\/2009-2014-toyota-avalon-camry-corolla-3-tuslu-anahtarsiz-giris-uzaktan-kumanda-hyq14aem-pn-89904-0r060-89904-60770-89904-0r090-89904-42140__trashed\/\" data-wpil-monitor-id=\"1708\">2009 &#8211; 2014<\/a> Maxima<\/li>\n<li>2007 \u2013 2012 Altima<\/li>\n<li>2013 &#8211; 2013 <a href=\"https:\/\/keylessbest.com\/tr\/product\/2013-2015-nissan-altima-maxima-5-tuslu-anahtarsiz-giris-uzaktan-kumanda-kr5s180144014-pn-285e3-3tp5a-285e3-9hp5b-285e3-3tp05-47\/\" data-wpil-monitor-id=\"1714\">Nissan Altima<\/a> (Sadece Coup\u00e9)<\/li>\n<li>2007 \u2013 2012 Nissan Versa (Sadece Sedan) (sadece d\u00fc\u011fmeli ara\u00e7lar)<\/li>\n<li>2008 \u2013 2012 Infiniti EX35<\/li>\n<li>2007 \u2013 2007 Infiniti G35 (Sadece Sedan)<\/li>\n<li>2008 \u2013 2008 Infiniti G35<\/li>\n<li>2008 \u2013 2013 Infiniti G37<\/li>\n<li>2011 \u2013 2012 Infiniti G25<\/li>\n<li>2014 \u2013 2014 Infiniti Q60<\/li>\n<li>2015 \u2013 2015 Infiniti Q40<\/li>\n<li>2009 \u2013 2014 Nissan Murano (FCC Kimli\u011fi: KR55WK49622) kullanan modeller<\/li>\n<li>2009 \u2013 2015 Nissan 370Z (FCC Kimli\u011fi: KR55WK49622) kullanan modeller<\/li>\n<li>2014 \u2013 2015 Infiniti QX70 (FCC Kimli\u011fi: KR55WK49622) kullanan modeller<\/li>\n<li>2013 \u2013 2013 Infiniti FX37 (FCC Kimli\u011fi: KR55WK49622) kullanan modeller<br \/>\nNot: 2007 Infiniti G35, Sedan ve Coup\u00e9 modelleri i\u00e7in farkl\u0131 anahtarlar kullanmaktad\u0131r: 2007 Infiniti G35 Coup\u00e9 \u2013 FCC Kimli\u011fi KBRTN001<br \/>\n2007 Infiniti G35 Sedan \u2013 FCC Kimli\u011fi KR55WK48903<\/li>\n<\/ul>\n<h6><strong><b>Paket \u0130\u00e7eri\u011fi:<\/b><\/strong><\/h6>\n<ul>\n<li>Yeni bir yan sanayi <a href=\"https:\/\/keylessbest.com\/tr\/product\/2011-2017-ford-fiesta-3-tuslu-anahtarsiz-giris-uzaktan-kumanda-kr55wk47899-pn164-r8042-uzaktan-kumanda-164-r8043-bicak-164-r8042-164-r8039-5913139-5914117-4d63-80bit__trashed\/\" data-wpil-monitor-id=\"1712\">anahtars\u0131z uzaktan kumanda<\/a><\/li>\n<li>\u00dccretsiz piyasa sonras\u0131 acil durum takma anahtar<\/li>\n<li>T\u00fcm vericiler pil ile gelir<\/li>\n<li>T\u00fcm \u00fcniteler sevkiyat \u00f6ncesi test edilmi\u015ftir<\/li>\n<li>2 y\u0131l 100% memnuniyet garantisi ve garanti<\/li>\n<\/ul>\n<h6><strong><b>Not:<\/b><\/strong><\/h6>\n<ul>\n<li>2007-2015 Nissan Infiniti ak\u0131ll\u0131 <a href=\"https:\/\/keylessbest.com\/tr\/product\/2015-2020-cadillac-ats-ats-v-ct6-ct6-plug-in-cts-cts-v-xts-5-tuslu-anahtarsiz-giris-uzaktan-kumanda-hyq2eb-pn-13598512-13594029s-13510243-46__trashed\/\" data-wpil-monitor-id=\"1709\">anahtars\u0131z giri\u015f anahtar\u0131<\/a> de\u011fi\u015fim \u2013 logo olmadan, kesilmemi\u015f acil durum ek anahtar\u0131 dahil.<\/li>\n<li>Uzaktan kumanday\u0131 kesmiyor veya programlam\u0131yoruz. Ayr\u0131ca, fiyatland\u0131rma i\u00e7in yerel \u00e7ilingir veya bayi ile ileti\u015fime ge\u00e7iniz.<\/li>\n<li>Bu verici, g\u00f6sterge panelinde ba\u015flat\/durdur d\u00fc\u011fmesi veya d\u00f6ner anahtar ile \u00e7al\u0131\u015fan ara\u00e7lar ve proxy anahtars\u0131z giri\u015f sistemi ile uyumludur.<\/li>\n<li>Fiyat tek bir tam <a href=\"https:\/\/keylessbest.com\/tr\/product\/2015-2021-jeep-renegade-5-tuslu-anahtarsiz-giris-uzaktan-kumanda-m3n-40821302-yerine-gecer-pn-6mp33dx9aa-id-47-4a__trashed\/\" data-wpil-monitor-id=\"1710\">de\u011fi\u015fim anahtars\u0131z giri\u015f uzaktan kumanda<\/a>, acil durum anahtar\u0131 dahil.<\/li>\n<li>Bu nedenle, arac\u0131n\u0131z\u0131n <a href=\"https:\/\/keylessbest.com\/tr\/herhangi-bir-araba-icin-hizli-ve-kolay-anahtar-anahtarlik-programlama-adimlari\/\" data-wpil-monitor-id=\"1711\">ANAHTAR KUTUSUNUZUN PROGRAMLANMASINI<\/a> \u00f6nermekteyiz.<\/li>\n<\/ul>\n<h6><strong>Programlama Kaynaklar\u0131:<\/strong><\/h6>\n<p><a href=\"http:\/\/programyourfob.com\/?list_15\/\" target=\"_blank\" rel=\"noopener\">http:\/\/programyourfob.com\/?list_15\/<\/a><\/p>\n<p><a href=\"http:\/\/programyourfob.com\/?list_26\/\" target=\"_blank\" rel=\"noopener\">http:\/\/programyourfob.com\/?list_26\/<\/a><\/p>\n<p>Bizi tercih etti\u011finiz i\u00e7in te\u015fekk\u00fcr ederiz.<\/p>\n<p>Biz, araba anahtarlar\u0131 ve anahtars\u0131z giri\u015f sistemi \u00fcretiminde en profesyonel \u00fcreticilerden biriyiz, <a href=\"https:\/\/keylessbest.com\/tr\/product\/2007-2009-mazda-3-4-kapi-3-5-kapi-mazdaspeed-3-3-3-dugmeli-anahtarsiz-giris-uzaktan-kumanda-kpu41794-pn-ban66-75ry-ban6675ry\/\" data-wpil-monitor-id=\"1707\">araba anahtar uzaktan kumandas\u0131<\/a>, transponder \u00e7ipler, anahtar programlay\u0131c\u0131lar, ara\u00e7 anahtar\u0131 kapaklar\u0131, ara\u00e7 kilitleri, \u00e7ilingir ara\u00e7lar\u0131 ve benzeri. Ayr\u0131ca, Firmam\u0131z\u0131n profesyonel ekibi ve \u00fcretim hatt\u0131 bulunmaktad\u0131r. Dahas\u0131, \u00e7e\u015fitli \u00fcretiminde uzmanla\u015fm\u0131\u015f bulunmaktay\u0131z <a href=\"https:\/\/keylessbest.com\/tr\/anahtar-kumanda-pilinizin\/\" data-wpil-monitor-id=\"1713\">araba anahtar\u0131<\/a>s, ara\u00e7 anahtar\u0131 kabuklar\u0131 ve \u00e7ilingir ara\u00e7lar\u0131 \u00fcretiminde uzmanla\u015fm\u0131\u015ft\u0131r. Ayr\u0131ca, otomobil g\u00fcvenlik ve koruma \u00fcr\u00fcnlerinin geli\u015ftirilmesi, \u00fcretimi ve toptan sat\u0131\u015f\u0131 ile ilgileniyoruz.<\/p>\n<p>Rekabet\u00e7i fiyatlar ve \u00f6zel hizmetler, size iyi bir pazar kazand\u0131rmaya yard\u0131mc\u0131 olacakt\u0131r. Ayr\u0131ca, 10'dan fazla gen\u00e7 ve enerjik sat\u0131\u015f ekibimiz her zaman h\u0131zl\u0131, profesyonel ve samimi hizmet sunar. Ayr\u0131ca, t\u00fcm \u00fcr\u00fcnlerimiz do\u011frudan Amerika Birle\u015fik Devletleri, Kanada ve Meksika'daki depolardan sevk edilmektedir. Bu nedenle, sat\u0131n ald\u0131\u011f\u0131n\u0131z \u00fcr\u00fcnler, sipari\u015f verdikten sonra 48 saat i\u00e7inde paketlenip g\u00f6nderilecektir. \u00dcr\u00fcnlerimizin 100%\u2019den fazlas\u0131 stokta bulunmaktad\u0131r ve envanterimiz yeterlidir.<\/p>","protected":false},"excerpt":{"rendered":"<ul>\n<li>SKU: CA-NS084<\/li>\n<li>FCC Kimli\u011fi: KR55WK48903, KR55WK49622<\/li>\n<li>PN: 285E3-JA05A, 285E3-JA02A, 285E3-JA000, 285E3-JK62A<\/li>\n<li>IC: 267T-5WK48903<\/li>\n<li>Frekans: 315MHz<\/li>\n<li>D\u00fc\u011fmeler: Kilit, A\u00e7\u0131k, Bagaj, Panik<\/li>\n<\/ul>","protected":false},"featured_media":20952,"comment_status":"open","ping_status":"closed","template":"","meta":{"_bst_post_transparent":"default","_bst_post_title":"","_bst_post_layout":"default","_bst_post_sidebar_id":"","_bst_post_content_style":"default","_bst_post_vertical_padding":"default","_bst_post_feature":"","_bst_post_feature_position":"","_bst_post_header":false,"_bst_post_footer":false},"product_brand":[],"product_cat":[15,386,160],"product_tag":[],"2_year_make_model":[],"class_list":{"0":"post-14428","1":"product","2":"type-product","3":"status-publish","4":"has-post-thumbnail","6":"product_cat-carkeyremote","7":"product_cat-for-infiniti","8":"product_cat-for-nissan","10":"first","11":"instock","12":"sale","13":"shipping-taxable","14":"purchasable","15":"product-type-simple","16":"entry","17":"content-bg","18":"loop-entry"},"_links":{"self":[{"href":"https:\/\/keylessbest.com\/tr\/wp-json\/wp\/v2\/product\/14428","targetHints":{"allow":["GET"]}}],"collection":[{"href":"https:\/\/keylessbest.com\/tr\/wp-json\/wp\/v2\/product"}],"about":[{"href":"https:\/\/keylessbest.com\/tr\/wp-json\/wp\/v2\/types\/product"}],"replies":[{"embeddable":true,"href":"https:\/\/keylessbest.com\/tr\/wp-json\/wp\/v2\/comments?post=14428"}],"version-history":[{"count":3,"href":"https:\/\/keylessbest.com\/tr\/wp-json\/wp\/v2\/product\/14428\/revisions"}],"predecessor-version":[{"id":20951,"href":"https:\/\/keylessbest.com\/tr\/wp-json\/wp\/v2\/product\/14428\/revisions\/20951"}],"wp:featuredmedia":[{"embeddable":true,"href":"https:\/\/keylessbest.com\/tr\/wp-json\/wp\/v2\/media\/20952"}],"wp:attachment":[{"href":"https:\/\/keylessbest.com\/tr\/wp-json\/wp\/v2\/media?parent=14428"}],"wp:term":[{"taxonomy":"product_brand","embeddable":true,"href":"https:\/\/keylessbest.com\/tr\/wp-json\/wp\/v2\/product_brand?post=14428"},{"taxonomy":"product_cat","embeddable":true,"href":"https:\/\/keylessbest.com\/tr\/wp-json\/wp\/v2\/product_cat?post=14428"},{"taxonomy":"product_tag","embeddable":true,"href":"https:\/\/keylessbest.com\/tr\/wp-json\/wp\/v2\/product_tag?post=14428"},{"taxonomy":"2_year_make_model","embeddable":true,"href":"https:\/\/keylessbest.com\/tr\/wp-json\/wp\/v2\/2_year_make_model?post=14428"}],"curies":[{"name":"wp","href":"https:\/\/api.w.org\/{rel}","templated":true}]}}