{"id":14514,"date":"2025-08-19T08:47:33","date_gmt":"2025-08-19T08:47:33","guid":{"rendered":"https:\/\/hanwuji.shengjit.com\/?post_type=product&#038;p=14514"},"modified":"2026-02-12T08:36:00","modified_gmt":"2026-02-12T08:36:00","slug":"2016-2022-chevrolet-anahtar-kapagi-pn-13590048-keylessbest-icin","status":"publish","type":"product","link":"https:\/\/keylessbest.com\/tr\/product\/2016-2022-chevrolet-anahtar-kapagi-pn-13590048-keylessbest-icin\/","title":{"rendered":"2016 2022 Chevrolet anahtar kapa\u011f\u0131 PN 13590048 keylessbest i\u00e7in"},"content":{"rendered":"<p>*Bu 2016-2022 Chevrolet anahtars\u0131z uzaktan kumanda anahtar\u0131n\u0131n detayl\u0131 bilgileri a\u015fa\u011f\u0131daki gibidir. L\u00fctfen sipari\u015f vermeden \u00f6nce a\u015fa\u011f\u0131daki detaylar\u0131n arac\u0131n\u0131zla uydu\u011fundan emin olun: FCC Kimli\u011fi, Par\u00e7a Numaras\u0131, Model Y\u0131l\u0131, IC, Frekans, \u00c7ip ve D\u00fc\u011fmeler.<\/p>\n<h6><strong><b>\u00dcr\u00fcn Bilgisi: <\/b><\/strong><\/h6>\n<ul>\n<li>FCC Kimli\u011fi: HYQ4EA<\/li>\n<li>PN: 13590048, 13589533, 13508769, 13584497<\/li>\n<li>IC: 1551A-4EA<\/li>\n<li>Frekans: 433Mhz<\/li>\n<li>\u00c7ip:46<\/li>\n<li>Tu\u015flar: Kilit, A\u00e7ma, Uzaktan \u00c7al\u0131\u015ft\u0131rma, Panik, Bagaj<\/li>\n<\/ul>\n<h6><strong><b>Referans model:<\/b><\/strong><\/h6>\n<ul>\n<li>2016 \u2013 2021 Chevrolet Camaro<\/li>\n<li><a href=\"https:\/\/keylessbest.com\/tr\/product\/2015-2020-cadillac-ats-ats-v-ct6-ct6-plug-in-cts-cts-v-xts-5-tuslu-anahtarsiz-giris-uzaktan-kumanda-hyq2eb-pn-13598512-13594029s-13510243-46__trashed\/\" data-wpil-monitor-id=\"1421\">2016 &#8211; 2019<\/a> Chevrolet Cruze<\/li>\n<li>2016 \u2013 2022 Chevrolet Malibu<br \/>\nT\u00fcm anahtarlar kayboldu\u011funda programlama yaparken, l\u00fctfen 3. anahtar olarak ekleyin ve ilk 2 Anahtar i\u00e7in B119'u kullan\u0131n. Ekleme yaparken <a href=\"https:\/\/keylessbest.com\/tr\/arac-guvenligi\/\" data-wpil-monitor-id=\"1427\">l\u00fctfen B119'u ve ard\u0131ndan bu ak\u0131ll\u0131 anahtar\u0131 ekleyin.<\/a> anahtar\u0131 ekleyin. Not: 2016 Cruze erken \u00fcretim modelleri 1G1BE5SM9G7235708'den \u00f6nce gelen ve \u201cuzaktan \u00e7al\u0131\u015ft\u0131rma se\u00e7ene\u011fi\u201d olan ara\u00e7lar, menzil yetersizli\u011fi nedeniyle bayiler taraf\u0131ndan 315 Mhz'den 433 Mhz'e y\u00fckseltilmi\u015f olabilir. Do\u011fru anahtar\u0131 programlamadan \u00f6nce: 1- Bagaj taban d\u00f6\u015feme panelini \u00e7\u0131kar\u0131n ve bulun<br \/>\nSPID etiketini bulun.<br \/>\n2- Etikette RPO \u2013 XL7 veya XL8\u2019i bulun. Bayiler, tamir i\u015flemi yapt\u0131ysa XL7 yerine XL8 yazmal\u0131d\u0131r.<br \/>\n3- Bu anahtar yaln\u0131zca XL8 \u00fczerinde \u00e7al\u0131\u015facakt\u0131r.<br \/>\n4- Bagaj kapa\u011f\u0131 alt\u0131ndaki d\u00f6\u015feme panelini tekrar tak\u0131n.<\/li>\n<\/ul>\n<h6><strong><b>Paket \u0130\u00e7eri\u011fi:<\/b><\/strong><\/h6>\n<ul>\n<li>Yeni bir yan sanayi <a href=\"https:\/\/keylessbest.com\/tr\/product\/2011-2017-ford-fiesta-3-tuslu-anahtarsiz-giris-uzaktan-kumanda-kr55wk47899-pn164-r8042-uzaktan-kumanda-164-r8043-bicak-164-r8042-164-r8039-5913139-5914117-4d63-80bit__trashed\/\" data-wpil-monitor-id=\"1425\">anahtars\u0131z uzaktan kumanda<\/a><\/li>\n<li>\u00dccretsiz piyasa sonras\u0131 acil durum takma anahtar<\/li>\n<li>T\u00fcm vericiler pil ile gelir<\/li>\n<li>T\u00fcm \u00fcniteler sevkiyat \u00f6ncesi test edilmi\u015ftir<\/li>\n<li>2 y\u0131l 100% memnuniyet garantisi ve garanti<\/li>\n<\/ul>\n<h6><strong><b>Not:<\/b><\/strong><\/h6>\n<ul>\n<li>2016-2022 Chevrolet ak\u0131ll\u0131 <a href=\"https:\/\/keylessbest.com\/tr\/product\/2021-2024-jeep-grand-cherokee-grand-wagoneer-4-tuslu-anahtarsiz-giris-uzaktan-kumanda-m3nwxf0b1-pn-685169738aa-4a-cip-hitag-aes__trashed\/\" data-wpil-monitor-id=\"1422\">anahtars\u0131z giri\u015f anahtar\u0131<\/a> yedek \u2013 \u00a0\u00a0logo olmadan, kesilmemi\u015f acil durum ek anahtar\u0131 dahil.<\/li>\n<li>Biz kesmiyoruz veya programlam\u0131yoruz <a href=\"https:\/\/keylessbest.com\/tr\/keylessbestarabaanahtarfobshop\/\" data-wpil-monitor-id=\"1428\">uzaktan anahtar<\/a>.Ayr\u0131ca, fiyatland\u0131rma i\u00e7in l\u00fctfen yerel \u00e7ilingir veya bayiye ula\u015f\u0131n.<\/li>\n<li>Bu uzaktan kumanda, g\u00f6sterge panelinde ba\u015flat\/durdur d\u00fc\u011fmesi veya d\u00f6nd\u00fcrmeli anahtar ate\u015fleme \u00f6zelli\u011fi bulunan ara\u00e7larla uyumludur, ayr\u0131ca bir proxy ile birlikte <a href=\"https:\/\/keylessbest.com\/tr\/product\/2008-2020-mitsubishi-mirage-lancer-outlander-outlander-sport-4-dugmeli-anahtarsiz-giris-uzaktan-kumanda-ouc644m-anahtar-n\/\" data-wpil-monitor-id=\"1426\">anahtars\u0131z giri\u015f<\/a> sistemi.<\/li>\n<li>Fiyat, bir adet tam yedek anahtars\u0131z giri\u015f uzaktan kumanda, acil durum anahtar\u0131 dahil fiyat\u0131d\u0131r.<\/li>\n<li>Bu nedenle, kesinlikle tavsiye ederiz ki \u00a0<a href=\"https:\/\/keylessbest.com\/tr\/herhangi-bir-araba-icin-hizli-ve-kolay-anahtar-anahtarlik-programlama-adimlari\/\" data-wpil-monitor-id=\"1423\">ANAHTAR KUTUSUNUZUN PROGRAMLANMASINI<\/a> \u00f6nermekteyiz.<\/li>\n<\/ul>\n<h6><strong><b>Programlama Kaynaklar\u0131\u00a0<\/b><\/strong><\/h6>\n<p><a href=\"http:\/\/programyourfob.com\/?list_6\/\" target=\"_blank\" rel=\"noopener\">http:\/\/programyourfob.com\/?list_6\/<\/a><\/p>\n<p>Bizi tercih etti\u011finiz i\u00e7in te\u015fekk\u00fcr ederiz.<\/p>\n<p>Biz, en profesyonel araba anahtar\u0131 \u00fcreticilerinden biriyiz,\u00a0<a href=\"https:\/\/keylessbest.com\/tr\/product\/2016-2022-chevrolet-volt-cruze-yeni-model-traverse-camaro-malibu-cruze-xl8-sistemleri-sadece-blazer-sonic-4-dugme-anahtarsiz-giris-uzaktan-hyq4ea-pn-1350877113584504-13529660-46\/\" data-wpil-monitor-id=\"1424\">anahtars\u0131z giri\u015f sistemi<\/a>, araba anahtar\u0131 uzaktan kumandas\u0131, transponder \u00e7ipleri, anahtar programlay\u0131c\u0131lar\u0131, araba anahtar\u0131 kabuklar\u0131, araba kilitleri, \u00e7ilingir aletleri vb. Ayr\u0131ca, \u015firketimiz profesyonel bir ekibe ve \u00fcretim hatt\u0131na sahiptir. Dahas\u0131, \u00e7e\u015fitli araba anahtarlar\u0131, araba anahtar\u0131 kabuklar\u0131 ve \u00e7ilingir aletleri \u00fcretiminde uzman\u0131z. Ayr\u0131ca, otomotiv g\u00fcvenli\u011fi ve koruma \u00fcr\u00fcnlerinin geli\u015ftirilmesi, \u00fcretimi ve toptan sat\u0131\u015f\u0131 ile de ilgileniyoruz.<\/p>\n<p>Rekabet\u00e7i fiyatlar ve \u00f6zel hizmetler, size iyi bir pazar kazand\u0131rmaya yard\u0131mc\u0131 olacakt\u0131r. Ayr\u0131ca, 10'dan fazla gen\u00e7 ve enerjik sat\u0131\u015f ekibimiz her zaman h\u0131zl\u0131, profesyonel ve samimi hizmet sunar. Ayr\u0131ca, t\u00fcm \u00fcr\u00fcnlerimiz do\u011frudan Amerika Birle\u015fik Devletleri, Kanada ve Meksika'daki depolardan sevk edilmektedir. Bu nedenle, sat\u0131n ald\u0131\u011f\u0131n\u0131z \u00fcr\u00fcnler, sipari\u015f verdikten sonra 48 saat i\u00e7inde paketlenip g\u00f6nderilecektir. \u00dcr\u00fcnlerimizin 100%\u2019den fazlas\u0131 stokta bulunmaktad\u0131r ve envanterimiz yeterlidir.<\/p>","protected":false},"excerpt":{"rendered":"<ul>\n<li>SKU: CA-GM225<\/li>\n<li>FCC Kimli\u011fi: HYQ4EA<\/li>\n<li>PN: 13590048, 13589533, 13508769, 13584497<\/li>\n<li>IC: 1551A-4EA<\/li>\n<li>Frekans: 433Mhz<\/li>\n<li>\u00c7ip:46<\/li>\n<li>Tu\u015flar: Kilit, A\u00e7ma, Uzaktan \u00c7al\u0131\u015ft\u0131rma, Panik, Bagaj<\/li>\n<\/ul>","protected":false},"featured_media":21091,"comment_status":"open","ping_status":"closed","template":"","meta":{"_bst_post_transparent":"default","_bst_post_title":"","_bst_post_layout":"default","_bst_post_sidebar_id":"","_bst_post_content_style":"default","_bst_post_vertical_padding":"default","_bst_post_feature":"","_bst_post_feature_position":"","_bst_post_header":false,"_bst_post_footer":false},"product_brand":[],"product_cat":[15,150],"product_tag":[],"2_year_make_model":[],"class_list":{"0":"post-14514","1":"product","2":"type-product","3":"status-publish","4":"has-post-thumbnail","6":"product_cat-carkeyremote","7":"product_cat-for-chevrolet","9":"first","10":"instock","11":"sale","12":"shipping-taxable","13":"purchasable","14":"product-type-simple","15":"entry","16":"content-bg","17":"loop-entry"},"_links":{"self":[{"href":"https:\/\/keylessbest.com\/tr\/wp-json\/wp\/v2\/product\/14514","targetHints":{"allow":["GET"]}}],"collection":[{"href":"https:\/\/keylessbest.com\/tr\/wp-json\/wp\/v2\/product"}],"about":[{"href":"https:\/\/keylessbest.com\/tr\/wp-json\/wp\/v2\/types\/product"}],"replies":[{"embeddable":true,"href":"https:\/\/keylessbest.com\/tr\/wp-json\/wp\/v2\/comments?post=14514"}],"version-history":[{"count":4,"href":"https:\/\/keylessbest.com\/tr\/wp-json\/wp\/v2\/product\/14514\/revisions"}],"predecessor-version":[{"id":21090,"href":"https:\/\/keylessbest.com\/tr\/wp-json\/wp\/v2\/product\/14514\/revisions\/21090"}],"wp:featuredmedia":[{"embeddable":true,"href":"https:\/\/keylessbest.com\/tr\/wp-json\/wp\/v2\/media\/21091"}],"wp:attachment":[{"href":"https:\/\/keylessbest.com\/tr\/wp-json\/wp\/v2\/media?parent=14514"}],"wp:term":[{"taxonomy":"product_brand","embeddable":true,"href":"https:\/\/keylessbest.com\/tr\/wp-json\/wp\/v2\/product_brand?post=14514"},{"taxonomy":"product_cat","embeddable":true,"href":"https:\/\/keylessbest.com\/tr\/wp-json\/wp\/v2\/product_cat?post=14514"},{"taxonomy":"product_tag","embeddable":true,"href":"https:\/\/keylessbest.com\/tr\/wp-json\/wp\/v2\/product_tag?post=14514"},{"taxonomy":"2_year_make_model","embeddable":true,"href":"https:\/\/keylessbest.com\/tr\/wp-json\/wp\/v2\/2_year_make_model?post=14514"}],"curies":[{"name":"wp","href":"https:\/\/api.w.org\/{rel}","templated":true}]}}