{"id":14562,"date":"2025-08-19T08:48:18","date_gmt":"2025-08-19T08:48:18","guid":{"rendered":"https:\/\/hanwuji.shengjit.com\/?post_type=product&#038;p=14562"},"modified":"2026-02-12T08:59:37","modified_gmt":"2026-02-12T08:59:37","slug":"2007-2013-nissan-anahtar-kapagi-285e3-em30d-315mhz-keylessbest-icin","status":"publish","type":"product","link":"https:\/\/keylessbest.com\/tr\/product\/2007-2013-nissan-anahtar-kapagi-285e3-em30d-315mhz-keylessbest-icin\/","title":{"rendered":"2007-2013 Nissan Anahtar Kapa\u011f\u0131 285E3-EM30D 315MHz Keylessbest i\u00e7in"},"content":{"rendered":"<p>*Bu 2014-2019 Nissan anahtars\u0131z uzaktan kumanda anahtar\u0131n\u0131n detayl\u0131 bilgileri a\u015fa\u011f\u0131daki gibidir. L\u00fctfen sipari\u015f vermeden \u00f6nce a\u015fa\u011f\u0131daki detaylar\u0131n arac\u0131n\u0131zla uydu\u011fundan emin olun: FCC Kimli\u011fi, Par\u00e7a Numaras\u0131, Model Y\u0131l\u0131, IC, Frekans, \u00c7ip ve D\u00fc\u011fmeler.<\/p>\n<h6><strong><b>\u00dcr\u00fcn Bilgisi: <\/b><\/strong><\/h6>\n<ul>\n<li>FCC Kimli\u011fi: CWTWBU729 CWTWBU735 CWTWBU624<\/li>\n<li>PN: 285E3-EM30D , 285E3-EM31D<\/li>\n<li>IC: 1788D-FWB1U729<\/li>\n<li>Frekans: 315MHz<\/li>\n<li>Test Anahtar\u0131: DA34<\/li>\n<li>Tu\u015flar:Kapan, A\u00e7, Panik<\/li>\n<\/ul>\n<h6><strong><b>Referans model:<\/b><\/strong><\/h6>\n<ul>\n<li>2008 \u2013 2013 Nissan Rogue<\/li>\n<li>2007 \u2013 2012 Nissan Versa<\/li>\n<li>2010 \u2013 2012 Nissan Pathfinder Ak\u0131ll\u0131 Sistemli<br \/>\n***FCC CWTWBU735 ve CWTWBU624 ile De\u011fi\u015ftirilebilir***<\/li>\n<\/ul>\n<p>L\u00dcTFEN D\u0130KKAT: 2014 -2018 <a href=\"https:\/\/keylessbest.com\/tr\/product\/2019-2020-nissan-rogue-rogue-hibrit-5-dugmeli-anahtarsiz-giris-uzaktan-kumanda-kr5txn4-pn-285e3-6rr7a__trashed\/\" data-wpil-monitor-id=\"1393\">Nissan Rogue<\/a> aras\u0131nda BCM (G\u00f6vde Kontrol Mod\u00fcl\u00fc) ile ilgili sorunlar oldu\u011funu duyduk, bu mod\u00fcl anahtar programlamas\u0131 i\u00e7in kullan\u0131l\u0131r. Baz\u0131 bu BCM'ler ar\u0131zal\u0131d\u0131r ve baz\u0131lar\u0131 geri \u00e7a\u011fr\u0131lm\u0131\u015ft\u0131r. L\u00fctfen bu y\u0131llardaki ara\u00e7lar hakk\u0131nda ara\u015ft\u0131rma yap\u0131n. BCM devre d\u0131\u015f\u0131 kalabilir. M\u00fc\u015fteri servis geri \u00e7a\u011fr\u0131lar\u0131n\u0131 BCM'nin de\u011fi\u015ftirilip de\u011fi\u015ftirilmedi\u011fini kontrol edin. Dikkatli kullan\u0131n ve ara\u00e7 ge\u00e7mi\u015fini ara\u015ft\u0131rmadan programlamaya kalk\u0131\u015fmay\u0131n.<\/p>\n<h6><strong><b>Paket \u0130\u00e7eri\u011fi:<\/b><\/strong><\/h6>\n<ul>\n<li>Yeni bir yan sanayi <a href=\"https:\/\/keylessbest.com\/tr\/product\/2011-2017-ford-fiesta-3-tuslu-anahtarsiz-giris-uzaktan-kumanda-kr55wk47899-pn164-r8042-uzaktan-kumanda-164-r8043-bicak-164-r8042-164-r8039-5913139-5914117-4d63-80bit__trashed\/\" data-wpil-monitor-id=\"1392\">anahtars\u0131z uzaktan kumanda<\/a><\/li>\n<li>\u00dccretsiz piyasa sonras\u0131 acil durum takma anahtar<\/li>\n<li>T\u00fcm vericiler pil ile gelir<\/li>\n<li>T\u00fcm \u00fcniteler sevkiyat \u00f6ncesi test edilmi\u015ftir<\/li>\n<li>2 y\u0131l 100% memnuniyet garantisi ve garanti<\/li>\n<\/ul>\n<h6><strong><b>Not:<\/b><\/strong><\/h6>\n<ul>\n<li>2007-2013 Nissan ak\u0131ll\u0131 <a href=\"https:\/\/keylessbest.com\/tr\/product\/2009-2014-toyota-avalon-camry-corolla-3-tuslu-anahtarsiz-giris-uzaktan-kumanda-hyq14aem-pn-89904-0r060-89904-60770-89904-0r090-89904-42140__trashed\/\" data-wpil-monitor-id=\"1389\">anahtars\u0131z giri\u015f anahtar\u0131<\/a> yedek \u2013 \u00a0\u00a0logo olmadan, kesilmemi\u015f acil durum ek anahtar\u0131 dahil.<\/li>\n<li>Biz kesmiyoruz veya programlam\u0131yoruz <a href=\"https:\/\/keylessbest.com\/tr\/keylessbestarabaanahtarfobshop\/\" data-wpil-monitor-id=\"1394\">uzaktan anahtar<\/a>.Ayr\u0131ca, fiyatland\u0131rma i\u00e7in l\u00fctfen yerel \u00e7ilingir veya bayiye ula\u015f\u0131n.<\/li>\n<li>Bu uzaktan kumanda, g\u00f6sterge panelinde ba\u015flat\/durdur d\u00fc\u011fmesi veya d\u00f6nd\u00fcrmeli anahtar ate\u015fleme \u00f6zelli\u011fi bulunan ara\u00e7larla uyumludur, ayr\u0131ca bir proxy ile birlikte <a href=\"https:\/\/keylessbest.com\/tr\/product\/2016-2022-chevrolet-volt-cruze-yeni-model-traverse-camaro-malibu-cruze-xl8-sistemleri-sadece-blazer-sonic-4-dugme-anahtarsiz-giris-uzaktan-hyq4ea-pn-1350877113584504-13529660-46\/\" data-wpil-monitor-id=\"1391\">anahtars\u0131z giri\u015f<\/a> sistemi.<\/li>\n<li>Fiyat \u00a0\u00a0bir tam \u00a0\u00a0yedekleme \u00a0\u00a0i\u00e7in \u00a0\u00a0ge\u00e7erlidir \u00a0\u00a0<a href=\"https:\/\/keylessbest.com\/tr\/product\/2007-2012-mitsubishi-eclipse-galant-4-tuslu-anahtarsiz-giris-uzaktan-kumanda-oucg8d-620m-a-id46\/\" data-wpil-monitor-id=\"1396\">anahtars\u0131z giri\u015f \u00a0\u00a0uzaktan kumanda<\/a>, acil durum anahtar\u0131 dahil.<\/li>\n<li>Bu nedenle, kesinlikle tavsiye ederiz ki \u00a0<a href=\"https:\/\/keylessbest.com\/tr\/herhangi-bir-araba-icin-hizli-ve-kolay-anahtar-anahtarlik-programlama-adimlari\/\" data-wpil-monitor-id=\"1390\">ANAHTAR KUTUSUNUZUN PROGRAMLANMASINI<\/a> \u00f6nermekteyiz.<\/li>\n<\/ul>\n<h6><strong><b>Programlama Kaynaklar\u0131\u00a0<\/b><\/strong><\/h6>\n<p><a href=\"http:\/\/programyourfob.com\/?list_26\/\" target=\"_blank\" rel=\"noopener\">http:\/\/programyourfob.com\/?list_26\/<\/a><\/p>\n<p>Bizi tercih etti\u011finiz i\u00e7in te\u015fekk\u00fcr ederiz.<\/p>\n<p>Biz, araba anahtarlar\u0131, anahtars\u0131z giri\u015f sistemi, araba anahtar uzaktan kumandas\u0131, transponder \u00e7ipleri, anahtar programlay\u0131c\u0131lar, araba anahtar kabuklar\u0131, araba kilitleri, \u00e7ilingir ara\u00e7lar\u0131 ve benzeri \u00fcr\u00fcnlerin en profesyonel \u00fcreticilerinden biriyiz. Ayr\u0131ca, \u015firketimizde profesyonel bir ekip ve \u00fcretim hatt\u0131 bulunmaktad\u0131r. Dahas\u0131, \u00e7e\u015fitli \u00fcr\u00fcnler \u00fcretiminde uzman\u0131z <a href=\"https:\/\/keylessbest.com\/tr\/2025te-bir-araba-anahtar-dugmesi-degistirme-maliyeti-ne-kadar\/\" data-wpil-monitor-id=\"1395\">araba anahtar\u0131<\/a>lar, araba anahtar kabuklar\u0131 ve \u00e7ilingir ara\u00e7lar\u0131. Ayr\u0131ca otomobil g\u00fcvenlik ve koruma \u00fcr\u00fcnlerinin geli\u015ftirilmesi, \u00fcretimi ve toptan sat\u0131\u015f\u0131 ile ilgileniyoruz.<\/p>\n<p>Rekabet\u00e7i fiyatlar ve \u00f6zel hizmetler, size iyi bir pazar kazand\u0131rmaya yard\u0131mc\u0131 olacakt\u0131r. Ayr\u0131ca, 10'dan fazla gen\u00e7 ve enerjik sat\u0131\u015f ekibimiz her zaman h\u0131zl\u0131, profesyonel ve samimi hizmet sunar. Ayr\u0131ca, t\u00fcm \u00fcr\u00fcnlerimiz do\u011frudan Amerika Birle\u015fik Devletleri, Kanada ve Meksika'daki depolardan sevk edilmektedir. Bu nedenle, sat\u0131n ald\u0131\u011f\u0131n\u0131z \u00fcr\u00fcnler, sipari\u015f verdikten sonra 48 saat i\u00e7inde paketlenip g\u00f6nderilecektir. \u00dcr\u00fcnlerimizin 100%\u2019den fazlas\u0131 stokta bulunmaktad\u0131r ve envanterimiz yeterlidir.<\/p>","protected":false},"excerpt":{"rendered":"<ul>\n<li>SKU: CA-NS229<\/li>\n<li>FCC Kimli\u011fi: CWTWBU729 CWTWBU735 CWTWBU624<\/li>\n<li>PN De\u011fi\u015ftirir: 285E3-EM30D, 285E3-EM31D<\/li>\n<li>IC: 1788D-FWB1U729<\/li>\n<li>Frekans: 315MHz<\/li>\n<li>Test Anahtar\u0131: DA34<\/li>\n<li>Tu\u015flar:Kapan, A\u00e7, Panik<\/li>\n<\/ul>","protected":false},"featured_media":21094,"comment_status":"open","ping_status":"closed","template":"","meta":{"_bst_post_transparent":"default","_bst_post_title":"","_bst_post_layout":"default","_bst_post_sidebar_id":"","_bst_post_content_style":"default","_bst_post_vertical_padding":"default","_bst_post_feature":"","_bst_post_feature_position":"","_bst_post_header":false,"_bst_post_footer":false},"product_brand":[],"product_cat":[15,160],"product_tag":[],"2_year_make_model":[],"class_list":{"0":"post-14562","1":"product","2":"type-product","3":"status-publish","4":"has-post-thumbnail","6":"product_cat-carkeyremote","7":"product_cat-for-nissan","9":"first","10":"instock","11":"sale","12":"shipping-taxable","13":"purchasable","14":"product-type-simple","15":"entry","16":"content-bg","17":"loop-entry"},"_links":{"self":[{"href":"https:\/\/keylessbest.com\/tr\/wp-json\/wp\/v2\/product\/14562","targetHints":{"allow":["GET"]}}],"collection":[{"href":"https:\/\/keylessbest.com\/tr\/wp-json\/wp\/v2\/product"}],"about":[{"href":"https:\/\/keylessbest.com\/tr\/wp-json\/wp\/v2\/types\/product"}],"replies":[{"embeddable":true,"href":"https:\/\/keylessbest.com\/tr\/wp-json\/wp\/v2\/comments?post=14562"}],"version-history":[{"count":4,"href":"https:\/\/keylessbest.com\/tr\/wp-json\/wp\/v2\/product\/14562\/revisions"}],"predecessor-version":[{"id":20056,"href":"https:\/\/keylessbest.com\/tr\/wp-json\/wp\/v2\/product\/14562\/revisions\/20056"}],"wp:featuredmedia":[{"embeddable":true,"href":"https:\/\/keylessbest.com\/tr\/wp-json\/wp\/v2\/media\/21094"}],"wp:attachment":[{"href":"https:\/\/keylessbest.com\/tr\/wp-json\/wp\/v2\/media?parent=14562"}],"wp:term":[{"taxonomy":"product_brand","embeddable":true,"href":"https:\/\/keylessbest.com\/tr\/wp-json\/wp\/v2\/product_brand?post=14562"},{"taxonomy":"product_cat","embeddable":true,"href":"https:\/\/keylessbest.com\/tr\/wp-json\/wp\/v2\/product_cat?post=14562"},{"taxonomy":"product_tag","embeddable":true,"href":"https:\/\/keylessbest.com\/tr\/wp-json\/wp\/v2\/product_tag?post=14562"},{"taxonomy":"2_year_make_model","embeddable":true,"href":"https:\/\/keylessbest.com\/tr\/wp-json\/wp\/v2\/2_year_make_model?post=14562"}],"curies":[{"name":"wp","href":"https:\/\/api.w.org\/{rel}","templated":true}]}}