{"id":14638,"date":"2025-08-19T08:49:31","date_gmt":"2025-08-19T08:49:31","guid":{"rendered":"https:\/\/hanwuji.shengjit.com\/?post_type=product&#038;p=14638"},"modified":"2026-02-12T09:05:08","modified_gmt":"2026-02-12T09:05:08","slug":"2016-2021-honda-civic-anahtar-kapagi-72147-tba-a11","status":"publish","type":"product","link":"https:\/\/keylessbest.com\/tr\/product\/2016-2021-honda-civic-anahtar-kapagi-72147-tba-a11\/","title":{"rendered":"2016-2021 Honda Civic Anahtar Kapa\u011f\u0131 72147-TBA-A11"},"content":{"rendered":"<p>*Bu 2016-2021 Honda anahtars\u0131z uzaktan kumanda anahtar\u0131n\u0131n detayl\u0131 bilgileri a\u015fa\u011f\u0131daki gibidir. L\u00fctfen sipari\u015f vermeden \u00f6nce a\u015fa\u011f\u0131daki detaylar\u0131n arac\u0131n\u0131zla uydu\u011fundan emin olun: FCC Kimli\u011fi, Par\u00e7a Numaras\u0131, Model Y\u0131l\u0131, IC, Frekans, \u00c7ip ve D\u00fc\u011fmeler.<\/p>\n<h6><strong><b>\u00dcr\u00fcn Bilgisi: <\/b><\/strong><\/h6>\n<ul>\n<li>FCC Kimli\u011fi: KR5V2X<\/li>\n<li>PN: 72147-TBA-A11, 72147-TBA-A12<\/li>\n<li>IC: 7812D-V2X<\/li>\n<li>Frekans: 433MHz<\/li>\n<li>D\u00fc\u011fmeler Kilitli, Kilitsiz, Panik, Bagaj, Uzaktan \u00c7al\u0131\u015ft\u0131rma<\/li>\n<\/ul>\n<h6><strong><b>Referans model:<\/b><\/strong><\/h6>\n<ul>\n<li>2016 \u2013 2020 Honda Civic Sedan EX\/Sedan Tour<\/li>\n<li>2018 \u2013 2021 Honda Civic EX Turbo CVT<\/li>\n<li>2018 \u2013 2019 Honda Civic LX HDM CVT<\/li>\n<li>2020 \u2013 2020 Honda Civic Coupe EX, Sport, Tour<\/li>\n<li>2020 \u2013 2020 Honda Civic Sedan EX, Sport, Tour<\/li>\n<\/ul>\n<h6><strong><b>Paket \u0130\u00e7eri\u011fi:<\/b><\/strong><\/h6>\n<ul>\n<li>Yeni bir yan sanayi <a href=\"https:\/\/keylessbest.com\/tr\/product\/2011-2017-ford-fiesta-3-tuslu-anahtarsiz-giris-uzaktan-kumanda-kr55wk47899-pn164-r8042-uzaktan-kumanda-164-r8043-bicak-164-r8042-164-r8039-5913139-5914117-4d63-80bit__trashed\/\" data-wpil-monitor-id=\"1701\">anahtars\u0131z uzaktan kumanda<\/a><\/li>\n<li>\u00dccretsiz <a href=\"https:\/\/keylessbest.com\/tr\/sonrasi-pilli-anahtar\/\" data-wpil-monitor-id=\"1706\">sonra piyasaya s\u00fcr\u00fclen acil durum ekleme anahtar\u0131<\/a><\/li>\n<li>T\u00fcm vericiler pil ile gelir<\/li>\n<li>T\u00fcm \u00fcniteler sevkiyat \u00f6ncesi test edilmi\u015ftir<\/li>\n<li>2 y\u0131l 100% memnuniyet garantisi ve garanti<\/li>\n<\/ul>\n<h6><strong><b>Not:<\/b><\/strong><\/h6>\n<ul>\n<li>2016-2021 <a href=\"https:\/\/keylessbest.com\/tr\/product\/1999-2004-acura-cl-tl-rl-4-dugmeli-anahtarsiz-giris-uzaktan-kumanda-e4eg8d-444h-a-yerine-gecer-pn-72147-s0k-a23-72147-s0k-a13__trashed\/\" data-wpil-monitor-id=\"1699\">Honda ak\u0131ll\u0131 anahtars\u0131z giri\u015f anahtar\u0131 yedekleme<\/a> \u2013 \u00a0\u00a0logo olmadan, kesilmemi\u015f acil durum ek anahtar ile birlikte.<\/li>\n<li>Biz kesmiyoruz veya programlam\u0131yoruz <a href=\"https:\/\/keylessbest.com\/tr\/keylessbestarabaanahtarfobshop\/\" data-wpil-monitor-id=\"1703\">uzaktan anahtar<\/a>.Ayr\u0131ca, fiyatland\u0131rma i\u00e7in l\u00fctfen yerel \u00e7ilingir veya bayiye ula\u015f\u0131n.<\/li>\n<li>Bu uzaktan kumanda, g\u00f6sterge panelinde ba\u015flat\/durdur d\u00fc\u011fmesi veya d\u00f6nd\u00fcrmeli anahtar ate\u015fleme \u00f6zelli\u011fi bulunan ara\u00e7larla uyumludur, ayr\u0131ca bir proxy ile birlikte <a href=\"https:\/\/keylessbest.com\/tr\/product\/2007-2017-mitsubishi-i-miev-outlander-outlander-spor-4-tuslu-anahtarsiz-giris-uzaktan-kumanda-oucg8d-625m-a-hf-pn-6370b711-id46\/\" data-wpil-monitor-id=\"1702\">anahtars\u0131z giri\u015f<\/a> sistemi.<\/li>\n<li>Fiyat \u00a0\u00a0bir tam \u00a0\u00a0yedekleme \u00a0\u00a0i\u00e7in \u00a0\u00a0ge\u00e7erlidir \u00a0\u00a0<a href=\"https:\/\/keylessbest.com\/tr\/product\/2016-2022-honda-hr-v-tum-fit-ex-cvt-6mt-fit-ex-l-cvt-fit-ex-ln-cvt-4-tuslu-anahtarsiz-giris-uzaktan-kumanda-kr5v1x-pn72147-t7s-a01\/\" data-wpil-monitor-id=\"1705\">anahtars\u0131z giri\u015f \u00a0\u00a0uzaktan kumanda<\/a>, acil durum anahtar\u0131 dahil.<\/li>\n<li>Bu nedenle, kesinlikle tavsiye ederiz ki \u00a0<a href=\"https:\/\/keylessbest.com\/tr\/herhangi-bir-araba-icin-hizli-ve-kolay-anahtar-anahtarlik-programlama-adimlari\/\" data-wpil-monitor-id=\"1700\">ANAHTAR KUTUSUNUZUN PROGRAMLANMASINI<\/a> \u00f6nermekteyiz.<\/li>\n<\/ul>\n<h6><strong><b>Programlama Kaynaklar\u0131\u00a0<\/b><\/strong><\/h6>\n<p><a href=\"http:\/\/programyourfob.com\/?list_12\/\" target=\"_blank\" rel=\"noopener\">http:\/\/programyourfob.com\/?list_12\/<\/a><\/p>\n<p>Bizi tercih etti\u011finiz i\u00e7in te\u015fekk\u00fcr ederiz.<\/p>\n<p>Biz, araba anahtarlar\u0131, anahtars\u0131z giri\u015f sistemi, araba anahtar uzaktan kumandas\u0131, transponder \u00e7ipleri, anahtar programlay\u0131c\u0131lar, araba anahtar kabuklar\u0131, araba kilitleri, \u00e7ilingir ara\u00e7lar\u0131 ve benzeri \u00fcr\u00fcnlerin en profesyonel \u00fcreticilerinden biriyiz. Ayr\u0131ca, \u015firketimizde profesyonel bir ekip ve \u00fcretim hatt\u0131 bulunmaktad\u0131r. Dahas\u0131, \u00e7e\u015fitli \u00fcr\u00fcnler \u00fcretiminde uzman\u0131z <a href=\"https:\/\/keylessbest.com\/tr\/2025te-bir-araba-anahtar-dugmesi-degistirme-maliyeti-ne-kadar\/\" data-wpil-monitor-id=\"1704\">araba anahtar\u0131<\/a>lar, araba anahtar kabuklar\u0131 ve \u00e7ilingir ara\u00e7lar\u0131. Ayr\u0131ca otomobil g\u00fcvenlik ve koruma \u00fcr\u00fcnlerinin geli\u015ftirilmesi, \u00fcretimi ve toptan sat\u0131\u015f\u0131 ile ilgileniyoruz.<\/p>\n<p>Rekabet\u00e7i fiyatlar ve \u00f6zel hizmetler, size iyi bir pazar kazand\u0131rmaya yard\u0131mc\u0131 olacakt\u0131r. Ayr\u0131ca, 10'dan fazla gen\u00e7 ve enerjik sat\u0131\u015f ekibimiz her zaman h\u0131zl\u0131, profesyonel ve samimi hizmet sunar. Ayr\u0131ca, t\u00fcm \u00fcr\u00fcnlerimiz do\u011frudan Amerika Birle\u015fik Devletleri, Kanada ve Meksika'daki depolardan sevk edilmektedir. Bu nedenle, sat\u0131n ald\u0131\u011f\u0131n\u0131z \u00fcr\u00fcnler, sipari\u015f verdikten sonra 48 saat i\u00e7inde paketlenip g\u00f6nderilecektir. \u00dcr\u00fcnlerimizin 100%\u2019den fazlas\u0131 stokta bulunmaktad\u0131r ve envanterimiz yeterlidir.<\/p>","protected":false},"excerpt":{"rendered":"<ul>\n<li>SKU: CA-HD233<\/li>\n<li>FCC Kimli\u011fi: KR5V2X<\/li>\n<li>PN: 72147-TBA-A11, 72147-TBA-A12<\/li>\n<li>IC: 7812D-V2X<\/li>\n<li>Frekans: 433MHz<\/li>\n<li>D\u00fc\u011fmeler Kilitli, Kilitsiz, Panik, Bagaj, Uzaktan \u00c7al\u0131\u015ft\u0131rma<\/li>\n<\/ul>","protected":false},"featured_media":21098,"comment_status":"open","ping_status":"closed","template":"","meta":{"_bst_post_transparent":"default","_bst_post_title":"","_bst_post_layout":"default","_bst_post_sidebar_id":"","_bst_post_content_style":"default","_bst_post_vertical_padding":"default","_bst_post_feature":"","_bst_post_feature_position":"","_bst_post_header":false,"_bst_post_footer":false},"product_brand":[],"product_cat":[15,157],"product_tag":[],"2_year_make_model":[],"class_list":{"0":"post-14638","1":"product","2":"type-product","3":"status-publish","4":"has-post-thumbnail","6":"product_cat-carkeyremote","7":"product_cat-for-honda","9":"first","10":"instock","11":"sale","12":"shipping-taxable","13":"purchasable","14":"product-type-simple","15":"entry","16":"content-bg","17":"loop-entry"},"_links":{"self":[{"href":"https:\/\/keylessbest.com\/tr\/wp-json\/wp\/v2\/product\/14638","targetHints":{"allow":["GET"]}}],"collection":[{"href":"https:\/\/keylessbest.com\/tr\/wp-json\/wp\/v2\/product"}],"about":[{"href":"https:\/\/keylessbest.com\/tr\/wp-json\/wp\/v2\/types\/product"}],"replies":[{"embeddable":true,"href":"https:\/\/keylessbest.com\/tr\/wp-json\/wp\/v2\/comments?post=14638"}],"version-history":[{"count":4,"href":"https:\/\/keylessbest.com\/tr\/wp-json\/wp\/v2\/product\/14638\/revisions"}],"predecessor-version":[{"id":21097,"href":"https:\/\/keylessbest.com\/tr\/wp-json\/wp\/v2\/product\/14638\/revisions\/21097"}],"wp:featuredmedia":[{"embeddable":true,"href":"https:\/\/keylessbest.com\/tr\/wp-json\/wp\/v2\/media\/21098"}],"wp:attachment":[{"href":"https:\/\/keylessbest.com\/tr\/wp-json\/wp\/v2\/media?parent=14638"}],"wp:term":[{"taxonomy":"product_brand","embeddable":true,"href":"https:\/\/keylessbest.com\/tr\/wp-json\/wp\/v2\/product_brand?post=14638"},{"taxonomy":"product_cat","embeddable":true,"href":"https:\/\/keylessbest.com\/tr\/wp-json\/wp\/v2\/product_cat?post=14638"},{"taxonomy":"product_tag","embeddable":true,"href":"https:\/\/keylessbest.com\/tr\/wp-json\/wp\/v2\/product_tag?post=14638"},{"taxonomy":"2_year_make_model","embeddable":true,"href":"https:\/\/keylessbest.com\/tr\/wp-json\/wp\/v2\/2_year_make_model?post=14638"}],"curies":[{"name":"wp","href":"https:\/\/api.w.org\/{rel}","templated":true}]}}