{"id":14667,"date":"2025-08-19T08:49:57","date_gmt":"2025-08-19T08:49:57","guid":{"rendered":"https:\/\/hanwuji.shengjit.com\/?post_type=product&#038;p=14667"},"modified":"2026-02-25T05:59:05","modified_gmt":"2026-02-25T05:59:05","slug":"1998-2008-toyota-anahtar-kapagi-gq43vt14t-314mhz-keylessbest-icin-2","status":"publish","type":"product","link":"https:\/\/keylessbest.com\/tr\/product\/1998-2008-toyota-anahtar-kapagi-gq43vt14t-314mhz-keylessbest-icin-2\/","title":{"rendered":"1998-2008 Toyota Anahtar Kapa\u011f\u0131 GQ43VT14T 314MHz Anahtars\u0131z Giri\u015f i\u00e7in"},"content":{"rendered":"<p>*Bu 1998-2008 Toyota Pontiac anahtars\u0131z uzaktan kumanda anahtar\u0131n\u0131n detayl\u0131 bilgileri a\u015fa\u011f\u0131daki gibidir. L\u00fctfen sipari\u015f vermeden \u00f6nce a\u015fa\u011f\u0131daki detaylar\u0131n arac\u0131n\u0131zla uydu\u011fundan emin olun: FCC Kimli\u011fi, Par\u00e7a Numaras\u0131, Y\u0131l Model, IC, Frekans, \u00c7ip ve D\u00fc\u011fmeler.<\/p>\n<h6><strong><b>\u00dcr\u00fcn Bilgisi:<\/b><\/strong><\/h6>\n<ul>\n<li>FCC Kimli\u011fi: GQ43VT14T<\/li>\n<li>Par\u00e7a Numaras\u0131: 89742-06010<\/li>\n<li>Frekans: 314MHz<\/li>\n<li>D\u00fc\u011fmeler: Kilit, A\u00e7ma, Panik (arkada)<\/li>\n<\/ul>\n<h6><strong><b>Referans model:<\/b><\/strong><\/h6>\n<ul>\n<li>1999-2006 <a href=\"https:\/\/keylessbest.com\/tr\/product\/2009-2014-toyota-avalon-camry-corolla-3-tuslu-anahtarsiz-giris-uzaktan-kumanda-hyq14aem-pn-89904-0r060-89904-60770-89904-0r090-89904-42140__trashed\/\" data-wpil-monitor-id=\"1475\">Toyota Camry<\/a><\/li>\n<li>1998-2003 <a href=\"https:\/\/keylessbest.com\/tr\/product\/1998-2004-toyota-avalon-solara-4-tuslu-anahtarsiz-giris-uzaktan-kumanda-hyq12bbx-hyq12ban-hyq1512y-pn-89742-ac050\/\" data-wpil-monitor-id=\"1485\">Toyota Solara<\/a><\/li>\n<li>2003-2008 <a href=\"https:\/\/keylessbest.com\/tr\/product\/2008-2014-toyota-pontiac-venza-corolla-avalon-matrix-vibe-venza-4-tusuz-anahtarsiz-giris-uzaktan-kumanda-gq4-29t-pn-89070-12820-g\/\" data-wpil-monitor-id=\"1486\">Pontiac Vibe<\/a><\/li>\n<li>2003-2008 <a href=\"https:\/\/keylessbest.com\/tr\/product\/2009-2016-toyota-matrix-venza-3-tusuz-anahtarsiz-giris-uzaktan-kumanda-gq4-29t-gq429-pn-89070-02640-g\/\" data-wpil-monitor-id=\"1480\">Toyota Matrix<\/a><\/li>\n<li>1998-2003 <a href=\"https:\/\/keylessbest.com\/tr\/product\/2004-2020-toyota-sienna-5-tuslu-anahtarsiz-giris-uzaktan-kumanda-gq43vt20t-pn-89742-ae031-89742-ae030\/\" data-wpil-monitor-id=\"1481\">Toyota Sienna<\/a><\/li>\n<li>2003-2008 <a href=\"https:\/\/keylessbest.com\/tr\/product\/2019-2021-toyota-corolla-corolla-hybrid-4-tuslu-anahtarsiz-giris-uzaktan-kumanda-hyq14fbn-pn-8990h-12040__trashed\/\" data-wpil-monitor-id=\"1479\">Toyota Corolla<\/a><\/li>\n<\/ul>\n<h6><strong><b>Paket \u0130\u00e7eri\u011fi:<\/b><\/strong><\/h6>\n<ul>\n<li>Yeni bir yan sanayi <a href=\"https:\/\/keylessbest.com\/tr\/product\/2011-2017-ford-fiesta-3-tuslu-anahtarsiz-giris-uzaktan-kumanda-kr55wk47899-pn164-r8042-uzaktan-kumanda-164-r8043-bicak-164-r8042-164-r8039-5913139-5914117-4d63-80bit__trashed\/\" data-wpil-monitor-id=\"1478\">anahtars\u0131z uzaktan kumanda<\/a><\/li>\n<li>\u00dccretsiz piyasa sonras\u0131 acil durum takma anahtar<\/li>\n<li>T\u00fcm vericiler pil ile gelir<\/li>\n<li>T\u00fcm \u00fcniteler sevkiyat \u00f6ncesi test edilmi\u015ftir<\/li>\n<li>2 y\u0131l 100% memnuniyet garantisi ve garanti<\/li>\n<\/ul>\n<h6><strong><b>Not:<\/b><\/strong><\/h6>\n<ul>\n<li>1998-2008 Toyota Pontiac ak\u0131ll\u0131 anahtars\u0131z giri\u015f anahtar\u0131 yedek \u2013 logo olmadan, kesilmemi\u015f acil durum ek anahtar ile birlikte.<\/li>\n<li>Biz kesmiyoruz veya programlam\u0131yoruz <a href=\"https:\/\/keylessbest.com\/tr\/keylessbestarabaanahtarfobshop\/\" data-wpil-monitor-id=\"1482\">uzaktan anahtar<\/a>. Ayr\u0131ca, fiyatland\u0131rma i\u00e7in l\u00fctfen yerel \u00e7ilingir veya bayiye ula\u015f\u0131n.<\/li>\n<li>Bu verici, g\u00f6sterge panelinde ba\u015flat\/durdur d\u00fc\u011fmesi veya d\u00f6ner anahtar ate\u015fleme \u00f6zelli\u011fi bulunan ara\u00e7larla uyumludur, ayr\u0131ca bir proxy ile birlikte <a href=\"https:\/\/keylessbest.com\/tr\/product\/2001-2011-chevrolet-gmc-cadillac-suburban-tahoe-yukon-silverado-escalade-sierra-avalanche-s10-pickup-3-tuslu-anahtarsiz-giris-uzaktan-kumanda-koblear1xt-pn15042968\/\" data-wpil-monitor-id=\"1483\">anahtars\u0131z giri\u015f<\/a> sistemi.<\/li>\n<li>Fiyat tek bir tam <a href=\"https:\/\/keylessbest.com\/tr\/product\/2015-2021-jeep-renegade-5-tuslu-anahtarsiz-giris-uzaktan-kumanda-m3n-40821302-yerine-gecer-pn-6mp33dx9aa-id-47-4a__trashed\/\" data-wpil-monitor-id=\"1476\">de\u011fi\u015fim anahtars\u0131z giri\u015f uzaktan kumanda<\/a>, acil durum anahtar\u0131 dahil.<\/li>\n<li>Bu nedenle, arac\u0131n\u0131z\u0131n <a href=\"https:\/\/keylessbest.com\/tr\/herhangi-bir-araba-icin-hizli-ve-kolay-anahtar-anahtarlik-programlama-adimlari\/\" data-wpil-monitor-id=\"1477\">ANAHTAR KUTUSUNUZUN PROGRAMLANMASINI<\/a> \u00f6nermekteyiz.<\/li>\n<\/ul>\n<h6><strong>Programlama Kaynaklar\u0131:<\/strong><\/h6>\n<p><a href=\"http:\/\/programyourfob.com\/?list_30\/\" target=\"_blank\" rel=\"noopener\">http:\/\/programyourfob.com\/?list_30\/<\/a><\/p>\n<p><a href=\"http:\/\/programyourfob.com\/?list_36\/\" target=\"_blank\" rel=\"noopener\">http:\/\/programyourfob.com\/?list_36\/<\/a><\/p>\n<p>Bizi tercih etti\u011finiz i\u00e7in te\u015fekk\u00fcr ederiz.<\/p>\n<p>Biz, araba anahtarlar\u0131 ve anahtars\u0131z giri\u015f sistemi \u00fcretiminde en profesyonel \u00fcreticilerden biriyiz, <a href=\"https:\/\/keylessbest.com\/tr\/product\/2002-2017-infiniti-nissan-fx35-fx45-qx4-armada-frontier-murano-nv1500-nv2500-nv3500-pathfinder-titan-versa-xterra-quest-juke-s-rogue-rogue-select-3-dugmeli-anahtarsiz-giris-uzaktan-kumanda-kbrastu15-c\/\" data-wpil-monitor-id=\"1474\">araba anahtar uzaktan kumandas\u0131<\/a>, transponder \u00e7ipler, anahtar programlay\u0131c\u0131lar, ara\u00e7 anahtar\u0131 kapaklar\u0131, ara\u00e7 kilitleri, \u00e7ilingir ara\u00e7lar\u0131 ve benzeri. Ayr\u0131ca, Firmam\u0131z\u0131n profesyonel ekibi ve \u00fcretim hatt\u0131 bulunmaktad\u0131r. Dahas\u0131, \u00e7e\u015fitli \u00fcretiminde uzmanla\u015fm\u0131\u015f bulunmaktay\u0131z <a href=\"https:\/\/keylessbest.com\/tr\/2025te-bir-araba-anahtar-dugmesi-degistirme-maliyeti-ne-kadar\/\" data-wpil-monitor-id=\"1484\">ara\u00e7 anahtarlar\u0131<\/a>, ara\u00e7 anahtar\u0131 kapaklar\u0131 ve \u00e7ilingir ara\u00e7lar\u0131. Ayr\u0131ca, otomobil g\u00fcvenli\u011fi ve koruma \u00fcr\u00fcnlerinin geli\u015ftirilmesi, \u00fcretimi ve toptan sat\u0131\u015f\u0131 ile ilgileniyoruz.<\/p>\n<p>Rekabet\u00e7i fiyatlar ve \u00f6zel hizmetler, size iyi bir pazar kazand\u0131rmaya yard\u0131mc\u0131 olacakt\u0131r. Ayr\u0131ca, 10'dan fazla gen\u00e7 ve enerjik sat\u0131\u015f ekibimiz her zaman h\u0131zl\u0131, profesyonel ve samimi hizmet sunar. Ayr\u0131ca, t\u00fcm \u00fcr\u00fcnlerimiz do\u011frudan Amerika Birle\u015fik Devletleri, Kanada ve Meksika'daki depolardan sevk edilmektedir. Bu nedenle, sat\u0131n ald\u0131\u011f\u0131n\u0131z \u00fcr\u00fcnler, sipari\u015f verdikten sonra 48 saat i\u00e7inde paketlenip g\u00f6nderilecektir. \u00dcr\u00fcnlerimizin 100%\u2019den fazlas\u0131 stokta bulunmaktad\u0131r ve envanterimiz yeterlidir.<\/p>","protected":false},"excerpt":{"rendered":"<ul>\n<li>SKU: CA-TA403<\/li>\n<li>FCC Kimli\u011fi: GQ43VT14T<\/li>\n<li>Par\u00e7a Numaras\u0131: 89742-06010<\/li>\n<li>Frekans: 314MHz<\/li>\n<li>D\u00fc\u011fmeler: Kilit, A\u00e7ma, Panik (arkada)<\/li>\n<\/ul>","protected":false},"featured_media":21588,"comment_status":"open","ping_status":"closed","template":"","meta":{"_bst_post_transparent":"default","_bst_post_title":"","_bst_post_layout":"default","_bst_post_sidebar_id":"","_bst_post_content_style":"default","_bst_post_vertical_padding":"default","_bst_post_feature":"","_bst_post_feature_position":"","_bst_post_header":false,"_bst_post_footer":false},"product_brand":[],"product_cat":[15,373,158],"product_tag":[],"2_year_make_model":[],"class_list":{"0":"post-14667","1":"product","2":"type-product","3":"status-publish","4":"has-post-thumbnail","6":"product_cat-carkeyremote","7":"product_cat-for-pontiac","8":"product_cat-for-toyota","10":"first","11":"instock","12":"sale","13":"shipping-taxable","14":"purchasable","15":"product-type-simple","16":"entry","17":"content-bg","18":"loop-entry"},"_links":{"self":[{"href":"https:\/\/keylessbest.com\/tr\/wp-json\/wp\/v2\/product\/14667","targetHints":{"allow":["GET"]}}],"collection":[{"href":"https:\/\/keylessbest.com\/tr\/wp-json\/wp\/v2\/product"}],"about":[{"href":"https:\/\/keylessbest.com\/tr\/wp-json\/wp\/v2\/types\/product"}],"replies":[{"embeddable":true,"href":"https:\/\/keylessbest.com\/tr\/wp-json\/wp\/v2\/comments?post=14667"}],"version-history":[{"count":3,"href":"https:\/\/keylessbest.com\/tr\/wp-json\/wp\/v2\/product\/14667\/revisions"}],"predecessor-version":[{"id":19806,"href":"https:\/\/keylessbest.com\/tr\/wp-json\/wp\/v2\/product\/14667\/revisions\/19806"}],"wp:featuredmedia":[{"embeddable":true,"href":"https:\/\/keylessbest.com\/tr\/wp-json\/wp\/v2\/media\/21588"}],"wp:attachment":[{"href":"https:\/\/keylessbest.com\/tr\/wp-json\/wp\/v2\/media?parent=14667"}],"wp:term":[{"taxonomy":"product_brand","embeddable":true,"href":"https:\/\/keylessbest.com\/tr\/wp-json\/wp\/v2\/product_brand?post=14667"},{"taxonomy":"product_cat","embeddable":true,"href":"https:\/\/keylessbest.com\/tr\/wp-json\/wp\/v2\/product_cat?post=14667"},{"taxonomy":"product_tag","embeddable":true,"href":"https:\/\/keylessbest.com\/tr\/wp-json\/wp\/v2\/product_tag?post=14667"},{"taxonomy":"2_year_make_model","embeddable":true,"href":"https:\/\/keylessbest.com\/tr\/wp-json\/wp\/v2\/2_year_make_model?post=14667"}],"curies":[{"name":"wp","href":"https:\/\/api.w.org\/{rel}","templated":true}]}}