{"id":14990,"date":"2025-08-19T08:55:08","date_gmt":"2025-08-19T08:55:08","guid":{"rendered":"https:\/\/hanwuji.shengjit.com\/?post_type=product&#038;p=14990"},"modified":"2026-02-13T01:14:28","modified_gmt":"2026-02-13T01:14:28","slug":"1996-2005-chevrolet-anahtar-kapagi-pn-15732805-keylessbest-icin","status":"publish","type":"product","link":"https:\/\/keylessbest.com\/tr\/product\/1996-2005-chevrolet-anahtar-kapagi-pn-15732805-keylessbest-icin\/","title":{"rendered":"1996-2005 Chevrolet Anahtar Kapa\u011f\u0131 PN: 15732805 Keylessbest i\u00e7in"},"content":{"rendered":"<p>*Bu 1996 \u2013 2005 Buick Cadillac Chevrolet GMC Oldsmobile Pontiac anahtars\u0131z uzaktan kumanda anahtarl\u0131k detayl\u0131 bilgileri a\u015fa\u011f\u0131daki gibidir. L\u00fctfen sipari\u015f vermeden \u00f6nce a\u015fa\u011f\u0131daki detaylar\u0131n arac\u0131n\u0131zla uydu\u011fundan emin olun: FCC Kimli\u011fi, Par\u00e7a Numaras\u0131, Y\u0131l Model, IC, Frekans, \u00c7ip ve D\u00fc\u011fmeler.<\/p>\n<h6><strong><b>\u00dcr\u00fcn Bilgisi: <\/b><\/strong><\/h6>\n<ul>\n<li>FCC Kimli\u011fi: KOBUT1BT<\/li>\n<li>PN: 15732805, 25628814, 25668603, 25678792, 15732805, 25656444, 25656445, 25665574, 25665575<\/li>\n<li>Frekans: 315MHz<\/li>\n<li>Tu\u015flar: Kilit, A\u00e7, Panik, Arka 2x<\/li>\n<\/ul>\n<h6><strong><b>Referans model:<\/b><\/strong><\/h6>\n<ul>\n<li>2000 Buick Lesabre***<\/li>\n<li>2000-2005 Buick Park Avenue***<\/li>\n<li>1996-1999 Buick Lesabre<\/li>\n<li>1996-1999 Buick Park Avenue<\/li>\n<li>1996-1999 Buick Riviera<\/li>\n<li>1998-2000 Cadillac Eldorado***<\/li>\n<li>1998-2000 Cadillac Seville***<\/li>\n<li>2000-2001 Chevrolet Astro<\/li>\n<li>1998-2001 Chevrolet Blazer (SUV \u2013 pikap de\u011fil)<\/li>\n<li>2000 Chevrolet Impala<\/li>\n<li>2000 <a href=\"https:\/\/keylessbest.com\/tr\/product\/2004-2012-buick-chevrolet-pontiac-saturn-allure-lacrosse-malibu-malibu-maxx-cobalt-hhr-g5-g6-grand-prix-solstice-aura-sky-4-tuslu-anahtarsiz-giris-uzaktan-kumanda-kobgt04a-pn15252034-22733523\/\" data-wpil-monitor-id=\"716\">Chevrolet Malibu<\/a><\/li>\n<li>2000 <a href=\"https:\/\/keylessbest.com\/tr\/product\/2006-2016-cadillac-chevrolet-buick-monte-carlo-suburban-tahoe-yukon-silverado-escalade-sierra-avalanche-s10-pikap-4-dugmeli-anahtarsiz-giris-uzaktan-kumanda-ouc60270-pnouc60221-850k60270-850k60221-159\/\" data-wpil-monitor-id=\"713\">Chevrolet Monte Carlo<\/a><\/li>\n<li>1998-2000 GMC Envoy<\/li>\n<li>1998-2001 GMC Jimmy<\/li>\n<li>2000-2001 GMC Safari<\/li>\n<li>1998-2001 GMC Bravada<\/li>\n<li>2001-2002 Oldsmobile Aurora<\/li>\n<li>1999-2000 Oldsmobile Alero***<\/li>\n<li>1996-1999 Oldsmobile Aurora<\/li>\n<li>1996-1999 Oldsmobile Eighty-Eight<\/li>\n<li>1996-1999 Oldsmobile LSS<\/li>\n<li>1996 Oldsmobile Ninety Eight<\/li>\n<li>1997-1999 Oldsmobile Regency<\/li>\n<li>1996-1999 Pontiac Bonneville<\/li>\n<li>2000 Pontiac Bonneville***<\/li>\n<li>1999-2000 <a href=\"https:\/\/keylessbest.com\/tr\/product\/1996-2005-buick-cadillac-gmc-oldsmobile-pontiac-grand-am-bonneville-regency-lss-ninety-eight-eighty-eight-alero-aurora-bravada-safari-jimmy-envoy-monte-carlo-malibu-seville-impala-blazer-suv-not-pi\/\" data-wpil-monitor-id=\"717\">Pontiac Grand<\/a> Am***<br \/>\n***yerinde programlama mevcut de\u011fildir:<\/li>\n<li>2000 Buick Lesabre<\/li>\n<li>2000-2005 Buick Park Avenue<\/li>\n<li>1998-2000 Cadillac Eldorado<\/li>\n<li>1998-2000 Cadillac Seville<\/li>\n<li>1999-2000 Oldsmobile Alero<\/li>\n<li>2000 Pontiac Bonneville<\/li>\n<li>1999 Pontiac Grand Am<\/li>\n<\/ul>\n<h6><strong><b>Paket \u0130\u00e7eri\u011fi:<\/b><\/strong><\/h6>\n<ul>\n<li>Yeni bir yan sanayi <a href=\"https:\/\/keylessbest.com\/tr\/product\/2011-2017-ford-fiesta-3-tuslu-anahtarsiz-giris-uzaktan-kumanda-kr55wk47899-pn164-r8042-uzaktan-kumanda-164-r8043-bicak-164-r8042-164-r8039-5913139-5914117-4d63-80bit__trashed\/\" data-wpil-monitor-id=\"715\">anahtars\u0131z uzaktan kumanda<\/a><\/li>\n<li>\u00dccretsiz piyasa sonras\u0131 acil durum takma anahtar<\/li>\n<li>T\u00fcm vericiler pil ile gelir<\/li>\n<li>T\u00fcm \u00fcniteler sevkiyat \u00f6ncesi test edilmi\u015ftir<\/li>\n<li>2 y\u0131l 100% memnuniyet garantisi ve garanti<\/li>\n<\/ul>\n<h6><strong><b>Not:<\/b><\/strong><\/h6>\n<ul>\n<li>1996 \u2013 2005 Buick Cadillac Chevrolet GMC Oldsmobile Pontiac ak\u0131ll\u0131 anahtars\u0131z giri\u015f anahtarl\u0131k de\u011fi\u015fimi \u2013 logo olmadan, kesilmemi\u015f acil durum anahtar\u0131 ile birlikte.<\/li>\n<li>Biz kesmiyoruz veya programlam\u0131yoruz <a href=\"https:\/\/keylessbest.com\/tr\/keylessbestarabaanahtarfobshop\/\" data-wpil-monitor-id=\"718\">uzaktan anahtar<\/a>.Ayr\u0131ca, fiyatland\u0131rma i\u00e7in l\u00fctfen yerel \u00e7ilingir veya bayiye ula\u015f\u0131n.<\/li>\n<li>Bu verici, g\u00f6sterge panelinde ba\u015flat\/durdur d\u00fc\u011fmesi veya d\u00f6nd\u00fcrmeli anahtar ate\u015fleme bulunan ara\u00e7larla uyumludur, ayr\u0131ca bir proxy ile birlikte <a href=\"https:\/\/keylessbest.com\/tr\/product\/2007-2013-nissan-rogue-versa-pathfinder-akilli-sistemli-3-dugmeli-anahtarsiz-giris-uzaktan-kumanda-cwtwbu729-cwtwbu735-cwtwbu624-pn-285e3-em30d-285e3-em31d\/\" data-wpil-monitor-id=\"714\">anahtars\u0131z giri\u015f<\/a> sistemi.<\/li>\n<li>Fiyat, bir adet tam yedek anahtars\u0131z giri\u015f uzaktan kumanda, acil durum anahtar\u0131 dahil fiyat\u0131d\u0131r.<\/li>\n<li>Bu nedenle, kesinlikle tavsiye ederiz ki \u00a0<a href=\"https:\/\/keylessbest.com\/tr\/herhangi-bir-araba-icin-hizli-ve-kolay-anahtar-anahtarlik-programlama-adimlari\/\" data-wpil-monitor-id=\"712\">ANAHTAR KUTUSUNUZUN PROGRAMLANMASINI<\/a> \u00f6nermekteyiz.<\/li>\n<\/ul>\n<h6><strong><b>Programlama Kaynaklar\u0131<\/b><\/strong><\/h6>\n<p><a href=\"http:\/\/programyourfob.com\/?list_4\/\" target=\"_blank\" rel=\"noopener\">http:\/\/programyourfob.com\/?list_4\/<\/a><\/p>\n<p><a href=\"http:\/\/programyourfob.com\/?list_5\/\" target=\"_blank\" rel=\"noopener\">http:\/\/programyourfob.com\/?list_5\/<\/a><\/p>\n<p><a href=\"http:\/\/programyourfob.com\/?list_6\/\" target=\"_blank\" rel=\"noopener\">http:\/\/programyourfob.com\/?list_6\/<\/a><\/p>\n<p><a href=\"http:\/\/programyourfob.com\/?list_11\/\" target=\"_blank\" rel=\"noopener\">http:\/\/programyourfob.com\/?list_11\/<\/a><\/p>\n<p><a href=\"http:\/\/programyourfob.com\/?list_27\/\" target=\"_blank\" rel=\"noopener\">http:\/\/programyourfob.com\/?list_27\/<\/a><\/p>\n<p><a href=\"http:\/\/programyourfob.com\/?list_30\/\" target=\"_blank\" rel=\"noopener\">http:\/\/programyourfob.com\/?list_30\/<\/a><\/p>\n<p>Bizi tercih etti\u011finiz i\u00e7in te\u015fekk\u00fcr ederiz.<\/p>\n<p>Biz, otomobil anahtarlar\u0131, anahtars\u0131z giri\u015f sistemi, <a href=\"https:\/\/keylessbest.com\/tr\/product\/2008-2014-acura-honda-tl-tsx-zdx-accord-4-tuslu-anahtarsiz-giris-uzaktan-kumanda-mlbhlik-1t-pn-2500a-hlik1t-hlik-1t-hlik-1r-rlvhohl06-297-35118-te0-a10-35113-tk4-a00-35113-tk4-a10-35113-tl0-a00\/\" data-wpil-monitor-id=\"711\">araba anahtar uzaktan kumandas\u0131<\/a>, transponder \u00e7ipler, anahtar programc\u0131lar, araba anahtar kabuklar\u0131, araba kilitleri, \u00e7ilingir ara\u00e7lar\u0131 ve benzeri alanlarda en profesyonel \u00fcreticilerden biriyiz. Ayr\u0131ca, \u015firketimiz profesyonel bir ekibe ve \u00fcretim hatt\u0131na sahiptir. Ayr\u0131ca, \u00e7e\u015fitli araba anahtarlar\u0131, araba anahtar kabuklar\u0131 ve \u00e7ilingir ara\u00e7lar\u0131 \u00fcretiminde uzman\u0131z. Otomotiv g\u00fcvenlik ve koruma \u00fcr\u00fcnlerinin geli\u015ftirilmesi, \u00fcretimi ve toptan sat\u0131\u015f\u0131 ile de ilgileniyoruz.<\/p>\n<p>Rekabet\u00e7i fiyatlar ve \u00f6zel hizmetler, size iyi bir pazar kazand\u0131rmaya yard\u0131mc\u0131 olacakt\u0131r. Ayr\u0131ca, 10'dan fazla gen\u00e7 ve enerjik sat\u0131\u015f ekibimiz her zaman h\u0131zl\u0131, profesyonel ve samimi hizmet sunar. Ayr\u0131ca, t\u00fcm \u00fcr\u00fcnlerimiz do\u011frudan Amerika Birle\u015fik Devletleri, Kanada ve Meksika'daki depolardan sevk edilmektedir. Bu nedenle, sat\u0131n ald\u0131\u011f\u0131n\u0131z \u00fcr\u00fcnler, sipari\u015f verdikten sonra 48 saat i\u00e7inde paketlenip g\u00f6nderilecektir. \u00dcr\u00fcnlerimizin 100%\u2019den fazlas\u0131 stokta bulunmaktad\u0131r ve envanterimiz yeterlidir.<\/p>","protected":false},"excerpt":{"rendered":"<ul>\n<li>SKU: CA\uff0dGM257<\/li>\n<li>FCC Kimli\u011fi: KOBUT1BT<\/li>\n<li>PN: 15732805, 25628814, 25668603, 25678792, 15732805, 25656444, 25656445, 25665574, 25665575<\/li>\n<li>Frekans: 315MHz<\/li>\n<li>Tu\u015flar: Kilit, A\u00e7, Panik, Arka 2x<\/li>\n<\/ul>","protected":false},"featured_media":21150,"comment_status":"open","ping_status":"closed","template":"","meta":{"_bst_post_transparent":"default","_bst_post_title":"","_bst_post_layout":"default","_bst_post_sidebar_id":"","_bst_post_content_style":"default","_bst_post_vertical_padding":"default","_bst_post_feature":"","_bst_post_feature_position":"","_bst_post_header":false,"_bst_post_footer":false},"product_brand":[],"product_cat":[15,151,149,150,152,372,373],"product_tag":[],"2_year_make_model":[],"class_list":{"0":"post-14990","1":"product","2":"type-product","3":"status-publish","4":"has-post-thumbnail","6":"product_cat-carkeyremote","7":"product_cat-for-buick","8":"product_cat-for-cadillac","9":"product_cat-for-chevrolet","10":"product_cat-for-gmc","11":"product_cat-for-oldmobile","12":"product_cat-for-pontiac","14":"first","15":"instock","16":"sale","17":"shipping-taxable","18":"purchasable","19":"product-type-simple","20":"entry","21":"content-bg","22":"loop-entry"},"_links":{"self":[{"href":"https:\/\/keylessbest.com\/tr\/wp-json\/wp\/v2\/product\/14990","targetHints":{"allow":["GET"]}}],"collection":[{"href":"https:\/\/keylessbest.com\/tr\/wp-json\/wp\/v2\/product"}],"about":[{"href":"https:\/\/keylessbest.com\/tr\/wp-json\/wp\/v2\/types\/product"}],"replies":[{"embeddable":true,"href":"https:\/\/keylessbest.com\/tr\/wp-json\/wp\/v2\/comments?post=14990"}],"version-history":[{"count":3,"href":"https:\/\/keylessbest.com\/tr\/wp-json\/wp\/v2\/product\/14990\/revisions"}],"predecessor-version":[{"id":19440,"href":"https:\/\/keylessbest.com\/tr\/wp-json\/wp\/v2\/product\/14990\/revisions\/19440"}],"wp:featuredmedia":[{"embeddable":true,"href":"https:\/\/keylessbest.com\/tr\/wp-json\/wp\/v2\/media\/21150"}],"wp:attachment":[{"href":"https:\/\/keylessbest.com\/tr\/wp-json\/wp\/v2\/media?parent=14990"}],"wp:term":[{"taxonomy":"product_brand","embeddable":true,"href":"https:\/\/keylessbest.com\/tr\/wp-json\/wp\/v2\/product_brand?post=14990"},{"taxonomy":"product_cat","embeddable":true,"href":"https:\/\/keylessbest.com\/tr\/wp-json\/wp\/v2\/product_cat?post=14990"},{"taxonomy":"product_tag","embeddable":true,"href":"https:\/\/keylessbest.com\/tr\/wp-json\/wp\/v2\/product_tag?post=14990"},{"taxonomy":"2_year_make_model","embeddable":true,"href":"https:\/\/keylessbest.com\/tr\/wp-json\/wp\/v2\/2_year_make_model?post=14990"}],"curies":[{"name":"wp","href":"https:\/\/api.w.org\/{rel}","templated":true}]}}