{"id":15038,"date":"2025-08-19T08:56:00","date_gmt":"2025-08-19T08:56:00","guid":{"rendered":"https:\/\/hanwuji.shengjit.com\/?post_type=product&#038;p=15038"},"modified":"2026-02-13T06:02:11","modified_gmt":"2026-02-13T06:02:11","slug":"2004-2010-lexus-anahtar-anahtarlik-hyq12bbt-314-4mhz-keylessbest-icin","status":"publish","type":"product","link":"https:\/\/keylessbest.com\/tr\/product\/2004-2010-lexus-anahtar-anahtarlik-hyq12bbt-314-4mhz-keylessbest-icin\/","title":{"rendered":"2004-2010 Lexus Anahtar Anahtarl\u0131k HYQ12BBT 314.4MHz Keylessbest i\u00e7in"},"content":{"rendered":"<p>*Bu 2004-2010 Toyota anahtars\u0131z uzaktan kumanda anahtar\u0131n\u0131n detayl\u0131 bilgileri a\u015fa\u011f\u0131daki gibidir. L\u00fctfen sipari\u015f vermeden \u00f6nce a\u015fa\u011f\u0131daki bilgilerin arac\u0131n\u0131zla uydu\u011fundan emin olun: FCC Kimli\u011fi, Par\u00e7a Numaras\u0131, Model Y\u0131l\u0131, IC, Frekans, \u00c7ip ve D\u00fc\u011fmeler.<\/p>\n<h6><strong><b>\u00dcr\u00fcn Bilgisi: <\/b><\/strong><\/h6>\n<ul>\n<li>FCC Kimli\u011fi: HYQ12BBT<\/li>\n<li>PN: RHK-LEXUS-3B2 89070-48821 89070-48820<\/li>\n<li>IC: 1551A-12BBT<\/li>\n<li>Frekans: 314.4MHz<\/li>\n<li>\u00c7ip: 4D 68<\/li>\n<li>Tu\u015flar: Kilit, A\u00e7, Bagaj<\/li>\n<li>Pil: CR2016<\/li>\n<\/ul>\n<h6><strong><b>Referans model:<\/b><\/strong><\/h6>\n<ul>\n<li>2004 \u2013 2007 Lexus ES330<\/li>\n<li>2004 \u2013 2006 Lexus RX330<\/li>\n<li><a href=\"https:\/\/keylessbest.com\/tr\/product\/2009-2014-toyota-avalon-camry-corolla-3-tuslu-anahtarsiz-giris-uzaktan-kumanda-hyq14aem-pn-89904-0r060-89904-60770-89904-0r090-89904-42140__trashed\/\" data-wpil-monitor-id=\"606\">2007 &#8211; 2009<\/a> Lexus RX350<\/li>\n<li>2006 \u2013 2008 Lexus RX400h<\/li>\n<li>2010 Lexus RX450h<\/li>\n<\/ul>\n<h6><strong><b>Paket \u0130\u00e7eri\u011fi:<\/b><\/strong><\/h6>\n<ul>\n<li>Yeni bir yan sanayi <a href=\"https:\/\/keylessbest.com\/tr\/product\/2011-2017-ford-fiesta-3-tuslu-anahtarsiz-giris-uzaktan-kumanda-kr55wk47899-pn164-r8042-uzaktan-kumanda-164-r8043-bicak-164-r8042-164-r8039-5913139-5914117-4d63-80bit__trashed\/\" data-wpil-monitor-id=\"609\">anahtars\u0131z uzaktan kumanda<\/a><\/li>\n<li>\u00dccretsiz piyasa sonras\u0131 acil durum takma anahtar<\/li>\n<li>T\u00fcm vericiler pil ile gelir<\/li>\n<li>T\u00fcm \u00fcniteler sevkiyat \u00f6ncesi test edilmi\u015ftir<\/li>\n<li>2 y\u0131l 100% memnuniyet garantisi ve garanti<\/li>\n<\/ul>\n<h6><strong><b>Not:<\/b><\/strong><\/h6>\n<ul>\n<li>2004-2010 Lexus ak\u0131ll\u0131 <a href=\"https:\/\/keylessbest.com\/tr\/product\/1999-2004-acura-cl-tl-rl-4-dugmeli-anahtarsiz-giris-uzaktan-kumanda-e4eg8d-444h-a-yerine-gecer-pn-72147-s0k-a23-72147-s0k-a13__trashed\/\" data-wpil-monitor-id=\"607\">anahtars\u0131z giri\u015f anahtar\u0131 yedekleme<\/a> \u2013 \u00a0\u00a0logo olmadan, kesilmemi\u015f acil durum ek anahtar ile birlikte.<\/li>\n<li>Biz kesmiyoruz veya programlam\u0131yoruz <a href=\"https:\/\/keylessbest.com\/tr\/keylessbestarabaanahtarfobshop\/\" data-wpil-monitor-id=\"611\">uzaktan anahtar<\/a>.Ayr\u0131ca, fiyatland\u0131rma i\u00e7in l\u00fctfen yerel \u00e7ilingir veya bayiye ula\u015f\u0131n.<\/li>\n<li>Bu verici, g\u00f6sterge panelinde bas-\u00e7al\u0131\u015ft\u0131r\/durdur d\u00fc\u011fmesi veya d\u00f6nd\u00fcrme d\u00fc\u011fmesi ate\u015fleme \u00f6zelli\u011fi olan ara\u00e7larla uyumludur, ayr\u0131ca bir vekil ile birlikte <a href=\"https:\/\/keylessbest.com\/tr\/product\/2016-2022-chevrolet-volt-cruze-yeni-model-traverse-camaro-malibu-cruze-xl8-sistemleri-sadece-blazer-sonic-4-dugme-anahtarsiz-giris-uzaktan-hyq4ea-pn-1350877113584504-13529660-46\/\" data-wpil-monitor-id=\"610\">anahtars\u0131z giri\u015f<\/a> sistemi.<\/li>\n<li>Fiyat tek bir tam <a href=\"https:\/\/keylessbest.com\/tr\/product\/2015-2021-jeep-renegade-5-tuslu-anahtarsiz-giris-uzaktan-kumanda-m3n-40821302-yerine-gecer-pn-6mp33dx9aa-id-47-4a__trashed\/\" data-wpil-monitor-id=\"608\">de\u011fi\u015fim anahtars\u0131z giri\u015f uzaktan kumanda<\/a>, acil durum anahtar\u0131 dahil.<\/li>\n<li>Bu nedenle, anahtar anahtarl\u0131\u011f\u0131n\u0131z\u0131 bir profesyonel \u00e7ilingir veya bayii taraf\u0131ndan programlaman\u0131z\u0131 \u015fiddetle tavsiye ederiz.<\/li>\n<\/ul>\n<h6><strong><b>\u00a0Programlama Kaynaklar\u0131\u00a0<\/b><\/strong><\/h6>\n<p><a href=\"http:\/\/programyourfob.com\/?list_21\/\" target=\"_blank\" rel=\"noopener\">http:\/\/programyourfob.com\/?list_21\/<\/a><\/p>\n<p>Bizi tercih etti\u011finiz i\u00e7in te\u015fekk\u00fcr ederiz.<\/p>\n<p>Biz, otomobil anahtarlar\u0131, anahtars\u0131z giri\u015f sistemi, <a href=\"https:\/\/keylessbest.com\/tr\/product\/2011-2021-dodge-chrysler-fiat-charger-dart-challenger-300-200-500x-journey-durango-charger-challenger-srt-hellcat-4-tuslu-anahtarsiz-giris-uzaktan-kumanda-m3n-40821302-m3n40821302-pn-68066350ad-6806\/\" data-wpil-monitor-id=\"605\">araba anahtar uzaktan kumandas\u0131<\/a>, transponder \u00e7ipleri, anahtar programlay\u0131c\u0131lar, ara\u00e7 \u00a0\u00a0anahtar kapaklar\u0131, ara\u00e7 kilitleri, \u00e7ilingir ara\u00e7lar\u0131 ve benzeri. Ayr\u0131ca, \u015eirketimiz \u00a0\u00a0profesyonel bir ekibe ve \u00fcretim hatt\u0131na sahiptir. Ayr\u0131ca, \u00e7e\u015fitli \u00fcretimlerde uzmanla\u015fm\u0131\u015f bulunmaktay\u0131z <a href=\"https:\/\/keylessbest.com\/tr\/araba-anahtarlarinizi-kaybederseniz-ne-yapmalisiniz-adim-adim-rehber-2025\/\" data-wpil-monitor-id=\"612\">araba anahtar\u0131<\/a>s, ara\u00e7 anahtar\u0131 kabuklar\u0131 ve \u00e7ilingir ara\u00e7lar\u0131 \u00fcretiminde uzmanla\u015fm\u0131\u015ft\u0131r. Ayr\u0131ca, otomobil g\u00fcvenlik ve koruma \u00fcr\u00fcnlerinin geli\u015ftirilmesi, \u00fcretimi ve toptan sat\u0131\u015f\u0131 ile ilgileniyoruz.<\/p>\n<p>Rekabet\u00e7i fiyatlar ve \u00f6zel hizmetler, size iyi bir pazar kazand\u0131rmaya yard\u0131mc\u0131 olacakt\u0131r. Ayr\u0131ca, 10'dan fazla gen\u00e7 ve enerjik sat\u0131\u015f ekibimiz her zaman h\u0131zl\u0131, profesyonel ve samimi hizmet sunar. Ayr\u0131ca, t\u00fcm \u00fcr\u00fcnlerimiz do\u011frudan Amerika Birle\u015fik Devletleri, Kanada ve Meksika'daki depolardan sevk edilmektedir. Bu nedenle, sat\u0131n ald\u0131\u011f\u0131n\u0131z \u00fcr\u00fcnler, sipari\u015f verdikten sonra 48 saat i\u00e7inde paketlenip g\u00f6nderilecektir. \u00dcr\u00fcnlerimizin 100%\u2019den fazlas\u0131 stokta bulunmaktad\u0131r ve envanterimiz yeterlidir.<\/p>","protected":false},"excerpt":{"rendered":"<ul>\n<li>SKU: CA-TA362<\/li>\n<li>FCC Kimli\u011fi: HYQ12BBT<\/li>\n<li>PN: RHK-LEXUS-3B2 89070-48821 89070-48820<\/li>\n<li>IC: 1551A-12BBT<\/li>\n<li>Frekans: 314.4MHz<\/li>\n<li>\u00c7ip: 4D 68<\/li>\n<li>Tu\u015flar: Kilit, A\u00e7, Bagaj<\/li>\n<li>Pil: CR2016<\/li>\n<\/ul>","protected":false},"featured_media":21270,"comment_status":"open","ping_status":"closed","template":"","meta":{"_bst_post_transparent":"default","_bst_post_title":"","_bst_post_layout":"default","_bst_post_sidebar_id":"","_bst_post_content_style":"default","_bst_post_vertical_padding":"default","_bst_post_feature":"","_bst_post_feature_position":"","_bst_post_header":false,"_bst_post_footer":false},"product_brand":[],"product_cat":[15,384],"product_tag":[],"2_year_make_model":[],"class_list":{"0":"post-15038","1":"product","2":"type-product","3":"status-publish","4":"has-post-thumbnail","6":"product_cat-carkeyremote","7":"product_cat-for-lexus","9":"first","10":"instock","11":"sale","12":"shipping-taxable","13":"purchasable","14":"product-type-simple","15":"entry","16":"content-bg","17":"loop-entry"},"_links":{"self":[{"href":"https:\/\/keylessbest.com\/tr\/wp-json\/wp\/v2\/product\/15038","targetHints":{"allow":["GET"]}}],"collection":[{"href":"https:\/\/keylessbest.com\/tr\/wp-json\/wp\/v2\/product"}],"about":[{"href":"https:\/\/keylessbest.com\/tr\/wp-json\/wp\/v2\/types\/product"}],"replies":[{"embeddable":true,"href":"https:\/\/keylessbest.com\/tr\/wp-json\/wp\/v2\/comments?post=15038"}],"version-history":[{"count":3,"href":"https:\/\/keylessbest.com\/tr\/wp-json\/wp\/v2\/product\/15038\/revisions"}],"predecessor-version":[{"id":19751,"href":"https:\/\/keylessbest.com\/tr\/wp-json\/wp\/v2\/product\/15038\/revisions\/19751"}],"wp:featuredmedia":[{"embeddable":true,"href":"https:\/\/keylessbest.com\/tr\/wp-json\/wp\/v2\/media\/21270"}],"wp:attachment":[{"href":"https:\/\/keylessbest.com\/tr\/wp-json\/wp\/v2\/media?parent=15038"}],"wp:term":[{"taxonomy":"product_brand","embeddable":true,"href":"https:\/\/keylessbest.com\/tr\/wp-json\/wp\/v2\/product_brand?post=15038"},{"taxonomy":"product_cat","embeddable":true,"href":"https:\/\/keylessbest.com\/tr\/wp-json\/wp\/v2\/product_cat?post=15038"},{"taxonomy":"product_tag","embeddable":true,"href":"https:\/\/keylessbest.com\/tr\/wp-json\/wp\/v2\/product_tag?post=15038"},{"taxonomy":"2_year_make_model","embeddable":true,"href":"https:\/\/keylessbest.com\/tr\/wp-json\/wp\/v2\/2_year_make_model?post=15038"}],"curies":[{"name":"wp","href":"https:\/\/api.w.org\/{rel}","templated":true}]}}